{"id":10089,"date":"2022-07-10T17:16:00","date_gmt":"2022-07-10T15:16:00","guid":{"rendered":"https:\/\/test.bonaparts.fr\/?post_type=product&#038;p=10089"},"modified":"2022-12-28T09:11:18","modified_gmt":"2022-12-28T08:11:18","slug":"drapeau-bona-star","status":"publish","type":"product","link":"https:\/\/test.bonaparts.fr\/?product=drapeau-bona-star","title":{"rendered":"Drapeau BONA-STAR"},"content":{"rendered":"<p>D\u00e9corez votre garage aux couleurs de Bonaparts.fr avec le drapeau BONA-STAR sur fond noir.<\/p>\n<p>Les quatre angles sont surmont\u00e9s par des \u0153illets en laiton pour assurer une bonne tension du drapeau sur le pan de mur.<\/p>\n<p>Impression \u00e0 la demande et envois direct depuis les locaux de l\u2019artisan.<br \/>\nDimensions : 90x150cm<\/p>\n","protected":false},"excerpt":{"rendered":"<p>D\u00e9corez votre garage aux couleurs de Bonaparts.fr avec le drapeau BONA-STAR sur fond noir. Les quatre angles sont surmont\u00e9s par des \u0153illets en laiton pour assurer une bonne tension du drapeau sur le pan de mur. Impression \u00e0 la demande et envois direct depuis les locaux de l\u2019artisan. Dimensions : 90x150cm<\/p>\n","protected":false},"featured_media":10092,"template":"","meta":[],"product_brand":[],"product_cat":[7850,7876,7844],"product_tag":[8266,8265,8264],"pa_autre-numero-de-piece":[],"pa_type":[],"class_list":{"0":"post-10089","1":"product","2":"type-product","3":"status-publish","4":"has-post-thumbnail","6":"product_cat-accessoires-mini-bike-passion-bonaparts","7":"product_cat-drapeaux-mini-bike-passion-bonaparts","8":"product_cat-goodies-mini-bike-passion-bonaparts","9":"product_tag-bona-star","10":"product_tag-bonastar","11":"product_tag-drapeau-bonaparts","13":"first","14":"instock","15":"shipping-taxable","16":"purchasable","17":"product-type-simple"},"yoast_head":"<!-- This site is optimized with the Yoast SEO plugin v26.0 - https:\/\/yoast.com\/wordpress\/plugins\/seo\/ -->\n<title>Drapeau BONA-STAR - BONAPARTS<\/title>\n<meta name=\"robots\" content=\"index, follow, max-snippet:-1, max-image-preview:large, max-video-preview:-1\" \/>\n<link rel=\"canonical\" href=\"https:\/\/test.bonaparts.fr\/produit\/drapeau-bona-star\/\" \/>\n<meta property=\"og:locale\" content=\"fr_FR\" \/>\n<meta property=\"og:type\" content=\"article\" \/>\n<meta property=\"og:title\" content=\"Drapeau BONA-STAR - BONAPARTS\" \/>\n<meta property=\"og:description\" content=\"D\u00e9corez votre garage aux couleurs de Bonaparts.fr avec le drapeau BONA-STAR sur fond noir. Les quatre angles sont surmont\u00e9s par des \u0153illets en laiton pour assurer une bonne tension du drapeau sur le pan de mur. Impression \u00e0 la demande et envois direct depuis les locaux de l\u2019artisan. Dimensions : 90x150cm\" \/>\n<meta property=\"og:url\" content=\"https:\/\/test.bonaparts.fr\/produit\/drapeau-bona-star\/\" \/>\n<meta property=\"og:site_name\" content=\"BONAPARTS\" \/>\n<meta property=\"article:publisher\" content=\"https:\/\/www.facebook.com\/Bonaparts\/\" \/>\n<meta property=\"article:modified_time\" content=\"2022-12-28T08:11:18+00:00\" \/>\n<meta property=\"og:image\" content=\"https:\/\/test.bonaparts.fr\/wp-content\/uploads\/2022\/07\/20210605_022045-1024x768.jpg\" \/>\n\t<meta property=\"og:image:width\" content=\"1024\" \/>\n\t<meta property=\"og:image:height\" content=\"768\" \/>\n\t<meta property=\"og:image:type\" content=\"image\/jpeg\" \/>\n<meta name=\"twitter:card\" content=\"summary_large_image\" \/>\n<meta name=\"twitter:label1\" content=\"Dur\u00e9e de lecture estim\u00e9e\" \/>\n\t<meta name=\"twitter:data1\" content=\"1 minute\" \/>\n<script type=\"application\/ld+json\" class=\"yoast-schema-graph\">{\"@context\":\"https:\/\/schema.org\",\"@graph\":[{\"@type\":\"WebPage\",\"@id\":\"https:\/\/test.bonaparts.fr\/produit\/drapeau-bona-star\/\",\"url\":\"https:\/\/test.bonaparts.fr\/produit\/drapeau-bona-star\/\",\"name\":\"Drapeau BONA-STAR - BONAPARTS\",\"isPartOf\":{\"@id\":\"https:\/\/test.bonaparts.fr\/#website\"},\"primaryImageOfPage\":{\"@id\":\"https:\/\/test.bonaparts.fr\/produit\/drapeau-bona-star\/#primaryimage\"},\"image\":{\"@id\":\"https:\/\/test.bonaparts.fr\/produit\/drapeau-bona-star\/#primaryimage\"},\"thumbnailUrl\":\"https:\/\/test.bonaparts.fr\/wp-content\/uploads\/2022\/07\/20210605_022045-scaled.jpg\",\"datePublished\":\"2022-07-10T15:16:00+00:00\",\"dateModified\":\"2022-12-28T08:11:18+00:00\",\"breadcrumb\":{\"@id\":\"https:\/\/test.bonaparts.fr\/produit\/drapeau-bona-star\/#breadcrumb\"},\"inLanguage\":\"fr-FR\",\"potentialAction\":[{\"@type\":\"ReadAction\",\"target\":[\"https:\/\/test.bonaparts.fr\/produit\/drapeau-bona-star\/\"]}]},{\"@type\":\"ImageObject\",\"inLanguage\":\"fr-FR\",\"@id\":\"https:\/\/test.bonaparts.fr\/produit\/drapeau-bona-star\/#primaryimage\",\"url\":\"https:\/\/test.bonaparts.fr\/wp-content\/uploads\/2022\/07\/20210605_022045-scaled.jpg\",\"contentUrl\":\"https:\/\/test.bonaparts.fr\/wp-content\/uploads\/2022\/07\/20210605_022045-scaled.jpg\",\"width\":2560,\"height\":1920},{\"@type\":\"BreadcrumbList\",\"@id\":\"https:\/\/test.bonaparts.fr\/produit\/drapeau-bona-star\/#breadcrumb\",\"itemListElement\":[{\"@type\":\"ListItem\",\"position\":1,\"name\":\"Accueil\",\"item\":\"https:\/\/test.bonaparts.fr\/\"},{\"@type\":\"ListItem\",\"position\":2,\"name\":\"Accueil\",\"item\":\"https:\/\/test.bonaparts.fr\/?page_id=823\"},{\"@type\":\"ListItem\",\"position\":3,\"name\":\"Drapeau BONA-STAR\"}]},{\"@type\":\"WebSite\",\"@id\":\"https:\/\/test.bonaparts.fr\/#website\",\"url\":\"https:\/\/test.bonaparts.fr\/\",\"name\":\"BONAPARTS\",\"description\":\"Pi\u00e8ces d\u00e9tach\u00e9es neuves et d&#039;occasion moto et scooter, sp\u00e9cialiste mono-cylindre 4 temps.\",\"publisher\":{\"@id\":\"https:\/\/test.bonaparts.fr\/#organization\"},\"potentialAction\":[{\"@type\":\"SearchAction\",\"target\":{\"@type\":\"EntryPoint\",\"urlTemplate\":\"https:\/\/test.bonaparts.fr\/?s={search_term_string}\"},\"query-input\":{\"@type\":\"PropertyValueSpecification\",\"valueRequired\":true,\"valueName\":\"search_term_string\"}}],\"inLanguage\":\"fr-FR\"},{\"@type\":\"Organization\",\"@id\":\"https:\/\/test.bonaparts.fr\/#organization\",\"name\":\"BONAPARTS\",\"url\":\"https:\/\/test.bonaparts.fr\/\",\"logo\":{\"@type\":\"ImageObject\",\"inLanguage\":\"fr-FR\",\"@id\":\"https:\/\/test.bonaparts.fr\/#\/schema\/logo\/image\/\",\"url\":\"https:\/\/test.bonaparts.fr\/wp-content\/uploads\/2022\/02\/bonawrench-gris-FINAL.png\",\"contentUrl\":\"https:\/\/test.bonaparts.fr\/wp-content\/uploads\/2022\/02\/bonawrench-gris-FINAL.png\",\"width\":1198,\"height\":1080,\"caption\":\"BONAPARTS\"},\"image\":{\"@id\":\"https:\/\/test.bonaparts.fr\/#\/schema\/logo\/image\/\"},\"sameAs\":[\"https:\/\/www.facebook.com\/Bonaparts\/\",\"https:\/\/www.instagram.com\/bona.parts\/?hl=fr\",\"https:\/\/www.youtube.com\/channel\/UCkO8GGQvOEb61jAxA_G9zXQ\"]}]}<\/script>\n<!-- \/ Yoast SEO plugin. -->","yoast_head_json":{"title":"Drapeau BONA-STAR - BONAPARTS","robots":{"index":"index","follow":"follow","max-snippet":"max-snippet:-1","max-image-preview":"max-image-preview:large","max-video-preview":"max-video-preview:-1"},"canonical":"https:\/\/test.bonaparts.fr\/produit\/drapeau-bona-star\/","og_locale":"fr_FR","og_type":"article","og_title":"Drapeau BONA-STAR - BONAPARTS","og_description":"D\u00e9corez votre garage aux couleurs de Bonaparts.fr avec le drapeau BONA-STAR sur fond noir. Les quatre angles sont surmont\u00e9s par des \u0153illets en laiton pour assurer une bonne tension du drapeau sur le pan de mur. Impression \u00e0 la demande et envois direct depuis les locaux de l\u2019artisan. Dimensions : 90x150cm","og_url":"https:\/\/test.bonaparts.fr\/produit\/drapeau-bona-star\/","og_site_name":"BONAPARTS","article_publisher":"https:\/\/www.facebook.com\/Bonaparts\/","article_modified_time":"2022-12-28T08:11:18+00:00","og_image":[{"width":1024,"height":768,"url":"https:\/\/test.bonaparts.fr\/wp-content\/uploads\/2022\/07\/20210605_022045-1024x768.jpg","type":"image\/jpeg"}],"twitter_card":"summary_large_image","twitter_misc":{"Dur\u00e9e de lecture estim\u00e9e":"1 minute"},"schema":{"@context":"https:\/\/schema.org","@graph":[{"@type":"WebPage","@id":"https:\/\/test.bonaparts.fr\/produit\/drapeau-bona-star\/","url":"https:\/\/test.bonaparts.fr\/produit\/drapeau-bona-star\/","name":"Drapeau BONA-STAR - BONAPARTS","isPartOf":{"@id":"https:\/\/test.bonaparts.fr\/#website"},"primaryImageOfPage":{"@id":"https:\/\/test.bonaparts.fr\/produit\/drapeau-bona-star\/#primaryimage"},"image":{"@id":"https:\/\/test.bonaparts.fr\/produit\/drapeau-bona-star\/#primaryimage"},"thumbnailUrl":"https:\/\/test.bonaparts.fr\/wp-content\/uploads\/2022\/07\/20210605_022045-scaled.jpg","datePublished":"2022-07-10T15:16:00+00:00","dateModified":"2022-12-28T08:11:18+00:00","breadcrumb":{"@id":"https:\/\/test.bonaparts.fr\/produit\/drapeau-bona-star\/#breadcrumb"},"inLanguage":"fr-FR","potentialAction":[{"@type":"ReadAction","target":["https:\/\/test.bonaparts.fr\/produit\/drapeau-bona-star\/"]}]},{"@type":"ImageObject","inLanguage":"fr-FR","@id":"https:\/\/test.bonaparts.fr\/produit\/drapeau-bona-star\/#primaryimage","url":"https:\/\/test.bonaparts.fr\/wp-content\/uploads\/2022\/07\/20210605_022045-scaled.jpg","contentUrl":"https:\/\/test.bonaparts.fr\/wp-content\/uploads\/2022\/07\/20210605_022045-scaled.jpg","width":2560,"height":1920},{"@type":"BreadcrumbList","@id":"https:\/\/test.bonaparts.fr\/produit\/drapeau-bona-star\/#breadcrumb","itemListElement":[{"@type":"ListItem","position":1,"name":"Accueil","item":"https:\/\/test.bonaparts.fr\/"},{"@type":"ListItem","position":2,"name":"Accueil","item":"https:\/\/test.bonaparts.fr\/?page_id=823"},{"@type":"ListItem","position":3,"name":"Drapeau BONA-STAR"}]},{"@type":"WebSite","@id":"https:\/\/test.bonaparts.fr\/#website","url":"https:\/\/test.bonaparts.fr\/","name":"BONAPARTS","description":"Pi\u00e8ces d\u00e9tach\u00e9es neuves et d&#039;occasion moto et scooter, sp\u00e9cialiste mono-cylindre 4 temps.","publisher":{"@id":"https:\/\/test.bonaparts.fr\/#organization"},"potentialAction":[{"@type":"SearchAction","target":{"@type":"EntryPoint","urlTemplate":"https:\/\/test.bonaparts.fr\/?s={search_term_string}"},"query-input":{"@type":"PropertyValueSpecification","valueRequired":true,"valueName":"search_term_string"}}],"inLanguage":"fr-FR"},{"@type":"Organization","@id":"https:\/\/test.bonaparts.fr\/#organization","name":"BONAPARTS","url":"https:\/\/test.bonaparts.fr\/","logo":{"@type":"ImageObject","inLanguage":"fr-FR","@id":"https:\/\/test.bonaparts.fr\/#\/schema\/logo\/image\/","url":"https:\/\/test.bonaparts.fr\/wp-content\/uploads\/2022\/02\/bonawrench-gris-FINAL.png","contentUrl":"https:\/\/test.bonaparts.fr\/wp-content\/uploads\/2022\/02\/bonawrench-gris-FINAL.png","width":1198,"height":1080,"caption":"BONAPARTS"},"image":{"@id":"https:\/\/test.bonaparts.fr\/#\/schema\/logo\/image\/"},"sameAs":["https:\/\/www.facebook.com\/Bonaparts\/","https:\/\/www.instagram.com\/bona.parts\/?hl=fr","https:\/\/www.youtube.com\/channel\/UCkO8GGQvOEb61jAxA_G9zXQ"]}]}},"pbg_featured_image_src":{"full":["https:\/\/test.bonaparts.fr\/wp-content\/uploads\/2022\/07\/20210605_022045-scaled.jpg",2560,1920,false],"thumbnail":["https:\/\/test.bonaparts.fr\/wp-content\/uploads\/2022\/07\/20210605_022045-150x150.jpg",150,150,true],"medium":["https:\/\/test.bonaparts.fr\/wp-content\/uploads\/2022\/07\/20210605_022045-300x225.jpg",300,225,true],"medium_large":["https:\/\/test.bonaparts.fr\/wp-content\/uploads\/2022\/07\/20210605_022045-768x576.jpg",768,576,true],"large":["https:\/\/test.bonaparts.fr\/wp-content\/uploads\/2022\/07\/20210605_022045-1024x768.jpg",980,735,true],"1536x1536":["https:\/\/test.bonaparts.fr\/wp-content\/uploads\/2022\/07\/20210605_022045-1536x1152.jpg",1536,1152,true],"2048x2048":["https:\/\/test.bonaparts.fr\/wp-content\/uploads\/2022\/07\/20210605_022045-2048x1536.jpg",2048,1536,true],"wptouch-new-thumbnail":["https:\/\/test.bonaparts.fr\/wp-content\/uploads\/2022\/07\/20210605_022045-144x144.jpg",144,144,true],"woocommerce_thumbnail":["https:\/\/test.bonaparts.fr\/wp-content\/uploads\/2022\/07\/20210605_022045-324x324.jpg",324,324,true],"woocommerce_single":["https:\/\/test.bonaparts.fr\/wp-content\/uploads\/2022\/07\/20210605_022045-416x312.jpg",416,312,true],"woocommerce_gallery_thumbnail":["https:\/\/test.bonaparts.fr\/wp-content\/uploads\/2022\/07\/20210605_022045-100x100.jpg",100,100,true],"wcpr-photo-reviews":["https:\/\/test.bonaparts.fr\/wp-content\/uploads\/2022\/07\/20210605_022045-500x375.jpg",500,375,true]},"pbg_author_info":{"display_name":"BONAPARTS","author_link":"https:\/\/test.bonaparts.fr\/?author=0","author_img":"<img alt='BONAPARTS' src='https:\/\/secure.gravatar.com\/avatar\/ee8ffa5ba89d5ffd342c9b67f99c1f2f5462d5ca62704a21f66b42e75e1d19ff?s=128&#038;d=identicon&#038;r=g' srcset='https:\/\/secure.gravatar.com\/avatar\/ee8ffa5ba89d5ffd342c9b67f99c1f2f5462d5ca62704a21f66b42e75e1d19ff?s=256&#038;d=identicon&#038;r=g 2x' class='avatar avatar-128 photo' height='128' width='128' decoding='async'\/>"},"pbg_comment_info":"1 comment","pbg_excerpt":"D\u00e9corez votre garage aux couleurs de Bonaparts.fr avec le drapeau BONA-STAR sur fond noir. Les quatre angles sont surmont\u00e9s par des \u0153illets en laiton pour assurer une bonne tension du drapeau sur le pan de mur. Impression \u00e0 la demande et envois direct depuis les locaux de l\u2019artisan. Dimensions : 90x150cm","jetpack_likes_enabled":false,"jetpack_sharing_enabled":true,"_links":{"self":[{"href":"https:\/\/test.bonaparts.fr\/index.php?rest_route=\/wp\/v2\/product\/10089","targetHints":{"allow":["GET"]}}],"collection":[{"href":"https:\/\/test.bonaparts.fr\/index.php?rest_route=\/wp\/v2\/product"}],"about":[{"href":"https:\/\/test.bonaparts.fr\/index.php?rest_route=\/wp\/v2\/types\/product"}],"wp:featuredmedia":[{"embeddable":true,"href":"https:\/\/test.bonaparts.fr\/index.php?rest_route=\/wp\/v2\/media\/10092"}],"wp:attachment":[{"href":"https:\/\/test.bonaparts.fr\/index.php?rest_route=%2Fwp%2Fv2%2Fmedia&parent=10089"}],"wp:term":[{"taxonomy":"product_brand","embeddable":true,"href":"https:\/\/test.bonaparts.fr\/index.php?rest_route=%2Fwp%2Fv2%2Fproduct_brand&post=10089"},{"taxonomy":"product_cat","embeddable":true,"href":"https:\/\/test.bonaparts.fr\/index.php?rest_route=%2Fwp%2Fv2%2Fproduct_cat&post=10089"},{"taxonomy":"product_tag","embeddable":true,"href":"https:\/\/test.bonaparts.fr\/index.php?rest_route=%2Fwp%2Fv2%2Fproduct_tag&post=10089"},{"taxonomy":"pa_autre-numero-de-piece","embeddable":true,"href":"https:\/\/test.bonaparts.fr\/index.php?rest_route=%2Fwp%2Fv2%2Fpa_autre-numero-de-piece&post=10089"},{"taxonomy":"pa_type","embeddable":true,"href":"https:\/\/test.bonaparts.fr\/index.php?rest_route=%2Fwp%2Fv2%2Fpa_type&post=10089"}],"curies":[{"name":"wp","href":"https:\/\/api.w.org\/{rel}","templated":true}]}}