{"id":10100,"date":"2022-07-11T15:25:43","date_gmt":"2022-07-11T13:25:43","guid":{"rendered":"https:\/\/test.bonaparts.fr\/?post_type=product&#038;p=10100"},"modified":"2022-12-28T09:11:02","modified_gmt":"2022-12-28T08:11:02","slug":"drapeau-napoleon-bonaparts","status":"publish","type":"product","link":"https:\/\/test.bonaparts.fr\/?product=drapeau-napoleon-bonaparts","title":{"rendered":"Drapeau Napol\u00e9on Bonaparts"},"content":{"rendered":"<p>D\u00e9corez votre garage aux couleurs de minibikipassion.fr avec le drapeau Napol\u00e9on Bonaparts sur fond blanc.<\/p>\n<p>Les quatre angles sont surmont\u00e9s par des \u0153illets en laiton pour assurer une bonne tension du drapeau sur le pan de mur.<\/p>\n<p>Impression \u00e0 la demande et envois direct depuis les locaux de l\u2019artisan.<br \/>\nDimensions : 90x150cm<\/p>\n","protected":false},"excerpt":{"rendered":"<p>D\u00e9corez votre garage aux couleurs de minibikipassion.fr avec le drapeau Napol\u00e9on Bonaparts sur fond blanc. Les quatre angles sont surmont\u00e9s par des \u0153illets en laiton pour assurer une bonne tension du drapeau sur le pan de mur. Impression \u00e0 la demande et envois direct depuis les locaux de l\u2019artisan. Dimensions : 90x150cm<\/p>\n","protected":false},"featured_media":11583,"template":"","meta":[],"product_brand":[],"product_cat":[7850,7876,7844],"product_tag":[8264,8267],"pa_autre-numero-de-piece":[],"pa_type":[],"class_list":{"0":"post-10100","1":"product","2":"type-product","3":"status-publish","4":"has-post-thumbnail","6":"product_cat-accessoires-mini-bike-passion-bonaparts","7":"product_cat-drapeaux-mini-bike-passion-bonaparts","8":"product_cat-goodies-mini-bike-passion-bonaparts","9":"product_tag-drapeau-bonaparts","10":"product_tag-drapeau-napoleon","12":"first","13":"instock","14":"shipping-taxable","15":"purchasable","16":"product-type-simple"},"yoast_head":"<!-- This site is optimized with the Yoast SEO plugin v26.0 - https:\/\/yoast.com\/wordpress\/plugins\/seo\/ -->\n<title>Drapeau Napol\u00e9on Bonaparts - BONAPARTS<\/title>\n<meta name=\"robots\" content=\"index, follow, max-snippet:-1, max-image-preview:large, max-video-preview:-1\" \/>\n<link rel=\"canonical\" href=\"https:\/\/test.bonaparts.fr\/produit\/drapeau-napoleon-bonaparts\/\" \/>\n<meta property=\"og:locale\" content=\"fr_FR\" \/>\n<meta property=\"og:type\" content=\"article\" \/>\n<meta property=\"og:title\" content=\"Drapeau Napol\u00e9on Bonaparts - BONAPARTS\" \/>\n<meta property=\"og:description\" content=\"D\u00e9corez votre garage aux couleurs de minibikipassion.fr avec le drapeau Napol\u00e9on Bonaparts sur fond blanc. Les quatre angles sont surmont\u00e9s par des \u0153illets en laiton pour assurer une bonne tension du drapeau sur le pan de mur. Impression \u00e0 la demande et envois direct depuis les locaux de l\u2019artisan. Dimensions : 90x150cm\" \/>\n<meta property=\"og:url\" content=\"https:\/\/test.bonaparts.fr\/produit\/drapeau-napoleon-bonaparts\/\" \/>\n<meta property=\"og:site_name\" content=\"BONAPARTS\" \/>\n<meta property=\"article:publisher\" content=\"https:\/\/www.facebook.com\/Bonaparts\/\" \/>\n<meta property=\"article:modified_time\" content=\"2022-12-28T08:11:02+00:00\" \/>\n<meta property=\"og:image\" content=\"https:\/\/i0.wp.com\/bonaparts.fr\/wp-content\/uploads\/2022\/07\/316125865_604289065030689_829501482098221273_n.jpg?fit=627%2C563&ssl=1\" \/>\n\t<meta property=\"og:image:width\" content=\"627\" \/>\n\t<meta property=\"og:image:height\" content=\"563\" \/>\n\t<meta property=\"og:image:type\" content=\"image\/jpeg\" \/>\n<meta name=\"twitter:card\" content=\"summary_large_image\" \/>\n<meta name=\"twitter:label1\" content=\"Dur\u00e9e de lecture estim\u00e9e\" \/>\n\t<meta name=\"twitter:data1\" content=\"1 minute\" \/>\n<script type=\"application\/ld+json\" class=\"yoast-schema-graph\">{\"@context\":\"https:\/\/schema.org\",\"@graph\":[{\"@type\":\"WebPage\",\"@id\":\"https:\/\/test.bonaparts.fr\/produit\/drapeau-napoleon-bonaparts\/\",\"url\":\"https:\/\/test.bonaparts.fr\/produit\/drapeau-napoleon-bonaparts\/\",\"name\":\"Drapeau Napol\u00e9on Bonaparts - BONAPARTS\",\"isPartOf\":{\"@id\":\"https:\/\/test.bonaparts.fr\/#website\"},\"primaryImageOfPage\":{\"@id\":\"https:\/\/test.bonaparts.fr\/produit\/drapeau-napoleon-bonaparts\/#primaryimage\"},\"image\":{\"@id\":\"https:\/\/test.bonaparts.fr\/produit\/drapeau-napoleon-bonaparts\/#primaryimage\"},\"thumbnailUrl\":\"https:\/\/test.bonaparts.fr\/wp-content\/uploads\/2022\/07\/316125865_604289065030689_829501482098221273_n.jpg\",\"datePublished\":\"2022-07-11T13:25:43+00:00\",\"dateModified\":\"2022-12-28T08:11:02+00:00\",\"breadcrumb\":{\"@id\":\"https:\/\/test.bonaparts.fr\/produit\/drapeau-napoleon-bonaparts\/#breadcrumb\"},\"inLanguage\":\"fr-FR\",\"potentialAction\":[{\"@type\":\"ReadAction\",\"target\":[\"https:\/\/test.bonaparts.fr\/produit\/drapeau-napoleon-bonaparts\/\"]}]},{\"@type\":\"ImageObject\",\"inLanguage\":\"fr-FR\",\"@id\":\"https:\/\/test.bonaparts.fr\/produit\/drapeau-napoleon-bonaparts\/#primaryimage\",\"url\":\"https:\/\/test.bonaparts.fr\/wp-content\/uploads\/2022\/07\/316125865_604289065030689_829501482098221273_n.jpg\",\"contentUrl\":\"https:\/\/test.bonaparts.fr\/wp-content\/uploads\/2022\/07\/316125865_604289065030689_829501482098221273_n.jpg\",\"width\":627,\"height\":563},{\"@type\":\"BreadcrumbList\",\"@id\":\"https:\/\/test.bonaparts.fr\/produit\/drapeau-napoleon-bonaparts\/#breadcrumb\",\"itemListElement\":[{\"@type\":\"ListItem\",\"position\":1,\"name\":\"Accueil\",\"item\":\"https:\/\/test.bonaparts.fr\/\"},{\"@type\":\"ListItem\",\"position\":2,\"name\":\"Accueil\",\"item\":\"https:\/\/test.bonaparts.fr\/?page_id=823\"},{\"@type\":\"ListItem\",\"position\":3,\"name\":\"Drapeau Napol\u00e9on Bonaparts\"}]},{\"@type\":\"WebSite\",\"@id\":\"https:\/\/test.bonaparts.fr\/#website\",\"url\":\"https:\/\/test.bonaparts.fr\/\",\"name\":\"BONAPARTS\",\"description\":\"Pi\u00e8ces d\u00e9tach\u00e9es neuves et d&#039;occasion moto et scooter, sp\u00e9cialiste mono-cylindre 4 temps.\",\"publisher\":{\"@id\":\"https:\/\/test.bonaparts.fr\/#organization\"},\"potentialAction\":[{\"@type\":\"SearchAction\",\"target\":{\"@type\":\"EntryPoint\",\"urlTemplate\":\"https:\/\/test.bonaparts.fr\/?s={search_term_string}\"},\"query-input\":{\"@type\":\"PropertyValueSpecification\",\"valueRequired\":true,\"valueName\":\"search_term_string\"}}],\"inLanguage\":\"fr-FR\"},{\"@type\":\"Organization\",\"@id\":\"https:\/\/test.bonaparts.fr\/#organization\",\"name\":\"BONAPARTS\",\"url\":\"https:\/\/test.bonaparts.fr\/\",\"logo\":{\"@type\":\"ImageObject\",\"inLanguage\":\"fr-FR\",\"@id\":\"https:\/\/test.bonaparts.fr\/#\/schema\/logo\/image\/\",\"url\":\"https:\/\/test.bonaparts.fr\/wp-content\/uploads\/2022\/02\/bonawrench-gris-FINAL.png\",\"contentUrl\":\"https:\/\/test.bonaparts.fr\/wp-content\/uploads\/2022\/02\/bonawrench-gris-FINAL.png\",\"width\":1198,\"height\":1080,\"caption\":\"BONAPARTS\"},\"image\":{\"@id\":\"https:\/\/test.bonaparts.fr\/#\/schema\/logo\/image\/\"},\"sameAs\":[\"https:\/\/www.facebook.com\/Bonaparts\/\",\"https:\/\/www.instagram.com\/bona.parts\/?hl=fr\",\"https:\/\/www.youtube.com\/channel\/UCkO8GGQvOEb61jAxA_G9zXQ\"]}]}<\/script>\n<!-- \/ Yoast SEO plugin. -->","yoast_head_json":{"title":"Drapeau Napol\u00e9on Bonaparts - BONAPARTS","robots":{"index":"index","follow":"follow","max-snippet":"max-snippet:-1","max-image-preview":"max-image-preview:large","max-video-preview":"max-video-preview:-1"},"canonical":"https:\/\/test.bonaparts.fr\/produit\/drapeau-napoleon-bonaparts\/","og_locale":"fr_FR","og_type":"article","og_title":"Drapeau Napol\u00e9on Bonaparts - BONAPARTS","og_description":"D\u00e9corez votre garage aux couleurs de minibikipassion.fr avec le drapeau Napol\u00e9on Bonaparts sur fond blanc. Les quatre angles sont surmont\u00e9s par des \u0153illets en laiton pour assurer une bonne tension du drapeau sur le pan de mur. Impression \u00e0 la demande et envois direct depuis les locaux de l\u2019artisan. Dimensions : 90x150cm","og_url":"https:\/\/test.bonaparts.fr\/produit\/drapeau-napoleon-bonaparts\/","og_site_name":"BONAPARTS","article_publisher":"https:\/\/www.facebook.com\/Bonaparts\/","article_modified_time":"2022-12-28T08:11:02+00:00","og_image":[{"width":627,"height":563,"url":"https:\/\/i0.wp.com\/bonaparts.fr\/wp-content\/uploads\/2022\/07\/316125865_604289065030689_829501482098221273_n.jpg?fit=627%2C563&ssl=1","type":"image\/jpeg"}],"twitter_card":"summary_large_image","twitter_misc":{"Dur\u00e9e de lecture estim\u00e9e":"1 minute"},"schema":{"@context":"https:\/\/schema.org","@graph":[{"@type":"WebPage","@id":"https:\/\/test.bonaparts.fr\/produit\/drapeau-napoleon-bonaparts\/","url":"https:\/\/test.bonaparts.fr\/produit\/drapeau-napoleon-bonaparts\/","name":"Drapeau Napol\u00e9on Bonaparts - BONAPARTS","isPartOf":{"@id":"https:\/\/test.bonaparts.fr\/#website"},"primaryImageOfPage":{"@id":"https:\/\/test.bonaparts.fr\/produit\/drapeau-napoleon-bonaparts\/#primaryimage"},"image":{"@id":"https:\/\/test.bonaparts.fr\/produit\/drapeau-napoleon-bonaparts\/#primaryimage"},"thumbnailUrl":"https:\/\/test.bonaparts.fr\/wp-content\/uploads\/2022\/07\/316125865_604289065030689_829501482098221273_n.jpg","datePublished":"2022-07-11T13:25:43+00:00","dateModified":"2022-12-28T08:11:02+00:00","breadcrumb":{"@id":"https:\/\/test.bonaparts.fr\/produit\/drapeau-napoleon-bonaparts\/#breadcrumb"},"inLanguage":"fr-FR","potentialAction":[{"@type":"ReadAction","target":["https:\/\/test.bonaparts.fr\/produit\/drapeau-napoleon-bonaparts\/"]}]},{"@type":"ImageObject","inLanguage":"fr-FR","@id":"https:\/\/test.bonaparts.fr\/produit\/drapeau-napoleon-bonaparts\/#primaryimage","url":"https:\/\/test.bonaparts.fr\/wp-content\/uploads\/2022\/07\/316125865_604289065030689_829501482098221273_n.jpg","contentUrl":"https:\/\/test.bonaparts.fr\/wp-content\/uploads\/2022\/07\/316125865_604289065030689_829501482098221273_n.jpg","width":627,"height":563},{"@type":"BreadcrumbList","@id":"https:\/\/test.bonaparts.fr\/produit\/drapeau-napoleon-bonaparts\/#breadcrumb","itemListElement":[{"@type":"ListItem","position":1,"name":"Accueil","item":"https:\/\/test.bonaparts.fr\/"},{"@type":"ListItem","position":2,"name":"Accueil","item":"https:\/\/test.bonaparts.fr\/?page_id=823"},{"@type":"ListItem","position":3,"name":"Drapeau Napol\u00e9on Bonaparts"}]},{"@type":"WebSite","@id":"https:\/\/test.bonaparts.fr\/#website","url":"https:\/\/test.bonaparts.fr\/","name":"BONAPARTS","description":"Pi\u00e8ces d\u00e9tach\u00e9es neuves et d&#039;occasion moto et scooter, sp\u00e9cialiste mono-cylindre 4 temps.","publisher":{"@id":"https:\/\/test.bonaparts.fr\/#organization"},"potentialAction":[{"@type":"SearchAction","target":{"@type":"EntryPoint","urlTemplate":"https:\/\/test.bonaparts.fr\/?s={search_term_string}"},"query-input":{"@type":"PropertyValueSpecification","valueRequired":true,"valueName":"search_term_string"}}],"inLanguage":"fr-FR"},{"@type":"Organization","@id":"https:\/\/test.bonaparts.fr\/#organization","name":"BONAPARTS","url":"https:\/\/test.bonaparts.fr\/","logo":{"@type":"ImageObject","inLanguage":"fr-FR","@id":"https:\/\/test.bonaparts.fr\/#\/schema\/logo\/image\/","url":"https:\/\/test.bonaparts.fr\/wp-content\/uploads\/2022\/02\/bonawrench-gris-FINAL.png","contentUrl":"https:\/\/test.bonaparts.fr\/wp-content\/uploads\/2022\/02\/bonawrench-gris-FINAL.png","width":1198,"height":1080,"caption":"BONAPARTS"},"image":{"@id":"https:\/\/test.bonaparts.fr\/#\/schema\/logo\/image\/"},"sameAs":["https:\/\/www.facebook.com\/Bonaparts\/","https:\/\/www.instagram.com\/bona.parts\/?hl=fr","https:\/\/www.youtube.com\/channel\/UCkO8GGQvOEb61jAxA_G9zXQ"]}]}},"pbg_featured_image_src":{"full":["https:\/\/test.bonaparts.fr\/wp-content\/uploads\/2022\/07\/316125865_604289065030689_829501482098221273_n.jpg",627,563,false],"thumbnail":["https:\/\/test.bonaparts.fr\/wp-content\/uploads\/2022\/07\/316125865_604289065030689_829501482098221273_n-150x150.jpg",150,150,true],"medium":["https:\/\/test.bonaparts.fr\/wp-content\/uploads\/2022\/07\/316125865_604289065030689_829501482098221273_n-300x269.jpg",300,269,true],"medium_large":["https:\/\/test.bonaparts.fr\/wp-content\/uploads\/2022\/07\/316125865_604289065030689_829501482098221273_n.jpg",627,563,false],"large":["https:\/\/test.bonaparts.fr\/wp-content\/uploads\/2022\/07\/316125865_604289065030689_829501482098221273_n.jpg",627,563,false],"1536x1536":["https:\/\/test.bonaparts.fr\/wp-content\/uploads\/2022\/07\/316125865_604289065030689_829501482098221273_n.jpg",627,563,false],"2048x2048":["https:\/\/test.bonaparts.fr\/wp-content\/uploads\/2022\/07\/316125865_604289065030689_829501482098221273_n.jpg",627,563,false],"wptouch-new-thumbnail":["https:\/\/test.bonaparts.fr\/wp-content\/uploads\/2022\/07\/316125865_604289065030689_829501482098221273_n-144x144.jpg",144,144,true],"woocommerce_thumbnail":["https:\/\/test.bonaparts.fr\/wp-content\/uploads\/2022\/07\/316125865_604289065030689_829501482098221273_n-324x324.jpg",324,324,true],"woocommerce_single":["https:\/\/test.bonaparts.fr\/wp-content\/uploads\/2022\/07\/316125865_604289065030689_829501482098221273_n-416x374.jpg",416,374,true],"woocommerce_gallery_thumbnail":["https:\/\/test.bonaparts.fr\/wp-content\/uploads\/2022\/07\/316125865_604289065030689_829501482098221273_n-100x100.jpg",100,100,true],"wcpr-photo-reviews":["https:\/\/test.bonaparts.fr\/wp-content\/uploads\/2022\/07\/316125865_604289065030689_829501482098221273_n-500x449.jpg",500,449,true]},"pbg_author_info":{"display_name":"BONAPARTS","author_link":"https:\/\/test.bonaparts.fr\/?author=0","author_img":"<img alt='BONAPARTS' src='https:\/\/secure.gravatar.com\/avatar\/ee8ffa5ba89d5ffd342c9b67f99c1f2f5462d5ca62704a21f66b42e75e1d19ff?s=128&#038;d=identicon&#038;r=g' srcset='https:\/\/secure.gravatar.com\/avatar\/ee8ffa5ba89d5ffd342c9b67f99c1f2f5462d5ca62704a21f66b42e75e1d19ff?s=256&#038;d=identicon&#038;r=g 2x' class='avatar avatar-128 photo' height='128' width='128' decoding='async'\/>"},"pbg_comment_info":" No Comments","pbg_excerpt":"D\u00e9corez votre garage aux couleurs de minibikipassion.fr avec le drapeau Napol\u00e9on Bonaparts sur fond blanc. Les quatre angles sont surmont\u00e9s par des \u0153illets en laiton pour assurer une bonne tension du drapeau sur le pan de mur. Impression \u00e0 la demande et envois direct depuis les locaux de l\u2019artisan. Dimensions : 90x150cm","jetpack_likes_enabled":false,"jetpack_sharing_enabled":true,"_links":{"self":[{"href":"https:\/\/test.bonaparts.fr\/index.php?rest_route=\/wp\/v2\/product\/10100","targetHints":{"allow":["GET"]}}],"collection":[{"href":"https:\/\/test.bonaparts.fr\/index.php?rest_route=\/wp\/v2\/product"}],"about":[{"href":"https:\/\/test.bonaparts.fr\/index.php?rest_route=\/wp\/v2\/types\/product"}],"wp:featuredmedia":[{"embeddable":true,"href":"https:\/\/test.bonaparts.fr\/index.php?rest_route=\/wp\/v2\/media\/11583"}],"wp:attachment":[{"href":"https:\/\/test.bonaparts.fr\/index.php?rest_route=%2Fwp%2Fv2%2Fmedia&parent=10100"}],"wp:term":[{"taxonomy":"product_brand","embeddable":true,"href":"https:\/\/test.bonaparts.fr\/index.php?rest_route=%2Fwp%2Fv2%2Fproduct_brand&post=10100"},{"taxonomy":"product_cat","embeddable":true,"href":"https:\/\/test.bonaparts.fr\/index.php?rest_route=%2Fwp%2Fv2%2Fproduct_cat&post=10100"},{"taxonomy":"product_tag","embeddable":true,"href":"https:\/\/test.bonaparts.fr\/index.php?rest_route=%2Fwp%2Fv2%2Fproduct_tag&post=10100"},{"taxonomy":"pa_autre-numero-de-piece","embeddable":true,"href":"https:\/\/test.bonaparts.fr\/index.php?rest_route=%2Fwp%2Fv2%2Fpa_autre-numero-de-piece&post=10100"},{"taxonomy":"pa_type","embeddable":true,"href":"https:\/\/test.bonaparts.fr\/index.php?rest_route=%2Fwp%2Fv2%2Fpa_type&post=10100"}],"curies":[{"name":"wp","href":"https:\/\/api.w.org\/{rel}","templated":true}]}}