{"id":10109,"date":"2022-07-19T22:48:46","date_gmt":"2022-07-19T20:48:46","guid":{"rendered":"https:\/\/test.bonaparts.fr\/?post_type=product&#038;p=10109"},"modified":"2024-08-31T04:13:06","modified_gmt":"2024-08-31T02:13:06","slug":"culasse-4-soupapes-17-19-swipoh-2sm","status":"publish","type":"product","link":"https:\/\/test.bonaparts.fr\/?product=culasse-4-soupapes-17-19-swipoh-2sm","title":{"rendered":"Culasse 4 Soupapes Swipoh Honda Nice 110"},"content":{"rendered":"<p><strong>Culasse 4 Soupapes Swipoh pour moteur Honda Nice110\u00a0<\/strong><\/p>\n<p>Le passage sur une culasse comportant quatre soupapes <strong>change radicalement le comportement de votre moteur<\/strong>,\u00a0 il sera plus souple en bas r\u00e9gime et <strong>d\u00e9livrera toute sa puissance \u00e0 haut r\u00e9gime.<\/strong><br \/>\nLe d\u00f4me de culasse est <strong>usin\u00e9 CNC<\/strong>,\u00a0 nous pr\u00e9conisons d&#8217;utiliser un cylindre de diam\u00e8tre <strong>52m \u00e0 56mm<\/strong>.<\/p>\n<p><em>Soupapes d&#8217;admission : <strong>19mm<\/strong><\/em><br \/>\n<em>Soupapes d&#8217;\u00e9chappement : <strong>17mm<\/strong><\/em><\/p>\n<p>La culasse est livr\u00e9e avec arbre \u00e0 came, culbuteurs \u00e0 rouleaux, soupapes, ressorts, joints de queue, dress-up, joints, visseries.<br \/>\nPignon d&#8217;arbre \u00e0 came non fournis, disponible s\u00e9par\u00e9ment dans la cat\u00e9gorie arbre \u00e0 cames 110 Nice.<\/p>\n<p><em>Les conduits sont \u00e0 retravaill\u00e9s pour tirer le maximum des performances qu&#8217;elle peut fournir.<\/em><\/p>\n<p>Vid\u00e9o : https:\/\/youtu.be\/njLfi3TGIfQ<\/p>\n","protected":false},"excerpt":{"rendered":"<p>Culasse 4 Soupapes Swipoh pour moteur Honda Nice110\u00a0 Le passage sur une culasse comportant quatre soupapes change radicalement le comportement de votre moteur,\u00a0 il sera plus souple en bas r\u00e9gime et d\u00e9livrera toute sa puissance \u00e0 haut r\u00e9gime. Le d\u00f4me de culasse est usin\u00e9 CNC,\u00a0 nous pr\u00e9conisons d&#8217;utiliser un cylindre de diam\u00e8tre 52m \u00e0 56mm. [&hellip;]<\/p>\n","protected":false},"featured_media":10122,"template":"","meta":[],"product_brand":[],"product_cat":[7901,7894,7893],"product_tag":[7924,7923,7922,7915,7916,7920,7914,7917,7918,7919,7921,7927,7925,7926],"pa_autre-numero-de-piece":[],"pa_type":[],"class_list":{"0":"post-10109","1":"product","2":"type-product","3":"status-publish","4":"has-post-thumbnail","6":"product_cat-culasse-honda-nice110","7":"product_cat-haut-moteur-honda-nice110","8":"product_cat-honda-nice110","9":"product_tag-4-valve-head-swipo","10":"product_tag-4-valve-head-swipoh","11":"product_tag-4-valve-head-takegawa","12":"product_tag-culasse-4-soupape-110-nice","13":"product_tag-culasse-4-soupape-dax","14":"product_tag-culasse-4-soupape-kitaco","15":"product_tag-culasse-4-soupape-lifan","16":"product_tag-culasse-4-soupape-monkey","17":"product_tag-culasse-4-soupape-swipoh","18":"product_tag-culasse-4-soupape-takegawa","19":"product_tag-culasse-4-soupape-thailande","20":"product_tag-culasse-modernworks","21":"product_tag-culasse-swipo","22":"product_tag-culasse-swipoh","24":"first","25":"instock","26":"shipping-taxable","27":"purchasable","28":"product-type-variable"},"yoast_head":"<!-- This site is optimized with the Yoast SEO plugin v26.0 - https:\/\/yoast.com\/wordpress\/plugins\/seo\/ -->\n<title>Culasse 4 Soupapes Swipoh Honda Nice 110 - BONAPARTS<\/title>\n<meta name=\"robots\" content=\"index, follow, max-snippet:-1, max-image-preview:large, max-video-preview:-1\" \/>\n<link rel=\"canonical\" href=\"https:\/\/test.bonaparts.fr\/produit\/culasse-4-soupapes-17-19-swipoh-2sm\/\" \/>\n<meta property=\"og:locale\" content=\"fr_FR\" \/>\n<meta property=\"og:type\" content=\"article\" \/>\n<meta property=\"og:title\" content=\"Culasse 4 Soupapes Swipoh Honda Nice 110 - BONAPARTS\" \/>\n<meta property=\"og:description\" content=\"Culasse 4 Soupapes Swipoh pour moteur Honda Nice110\u00a0 Le passage sur une culasse comportant quatre soupapes change radicalement le comportement de votre moteur,\u00a0 il sera plus souple en bas r\u00e9gime et d\u00e9livrera toute sa puissance \u00e0 haut r\u00e9gime. Le d\u00f4me de culasse est usin\u00e9 CNC,\u00a0 nous pr\u00e9conisons d&#8217;utiliser un cylindre de diam\u00e8tre 52m \u00e0 56mm. [&hellip;]\" \/>\n<meta property=\"og:url\" content=\"https:\/\/test.bonaparts.fr\/produit\/culasse-4-soupapes-17-19-swipoh-2sm\/\" \/>\n<meta property=\"og:site_name\" content=\"BONAPARTS\" \/>\n<meta property=\"article:publisher\" content=\"https:\/\/www.facebook.com\/Bonaparts\/\" \/>\n<meta property=\"article:modified_time\" content=\"2024-08-31T02:13:06+00:00\" \/>\n<meta property=\"og:image\" content=\"https:\/\/test.bonaparts.fr\/wp-content\/uploads\/2022\/07\/Culasse-4s-SWIPOH-Montage-sur-moteur-type-Honda-Nice-110-Entraxe-2SM-Soupapes-1719mm-1024x1024.png\" \/>\n\t<meta property=\"og:image:width\" content=\"1024\" \/>\n\t<meta property=\"og:image:height\" content=\"1024\" \/>\n\t<meta property=\"og:image:type\" content=\"image\/png\" \/>\n<meta name=\"twitter:card\" content=\"summary_large_image\" \/>\n<meta name=\"twitter:label1\" content=\"Dur\u00e9e de lecture estim\u00e9e\" \/>\n\t<meta name=\"twitter:data1\" content=\"1 minute\" \/>\n<script type=\"application\/ld+json\" class=\"yoast-schema-graph\">{\"@context\":\"https:\/\/schema.org\",\"@graph\":[{\"@type\":\"WebPage\",\"@id\":\"https:\/\/test.bonaparts.fr\/produit\/culasse-4-soupapes-17-19-swipoh-2sm\/\",\"url\":\"https:\/\/test.bonaparts.fr\/produit\/culasse-4-soupapes-17-19-swipoh-2sm\/\",\"name\":\"Culasse 4 Soupapes Swipoh Honda Nice 110 - BONAPARTS\",\"isPartOf\":{\"@id\":\"https:\/\/test.bonaparts.fr\/#website\"},\"primaryImageOfPage\":{\"@id\":\"https:\/\/test.bonaparts.fr\/produit\/culasse-4-soupapes-17-19-swipoh-2sm\/#primaryimage\"},\"image\":{\"@id\":\"https:\/\/test.bonaparts.fr\/produit\/culasse-4-soupapes-17-19-swipoh-2sm\/#primaryimage\"},\"thumbnailUrl\":\"https:\/\/test.bonaparts.fr\/wp-content\/uploads\/2022\/07\/Culasse-4s-SWIPOH-Montage-sur-moteur-type-Honda-Nice-110-Entraxe-2SM-Soupapes-1719mm.png\",\"datePublished\":\"2022-07-19T20:48:46+00:00\",\"dateModified\":\"2024-08-31T02:13:06+00:00\",\"breadcrumb\":{\"@id\":\"https:\/\/test.bonaparts.fr\/produit\/culasse-4-soupapes-17-19-swipoh-2sm\/#breadcrumb\"},\"inLanguage\":\"fr-FR\",\"potentialAction\":[{\"@type\":\"ReadAction\",\"target\":[\"https:\/\/test.bonaparts.fr\/produit\/culasse-4-soupapes-17-19-swipoh-2sm\/\"]}]},{\"@type\":\"ImageObject\",\"inLanguage\":\"fr-FR\",\"@id\":\"https:\/\/test.bonaparts.fr\/produit\/culasse-4-soupapes-17-19-swipoh-2sm\/#primaryimage\",\"url\":\"https:\/\/test.bonaparts.fr\/wp-content\/uploads\/2022\/07\/Culasse-4s-SWIPOH-Montage-sur-moteur-type-Honda-Nice-110-Entraxe-2SM-Soupapes-1719mm.png\",\"contentUrl\":\"https:\/\/test.bonaparts.fr\/wp-content\/uploads\/2022\/07\/Culasse-4s-SWIPOH-Montage-sur-moteur-type-Honda-Nice-110-Entraxe-2SM-Soupapes-1719mm.png\",\"width\":1080,\"height\":1080},{\"@type\":\"BreadcrumbList\",\"@id\":\"https:\/\/test.bonaparts.fr\/produit\/culasse-4-soupapes-17-19-swipoh-2sm\/#breadcrumb\",\"itemListElement\":[{\"@type\":\"ListItem\",\"position\":1,\"name\":\"Accueil\",\"item\":\"https:\/\/test.bonaparts.fr\/\"},{\"@type\":\"ListItem\",\"position\":2,\"name\":\"Accueil\",\"item\":\"https:\/\/test.bonaparts.fr\/?page_id=823\"},{\"@type\":\"ListItem\",\"position\":3,\"name\":\"Culasse 4 Soupapes Swipoh Honda Nice 110\"}]},{\"@type\":\"WebSite\",\"@id\":\"https:\/\/test.bonaparts.fr\/#website\",\"url\":\"https:\/\/test.bonaparts.fr\/\",\"name\":\"BONAPARTS\",\"description\":\"Pi\u00e8ces d\u00e9tach\u00e9es neuves et d&#039;occasion moto et scooter, sp\u00e9cialiste mono-cylindre 4 temps.\",\"publisher\":{\"@id\":\"https:\/\/test.bonaparts.fr\/#organization\"},\"potentialAction\":[{\"@type\":\"SearchAction\",\"target\":{\"@type\":\"EntryPoint\",\"urlTemplate\":\"https:\/\/test.bonaparts.fr\/?s={search_term_string}\"},\"query-input\":{\"@type\":\"PropertyValueSpecification\",\"valueRequired\":true,\"valueName\":\"search_term_string\"}}],\"inLanguage\":\"fr-FR\"},{\"@type\":\"Organization\",\"@id\":\"https:\/\/test.bonaparts.fr\/#organization\",\"name\":\"BONAPARTS\",\"url\":\"https:\/\/test.bonaparts.fr\/\",\"logo\":{\"@type\":\"ImageObject\",\"inLanguage\":\"fr-FR\",\"@id\":\"https:\/\/test.bonaparts.fr\/#\/schema\/logo\/image\/\",\"url\":\"https:\/\/test.bonaparts.fr\/wp-content\/uploads\/2022\/02\/bonawrench-gris-FINAL.png\",\"contentUrl\":\"https:\/\/test.bonaparts.fr\/wp-content\/uploads\/2022\/02\/bonawrench-gris-FINAL.png\",\"width\":1198,\"height\":1080,\"caption\":\"BONAPARTS\"},\"image\":{\"@id\":\"https:\/\/test.bonaparts.fr\/#\/schema\/logo\/image\/\"},\"sameAs\":[\"https:\/\/www.facebook.com\/Bonaparts\/\",\"https:\/\/www.instagram.com\/bona.parts\/?hl=fr\",\"https:\/\/www.youtube.com\/channel\/UCkO8GGQvOEb61jAxA_G9zXQ\"]}]}<\/script>\n<!-- \/ Yoast SEO plugin. -->","yoast_head_json":{"title":"Culasse 4 Soupapes Swipoh Honda Nice 110 - BONAPARTS","robots":{"index":"index","follow":"follow","max-snippet":"max-snippet:-1","max-image-preview":"max-image-preview:large","max-video-preview":"max-video-preview:-1"},"canonical":"https:\/\/test.bonaparts.fr\/produit\/culasse-4-soupapes-17-19-swipoh-2sm\/","og_locale":"fr_FR","og_type":"article","og_title":"Culasse 4 Soupapes Swipoh Honda Nice 110 - BONAPARTS","og_description":"Culasse 4 Soupapes Swipoh pour moteur Honda Nice110\u00a0 Le passage sur une culasse comportant quatre soupapes change radicalement le comportement de votre moteur,\u00a0 il sera plus souple en bas r\u00e9gime et d\u00e9livrera toute sa puissance \u00e0 haut r\u00e9gime. Le d\u00f4me de culasse est usin\u00e9 CNC,\u00a0 nous pr\u00e9conisons d&#8217;utiliser un cylindre de diam\u00e8tre 52m \u00e0 56mm. [&hellip;]","og_url":"https:\/\/test.bonaparts.fr\/produit\/culasse-4-soupapes-17-19-swipoh-2sm\/","og_site_name":"BONAPARTS","article_publisher":"https:\/\/www.facebook.com\/Bonaparts\/","article_modified_time":"2024-08-31T02:13:06+00:00","og_image":[{"width":1024,"height":1024,"url":"https:\/\/test.bonaparts.fr\/wp-content\/uploads\/2022\/07\/Culasse-4s-SWIPOH-Montage-sur-moteur-type-Honda-Nice-110-Entraxe-2SM-Soupapes-1719mm-1024x1024.png","type":"image\/png"}],"twitter_card":"summary_large_image","twitter_misc":{"Dur\u00e9e de lecture estim\u00e9e":"1 minute"},"schema":{"@context":"https:\/\/schema.org","@graph":[{"@type":"WebPage","@id":"https:\/\/test.bonaparts.fr\/produit\/culasse-4-soupapes-17-19-swipoh-2sm\/","url":"https:\/\/test.bonaparts.fr\/produit\/culasse-4-soupapes-17-19-swipoh-2sm\/","name":"Culasse 4 Soupapes Swipoh Honda Nice 110 - BONAPARTS","isPartOf":{"@id":"https:\/\/test.bonaparts.fr\/#website"},"primaryImageOfPage":{"@id":"https:\/\/test.bonaparts.fr\/produit\/culasse-4-soupapes-17-19-swipoh-2sm\/#primaryimage"},"image":{"@id":"https:\/\/test.bonaparts.fr\/produit\/culasse-4-soupapes-17-19-swipoh-2sm\/#primaryimage"},"thumbnailUrl":"https:\/\/test.bonaparts.fr\/wp-content\/uploads\/2022\/07\/Culasse-4s-SWIPOH-Montage-sur-moteur-type-Honda-Nice-110-Entraxe-2SM-Soupapes-1719mm.png","datePublished":"2022-07-19T20:48:46+00:00","dateModified":"2024-08-31T02:13:06+00:00","breadcrumb":{"@id":"https:\/\/test.bonaparts.fr\/produit\/culasse-4-soupapes-17-19-swipoh-2sm\/#breadcrumb"},"inLanguage":"fr-FR","potentialAction":[{"@type":"ReadAction","target":["https:\/\/test.bonaparts.fr\/produit\/culasse-4-soupapes-17-19-swipoh-2sm\/"]}]},{"@type":"ImageObject","inLanguage":"fr-FR","@id":"https:\/\/test.bonaparts.fr\/produit\/culasse-4-soupapes-17-19-swipoh-2sm\/#primaryimage","url":"https:\/\/test.bonaparts.fr\/wp-content\/uploads\/2022\/07\/Culasse-4s-SWIPOH-Montage-sur-moteur-type-Honda-Nice-110-Entraxe-2SM-Soupapes-1719mm.png","contentUrl":"https:\/\/test.bonaparts.fr\/wp-content\/uploads\/2022\/07\/Culasse-4s-SWIPOH-Montage-sur-moteur-type-Honda-Nice-110-Entraxe-2SM-Soupapes-1719mm.png","width":1080,"height":1080},{"@type":"BreadcrumbList","@id":"https:\/\/test.bonaparts.fr\/produit\/culasse-4-soupapes-17-19-swipoh-2sm\/#breadcrumb","itemListElement":[{"@type":"ListItem","position":1,"name":"Accueil","item":"https:\/\/test.bonaparts.fr\/"},{"@type":"ListItem","position":2,"name":"Accueil","item":"https:\/\/test.bonaparts.fr\/?page_id=823"},{"@type":"ListItem","position":3,"name":"Culasse 4 Soupapes Swipoh Honda Nice 110"}]},{"@type":"WebSite","@id":"https:\/\/test.bonaparts.fr\/#website","url":"https:\/\/test.bonaparts.fr\/","name":"BONAPARTS","description":"Pi\u00e8ces d\u00e9tach\u00e9es neuves et d&#039;occasion moto et scooter, sp\u00e9cialiste mono-cylindre 4 temps.","publisher":{"@id":"https:\/\/test.bonaparts.fr\/#organization"},"potentialAction":[{"@type":"SearchAction","target":{"@type":"EntryPoint","urlTemplate":"https:\/\/test.bonaparts.fr\/?s={search_term_string}"},"query-input":{"@type":"PropertyValueSpecification","valueRequired":true,"valueName":"search_term_string"}}],"inLanguage":"fr-FR"},{"@type":"Organization","@id":"https:\/\/test.bonaparts.fr\/#organization","name":"BONAPARTS","url":"https:\/\/test.bonaparts.fr\/","logo":{"@type":"ImageObject","inLanguage":"fr-FR","@id":"https:\/\/test.bonaparts.fr\/#\/schema\/logo\/image\/","url":"https:\/\/test.bonaparts.fr\/wp-content\/uploads\/2022\/02\/bonawrench-gris-FINAL.png","contentUrl":"https:\/\/test.bonaparts.fr\/wp-content\/uploads\/2022\/02\/bonawrench-gris-FINAL.png","width":1198,"height":1080,"caption":"BONAPARTS"},"image":{"@id":"https:\/\/test.bonaparts.fr\/#\/schema\/logo\/image\/"},"sameAs":["https:\/\/www.facebook.com\/Bonaparts\/","https:\/\/www.instagram.com\/bona.parts\/?hl=fr","https:\/\/www.youtube.com\/channel\/UCkO8GGQvOEb61jAxA_G9zXQ"]}]}},"pbg_featured_image_src":{"full":["https:\/\/test.bonaparts.fr\/wp-content\/uploads\/2022\/07\/Culasse-4s-SWIPOH-Montage-sur-moteur-type-Honda-Nice-110-Entraxe-2SM-Soupapes-1719mm.png",1080,1080,false],"thumbnail":["https:\/\/test.bonaparts.fr\/wp-content\/uploads\/2022\/07\/Culasse-4s-SWIPOH-Montage-sur-moteur-type-Honda-Nice-110-Entraxe-2SM-Soupapes-1719mm-150x150.png",150,150,true],"medium":["https:\/\/test.bonaparts.fr\/wp-content\/uploads\/2022\/07\/Culasse-4s-SWIPOH-Montage-sur-moteur-type-Honda-Nice-110-Entraxe-2SM-Soupapes-1719mm-300x300.png",300,300,true],"medium_large":["https:\/\/test.bonaparts.fr\/wp-content\/uploads\/2022\/07\/Culasse-4s-SWIPOH-Montage-sur-moteur-type-Honda-Nice-110-Entraxe-2SM-Soupapes-1719mm-768x768.png",768,768,true],"large":["https:\/\/test.bonaparts.fr\/wp-content\/uploads\/2022\/07\/Culasse-4s-SWIPOH-Montage-sur-moteur-type-Honda-Nice-110-Entraxe-2SM-Soupapes-1719mm-1024x1024.png",980,980,true],"1536x1536":["https:\/\/test.bonaparts.fr\/wp-content\/uploads\/2022\/07\/Culasse-4s-SWIPOH-Montage-sur-moteur-type-Honda-Nice-110-Entraxe-2SM-Soupapes-1719mm.png",1080,1080,false],"2048x2048":["https:\/\/test.bonaparts.fr\/wp-content\/uploads\/2022\/07\/Culasse-4s-SWIPOH-Montage-sur-moteur-type-Honda-Nice-110-Entraxe-2SM-Soupapes-1719mm.png",1080,1080,false],"wptouch-new-thumbnail":["https:\/\/test.bonaparts.fr\/wp-content\/uploads\/2022\/07\/Culasse-4s-SWIPOH-Montage-sur-moteur-type-Honda-Nice-110-Entraxe-2SM-Soupapes-1719mm-144x144.png",144,144,true],"woocommerce_thumbnail":["https:\/\/test.bonaparts.fr\/wp-content\/uploads\/2022\/07\/Culasse-4s-SWIPOH-Montage-sur-moteur-type-Honda-Nice-110-Entraxe-2SM-Soupapes-1719mm-324x324.png",324,324,true],"woocommerce_single":["https:\/\/test.bonaparts.fr\/wp-content\/uploads\/2022\/07\/Culasse-4s-SWIPOH-Montage-sur-moteur-type-Honda-Nice-110-Entraxe-2SM-Soupapes-1719mm-416x416.png",416,416,true],"woocommerce_gallery_thumbnail":["https:\/\/test.bonaparts.fr\/wp-content\/uploads\/2022\/07\/Culasse-4s-SWIPOH-Montage-sur-moteur-type-Honda-Nice-110-Entraxe-2SM-Soupapes-1719mm-100x100.png",100,100,true],"wcpr-photo-reviews":["https:\/\/test.bonaparts.fr\/wp-content\/uploads\/2022\/07\/Culasse-4s-SWIPOH-Montage-sur-moteur-type-Honda-Nice-110-Entraxe-2SM-Soupapes-1719mm-500x500.png",500,500,true]},"pbg_author_info":{"display_name":"BONAPARTS","author_link":"https:\/\/test.bonaparts.fr\/?author=0","author_img":"<img alt='BONAPARTS' src='https:\/\/secure.gravatar.com\/avatar\/ee8ffa5ba89d5ffd342c9b67f99c1f2f5462d5ca62704a21f66b42e75e1d19ff?s=128&#038;d=identicon&#038;r=g' srcset='https:\/\/secure.gravatar.com\/avatar\/ee8ffa5ba89d5ffd342c9b67f99c1f2f5462d5ca62704a21f66b42e75e1d19ff?s=256&#038;d=identicon&#038;r=g 2x' class='avatar avatar-128 photo' height='128' width='128' decoding='async'\/>"},"pbg_comment_info":" No Comments","pbg_excerpt":"Culasse 4 Soupapes Swipoh pour moteur Honda Nice110\u00a0 Le passage sur une culasse comportant quatre soupapes change radicalement le comportement de votre moteur,\u00a0 il sera plus souple en bas r\u00e9gime et d\u00e9livrera toute sa puissance \u00e0 haut r\u00e9gime. Le d\u00f4me de culasse est usin\u00e9 CNC,\u00a0 nous pr\u00e9conisons d&#8217;utiliser un cylindre de diam\u00e8tre 52m \u00e0 56mm.\u2026","jetpack_likes_enabled":false,"jetpack_sharing_enabled":true,"_links":{"self":[{"href":"https:\/\/test.bonaparts.fr\/index.php?rest_route=\/wp\/v2\/product\/10109","targetHints":{"allow":["GET"]}}],"collection":[{"href":"https:\/\/test.bonaparts.fr\/index.php?rest_route=\/wp\/v2\/product"}],"about":[{"href":"https:\/\/test.bonaparts.fr\/index.php?rest_route=\/wp\/v2\/types\/product"}],"wp:featuredmedia":[{"embeddable":true,"href":"https:\/\/test.bonaparts.fr\/index.php?rest_route=\/wp\/v2\/media\/10122"}],"wp:attachment":[{"href":"https:\/\/test.bonaparts.fr\/index.php?rest_route=%2Fwp%2Fv2%2Fmedia&parent=10109"}],"wp:term":[{"taxonomy":"product_brand","embeddable":true,"href":"https:\/\/test.bonaparts.fr\/index.php?rest_route=%2Fwp%2Fv2%2Fproduct_brand&post=10109"},{"taxonomy":"product_cat","embeddable":true,"href":"https:\/\/test.bonaparts.fr\/index.php?rest_route=%2Fwp%2Fv2%2Fproduct_cat&post=10109"},{"taxonomy":"product_tag","embeddable":true,"href":"https:\/\/test.bonaparts.fr\/index.php?rest_route=%2Fwp%2Fv2%2Fproduct_tag&post=10109"},{"taxonomy":"pa_autre-numero-de-piece","embeddable":true,"href":"https:\/\/test.bonaparts.fr\/index.php?rest_route=%2Fwp%2Fv2%2Fpa_autre-numero-de-piece&post=10109"},{"taxonomy":"pa_type","embeddable":true,"href":"https:\/\/test.bonaparts.fr\/index.php?rest_route=%2Fwp%2Fv2%2Fpa_type&post=10109"}],"curies":[{"name":"wp","href":"https:\/\/api.w.org\/{rel}","templated":true}]}}