{"id":10430,"date":"2022-09-12T17:27:43","date_gmt":"2022-09-12T15:27:43","guid":{"rendered":"https:\/\/test.bonaparts.fr\/?post_type=product&#038;p=10430"},"modified":"2025-06-29T15:15:22","modified_gmt":"2025-06-29T13:15:22","slug":"echappement-chrome-monkey","status":"publish","type":"product","link":"https:\/\/test.bonaparts.fr\/?product=echappement-chrome-monkey","title":{"rendered":"\u00c9chappement passage bas chrom\u00e9 Honda Monkey Z50"},"content":{"rendered":"<p>\u00c9chappement type NHRC passage bas Monkey Z50 en acier, id\u00e9al pour les moteurs de 50cc \u00e0 125cc.<\/p>\n<p>Pot d&#8217;entr\u00e9e de gamme, apporte un l\u00e9ger gain de performance.<\/p>\n<p>D\u00e9cibel killer d\u00e9montable inclus.<\/p>\n<p>\u00c9chappement non homologu\u00e9 sur la voie publique.<\/p>\n<p style=\"text-align: right;\">Expedition depuis les locaux de notre fournisseur, 4-5 jours ouvrables.<\/p>\n","protected":false},"excerpt":{"rendered":"<p>\u00c9chappement type NHRC passage bas Monkey Z50 en acier, id\u00e9al pour les moteurs de 50cc \u00e0 125cc. Pot d&#8217;entr\u00e9e de gamme, apporte un l\u00e9ger gain de performance. D\u00e9cibel killer d\u00e9montable inclus. \u00c9chappement non homologu\u00e9 sur la voie publique. Expedition depuis les locaux de notre fournisseur, 4-5 jours ouvrables.<\/p>\n","protected":false},"featured_media":10437,"template":"","meta":[],"product_brand":[],"product_cat":[6484,6921],"product_tag":[7362,8113,8112],"pa_autre-numero-de-piece":[],"pa_type":[],"class_list":{"0":"post-10430","1":"product","2":"type-product","3":"status-publish","4":"has-post-thumbnail","6":"product_cat-z50","7":"product_cat-echappement-z50","8":"product_tag-echappement","9":"product_tag-monkey","10":"product_tag-pot-dechappement-monkey","12":"first","13":"outofstock","14":"shipping-taxable","15":"purchasable","16":"product-type-simple"},"yoast_head":"<!-- This site is optimized with the Yoast SEO plugin v26.0 - https:\/\/yoast.com\/wordpress\/plugins\/seo\/ -->\n<title>\u00c9chappement passage bas chrom\u00e9 Honda Monkey Z50 - BONAPARTS<\/title>\n<meta name=\"robots\" content=\"index, follow, max-snippet:-1, max-image-preview:large, max-video-preview:-1\" \/>\n<link rel=\"canonical\" href=\"https:\/\/test.bonaparts.fr\/produit\/echappement-chrome-monkey\/\" \/>\n<meta property=\"og:locale\" content=\"fr_FR\" \/>\n<meta property=\"og:type\" content=\"article\" \/>\n<meta property=\"og:title\" content=\"\u00c9chappement passage bas chrom\u00e9 Honda Monkey Z50 - BONAPARTS\" \/>\n<meta property=\"og:description\" content=\"\u00c9chappement type NHRC passage bas Monkey Z50 en acier, id\u00e9al pour les moteurs de 50cc \u00e0 125cc. Pot d&#8217;entr\u00e9e de gamme, apporte un l\u00e9ger gain de performance. D\u00e9cibel killer d\u00e9montable inclus. \u00c9chappement non homologu\u00e9 sur la voie publique. Expedition depuis les locaux de notre fournisseur, 4-5 jours ouvrables.\" \/>\n<meta property=\"og:url\" content=\"https:\/\/test.bonaparts.fr\/produit\/echappement-chrome-monkey\/\" \/>\n<meta property=\"og:site_name\" content=\"BONAPARTS\" \/>\n<meta property=\"article:publisher\" content=\"https:\/\/www.facebook.com\/Bonaparts\/\" \/>\n<meta property=\"article:modified_time\" content=\"2025-06-29T13:15:22+00:00\" \/>\n<meta property=\"og:image\" content=\"https:\/\/i0.wp.com\/bonaparts.fr\/wp-content\/uploads\/2022\/09\/a28fe695-aa2f-4af1-bd0f-1b51a62da520.jpeg?fit=801%2C801&ssl=1\" \/>\n\t<meta property=\"og:image:width\" content=\"801\" \/>\n\t<meta property=\"og:image:height\" content=\"801\" \/>\n\t<meta property=\"og:image:type\" content=\"image\/jpeg\" \/>\n<meta name=\"twitter:card\" content=\"summary_large_image\" \/>\n<meta name=\"twitter:label1\" content=\"Dur\u00e9e de lecture estim\u00e9e\" \/>\n\t<meta name=\"twitter:data1\" content=\"1 minute\" \/>\n<script type=\"application\/ld+json\" class=\"yoast-schema-graph\">{\"@context\":\"https:\/\/schema.org\",\"@graph\":[{\"@type\":\"WebPage\",\"@id\":\"https:\/\/test.bonaparts.fr\/produit\/echappement-chrome-monkey\/\",\"url\":\"https:\/\/test.bonaparts.fr\/produit\/echappement-chrome-monkey\/\",\"name\":\"\u00c9chappement passage bas chrom\u00e9 Honda Monkey Z50 - BONAPARTS\",\"isPartOf\":{\"@id\":\"https:\/\/test.bonaparts.fr\/#website\"},\"primaryImageOfPage\":{\"@id\":\"https:\/\/test.bonaparts.fr\/produit\/echappement-chrome-monkey\/#primaryimage\"},\"image\":{\"@id\":\"https:\/\/test.bonaparts.fr\/produit\/echappement-chrome-monkey\/#primaryimage\"},\"thumbnailUrl\":\"https:\/\/test.bonaparts.fr\/wp-content\/uploads\/2022\/09\/a28fe695-aa2f-4af1-bd0f-1b51a62da520.jpeg\",\"datePublished\":\"2022-09-12T15:27:43+00:00\",\"dateModified\":\"2025-06-29T13:15:22+00:00\",\"breadcrumb\":{\"@id\":\"https:\/\/test.bonaparts.fr\/produit\/echappement-chrome-monkey\/#breadcrumb\"},\"inLanguage\":\"fr-FR\",\"potentialAction\":[{\"@type\":\"ReadAction\",\"target\":[\"https:\/\/test.bonaparts.fr\/produit\/echappement-chrome-monkey\/\"]}]},{\"@type\":\"ImageObject\",\"inLanguage\":\"fr-FR\",\"@id\":\"https:\/\/test.bonaparts.fr\/produit\/echappement-chrome-monkey\/#primaryimage\",\"url\":\"https:\/\/test.bonaparts.fr\/wp-content\/uploads\/2022\/09\/a28fe695-aa2f-4af1-bd0f-1b51a62da520.jpeg\",\"contentUrl\":\"https:\/\/test.bonaparts.fr\/wp-content\/uploads\/2022\/09\/a28fe695-aa2f-4af1-bd0f-1b51a62da520.jpeg\",\"width\":801,\"height\":801},{\"@type\":\"BreadcrumbList\",\"@id\":\"https:\/\/test.bonaparts.fr\/produit\/echappement-chrome-monkey\/#breadcrumb\",\"itemListElement\":[{\"@type\":\"ListItem\",\"position\":1,\"name\":\"Accueil\",\"item\":\"https:\/\/test.bonaparts.fr\/\"},{\"@type\":\"ListItem\",\"position\":2,\"name\":\"Accueil\",\"item\":\"https:\/\/test.bonaparts.fr\/?page_id=823\"},{\"@type\":\"ListItem\",\"position\":3,\"name\":\"\u00c9chappement passage bas chrom\u00e9 Honda Monkey Z50\"}]},{\"@type\":\"WebSite\",\"@id\":\"https:\/\/test.bonaparts.fr\/#website\",\"url\":\"https:\/\/test.bonaparts.fr\/\",\"name\":\"BONAPARTS\",\"description\":\"Pi\u00e8ces d\u00e9tach\u00e9es neuves et d&#039;occasion moto et scooter, sp\u00e9cialiste mono-cylindre 4 temps.\",\"publisher\":{\"@id\":\"https:\/\/test.bonaparts.fr\/#organization\"},\"potentialAction\":[{\"@type\":\"SearchAction\",\"target\":{\"@type\":\"EntryPoint\",\"urlTemplate\":\"https:\/\/test.bonaparts.fr\/?s={search_term_string}\"},\"query-input\":{\"@type\":\"PropertyValueSpecification\",\"valueRequired\":true,\"valueName\":\"search_term_string\"}}],\"inLanguage\":\"fr-FR\"},{\"@type\":\"Organization\",\"@id\":\"https:\/\/test.bonaparts.fr\/#organization\",\"name\":\"BONAPARTS\",\"url\":\"https:\/\/test.bonaparts.fr\/\",\"logo\":{\"@type\":\"ImageObject\",\"inLanguage\":\"fr-FR\",\"@id\":\"https:\/\/test.bonaparts.fr\/#\/schema\/logo\/image\/\",\"url\":\"https:\/\/test.bonaparts.fr\/wp-content\/uploads\/2022\/02\/bonawrench-gris-FINAL.png\",\"contentUrl\":\"https:\/\/test.bonaparts.fr\/wp-content\/uploads\/2022\/02\/bonawrench-gris-FINAL.png\",\"width\":1198,\"height\":1080,\"caption\":\"BONAPARTS\"},\"image\":{\"@id\":\"https:\/\/test.bonaparts.fr\/#\/schema\/logo\/image\/\"},\"sameAs\":[\"https:\/\/www.facebook.com\/Bonaparts\/\",\"https:\/\/www.instagram.com\/bona.parts\/?hl=fr\",\"https:\/\/www.youtube.com\/channel\/UCkO8GGQvOEb61jAxA_G9zXQ\"]}]}<\/script>\n<!-- \/ Yoast SEO plugin. -->","yoast_head_json":{"title":"\u00c9chappement passage bas chrom\u00e9 Honda Monkey Z50 - BONAPARTS","robots":{"index":"index","follow":"follow","max-snippet":"max-snippet:-1","max-image-preview":"max-image-preview:large","max-video-preview":"max-video-preview:-1"},"canonical":"https:\/\/test.bonaparts.fr\/produit\/echappement-chrome-monkey\/","og_locale":"fr_FR","og_type":"article","og_title":"\u00c9chappement passage bas chrom\u00e9 Honda Monkey Z50 - BONAPARTS","og_description":"\u00c9chappement type NHRC passage bas Monkey Z50 en acier, id\u00e9al pour les moteurs de 50cc \u00e0 125cc. Pot d&#8217;entr\u00e9e de gamme, apporte un l\u00e9ger gain de performance. D\u00e9cibel killer d\u00e9montable inclus. \u00c9chappement non homologu\u00e9 sur la voie publique. Expedition depuis les locaux de notre fournisseur, 4-5 jours ouvrables.","og_url":"https:\/\/test.bonaparts.fr\/produit\/echappement-chrome-monkey\/","og_site_name":"BONAPARTS","article_publisher":"https:\/\/www.facebook.com\/Bonaparts\/","article_modified_time":"2025-06-29T13:15:22+00:00","og_image":[{"width":801,"height":801,"url":"https:\/\/i0.wp.com\/bonaparts.fr\/wp-content\/uploads\/2022\/09\/a28fe695-aa2f-4af1-bd0f-1b51a62da520.jpeg?fit=801%2C801&ssl=1","type":"image\/jpeg"}],"twitter_card":"summary_large_image","twitter_misc":{"Dur\u00e9e de lecture estim\u00e9e":"1 minute"},"schema":{"@context":"https:\/\/schema.org","@graph":[{"@type":"WebPage","@id":"https:\/\/test.bonaparts.fr\/produit\/echappement-chrome-monkey\/","url":"https:\/\/test.bonaparts.fr\/produit\/echappement-chrome-monkey\/","name":"\u00c9chappement passage bas chrom\u00e9 Honda Monkey Z50 - BONAPARTS","isPartOf":{"@id":"https:\/\/test.bonaparts.fr\/#website"},"primaryImageOfPage":{"@id":"https:\/\/test.bonaparts.fr\/produit\/echappement-chrome-monkey\/#primaryimage"},"image":{"@id":"https:\/\/test.bonaparts.fr\/produit\/echappement-chrome-monkey\/#primaryimage"},"thumbnailUrl":"https:\/\/test.bonaparts.fr\/wp-content\/uploads\/2022\/09\/a28fe695-aa2f-4af1-bd0f-1b51a62da520.jpeg","datePublished":"2022-09-12T15:27:43+00:00","dateModified":"2025-06-29T13:15:22+00:00","breadcrumb":{"@id":"https:\/\/test.bonaparts.fr\/produit\/echappement-chrome-monkey\/#breadcrumb"},"inLanguage":"fr-FR","potentialAction":[{"@type":"ReadAction","target":["https:\/\/test.bonaparts.fr\/produit\/echappement-chrome-monkey\/"]}]},{"@type":"ImageObject","inLanguage":"fr-FR","@id":"https:\/\/test.bonaparts.fr\/produit\/echappement-chrome-monkey\/#primaryimage","url":"https:\/\/test.bonaparts.fr\/wp-content\/uploads\/2022\/09\/a28fe695-aa2f-4af1-bd0f-1b51a62da520.jpeg","contentUrl":"https:\/\/test.bonaparts.fr\/wp-content\/uploads\/2022\/09\/a28fe695-aa2f-4af1-bd0f-1b51a62da520.jpeg","width":801,"height":801},{"@type":"BreadcrumbList","@id":"https:\/\/test.bonaparts.fr\/produit\/echappement-chrome-monkey\/#breadcrumb","itemListElement":[{"@type":"ListItem","position":1,"name":"Accueil","item":"https:\/\/test.bonaparts.fr\/"},{"@type":"ListItem","position":2,"name":"Accueil","item":"https:\/\/test.bonaparts.fr\/?page_id=823"},{"@type":"ListItem","position":3,"name":"\u00c9chappement passage bas chrom\u00e9 Honda Monkey Z50"}]},{"@type":"WebSite","@id":"https:\/\/test.bonaparts.fr\/#website","url":"https:\/\/test.bonaparts.fr\/","name":"BONAPARTS","description":"Pi\u00e8ces d\u00e9tach\u00e9es neuves et d&#039;occasion moto et scooter, sp\u00e9cialiste mono-cylindre 4 temps.","publisher":{"@id":"https:\/\/test.bonaparts.fr\/#organization"},"potentialAction":[{"@type":"SearchAction","target":{"@type":"EntryPoint","urlTemplate":"https:\/\/test.bonaparts.fr\/?s={search_term_string}"},"query-input":{"@type":"PropertyValueSpecification","valueRequired":true,"valueName":"search_term_string"}}],"inLanguage":"fr-FR"},{"@type":"Organization","@id":"https:\/\/test.bonaparts.fr\/#organization","name":"BONAPARTS","url":"https:\/\/test.bonaparts.fr\/","logo":{"@type":"ImageObject","inLanguage":"fr-FR","@id":"https:\/\/test.bonaparts.fr\/#\/schema\/logo\/image\/","url":"https:\/\/test.bonaparts.fr\/wp-content\/uploads\/2022\/02\/bonawrench-gris-FINAL.png","contentUrl":"https:\/\/test.bonaparts.fr\/wp-content\/uploads\/2022\/02\/bonawrench-gris-FINAL.png","width":1198,"height":1080,"caption":"BONAPARTS"},"image":{"@id":"https:\/\/test.bonaparts.fr\/#\/schema\/logo\/image\/"},"sameAs":["https:\/\/www.facebook.com\/Bonaparts\/","https:\/\/www.instagram.com\/bona.parts\/?hl=fr","https:\/\/www.youtube.com\/channel\/UCkO8GGQvOEb61jAxA_G9zXQ"]}]}},"pbg_featured_image_src":{"full":["https:\/\/test.bonaparts.fr\/wp-content\/uploads\/2022\/09\/a28fe695-aa2f-4af1-bd0f-1b51a62da520.jpeg",801,801,false],"thumbnail":["https:\/\/test.bonaparts.fr\/wp-content\/uploads\/2022\/09\/a28fe695-aa2f-4af1-bd0f-1b51a62da520-150x150.jpeg",150,150,true],"medium":["https:\/\/test.bonaparts.fr\/wp-content\/uploads\/2022\/09\/a28fe695-aa2f-4af1-bd0f-1b51a62da520-300x300.jpeg",300,300,true],"medium_large":["https:\/\/test.bonaparts.fr\/wp-content\/uploads\/2022\/09\/a28fe695-aa2f-4af1-bd0f-1b51a62da520-768x768.jpeg",768,768,true],"large":["https:\/\/test.bonaparts.fr\/wp-content\/uploads\/2022\/09\/a28fe695-aa2f-4af1-bd0f-1b51a62da520.jpeg",801,801,false],"1536x1536":["https:\/\/test.bonaparts.fr\/wp-content\/uploads\/2022\/09\/a28fe695-aa2f-4af1-bd0f-1b51a62da520.jpeg",801,801,false],"2048x2048":["https:\/\/test.bonaparts.fr\/wp-content\/uploads\/2022\/09\/a28fe695-aa2f-4af1-bd0f-1b51a62da520.jpeg",801,801,false],"wptouch-new-thumbnail":["https:\/\/test.bonaparts.fr\/wp-content\/uploads\/2022\/09\/a28fe695-aa2f-4af1-bd0f-1b51a62da520-144x144.jpeg",144,144,true],"woocommerce_thumbnail":["https:\/\/test.bonaparts.fr\/wp-content\/uploads\/2022\/09\/a28fe695-aa2f-4af1-bd0f-1b51a62da520-324x324.jpeg",324,324,true],"woocommerce_single":["https:\/\/test.bonaparts.fr\/wp-content\/uploads\/2022\/09\/a28fe695-aa2f-4af1-bd0f-1b51a62da520-416x416.jpeg",416,416,true],"woocommerce_gallery_thumbnail":["https:\/\/test.bonaparts.fr\/wp-content\/uploads\/2022\/09\/a28fe695-aa2f-4af1-bd0f-1b51a62da520-100x100.jpeg",100,100,true],"wcpr-photo-reviews":["https:\/\/test.bonaparts.fr\/wp-content\/uploads\/2022\/09\/a28fe695-aa2f-4af1-bd0f-1b51a62da520-500x500.jpeg",500,500,true]},"pbg_author_info":{"display_name":"BONAPARTS","author_link":"https:\/\/test.bonaparts.fr\/?author=0","author_img":"<img alt='BONAPARTS' src='https:\/\/secure.gravatar.com\/avatar\/ee8ffa5ba89d5ffd342c9b67f99c1f2f5462d5ca62704a21f66b42e75e1d19ff?s=128&#038;d=identicon&#038;r=g' srcset='https:\/\/secure.gravatar.com\/avatar\/ee8ffa5ba89d5ffd342c9b67f99c1f2f5462d5ca62704a21f66b42e75e1d19ff?s=256&#038;d=identicon&#038;r=g 2x' class='avatar avatar-128 photo' height='128' width='128' decoding='async'\/>"},"pbg_comment_info":" No Comments","pbg_excerpt":"\u00c9chappement type NHRC passage bas Monkey Z50 en acier, id\u00e9al pour les moteurs de 50cc \u00e0 125cc. Pot d&#8217;entr\u00e9e de gamme, apporte un l\u00e9ger gain de performance. D\u00e9cibel killer d\u00e9montable inclus. \u00c9chappement non homologu\u00e9 sur la voie publique. Expedition depuis les locaux de notre fournisseur, 4-5 jours ouvrables.","jetpack_likes_enabled":false,"jetpack_sharing_enabled":true,"_links":{"self":[{"href":"https:\/\/test.bonaparts.fr\/index.php?rest_route=\/wp\/v2\/product\/10430","targetHints":{"allow":["GET"]}}],"collection":[{"href":"https:\/\/test.bonaparts.fr\/index.php?rest_route=\/wp\/v2\/product"}],"about":[{"href":"https:\/\/test.bonaparts.fr\/index.php?rest_route=\/wp\/v2\/types\/product"}],"wp:featuredmedia":[{"embeddable":true,"href":"https:\/\/test.bonaparts.fr\/index.php?rest_route=\/wp\/v2\/media\/10437"}],"wp:attachment":[{"href":"https:\/\/test.bonaparts.fr\/index.php?rest_route=%2Fwp%2Fv2%2Fmedia&parent=10430"}],"wp:term":[{"taxonomy":"product_brand","embeddable":true,"href":"https:\/\/test.bonaparts.fr\/index.php?rest_route=%2Fwp%2Fv2%2Fproduct_brand&post=10430"},{"taxonomy":"product_cat","embeddable":true,"href":"https:\/\/test.bonaparts.fr\/index.php?rest_route=%2Fwp%2Fv2%2Fproduct_cat&post=10430"},{"taxonomy":"product_tag","embeddable":true,"href":"https:\/\/test.bonaparts.fr\/index.php?rest_route=%2Fwp%2Fv2%2Fproduct_tag&post=10430"},{"taxonomy":"pa_autre-numero-de-piece","embeddable":true,"href":"https:\/\/test.bonaparts.fr\/index.php?rest_route=%2Fwp%2Fv2%2Fpa_autre-numero-de-piece&post=10430"},{"taxonomy":"pa_type","embeddable":true,"href":"https:\/\/test.bonaparts.fr\/index.php?rest_route=%2Fwp%2Fv2%2Fpa_type&post=10430"}],"curies":[{"name":"wp","href":"https:\/\/api.w.org\/{rel}","templated":true}]}}