{"id":10440,"date":"2022-09-12T17:44:28","date_gmt":"2022-09-12T15:44:28","guid":{"rendered":"https:\/\/test.bonaparts.fr\/?post_type=product&#038;p=10440"},"modified":"2022-09-13T13:14:39","modified_gmt":"2022-09-13T11:14:39","slug":"te-fourche-dax-ot","status":"publish","type":"product","link":"https:\/\/test.bonaparts.fr\/?product=te-fourche-dax-ot","title":{"rendered":"T\u00e9 de fourche sup\u00e9rieur type Dax ST OT"},"content":{"rendered":"<p>T\u00e9 de fourche sup\u00e9rieur type Dax ST70 ST50 OT 1969 \u00e0 1981.<\/p>\n<p style=\"text-align: right;\">Expedition depuis les locaux de notre fournisseur, 4-5 jours ouvrables.<\/p>\n<p>&nbsp;<\/p>\n","protected":false},"excerpt":{"rendered":"<p>T\u00e9 de fourche sup\u00e9rieur type Dax ST70 ST50 OT 1969 \u00e0 1981. Expedition depuis les locaux de notre fournisseur, 4-5 jours ouvrables. &nbsp;<\/p>\n","protected":false},"featured_media":10447,"template":"","meta":[],"product_brand":[],"product_cat":[6359,6360,6567],"product_tag":[8114],"pa_autre-numero-de-piece":[],"pa_type":[],"class_list":{"0":"post-10440","1":"product","2":"type-product","3":"status-publish","4":"has-post-thumbnail","6":"product_cat-dax","7":"product_cat-cycle-dax","8":"product_cat-fourches-dax","9":"product_tag-te-de-fourche-dax-ot","11":"first","12":"instock","13":"shipping-taxable","14":"purchasable","15":"product-type-simple"},"yoast_head":"<!-- This site is optimized with the Yoast SEO plugin v26.0 - https:\/\/yoast.com\/wordpress\/plugins\/seo\/ -->\n<title>T\u00e9 de fourche sup\u00e9rieur type Dax ST OT - BONAPARTS<\/title>\n<meta name=\"description\" content=\"T\u00e9 de fourche sup\u00e9rieur type Dax ST70 ST50 OT 1969 \u00e0 1981.\" \/>\n<meta name=\"robots\" content=\"index, follow, max-snippet:-1, max-image-preview:large, max-video-preview:-1\" \/>\n<link rel=\"canonical\" href=\"https:\/\/test.bonaparts.fr\/produit\/te-fourche-dax-ot\/\" \/>\n<meta property=\"og:locale\" content=\"fr_FR\" \/>\n<meta property=\"og:type\" content=\"article\" \/>\n<meta property=\"og:title\" content=\"T\u00e9 de fourche sup\u00e9rieur type Dax ST OT - BONAPARTS\" \/>\n<meta property=\"og:description\" content=\"T\u00e9 de fourche sup\u00e9rieur type Dax ST70 ST50 OT 1969 \u00e0 1981.\" \/>\n<meta property=\"og:url\" content=\"https:\/\/test.bonaparts.fr\/produit\/te-fourche-dax-ot\/\" \/>\n<meta property=\"og:site_name\" content=\"BONAPARTS\" \/>\n<meta property=\"article:publisher\" content=\"https:\/\/www.facebook.com\/Bonaparts\/\" \/>\n<meta property=\"article:modified_time\" content=\"2022-09-13T11:14:39+00:00\" \/>\n<meta property=\"og:image\" content=\"https:\/\/i0.wp.com\/bonaparts.fr\/wp-content\/uploads\/2022\/09\/4fb85bee-10b6-4a57-b29f-b2587b00abdb-1.jpeg?fit=746%2C659&ssl=1\" \/>\n\t<meta property=\"og:image:width\" content=\"746\" \/>\n\t<meta property=\"og:image:height\" content=\"659\" \/>\n\t<meta property=\"og:image:type\" content=\"image\/jpeg\" \/>\n<meta name=\"twitter:card\" content=\"summary_large_image\" \/>\n<meta name=\"twitter:label1\" content=\"Dur\u00e9e de lecture estim\u00e9e\" \/>\n\t<meta name=\"twitter:data1\" content=\"1 minute\" \/>\n<script type=\"application\/ld+json\" class=\"yoast-schema-graph\">{\"@context\":\"https:\/\/schema.org\",\"@graph\":[{\"@type\":\"WebPage\",\"@id\":\"https:\/\/test.bonaparts.fr\/produit\/te-fourche-dax-ot\/\",\"url\":\"https:\/\/test.bonaparts.fr\/produit\/te-fourche-dax-ot\/\",\"name\":\"T\u00e9 de fourche sup\u00e9rieur type Dax ST OT - BONAPARTS\",\"isPartOf\":{\"@id\":\"https:\/\/test.bonaparts.fr\/#website\"},\"primaryImageOfPage\":{\"@id\":\"https:\/\/test.bonaparts.fr\/produit\/te-fourche-dax-ot\/#primaryimage\"},\"image\":{\"@id\":\"https:\/\/test.bonaparts.fr\/produit\/te-fourche-dax-ot\/#primaryimage\"},\"thumbnailUrl\":\"https:\/\/test.bonaparts.fr\/wp-content\/uploads\/2022\/09\/4fb85bee-10b6-4a57-b29f-b2587b00abdb-1.jpeg\",\"datePublished\":\"2022-09-12T15:44:28+00:00\",\"dateModified\":\"2022-09-13T11:14:39+00:00\",\"description\":\"T\u00e9 de fourche sup\u00e9rieur type Dax ST70 ST50 OT 1969 \u00e0 1981.\",\"breadcrumb\":{\"@id\":\"https:\/\/test.bonaparts.fr\/produit\/te-fourche-dax-ot\/#breadcrumb\"},\"inLanguage\":\"fr-FR\",\"potentialAction\":[{\"@type\":\"ReadAction\",\"target\":[\"https:\/\/test.bonaparts.fr\/produit\/te-fourche-dax-ot\/\"]}]},{\"@type\":\"ImageObject\",\"inLanguage\":\"fr-FR\",\"@id\":\"https:\/\/test.bonaparts.fr\/produit\/te-fourche-dax-ot\/#primaryimage\",\"url\":\"https:\/\/test.bonaparts.fr\/wp-content\/uploads\/2022\/09\/4fb85bee-10b6-4a57-b29f-b2587b00abdb-1.jpeg\",\"contentUrl\":\"https:\/\/test.bonaparts.fr\/wp-content\/uploads\/2022\/09\/4fb85bee-10b6-4a57-b29f-b2587b00abdb-1.jpeg\",\"width\":746,\"height\":659},{\"@type\":\"BreadcrumbList\",\"@id\":\"https:\/\/test.bonaparts.fr\/produit\/te-fourche-dax-ot\/#breadcrumb\",\"itemListElement\":[{\"@type\":\"ListItem\",\"position\":1,\"name\":\"Accueil\",\"item\":\"https:\/\/test.bonaparts.fr\/\"},{\"@type\":\"ListItem\",\"position\":2,\"name\":\"Accueil\",\"item\":\"https:\/\/test.bonaparts.fr\/?page_id=823\"},{\"@type\":\"ListItem\",\"position\":3,\"name\":\"T\u00e9 de fourche sup\u00e9rieur type Dax ST OT\"}]},{\"@type\":\"WebSite\",\"@id\":\"https:\/\/test.bonaparts.fr\/#website\",\"url\":\"https:\/\/test.bonaparts.fr\/\",\"name\":\"BONAPARTS\",\"description\":\"Pi\u00e8ces d\u00e9tach\u00e9es neuves et d&#039;occasion moto et scooter, sp\u00e9cialiste mono-cylindre 4 temps.\",\"publisher\":{\"@id\":\"https:\/\/test.bonaparts.fr\/#organization\"},\"potentialAction\":[{\"@type\":\"SearchAction\",\"target\":{\"@type\":\"EntryPoint\",\"urlTemplate\":\"https:\/\/test.bonaparts.fr\/?s={search_term_string}\"},\"query-input\":{\"@type\":\"PropertyValueSpecification\",\"valueRequired\":true,\"valueName\":\"search_term_string\"}}],\"inLanguage\":\"fr-FR\"},{\"@type\":\"Organization\",\"@id\":\"https:\/\/test.bonaparts.fr\/#organization\",\"name\":\"BONAPARTS\",\"url\":\"https:\/\/test.bonaparts.fr\/\",\"logo\":{\"@type\":\"ImageObject\",\"inLanguage\":\"fr-FR\",\"@id\":\"https:\/\/test.bonaparts.fr\/#\/schema\/logo\/image\/\",\"url\":\"https:\/\/test.bonaparts.fr\/wp-content\/uploads\/2022\/02\/bonawrench-gris-FINAL.png\",\"contentUrl\":\"https:\/\/test.bonaparts.fr\/wp-content\/uploads\/2022\/02\/bonawrench-gris-FINAL.png\",\"width\":1198,\"height\":1080,\"caption\":\"BONAPARTS\"},\"image\":{\"@id\":\"https:\/\/test.bonaparts.fr\/#\/schema\/logo\/image\/\"},\"sameAs\":[\"https:\/\/www.facebook.com\/Bonaparts\/\",\"https:\/\/www.instagram.com\/bona.parts\/?hl=fr\",\"https:\/\/www.youtube.com\/channel\/UCkO8GGQvOEb61jAxA_G9zXQ\"]}]}<\/script>\n<!-- \/ Yoast SEO plugin. -->","yoast_head_json":{"title":"T\u00e9 de fourche sup\u00e9rieur type Dax ST OT - BONAPARTS","description":"T\u00e9 de fourche sup\u00e9rieur type Dax ST70 ST50 OT 1969 \u00e0 1981.","robots":{"index":"index","follow":"follow","max-snippet":"max-snippet:-1","max-image-preview":"max-image-preview:large","max-video-preview":"max-video-preview:-1"},"canonical":"https:\/\/test.bonaparts.fr\/produit\/te-fourche-dax-ot\/","og_locale":"fr_FR","og_type":"article","og_title":"T\u00e9 de fourche sup\u00e9rieur type Dax ST OT - BONAPARTS","og_description":"T\u00e9 de fourche sup\u00e9rieur type Dax ST70 ST50 OT 1969 \u00e0 1981.","og_url":"https:\/\/test.bonaparts.fr\/produit\/te-fourche-dax-ot\/","og_site_name":"BONAPARTS","article_publisher":"https:\/\/www.facebook.com\/Bonaparts\/","article_modified_time":"2022-09-13T11:14:39+00:00","og_image":[{"width":746,"height":659,"url":"https:\/\/i0.wp.com\/bonaparts.fr\/wp-content\/uploads\/2022\/09\/4fb85bee-10b6-4a57-b29f-b2587b00abdb-1.jpeg?fit=746%2C659&ssl=1","type":"image\/jpeg"}],"twitter_card":"summary_large_image","twitter_misc":{"Dur\u00e9e de lecture estim\u00e9e":"1 minute"},"schema":{"@context":"https:\/\/schema.org","@graph":[{"@type":"WebPage","@id":"https:\/\/test.bonaparts.fr\/produit\/te-fourche-dax-ot\/","url":"https:\/\/test.bonaparts.fr\/produit\/te-fourche-dax-ot\/","name":"T\u00e9 de fourche sup\u00e9rieur type Dax ST OT - BONAPARTS","isPartOf":{"@id":"https:\/\/test.bonaparts.fr\/#website"},"primaryImageOfPage":{"@id":"https:\/\/test.bonaparts.fr\/produit\/te-fourche-dax-ot\/#primaryimage"},"image":{"@id":"https:\/\/test.bonaparts.fr\/produit\/te-fourche-dax-ot\/#primaryimage"},"thumbnailUrl":"https:\/\/test.bonaparts.fr\/wp-content\/uploads\/2022\/09\/4fb85bee-10b6-4a57-b29f-b2587b00abdb-1.jpeg","datePublished":"2022-09-12T15:44:28+00:00","dateModified":"2022-09-13T11:14:39+00:00","description":"T\u00e9 de fourche sup\u00e9rieur type Dax ST70 ST50 OT 1969 \u00e0 1981.","breadcrumb":{"@id":"https:\/\/test.bonaparts.fr\/produit\/te-fourche-dax-ot\/#breadcrumb"},"inLanguage":"fr-FR","potentialAction":[{"@type":"ReadAction","target":["https:\/\/test.bonaparts.fr\/produit\/te-fourche-dax-ot\/"]}]},{"@type":"ImageObject","inLanguage":"fr-FR","@id":"https:\/\/test.bonaparts.fr\/produit\/te-fourche-dax-ot\/#primaryimage","url":"https:\/\/test.bonaparts.fr\/wp-content\/uploads\/2022\/09\/4fb85bee-10b6-4a57-b29f-b2587b00abdb-1.jpeg","contentUrl":"https:\/\/test.bonaparts.fr\/wp-content\/uploads\/2022\/09\/4fb85bee-10b6-4a57-b29f-b2587b00abdb-1.jpeg","width":746,"height":659},{"@type":"BreadcrumbList","@id":"https:\/\/test.bonaparts.fr\/produit\/te-fourche-dax-ot\/#breadcrumb","itemListElement":[{"@type":"ListItem","position":1,"name":"Accueil","item":"https:\/\/test.bonaparts.fr\/"},{"@type":"ListItem","position":2,"name":"Accueil","item":"https:\/\/test.bonaparts.fr\/?page_id=823"},{"@type":"ListItem","position":3,"name":"T\u00e9 de fourche sup\u00e9rieur type Dax ST OT"}]},{"@type":"WebSite","@id":"https:\/\/test.bonaparts.fr\/#website","url":"https:\/\/test.bonaparts.fr\/","name":"BONAPARTS","description":"Pi\u00e8ces d\u00e9tach\u00e9es neuves et d&#039;occasion moto et scooter, sp\u00e9cialiste mono-cylindre 4 temps.","publisher":{"@id":"https:\/\/test.bonaparts.fr\/#organization"},"potentialAction":[{"@type":"SearchAction","target":{"@type":"EntryPoint","urlTemplate":"https:\/\/test.bonaparts.fr\/?s={search_term_string}"},"query-input":{"@type":"PropertyValueSpecification","valueRequired":true,"valueName":"search_term_string"}}],"inLanguage":"fr-FR"},{"@type":"Organization","@id":"https:\/\/test.bonaparts.fr\/#organization","name":"BONAPARTS","url":"https:\/\/test.bonaparts.fr\/","logo":{"@type":"ImageObject","inLanguage":"fr-FR","@id":"https:\/\/test.bonaparts.fr\/#\/schema\/logo\/image\/","url":"https:\/\/test.bonaparts.fr\/wp-content\/uploads\/2022\/02\/bonawrench-gris-FINAL.png","contentUrl":"https:\/\/test.bonaparts.fr\/wp-content\/uploads\/2022\/02\/bonawrench-gris-FINAL.png","width":1198,"height":1080,"caption":"BONAPARTS"},"image":{"@id":"https:\/\/test.bonaparts.fr\/#\/schema\/logo\/image\/"},"sameAs":["https:\/\/www.facebook.com\/Bonaparts\/","https:\/\/www.instagram.com\/bona.parts\/?hl=fr","https:\/\/www.youtube.com\/channel\/UCkO8GGQvOEb61jAxA_G9zXQ"]}]}},"pbg_featured_image_src":{"full":["https:\/\/test.bonaparts.fr\/wp-content\/uploads\/2022\/09\/4fb85bee-10b6-4a57-b29f-b2587b00abdb-1.jpeg",746,659,false],"thumbnail":["https:\/\/test.bonaparts.fr\/wp-content\/uploads\/2022\/09\/4fb85bee-10b6-4a57-b29f-b2587b00abdb-1-150x150.jpeg",150,150,true],"medium":["https:\/\/test.bonaparts.fr\/wp-content\/uploads\/2022\/09\/4fb85bee-10b6-4a57-b29f-b2587b00abdb-1-300x265.jpeg",300,265,true],"medium_large":["https:\/\/test.bonaparts.fr\/wp-content\/uploads\/2022\/09\/4fb85bee-10b6-4a57-b29f-b2587b00abdb-1.jpeg",746,659,false],"large":["https:\/\/test.bonaparts.fr\/wp-content\/uploads\/2022\/09\/4fb85bee-10b6-4a57-b29f-b2587b00abdb-1.jpeg",746,659,false],"1536x1536":["https:\/\/test.bonaparts.fr\/wp-content\/uploads\/2022\/09\/4fb85bee-10b6-4a57-b29f-b2587b00abdb-1.jpeg",746,659,false],"2048x2048":["https:\/\/test.bonaparts.fr\/wp-content\/uploads\/2022\/09\/4fb85bee-10b6-4a57-b29f-b2587b00abdb-1.jpeg",746,659,false],"wptouch-new-thumbnail":["https:\/\/test.bonaparts.fr\/wp-content\/uploads\/2022\/09\/4fb85bee-10b6-4a57-b29f-b2587b00abdb-1-144x144.jpeg",144,144,true],"woocommerce_thumbnail":["https:\/\/test.bonaparts.fr\/wp-content\/uploads\/2022\/09\/4fb85bee-10b6-4a57-b29f-b2587b00abdb-1-324x324.jpeg",324,324,true],"woocommerce_single":["https:\/\/test.bonaparts.fr\/wp-content\/uploads\/2022\/09\/4fb85bee-10b6-4a57-b29f-b2587b00abdb-1-416x367.jpeg",416,367,true],"woocommerce_gallery_thumbnail":["https:\/\/test.bonaparts.fr\/wp-content\/uploads\/2022\/09\/4fb85bee-10b6-4a57-b29f-b2587b00abdb-1-100x100.jpeg",100,100,true],"wcpr-photo-reviews":["https:\/\/test.bonaparts.fr\/wp-content\/uploads\/2022\/09\/4fb85bee-10b6-4a57-b29f-b2587b00abdb-1-500x442.jpeg",500,442,true]},"pbg_author_info":{"display_name":"BONAPARTS","author_link":"https:\/\/test.bonaparts.fr\/?author=0","author_img":"<img alt='BONAPARTS' src='https:\/\/secure.gravatar.com\/avatar\/ee8ffa5ba89d5ffd342c9b67f99c1f2f5462d5ca62704a21f66b42e75e1d19ff?s=128&#038;d=identicon&#038;r=g' srcset='https:\/\/secure.gravatar.com\/avatar\/ee8ffa5ba89d5ffd342c9b67f99c1f2f5462d5ca62704a21f66b42e75e1d19ff?s=256&#038;d=identicon&#038;r=g 2x' class='avatar avatar-128 photo' height='128' width='128' decoding='async'\/>"},"pbg_comment_info":" No Comments","pbg_excerpt":"T\u00e9 de fourche sup\u00e9rieur type Dax ST70 ST50 OT 1969 \u00e0 1981. Expedition depuis les locaux de notre fournisseur, 4-5 jours ouvrables. &nbsp;","jetpack_likes_enabled":false,"jetpack_sharing_enabled":true,"_links":{"self":[{"href":"https:\/\/test.bonaparts.fr\/index.php?rest_route=\/wp\/v2\/product\/10440","targetHints":{"allow":["GET"]}}],"collection":[{"href":"https:\/\/test.bonaparts.fr\/index.php?rest_route=\/wp\/v2\/product"}],"about":[{"href":"https:\/\/test.bonaparts.fr\/index.php?rest_route=\/wp\/v2\/types\/product"}],"wp:featuredmedia":[{"embeddable":true,"href":"https:\/\/test.bonaparts.fr\/index.php?rest_route=\/wp\/v2\/media\/10447"}],"wp:attachment":[{"href":"https:\/\/test.bonaparts.fr\/index.php?rest_route=%2Fwp%2Fv2%2Fmedia&parent=10440"}],"wp:term":[{"taxonomy":"product_brand","embeddable":true,"href":"https:\/\/test.bonaparts.fr\/index.php?rest_route=%2Fwp%2Fv2%2Fproduct_brand&post=10440"},{"taxonomy":"product_cat","embeddable":true,"href":"https:\/\/test.bonaparts.fr\/index.php?rest_route=%2Fwp%2Fv2%2Fproduct_cat&post=10440"},{"taxonomy":"product_tag","embeddable":true,"href":"https:\/\/test.bonaparts.fr\/index.php?rest_route=%2Fwp%2Fv2%2Fproduct_tag&post=10440"},{"taxonomy":"pa_autre-numero-de-piece","embeddable":true,"href":"https:\/\/test.bonaparts.fr\/index.php?rest_route=%2Fwp%2Fv2%2Fpa_autre-numero-de-piece&post=10440"},{"taxonomy":"pa_type","embeddable":true,"href":"https:\/\/test.bonaparts.fr\/index.php?rest_route=%2Fwp%2Fv2%2Fpa_type&post=10440"}],"curies":[{"name":"wp","href":"https:\/\/api.w.org\/{rel}","templated":true}]}}