{"id":11374,"date":"2022-12-14T23:40:46","date_gmt":"2022-12-14T22:40:46","guid":{"rendered":"https:\/\/test.bonaparts.fr\/?post_type=product&#038;p=11374"},"modified":"2023-01-06T04:32:25","modified_gmt":"2023-01-06T03:32:25","slug":"piston-segments-zongshen-190","status":"publish","type":"product","link":"https:\/\/test.bonaparts.fr\/?product=piston-segments-zongshen-190","title":{"rendered":"Kit piston segments 190 Zongshen"},"content":{"rendered":"<p>Kit piston 62mm, axe de piston 14mm pour moteur Z190 Zongshen 190cc 2 soupapes Z190 ZS1P62YML-2 Pit Dirt Bike<\/p>\n<p>Inclus axe, clips, segments, piston.<\/p>\n<p><strong><em>D\u00e9termine ta cylindr\u00e9e gr\u00e2ce \u00e0 notre outils de calcul de cylindr\u00e9e en ligne : <\/em><a href=\"https:\/\/minibikepassion.fr\/calculateur-de-cylindree\/\">ICI<\/a><\/strong><\/p>\n","protected":false},"excerpt":{"rendered":"<p>Kit piston 62mm, axe de piston 14mm pour moteur Z190 Zongshen 190cc 2 soupapes Z190 ZS1P62YML-2 Pit Dirt Bike Inclus axe, clips, segments, piston. D\u00e9termine ta cylindr\u00e9e gr\u00e2ce \u00e0 notre outils de calcul de cylindr\u00e9e en ligne : ICI<\/p>\n","protected":false},"featured_media":11382,"template":"","meta":[],"product_brand":[],"product_cat":[8200,8211,8204],"product_tag":[8196,8195],"pa_autre-numero-de-piece":[],"pa_type":[],"class_list":{"0":"post-11374","1":"product","2":"type-product","3":"status-publish","4":"has-post-thumbnail","6":"product_cat-190-zongshen-zs1p62yml-2","7":"product_cat-cylindre-piston-190-zongshen","8":"product_cat-haut-moteur-190-zongshen-zs1p62yml-2","9":"product_tag-piston-190","10":"product_tag-piston-190-zongshen","12":"first","13":"instock","14":"shipping-taxable","15":"purchasable","16":"product-type-simple"},"yoast_head":"<!-- This site is optimized with the Yoast SEO plugin v26.0 - https:\/\/yoast.com\/wordpress\/plugins\/seo\/ -->\n<title>Kit piston segments 190 Zongshen - BONAPARTS<\/title>\n<meta name=\"description\" content=\"Kit piston 62mm 14mm pour moteur Z190 Zongshen 190cc 2 soupapes Z190 ZS1P62YML-2 Pit Dirt Bike\" \/>\n<meta name=\"robots\" content=\"index, follow, max-snippet:-1, max-image-preview:large, max-video-preview:-1\" \/>\n<link rel=\"canonical\" href=\"https:\/\/test.bonaparts.fr\/produit\/piston-segments-zongshen-190\/\" \/>\n<meta property=\"og:locale\" content=\"fr_FR\" \/>\n<meta property=\"og:type\" content=\"article\" \/>\n<meta property=\"og:title\" content=\"Kit piston segments 190 Zongshen - BONAPARTS\" \/>\n<meta property=\"og:description\" content=\"Kit piston 62mm 14mm pour moteur Z190 Zongshen 190cc 2 soupapes Z190 ZS1P62YML-2 Pit Dirt Bike\" \/>\n<meta property=\"og:url\" content=\"https:\/\/test.bonaparts.fr\/produit\/piston-segments-zongshen-190\/\" \/>\n<meta property=\"og:site_name\" content=\"BONAPARTS\" \/>\n<meta property=\"article:publisher\" content=\"https:\/\/www.facebook.com\/Bonaparts\/\" \/>\n<meta property=\"article:modified_time\" content=\"2023-01-06T03:32:25+00:00\" \/>\n<meta property=\"og:image\" content=\"https:\/\/i0.wp.com\/bonaparts.fr\/wp-content\/uploads\/2022\/12\/piston-segments-190-zongshen-5.jpg?fit=791%2C642&ssl=1\" \/>\n\t<meta property=\"og:image:width\" content=\"791\" \/>\n\t<meta property=\"og:image:height\" content=\"642\" \/>\n\t<meta property=\"og:image:type\" content=\"image\/jpeg\" \/>\n<meta name=\"twitter:card\" content=\"summary_large_image\" \/>\n<meta name=\"twitter:label1\" content=\"Dur\u00e9e de lecture estim\u00e9e\" \/>\n\t<meta name=\"twitter:data1\" content=\"1 minute\" \/>\n<script type=\"application\/ld+json\" class=\"yoast-schema-graph\">{\"@context\":\"https:\/\/schema.org\",\"@graph\":[{\"@type\":\"WebPage\",\"@id\":\"https:\/\/test.bonaparts.fr\/produit\/piston-segments-zongshen-190\/\",\"url\":\"https:\/\/test.bonaparts.fr\/produit\/piston-segments-zongshen-190\/\",\"name\":\"Kit piston segments 190 Zongshen - BONAPARTS\",\"isPartOf\":{\"@id\":\"https:\/\/test.bonaparts.fr\/#website\"},\"primaryImageOfPage\":{\"@id\":\"https:\/\/test.bonaparts.fr\/produit\/piston-segments-zongshen-190\/#primaryimage\"},\"image\":{\"@id\":\"https:\/\/test.bonaparts.fr\/produit\/piston-segments-zongshen-190\/#primaryimage\"},\"thumbnailUrl\":\"https:\/\/test.bonaparts.fr\/wp-content\/uploads\/2022\/12\/piston-segments-190-zongshen-5.jpg\",\"datePublished\":\"2022-12-14T22:40:46+00:00\",\"dateModified\":\"2023-01-06T03:32:25+00:00\",\"description\":\"Kit piston 62mm 14mm pour moteur Z190 Zongshen 190cc 2 soupapes Z190 ZS1P62YML-2 Pit Dirt Bike\",\"breadcrumb\":{\"@id\":\"https:\/\/test.bonaparts.fr\/produit\/piston-segments-zongshen-190\/#breadcrumb\"},\"inLanguage\":\"fr-FR\",\"potentialAction\":[{\"@type\":\"ReadAction\",\"target\":[\"https:\/\/test.bonaparts.fr\/produit\/piston-segments-zongshen-190\/\"]}]},{\"@type\":\"ImageObject\",\"inLanguage\":\"fr-FR\",\"@id\":\"https:\/\/test.bonaparts.fr\/produit\/piston-segments-zongshen-190\/#primaryimage\",\"url\":\"https:\/\/test.bonaparts.fr\/wp-content\/uploads\/2022\/12\/piston-segments-190-zongshen-5.jpg\",\"contentUrl\":\"https:\/\/test.bonaparts.fr\/wp-content\/uploads\/2022\/12\/piston-segments-190-zongshen-5.jpg\",\"width\":791,\"height\":642},{\"@type\":\"BreadcrumbList\",\"@id\":\"https:\/\/test.bonaparts.fr\/produit\/piston-segments-zongshen-190\/#breadcrumb\",\"itemListElement\":[{\"@type\":\"ListItem\",\"position\":1,\"name\":\"Accueil\",\"item\":\"https:\/\/test.bonaparts.fr\/\"},{\"@type\":\"ListItem\",\"position\":2,\"name\":\"Accueil\",\"item\":\"https:\/\/test.bonaparts.fr\/?page_id=823\"},{\"@type\":\"ListItem\",\"position\":3,\"name\":\"Kit piston segments 190 Zongshen\"}]},{\"@type\":\"WebSite\",\"@id\":\"https:\/\/test.bonaparts.fr\/#website\",\"url\":\"https:\/\/test.bonaparts.fr\/\",\"name\":\"BONAPARTS\",\"description\":\"Pi\u00e8ces d\u00e9tach\u00e9es neuves et d&#039;occasion moto et scooter, sp\u00e9cialiste mono-cylindre 4 temps.\",\"publisher\":{\"@id\":\"https:\/\/test.bonaparts.fr\/#organization\"},\"potentialAction\":[{\"@type\":\"SearchAction\",\"target\":{\"@type\":\"EntryPoint\",\"urlTemplate\":\"https:\/\/test.bonaparts.fr\/?s={search_term_string}\"},\"query-input\":{\"@type\":\"PropertyValueSpecification\",\"valueRequired\":true,\"valueName\":\"search_term_string\"}}],\"inLanguage\":\"fr-FR\"},{\"@type\":\"Organization\",\"@id\":\"https:\/\/test.bonaparts.fr\/#organization\",\"name\":\"BONAPARTS\",\"url\":\"https:\/\/test.bonaparts.fr\/\",\"logo\":{\"@type\":\"ImageObject\",\"inLanguage\":\"fr-FR\",\"@id\":\"https:\/\/test.bonaparts.fr\/#\/schema\/logo\/image\/\",\"url\":\"https:\/\/test.bonaparts.fr\/wp-content\/uploads\/2022\/02\/bonawrench-gris-FINAL.png\",\"contentUrl\":\"https:\/\/test.bonaparts.fr\/wp-content\/uploads\/2022\/02\/bonawrench-gris-FINAL.png\",\"width\":1198,\"height\":1080,\"caption\":\"BONAPARTS\"},\"image\":{\"@id\":\"https:\/\/test.bonaparts.fr\/#\/schema\/logo\/image\/\"},\"sameAs\":[\"https:\/\/www.facebook.com\/Bonaparts\/\",\"https:\/\/www.instagram.com\/bona.parts\/?hl=fr\",\"https:\/\/www.youtube.com\/channel\/UCkO8GGQvOEb61jAxA_G9zXQ\"]}]}<\/script>\n<!-- \/ Yoast SEO plugin. -->","yoast_head_json":{"title":"Kit piston segments 190 Zongshen - BONAPARTS","description":"Kit piston 62mm 14mm pour moteur Z190 Zongshen 190cc 2 soupapes Z190 ZS1P62YML-2 Pit Dirt Bike","robots":{"index":"index","follow":"follow","max-snippet":"max-snippet:-1","max-image-preview":"max-image-preview:large","max-video-preview":"max-video-preview:-1"},"canonical":"https:\/\/test.bonaparts.fr\/produit\/piston-segments-zongshen-190\/","og_locale":"fr_FR","og_type":"article","og_title":"Kit piston segments 190 Zongshen - BONAPARTS","og_description":"Kit piston 62mm 14mm pour moteur Z190 Zongshen 190cc 2 soupapes Z190 ZS1P62YML-2 Pit Dirt Bike","og_url":"https:\/\/test.bonaparts.fr\/produit\/piston-segments-zongshen-190\/","og_site_name":"BONAPARTS","article_publisher":"https:\/\/www.facebook.com\/Bonaparts\/","article_modified_time":"2023-01-06T03:32:25+00:00","og_image":[{"width":791,"height":642,"url":"https:\/\/i0.wp.com\/bonaparts.fr\/wp-content\/uploads\/2022\/12\/piston-segments-190-zongshen-5.jpg?fit=791%2C642&ssl=1","type":"image\/jpeg"}],"twitter_card":"summary_large_image","twitter_misc":{"Dur\u00e9e de lecture estim\u00e9e":"1 minute"},"schema":{"@context":"https:\/\/schema.org","@graph":[{"@type":"WebPage","@id":"https:\/\/test.bonaparts.fr\/produit\/piston-segments-zongshen-190\/","url":"https:\/\/test.bonaparts.fr\/produit\/piston-segments-zongshen-190\/","name":"Kit piston segments 190 Zongshen - BONAPARTS","isPartOf":{"@id":"https:\/\/test.bonaparts.fr\/#website"},"primaryImageOfPage":{"@id":"https:\/\/test.bonaparts.fr\/produit\/piston-segments-zongshen-190\/#primaryimage"},"image":{"@id":"https:\/\/test.bonaparts.fr\/produit\/piston-segments-zongshen-190\/#primaryimage"},"thumbnailUrl":"https:\/\/test.bonaparts.fr\/wp-content\/uploads\/2022\/12\/piston-segments-190-zongshen-5.jpg","datePublished":"2022-12-14T22:40:46+00:00","dateModified":"2023-01-06T03:32:25+00:00","description":"Kit piston 62mm 14mm pour moteur Z190 Zongshen 190cc 2 soupapes Z190 ZS1P62YML-2 Pit Dirt Bike","breadcrumb":{"@id":"https:\/\/test.bonaparts.fr\/produit\/piston-segments-zongshen-190\/#breadcrumb"},"inLanguage":"fr-FR","potentialAction":[{"@type":"ReadAction","target":["https:\/\/test.bonaparts.fr\/produit\/piston-segments-zongshen-190\/"]}]},{"@type":"ImageObject","inLanguage":"fr-FR","@id":"https:\/\/test.bonaparts.fr\/produit\/piston-segments-zongshen-190\/#primaryimage","url":"https:\/\/test.bonaparts.fr\/wp-content\/uploads\/2022\/12\/piston-segments-190-zongshen-5.jpg","contentUrl":"https:\/\/test.bonaparts.fr\/wp-content\/uploads\/2022\/12\/piston-segments-190-zongshen-5.jpg","width":791,"height":642},{"@type":"BreadcrumbList","@id":"https:\/\/test.bonaparts.fr\/produit\/piston-segments-zongshen-190\/#breadcrumb","itemListElement":[{"@type":"ListItem","position":1,"name":"Accueil","item":"https:\/\/test.bonaparts.fr\/"},{"@type":"ListItem","position":2,"name":"Accueil","item":"https:\/\/test.bonaparts.fr\/?page_id=823"},{"@type":"ListItem","position":3,"name":"Kit piston segments 190 Zongshen"}]},{"@type":"WebSite","@id":"https:\/\/test.bonaparts.fr\/#website","url":"https:\/\/test.bonaparts.fr\/","name":"BONAPARTS","description":"Pi\u00e8ces d\u00e9tach\u00e9es neuves et d&#039;occasion moto et scooter, sp\u00e9cialiste mono-cylindre 4 temps.","publisher":{"@id":"https:\/\/test.bonaparts.fr\/#organization"},"potentialAction":[{"@type":"SearchAction","target":{"@type":"EntryPoint","urlTemplate":"https:\/\/test.bonaparts.fr\/?s={search_term_string}"},"query-input":{"@type":"PropertyValueSpecification","valueRequired":true,"valueName":"search_term_string"}}],"inLanguage":"fr-FR"},{"@type":"Organization","@id":"https:\/\/test.bonaparts.fr\/#organization","name":"BONAPARTS","url":"https:\/\/test.bonaparts.fr\/","logo":{"@type":"ImageObject","inLanguage":"fr-FR","@id":"https:\/\/test.bonaparts.fr\/#\/schema\/logo\/image\/","url":"https:\/\/test.bonaparts.fr\/wp-content\/uploads\/2022\/02\/bonawrench-gris-FINAL.png","contentUrl":"https:\/\/test.bonaparts.fr\/wp-content\/uploads\/2022\/02\/bonawrench-gris-FINAL.png","width":1198,"height":1080,"caption":"BONAPARTS"},"image":{"@id":"https:\/\/test.bonaparts.fr\/#\/schema\/logo\/image\/"},"sameAs":["https:\/\/www.facebook.com\/Bonaparts\/","https:\/\/www.instagram.com\/bona.parts\/?hl=fr","https:\/\/www.youtube.com\/channel\/UCkO8GGQvOEb61jAxA_G9zXQ"]}]}},"pbg_featured_image_src":{"full":["https:\/\/test.bonaparts.fr\/wp-content\/uploads\/2022\/12\/piston-segments-190-zongshen-5.jpg",791,642,false],"thumbnail":["https:\/\/test.bonaparts.fr\/wp-content\/uploads\/2022\/12\/piston-segments-190-zongshen-5-150x150.jpg",150,150,true],"medium":["https:\/\/test.bonaparts.fr\/wp-content\/uploads\/2022\/12\/piston-segments-190-zongshen-5-300x243.jpg",300,243,true],"medium_large":["https:\/\/test.bonaparts.fr\/wp-content\/uploads\/2022\/12\/piston-segments-190-zongshen-5-768x623.jpg",768,623,true],"large":["https:\/\/test.bonaparts.fr\/wp-content\/uploads\/2022\/12\/piston-segments-190-zongshen-5.jpg",791,642,false],"1536x1536":["https:\/\/test.bonaparts.fr\/wp-content\/uploads\/2022\/12\/piston-segments-190-zongshen-5.jpg",791,642,false],"2048x2048":["https:\/\/test.bonaparts.fr\/wp-content\/uploads\/2022\/12\/piston-segments-190-zongshen-5.jpg",791,642,false],"wptouch-new-thumbnail":["https:\/\/test.bonaparts.fr\/wp-content\/uploads\/2022\/12\/piston-segments-190-zongshen-5-144x144.jpg",144,144,true],"woocommerce_thumbnail":["https:\/\/test.bonaparts.fr\/wp-content\/uploads\/2022\/12\/piston-segments-190-zongshen-5-324x324.jpg",324,324,true],"woocommerce_single":["https:\/\/test.bonaparts.fr\/wp-content\/uploads\/2022\/12\/piston-segments-190-zongshen-5-416x338.jpg",416,338,true],"woocommerce_gallery_thumbnail":["https:\/\/test.bonaparts.fr\/wp-content\/uploads\/2022\/12\/piston-segments-190-zongshen-5-100x100.jpg",100,100,true],"wcpr-photo-reviews":["https:\/\/test.bonaparts.fr\/wp-content\/uploads\/2022\/12\/piston-segments-190-zongshen-5-500x406.jpg",500,406,true]},"pbg_author_info":{"display_name":"BONAPARTS","author_link":"https:\/\/test.bonaparts.fr\/?author=0","author_img":"<img alt='BONAPARTS' src='https:\/\/secure.gravatar.com\/avatar\/ee8ffa5ba89d5ffd342c9b67f99c1f2f5462d5ca62704a21f66b42e75e1d19ff?s=128&#038;d=identicon&#038;r=g' srcset='https:\/\/secure.gravatar.com\/avatar\/ee8ffa5ba89d5ffd342c9b67f99c1f2f5462d5ca62704a21f66b42e75e1d19ff?s=256&#038;d=identicon&#038;r=g 2x' class='avatar avatar-128 photo' height='128' width='128' decoding='async'\/>"},"pbg_comment_info":" No Comments","pbg_excerpt":"Kit piston 62mm, axe de piston 14mm pour moteur Z190 Zongshen 190cc 2 soupapes Z190 ZS1P62YML-2 Pit Dirt Bike Inclus axe, clips, segments, piston. D\u00e9termine ta cylindr\u00e9e gr\u00e2ce \u00e0 notre outils de calcul de cylindr\u00e9e en ligne : ICI","jetpack_likes_enabled":false,"jetpack_sharing_enabled":true,"_links":{"self":[{"href":"https:\/\/test.bonaparts.fr\/index.php?rest_route=\/wp\/v2\/product\/11374","targetHints":{"allow":["GET"]}}],"collection":[{"href":"https:\/\/test.bonaparts.fr\/index.php?rest_route=\/wp\/v2\/product"}],"about":[{"href":"https:\/\/test.bonaparts.fr\/index.php?rest_route=\/wp\/v2\/types\/product"}],"wp:featuredmedia":[{"embeddable":true,"href":"https:\/\/test.bonaparts.fr\/index.php?rest_route=\/wp\/v2\/media\/11382"}],"wp:attachment":[{"href":"https:\/\/test.bonaparts.fr\/index.php?rest_route=%2Fwp%2Fv2%2Fmedia&parent=11374"}],"wp:term":[{"taxonomy":"product_brand","embeddable":true,"href":"https:\/\/test.bonaparts.fr\/index.php?rest_route=%2Fwp%2Fv2%2Fproduct_brand&post=11374"},{"taxonomy":"product_cat","embeddable":true,"href":"https:\/\/test.bonaparts.fr\/index.php?rest_route=%2Fwp%2Fv2%2Fproduct_cat&post=11374"},{"taxonomy":"product_tag","embeddable":true,"href":"https:\/\/test.bonaparts.fr\/index.php?rest_route=%2Fwp%2Fv2%2Fproduct_tag&post=11374"},{"taxonomy":"pa_autre-numero-de-piece","embeddable":true,"href":"https:\/\/test.bonaparts.fr\/index.php?rest_route=%2Fwp%2Fv2%2Fpa_autre-numero-de-piece&post=11374"},{"taxonomy":"pa_type","embeddable":true,"href":"https:\/\/test.bonaparts.fr\/index.php?rest_route=%2Fwp%2Fv2%2Fpa_type&post=11374"}],"curies":[{"name":"wp","href":"https:\/\/api.w.org\/{rel}","templated":true}]}}