{"id":11375,"date":"2022-12-14T23:53:55","date_gmt":"2022-12-14T22:53:55","guid":{"rendered":"https:\/\/test.bonaparts.fr\/?post_type=product&#038;p=11375"},"modified":"2022-12-15T04:02:43","modified_gmt":"2022-12-15T03:02:43","slug":"kit-refection-soupapes-190-zongshen","status":"publish","type":"product","link":"https:\/\/test.bonaparts.fr\/?product=kit-refection-soupapes-190-zongshen","title":{"rendered":"Kit r\u00e9fection soupapes 190 Zongshen"},"content":{"rendered":"<p>Kit r\u00e9fection soupapes 190 Zongshen ZS1P62YML-2<\/p>\n<p>Comprends : 2 soupapes ( admission et \u00e9chappement ) 4x demi lunes et deux joints de queue de soupapes.<\/p>\n<p>Livraison depuis les locaux de notre fournisseur.<\/p>\n<p>&nbsp;<\/p>\n","protected":false},"excerpt":{"rendered":"<p>Kit r\u00e9fection soupapes 190 Zongshen ZS1P62YML-2 Comprends : 2 soupapes ( admission et \u00e9chappement ) 4x demi lunes et deux joints de queue de soupapes. Livraison depuis les locaux de notre fournisseur. &nbsp;<\/p>\n","protected":false},"featured_media":11389,"template":"","meta":[],"product_brand":[],"product_cat":[8200,8212,8204],"product_tag":[8198,8197],"pa_autre-numero-de-piece":[],"pa_type":[],"class_list":{"0":"post-11375","1":"product","2":"type-product","3":"status-publish","4":"has-post-thumbnail","6":"product_cat-190-zongshen-zs1p62yml-2","7":"product_cat-distribution-190-zongshen","8":"product_cat-haut-moteur-190-zongshen-zs1p62yml-2","9":"product_tag-190-zongshen-valve","10":"product_tag-soupapes-190-zongshen","12":"first","13":"instock","14":"shipping-taxable","15":"purchasable","16":"product-type-simple"},"yoast_head":"<!-- This site is optimized with the Yoast SEO plugin v26.0 - https:\/\/yoast.com\/wordpress\/plugins\/seo\/ -->\n<title>Kit r\u00e9fection soupapes 190 Zongshen - BONAPARTS<\/title>\n<meta name=\"description\" content=\"Kit r\u00e9fection soupapes 190 Zongshen ZS1P62YML-2Comprends : 2 soupapes ( admission et \u00e9chappement ) 4x demi lunes et deux joints de queue de soupapes.\" \/>\n<meta name=\"robots\" content=\"index, follow, max-snippet:-1, max-image-preview:large, max-video-preview:-1\" \/>\n<link rel=\"canonical\" href=\"https:\/\/test.bonaparts.fr\/produit\/kit-refection-soupapes-190-zongshen\/\" \/>\n<meta property=\"og:locale\" content=\"fr_FR\" \/>\n<meta property=\"og:type\" content=\"article\" \/>\n<meta property=\"og:title\" content=\"Kit r\u00e9fection soupapes 190 Zongshen - BONAPARTS\" \/>\n<meta property=\"og:description\" content=\"Kit r\u00e9fection soupapes 190 Zongshen ZS1P62YML-2Comprends : 2 soupapes ( admission et \u00e9chappement ) 4x demi lunes et deux joints de queue de soupapes.\" \/>\n<meta property=\"og:url\" content=\"https:\/\/test.bonaparts.fr\/produit\/kit-refection-soupapes-190-zongshen\/\" \/>\n<meta property=\"og:site_name\" content=\"BONAPARTS\" \/>\n<meta property=\"article:publisher\" content=\"https:\/\/www.facebook.com\/Bonaparts\/\" \/>\n<meta property=\"article:modified_time\" content=\"2022-12-15T03:02:43+00:00\" \/>\n<meta property=\"og:image\" content=\"https:\/\/i0.wp.com\/bonaparts.fr\/wp-content\/uploads\/2022\/12\/kit-refection-soupapes-190-zongshen-5.jpg?fit=800%2C800&ssl=1\" \/>\n\t<meta property=\"og:image:width\" content=\"800\" \/>\n\t<meta property=\"og:image:height\" content=\"800\" \/>\n\t<meta property=\"og:image:type\" content=\"image\/jpeg\" \/>\n<meta name=\"twitter:card\" content=\"summary_large_image\" \/>\n<meta name=\"twitter:label1\" content=\"Dur\u00e9e de lecture estim\u00e9e\" \/>\n\t<meta name=\"twitter:data1\" content=\"1 minute\" \/>\n<script type=\"application\/ld+json\" class=\"yoast-schema-graph\">{\"@context\":\"https:\/\/schema.org\",\"@graph\":[{\"@type\":\"WebPage\",\"@id\":\"https:\/\/test.bonaparts.fr\/produit\/kit-refection-soupapes-190-zongshen\/\",\"url\":\"https:\/\/test.bonaparts.fr\/produit\/kit-refection-soupapes-190-zongshen\/\",\"name\":\"Kit r\u00e9fection soupapes 190 Zongshen - BONAPARTS\",\"isPartOf\":{\"@id\":\"https:\/\/test.bonaparts.fr\/#website\"},\"primaryImageOfPage\":{\"@id\":\"https:\/\/test.bonaparts.fr\/produit\/kit-refection-soupapes-190-zongshen\/#primaryimage\"},\"image\":{\"@id\":\"https:\/\/test.bonaparts.fr\/produit\/kit-refection-soupapes-190-zongshen\/#primaryimage\"},\"thumbnailUrl\":\"https:\/\/test.bonaparts.fr\/wp-content\/uploads\/2022\/12\/kit-refection-soupapes-190-zongshen-5.jpg\",\"datePublished\":\"2022-12-14T22:53:55+00:00\",\"dateModified\":\"2022-12-15T03:02:43+00:00\",\"description\":\"Kit r\u00e9fection soupapes 190 Zongshen ZS1P62YML-2Comprends : 2 soupapes ( admission et \u00e9chappement ) 4x demi lunes et deux joints de queue de soupapes.\",\"breadcrumb\":{\"@id\":\"https:\/\/test.bonaparts.fr\/produit\/kit-refection-soupapes-190-zongshen\/#breadcrumb\"},\"inLanguage\":\"fr-FR\",\"potentialAction\":[{\"@type\":\"ReadAction\",\"target\":[\"https:\/\/test.bonaparts.fr\/produit\/kit-refection-soupapes-190-zongshen\/\"]}]},{\"@type\":\"ImageObject\",\"inLanguage\":\"fr-FR\",\"@id\":\"https:\/\/test.bonaparts.fr\/produit\/kit-refection-soupapes-190-zongshen\/#primaryimage\",\"url\":\"https:\/\/test.bonaparts.fr\/wp-content\/uploads\/2022\/12\/kit-refection-soupapes-190-zongshen-5.jpg\",\"contentUrl\":\"https:\/\/test.bonaparts.fr\/wp-content\/uploads\/2022\/12\/kit-refection-soupapes-190-zongshen-5.jpg\",\"width\":800,\"height\":800},{\"@type\":\"BreadcrumbList\",\"@id\":\"https:\/\/test.bonaparts.fr\/produit\/kit-refection-soupapes-190-zongshen\/#breadcrumb\",\"itemListElement\":[{\"@type\":\"ListItem\",\"position\":1,\"name\":\"Accueil\",\"item\":\"https:\/\/test.bonaparts.fr\/\"},{\"@type\":\"ListItem\",\"position\":2,\"name\":\"Accueil\",\"item\":\"https:\/\/test.bonaparts.fr\/?page_id=823\"},{\"@type\":\"ListItem\",\"position\":3,\"name\":\"Kit r\u00e9fection soupapes 190 Zongshen\"}]},{\"@type\":\"WebSite\",\"@id\":\"https:\/\/test.bonaparts.fr\/#website\",\"url\":\"https:\/\/test.bonaparts.fr\/\",\"name\":\"BONAPARTS\",\"description\":\"Pi\u00e8ces d\u00e9tach\u00e9es neuves et d&#039;occasion moto et scooter, sp\u00e9cialiste mono-cylindre 4 temps.\",\"publisher\":{\"@id\":\"https:\/\/test.bonaparts.fr\/#organization\"},\"potentialAction\":[{\"@type\":\"SearchAction\",\"target\":{\"@type\":\"EntryPoint\",\"urlTemplate\":\"https:\/\/test.bonaparts.fr\/?s={search_term_string}\"},\"query-input\":{\"@type\":\"PropertyValueSpecification\",\"valueRequired\":true,\"valueName\":\"search_term_string\"}}],\"inLanguage\":\"fr-FR\"},{\"@type\":\"Organization\",\"@id\":\"https:\/\/test.bonaparts.fr\/#organization\",\"name\":\"BONAPARTS\",\"url\":\"https:\/\/test.bonaparts.fr\/\",\"logo\":{\"@type\":\"ImageObject\",\"inLanguage\":\"fr-FR\",\"@id\":\"https:\/\/test.bonaparts.fr\/#\/schema\/logo\/image\/\",\"url\":\"https:\/\/test.bonaparts.fr\/wp-content\/uploads\/2022\/02\/bonawrench-gris-FINAL.png\",\"contentUrl\":\"https:\/\/test.bonaparts.fr\/wp-content\/uploads\/2022\/02\/bonawrench-gris-FINAL.png\",\"width\":1198,\"height\":1080,\"caption\":\"BONAPARTS\"},\"image\":{\"@id\":\"https:\/\/test.bonaparts.fr\/#\/schema\/logo\/image\/\"},\"sameAs\":[\"https:\/\/www.facebook.com\/Bonaparts\/\",\"https:\/\/www.instagram.com\/bona.parts\/?hl=fr\",\"https:\/\/www.youtube.com\/channel\/UCkO8GGQvOEb61jAxA_G9zXQ\"]}]}<\/script>\n<!-- \/ Yoast SEO plugin. -->","yoast_head_json":{"title":"Kit r\u00e9fection soupapes 190 Zongshen - BONAPARTS","description":"Kit r\u00e9fection soupapes 190 Zongshen ZS1P62YML-2Comprends : 2 soupapes ( admission et \u00e9chappement ) 4x demi lunes et deux joints de queue de soupapes.","robots":{"index":"index","follow":"follow","max-snippet":"max-snippet:-1","max-image-preview":"max-image-preview:large","max-video-preview":"max-video-preview:-1"},"canonical":"https:\/\/test.bonaparts.fr\/produit\/kit-refection-soupapes-190-zongshen\/","og_locale":"fr_FR","og_type":"article","og_title":"Kit r\u00e9fection soupapes 190 Zongshen - BONAPARTS","og_description":"Kit r\u00e9fection soupapes 190 Zongshen ZS1P62YML-2Comprends : 2 soupapes ( admission et \u00e9chappement ) 4x demi lunes et deux joints de queue de soupapes.","og_url":"https:\/\/test.bonaparts.fr\/produit\/kit-refection-soupapes-190-zongshen\/","og_site_name":"BONAPARTS","article_publisher":"https:\/\/www.facebook.com\/Bonaparts\/","article_modified_time":"2022-12-15T03:02:43+00:00","og_image":[{"width":800,"height":800,"url":"https:\/\/i0.wp.com\/bonaparts.fr\/wp-content\/uploads\/2022\/12\/kit-refection-soupapes-190-zongshen-5.jpg?fit=800%2C800&ssl=1","type":"image\/jpeg"}],"twitter_card":"summary_large_image","twitter_misc":{"Dur\u00e9e de lecture estim\u00e9e":"1 minute"},"schema":{"@context":"https:\/\/schema.org","@graph":[{"@type":"WebPage","@id":"https:\/\/test.bonaparts.fr\/produit\/kit-refection-soupapes-190-zongshen\/","url":"https:\/\/test.bonaparts.fr\/produit\/kit-refection-soupapes-190-zongshen\/","name":"Kit r\u00e9fection soupapes 190 Zongshen - BONAPARTS","isPartOf":{"@id":"https:\/\/test.bonaparts.fr\/#website"},"primaryImageOfPage":{"@id":"https:\/\/test.bonaparts.fr\/produit\/kit-refection-soupapes-190-zongshen\/#primaryimage"},"image":{"@id":"https:\/\/test.bonaparts.fr\/produit\/kit-refection-soupapes-190-zongshen\/#primaryimage"},"thumbnailUrl":"https:\/\/test.bonaparts.fr\/wp-content\/uploads\/2022\/12\/kit-refection-soupapes-190-zongshen-5.jpg","datePublished":"2022-12-14T22:53:55+00:00","dateModified":"2022-12-15T03:02:43+00:00","description":"Kit r\u00e9fection soupapes 190 Zongshen ZS1P62YML-2Comprends : 2 soupapes ( admission et \u00e9chappement ) 4x demi lunes et deux joints de queue de soupapes.","breadcrumb":{"@id":"https:\/\/test.bonaparts.fr\/produit\/kit-refection-soupapes-190-zongshen\/#breadcrumb"},"inLanguage":"fr-FR","potentialAction":[{"@type":"ReadAction","target":["https:\/\/test.bonaparts.fr\/produit\/kit-refection-soupapes-190-zongshen\/"]}]},{"@type":"ImageObject","inLanguage":"fr-FR","@id":"https:\/\/test.bonaparts.fr\/produit\/kit-refection-soupapes-190-zongshen\/#primaryimage","url":"https:\/\/test.bonaparts.fr\/wp-content\/uploads\/2022\/12\/kit-refection-soupapes-190-zongshen-5.jpg","contentUrl":"https:\/\/test.bonaparts.fr\/wp-content\/uploads\/2022\/12\/kit-refection-soupapes-190-zongshen-5.jpg","width":800,"height":800},{"@type":"BreadcrumbList","@id":"https:\/\/test.bonaparts.fr\/produit\/kit-refection-soupapes-190-zongshen\/#breadcrumb","itemListElement":[{"@type":"ListItem","position":1,"name":"Accueil","item":"https:\/\/test.bonaparts.fr\/"},{"@type":"ListItem","position":2,"name":"Accueil","item":"https:\/\/test.bonaparts.fr\/?page_id=823"},{"@type":"ListItem","position":3,"name":"Kit r\u00e9fection soupapes 190 Zongshen"}]},{"@type":"WebSite","@id":"https:\/\/test.bonaparts.fr\/#website","url":"https:\/\/test.bonaparts.fr\/","name":"BONAPARTS","description":"Pi\u00e8ces d\u00e9tach\u00e9es neuves et d&#039;occasion moto et scooter, sp\u00e9cialiste mono-cylindre 4 temps.","publisher":{"@id":"https:\/\/test.bonaparts.fr\/#organization"},"potentialAction":[{"@type":"SearchAction","target":{"@type":"EntryPoint","urlTemplate":"https:\/\/test.bonaparts.fr\/?s={search_term_string}"},"query-input":{"@type":"PropertyValueSpecification","valueRequired":true,"valueName":"search_term_string"}}],"inLanguage":"fr-FR"},{"@type":"Organization","@id":"https:\/\/test.bonaparts.fr\/#organization","name":"BONAPARTS","url":"https:\/\/test.bonaparts.fr\/","logo":{"@type":"ImageObject","inLanguage":"fr-FR","@id":"https:\/\/test.bonaparts.fr\/#\/schema\/logo\/image\/","url":"https:\/\/test.bonaparts.fr\/wp-content\/uploads\/2022\/02\/bonawrench-gris-FINAL.png","contentUrl":"https:\/\/test.bonaparts.fr\/wp-content\/uploads\/2022\/02\/bonawrench-gris-FINAL.png","width":1198,"height":1080,"caption":"BONAPARTS"},"image":{"@id":"https:\/\/test.bonaparts.fr\/#\/schema\/logo\/image\/"},"sameAs":["https:\/\/www.facebook.com\/Bonaparts\/","https:\/\/www.instagram.com\/bona.parts\/?hl=fr","https:\/\/www.youtube.com\/channel\/UCkO8GGQvOEb61jAxA_G9zXQ"]}]}},"pbg_featured_image_src":{"full":["https:\/\/test.bonaparts.fr\/wp-content\/uploads\/2022\/12\/kit-refection-soupapes-190-zongshen-5.jpg",800,800,false],"thumbnail":["https:\/\/test.bonaparts.fr\/wp-content\/uploads\/2022\/12\/kit-refection-soupapes-190-zongshen-5-150x150.jpg",150,150,true],"medium":["https:\/\/test.bonaparts.fr\/wp-content\/uploads\/2022\/12\/kit-refection-soupapes-190-zongshen-5-300x300.jpg",300,300,true],"medium_large":["https:\/\/test.bonaparts.fr\/wp-content\/uploads\/2022\/12\/kit-refection-soupapes-190-zongshen-5-768x768.jpg",768,768,true],"large":["https:\/\/test.bonaparts.fr\/wp-content\/uploads\/2022\/12\/kit-refection-soupapes-190-zongshen-5.jpg",800,800,false],"1536x1536":["https:\/\/test.bonaparts.fr\/wp-content\/uploads\/2022\/12\/kit-refection-soupapes-190-zongshen-5.jpg",800,800,false],"2048x2048":["https:\/\/test.bonaparts.fr\/wp-content\/uploads\/2022\/12\/kit-refection-soupapes-190-zongshen-5.jpg",800,800,false],"wptouch-new-thumbnail":["https:\/\/test.bonaparts.fr\/wp-content\/uploads\/2022\/12\/kit-refection-soupapes-190-zongshen-5-144x144.jpg",144,144,true],"woocommerce_thumbnail":["https:\/\/test.bonaparts.fr\/wp-content\/uploads\/2022\/12\/kit-refection-soupapes-190-zongshen-5-324x324.jpg",324,324,true],"woocommerce_single":["https:\/\/test.bonaparts.fr\/wp-content\/uploads\/2022\/12\/kit-refection-soupapes-190-zongshen-5-416x416.jpg",416,416,true],"woocommerce_gallery_thumbnail":["https:\/\/test.bonaparts.fr\/wp-content\/uploads\/2022\/12\/kit-refection-soupapes-190-zongshen-5-100x100.jpg",100,100,true],"wcpr-photo-reviews":["https:\/\/test.bonaparts.fr\/wp-content\/uploads\/2022\/12\/kit-refection-soupapes-190-zongshen-5-500x500.jpg",500,500,true]},"pbg_author_info":{"display_name":"BONAPARTS","author_link":"https:\/\/test.bonaparts.fr\/?author=0","author_img":"<img alt='BONAPARTS' src='https:\/\/secure.gravatar.com\/avatar\/ee8ffa5ba89d5ffd342c9b67f99c1f2f5462d5ca62704a21f66b42e75e1d19ff?s=128&#038;d=identicon&#038;r=g' srcset='https:\/\/secure.gravatar.com\/avatar\/ee8ffa5ba89d5ffd342c9b67f99c1f2f5462d5ca62704a21f66b42e75e1d19ff?s=256&#038;d=identicon&#038;r=g 2x' class='avatar avatar-128 photo' height='128' width='128' decoding='async'\/>"},"pbg_comment_info":" No Comments","pbg_excerpt":"Kit r\u00e9fection soupapes 190 Zongshen ZS1P62YML-2 Comprends : 2 soupapes ( admission et \u00e9chappement ) 4x demi lunes et deux joints de queue de soupapes. Livraison depuis les locaux de notre fournisseur. &nbsp;","jetpack_likes_enabled":false,"jetpack_sharing_enabled":true,"_links":{"self":[{"href":"https:\/\/test.bonaparts.fr\/index.php?rest_route=\/wp\/v2\/product\/11375","targetHints":{"allow":["GET"]}}],"collection":[{"href":"https:\/\/test.bonaparts.fr\/index.php?rest_route=\/wp\/v2\/product"}],"about":[{"href":"https:\/\/test.bonaparts.fr\/index.php?rest_route=\/wp\/v2\/types\/product"}],"wp:featuredmedia":[{"embeddable":true,"href":"https:\/\/test.bonaparts.fr\/index.php?rest_route=\/wp\/v2\/media\/11389"}],"wp:attachment":[{"href":"https:\/\/test.bonaparts.fr\/index.php?rest_route=%2Fwp%2Fv2%2Fmedia&parent=11375"}],"wp:term":[{"taxonomy":"product_brand","embeddable":true,"href":"https:\/\/test.bonaparts.fr\/index.php?rest_route=%2Fwp%2Fv2%2Fproduct_brand&post=11375"},{"taxonomy":"product_cat","embeddable":true,"href":"https:\/\/test.bonaparts.fr\/index.php?rest_route=%2Fwp%2Fv2%2Fproduct_cat&post=11375"},{"taxonomy":"product_tag","embeddable":true,"href":"https:\/\/test.bonaparts.fr\/index.php?rest_route=%2Fwp%2Fv2%2Fproduct_tag&post=11375"},{"taxonomy":"pa_autre-numero-de-piece","embeddable":true,"href":"https:\/\/test.bonaparts.fr\/index.php?rest_route=%2Fwp%2Fv2%2Fpa_autre-numero-de-piece&post=11375"},{"taxonomy":"pa_type","embeddable":true,"href":"https:\/\/test.bonaparts.fr\/index.php?rest_route=%2Fwp%2Fv2%2Fpa_type&post=11375"}],"curies":[{"name":"wp","href":"https:\/\/api.w.org\/{rel}","templated":true}]}}