{"id":11617,"date":"2023-01-03T06:20:56","date_gmt":"2023-01-03T05:20:56","guid":{"rendered":"https:\/\/test.bonaparts.fr\/?post_type=product&#038;p=11617"},"modified":"2025-02-02T19:17:54","modified_gmt":"2025-02-02T18:17:54","slug":"arbre-a-came-racing-107-lifan","status":"publish","type":"product","link":"https:\/\/test.bonaparts.fr\/?product=arbre-a-came-racing-107-lifan","title":{"rendered":"Arbre \u00e0 cames racing 50cc &#8211; 107cc"},"content":{"rendered":"<p>Boostez votre moteur Chinois ?? pr\u00e9f\u00e9r\u00e9 avec cet arbre \u00e0 cames racing pour moteur Lifan de 50cc 70cc 88cc 107cc, il vous procurera plus de puissance \u00e0 mis et haut r\u00e9gime, un bon compromis pour gonfler votre moteur de Dax Monkey Dirt bike.<\/p>\n<div class=\"x11i5rnm xat24cr x1mh8g0r x1vvkbs xtlvy1s x126k92a\">\n<div dir=\"auto\">Lev\u00e9e de soupapes adm\/ech aac racing : <strong>6.70mm <\/strong><\/div>\n<\/div>\n<div dir=\"auto\">\n<div class=\"x11i5rnm xat24cr x1mh8g0r x1vvkbs xtlvy1s x126k92a\">\n<div dir=\"auto\">Lev\u00e9e de soupapes adm\/ech origine: <strong>5.25mm 5.60mm<\/strong><\/div>\n<div dir=\"auto\"><\/div>\n<\/div>\n<div dir=\"auto\">\n<p>Diam\u00e8tre petit roulement : <strong>32 mm<\/strong><br \/>\nDiam\u00e8tre gros roulement : <strong>35 mm<\/strong><br \/>\nLongueur compl\u00e8te : <strong>68mm<\/strong><br \/>\nFixation du pignon d&#8217;arbre \u00e0 cames en trois points.<\/p>\n<p>Le montage d&#8217;un arbre \u00e0 came racing n\u00e9cessitera un r\u00e9glage de la <a href=\"https:\/\/test.bonaparts.fr\/categorie-produit\/pieces-moteur\/chinois-autres\/88cc-110cc\/admission-88cc\/\">carburation<\/a>, pour ajuster au mieux votre m\u00e9lange air\/essence nous proposons des <a href=\"https:\/\/test.bonaparts.fr\/?s=gicleurs&amp;post_type=product\">gicleurs<\/a> de taille diff\u00e9rente : <a href=\"https:\/\/test.bonaparts.fr\/?s=gicleurs&amp;post_type=product\">ICI<\/a><br \/>\nDes ressorts de soupapes renforc\u00e9s sont fortement conseill\u00e9 pour \u00e9viter un affolement des soupapes \u00e0 haut-r\u00e9gime.<\/p>\n<\/div>\n<div class=\"x11i5rnm xat24cr x1mh8g0r x1vvkbs xtlvy1s x126k92a\"><strong>(Ce produit n&#8217;est pas destin\u00e9 \u00e0 \u00eatre utilis\u00e9 sur la voie publique, mdr.)\u00a0<\/strong><\/div>\n<\/div>\n","protected":false},"excerpt":{"rendered":"<p>Boostez votre moteur Chinois ?? pr\u00e9f\u00e9r\u00e9 avec cet arbre \u00e0 cames racing pour moteur Lifan de 50cc 70cc 88cc 107cc, il vous procurera plus de puissance \u00e0 mis et haut r\u00e9gime, un bon compromis pour gonfler votre moteur de Dax Monkey Dirt bike. Lev\u00e9e de soupapes adm\/ech aac racing : 6.70mm Lev\u00e9e de soupapes adm\/ech [&hellip;]<\/p>\n","protected":false},"featured_media":11622,"template":"","meta":[],"product_brand":[],"product_cat":[6626,6684,6752,6651,6646,6656,6841,6760,6847,6877,6689],"product_tag":[8268,7043,8269,8271,8270,8272],"pa_autre-numero-de-piece":[],"pa_type":[],"class_list":{"0":"post-11617","1":"product","2":"type-product","3":"status-publish","4":"has-post-thumbnail","6":"product_cat-arbre-a-came-z50","7":"product_cat-arbre-a-came-dirtchine","8":"product_cat-arbre-a-came-crf50","9":"product_cat-arbre-a-came-cf","10":"product_cat-arbre-a-came-dax","11":"product_cat-arbre-a-came-pbr","12":"product_cat-arbre-a-came-50cc-70cc","13":"product_cat-88cc-110cc","14":"product_cat-arbre-a-came-88cc-110cc","15":"product_cat-arbre-a-came-50cc-70cc-12v","16":"product_cat-arbe-a-came-crf70","17":"product_tag-arbre-a-came","18":"product_tag-arbre-a-came-racing","19":"product_tag-arbre-a-came-racing-107","20":"product_tag-arbre-a-came-racing-50cc","21":"product_tag-arbre-a-came-racing-70","22":"product_tag-arbre-a-came-racing-88cc","24":"first","25":"instock","26":"shipping-taxable","27":"purchasable","28":"product-type-simple"},"yoast_head":"<!-- This site is optimized with the Yoast SEO plugin v26.0 - https:\/\/yoast.com\/wordpress\/plugins\/seo\/ -->\n<title>Arbre \u00e0 cames racing 50cc - 107cc - BONAPARTS<\/title>\n<meta name=\"description\" content=\"Arbre \u00e0 cames racing pour moteur Lifan de 50cc \u00e0 107cc, plus de puissance \u00e0 mis et haut r\u00e9gime, un bon compromis pour gonfler votre moteur Chinois pr\u00e9f\u00e9r\u00e9 !\" \/>\n<meta name=\"robots\" content=\"index, follow, max-snippet:-1, max-image-preview:large, max-video-preview:-1\" \/>\n<link rel=\"canonical\" href=\"https:\/\/test.bonaparts.fr\/produit\/arbre-a-came-racing-107-lifan\/\" \/>\n<meta property=\"og:locale\" content=\"fr_FR\" \/>\n<meta property=\"og:type\" content=\"article\" \/>\n<meta property=\"og:title\" content=\"Arbre \u00e0 cames racing 50cc - 107cc - BONAPARTS\" \/>\n<meta property=\"og:description\" content=\"Arbre \u00e0 cames racing pour moteur Lifan de 50cc \u00e0 107cc, plus de puissance \u00e0 mis et haut r\u00e9gime, un bon compromis pour gonfler votre moteur Chinois pr\u00e9f\u00e9r\u00e9 !\" \/>\n<meta property=\"og:url\" content=\"https:\/\/test.bonaparts.fr\/produit\/arbre-a-came-racing-107-lifan\/\" \/>\n<meta property=\"og:site_name\" content=\"BONAPARTS\" \/>\n<meta property=\"article:publisher\" content=\"https:\/\/www.facebook.com\/Bonaparts\/\" \/>\n<meta property=\"article:modified_time\" content=\"2025-02-02T18:17:54+00:00\" \/>\n<meta property=\"og:image\" content=\"https:\/\/i0.wp.com\/bonaparts.fr\/wp-content\/uploads\/2023\/01\/20230102_113133.jpg?fit=2252%2C2232&ssl=1\" \/>\n\t<meta property=\"og:image:width\" content=\"2252\" \/>\n\t<meta property=\"og:image:height\" content=\"2232\" \/>\n\t<meta property=\"og:image:type\" content=\"image\/jpeg\" \/>\n<meta name=\"twitter:card\" content=\"summary_large_image\" \/>\n<meta name=\"twitter:label1\" content=\"Dur\u00e9e de lecture estim\u00e9e\" \/>\n\t<meta name=\"twitter:data1\" content=\"1 minute\" \/>\n<script type=\"application\/ld+json\" class=\"yoast-schema-graph\">{\"@context\":\"https:\/\/schema.org\",\"@graph\":[{\"@type\":\"WebPage\",\"@id\":\"https:\/\/test.bonaparts.fr\/produit\/arbre-a-came-racing-107-lifan\/\",\"url\":\"https:\/\/test.bonaparts.fr\/produit\/arbre-a-came-racing-107-lifan\/\",\"name\":\"Arbre \u00e0 cames racing 50cc - 107cc - BONAPARTS\",\"isPartOf\":{\"@id\":\"https:\/\/test.bonaparts.fr\/#website\"},\"primaryImageOfPage\":{\"@id\":\"https:\/\/test.bonaparts.fr\/produit\/arbre-a-came-racing-107-lifan\/#primaryimage\"},\"image\":{\"@id\":\"https:\/\/test.bonaparts.fr\/produit\/arbre-a-came-racing-107-lifan\/#primaryimage\"},\"thumbnailUrl\":\"https:\/\/test.bonaparts.fr\/wp-content\/uploads\/2023\/01\/20230102_113133.jpg\",\"datePublished\":\"2023-01-03T05:20:56+00:00\",\"dateModified\":\"2025-02-02T18:17:54+00:00\",\"description\":\"Arbre \u00e0 cames racing pour moteur Lifan de 50cc \u00e0 107cc, plus de puissance \u00e0 mis et haut r\u00e9gime, un bon compromis pour gonfler votre moteur Chinois pr\u00e9f\u00e9r\u00e9 !\",\"breadcrumb\":{\"@id\":\"https:\/\/test.bonaparts.fr\/produit\/arbre-a-came-racing-107-lifan\/#breadcrumb\"},\"inLanguage\":\"fr-FR\",\"potentialAction\":[{\"@type\":\"ReadAction\",\"target\":[\"https:\/\/test.bonaparts.fr\/produit\/arbre-a-came-racing-107-lifan\/\"]}]},{\"@type\":\"ImageObject\",\"inLanguage\":\"fr-FR\",\"@id\":\"https:\/\/test.bonaparts.fr\/produit\/arbre-a-came-racing-107-lifan\/#primaryimage\",\"url\":\"https:\/\/test.bonaparts.fr\/wp-content\/uploads\/2023\/01\/20230102_113133.jpg\",\"contentUrl\":\"https:\/\/test.bonaparts.fr\/wp-content\/uploads\/2023\/01\/20230102_113133.jpg\",\"width\":2252,\"height\":2232},{\"@type\":\"BreadcrumbList\",\"@id\":\"https:\/\/test.bonaparts.fr\/produit\/arbre-a-came-racing-107-lifan\/#breadcrumb\",\"itemListElement\":[{\"@type\":\"ListItem\",\"position\":1,\"name\":\"Accueil\",\"item\":\"https:\/\/test.bonaparts.fr\/\"},{\"@type\":\"ListItem\",\"position\":2,\"name\":\"Accueil\",\"item\":\"https:\/\/test.bonaparts.fr\/?page_id=823\"},{\"@type\":\"ListItem\",\"position\":3,\"name\":\"Arbre \u00e0 cames racing 50cc &#8211; 107cc\"}]},{\"@type\":\"WebSite\",\"@id\":\"https:\/\/test.bonaparts.fr\/#website\",\"url\":\"https:\/\/test.bonaparts.fr\/\",\"name\":\"BONAPARTS\",\"description\":\"Pi\u00e8ces d\u00e9tach\u00e9es neuves et d&#039;occasion moto et scooter, sp\u00e9cialiste mono-cylindre 4 temps.\",\"publisher\":{\"@id\":\"https:\/\/test.bonaparts.fr\/#organization\"},\"potentialAction\":[{\"@type\":\"SearchAction\",\"target\":{\"@type\":\"EntryPoint\",\"urlTemplate\":\"https:\/\/test.bonaparts.fr\/?s={search_term_string}\"},\"query-input\":{\"@type\":\"PropertyValueSpecification\",\"valueRequired\":true,\"valueName\":\"search_term_string\"}}],\"inLanguage\":\"fr-FR\"},{\"@type\":\"Organization\",\"@id\":\"https:\/\/test.bonaparts.fr\/#organization\",\"name\":\"BONAPARTS\",\"url\":\"https:\/\/test.bonaparts.fr\/\",\"logo\":{\"@type\":\"ImageObject\",\"inLanguage\":\"fr-FR\",\"@id\":\"https:\/\/test.bonaparts.fr\/#\/schema\/logo\/image\/\",\"url\":\"https:\/\/test.bonaparts.fr\/wp-content\/uploads\/2022\/02\/bonawrench-gris-FINAL.png\",\"contentUrl\":\"https:\/\/test.bonaparts.fr\/wp-content\/uploads\/2022\/02\/bonawrench-gris-FINAL.png\",\"width\":1198,\"height\":1080,\"caption\":\"BONAPARTS\"},\"image\":{\"@id\":\"https:\/\/test.bonaparts.fr\/#\/schema\/logo\/image\/\"},\"sameAs\":[\"https:\/\/www.facebook.com\/Bonaparts\/\",\"https:\/\/www.instagram.com\/bona.parts\/?hl=fr\",\"https:\/\/www.youtube.com\/channel\/UCkO8GGQvOEb61jAxA_G9zXQ\"]}]}<\/script>\n<!-- \/ Yoast SEO plugin. -->","yoast_head_json":{"title":"Arbre \u00e0 cames racing 50cc - 107cc - BONAPARTS","description":"Arbre \u00e0 cames racing pour moteur Lifan de 50cc \u00e0 107cc, plus de puissance \u00e0 mis et haut r\u00e9gime, un bon compromis pour gonfler votre moteur Chinois pr\u00e9f\u00e9r\u00e9 !","robots":{"index":"index","follow":"follow","max-snippet":"max-snippet:-1","max-image-preview":"max-image-preview:large","max-video-preview":"max-video-preview:-1"},"canonical":"https:\/\/test.bonaparts.fr\/produit\/arbre-a-came-racing-107-lifan\/","og_locale":"fr_FR","og_type":"article","og_title":"Arbre \u00e0 cames racing 50cc - 107cc - BONAPARTS","og_description":"Arbre \u00e0 cames racing pour moteur Lifan de 50cc \u00e0 107cc, plus de puissance \u00e0 mis et haut r\u00e9gime, un bon compromis pour gonfler votre moteur Chinois pr\u00e9f\u00e9r\u00e9 !","og_url":"https:\/\/test.bonaparts.fr\/produit\/arbre-a-came-racing-107-lifan\/","og_site_name":"BONAPARTS","article_publisher":"https:\/\/www.facebook.com\/Bonaparts\/","article_modified_time":"2025-02-02T18:17:54+00:00","og_image":[{"width":2252,"height":2232,"url":"https:\/\/i0.wp.com\/bonaparts.fr\/wp-content\/uploads\/2023\/01\/20230102_113133.jpg?fit=2252%2C2232&ssl=1","type":"image\/jpeg"}],"twitter_card":"summary_large_image","twitter_misc":{"Dur\u00e9e de lecture estim\u00e9e":"1 minute"},"schema":{"@context":"https:\/\/schema.org","@graph":[{"@type":"WebPage","@id":"https:\/\/test.bonaparts.fr\/produit\/arbre-a-came-racing-107-lifan\/","url":"https:\/\/test.bonaparts.fr\/produit\/arbre-a-came-racing-107-lifan\/","name":"Arbre \u00e0 cames racing 50cc - 107cc - BONAPARTS","isPartOf":{"@id":"https:\/\/test.bonaparts.fr\/#website"},"primaryImageOfPage":{"@id":"https:\/\/test.bonaparts.fr\/produit\/arbre-a-came-racing-107-lifan\/#primaryimage"},"image":{"@id":"https:\/\/test.bonaparts.fr\/produit\/arbre-a-came-racing-107-lifan\/#primaryimage"},"thumbnailUrl":"https:\/\/test.bonaparts.fr\/wp-content\/uploads\/2023\/01\/20230102_113133.jpg","datePublished":"2023-01-03T05:20:56+00:00","dateModified":"2025-02-02T18:17:54+00:00","description":"Arbre \u00e0 cames racing pour moteur Lifan de 50cc \u00e0 107cc, plus de puissance \u00e0 mis et haut r\u00e9gime, un bon compromis pour gonfler votre moteur Chinois pr\u00e9f\u00e9r\u00e9 !","breadcrumb":{"@id":"https:\/\/test.bonaparts.fr\/produit\/arbre-a-came-racing-107-lifan\/#breadcrumb"},"inLanguage":"fr-FR","potentialAction":[{"@type":"ReadAction","target":["https:\/\/test.bonaparts.fr\/produit\/arbre-a-came-racing-107-lifan\/"]}]},{"@type":"ImageObject","inLanguage":"fr-FR","@id":"https:\/\/test.bonaparts.fr\/produit\/arbre-a-came-racing-107-lifan\/#primaryimage","url":"https:\/\/test.bonaparts.fr\/wp-content\/uploads\/2023\/01\/20230102_113133.jpg","contentUrl":"https:\/\/test.bonaparts.fr\/wp-content\/uploads\/2023\/01\/20230102_113133.jpg","width":2252,"height":2232},{"@type":"BreadcrumbList","@id":"https:\/\/test.bonaparts.fr\/produit\/arbre-a-came-racing-107-lifan\/#breadcrumb","itemListElement":[{"@type":"ListItem","position":1,"name":"Accueil","item":"https:\/\/test.bonaparts.fr\/"},{"@type":"ListItem","position":2,"name":"Accueil","item":"https:\/\/test.bonaparts.fr\/?page_id=823"},{"@type":"ListItem","position":3,"name":"Arbre \u00e0 cames racing 50cc &#8211; 107cc"}]},{"@type":"WebSite","@id":"https:\/\/test.bonaparts.fr\/#website","url":"https:\/\/test.bonaparts.fr\/","name":"BONAPARTS","description":"Pi\u00e8ces d\u00e9tach\u00e9es neuves et d&#039;occasion moto et scooter, sp\u00e9cialiste mono-cylindre 4 temps.","publisher":{"@id":"https:\/\/test.bonaparts.fr\/#organization"},"potentialAction":[{"@type":"SearchAction","target":{"@type":"EntryPoint","urlTemplate":"https:\/\/test.bonaparts.fr\/?s={search_term_string}"},"query-input":{"@type":"PropertyValueSpecification","valueRequired":true,"valueName":"search_term_string"}}],"inLanguage":"fr-FR"},{"@type":"Organization","@id":"https:\/\/test.bonaparts.fr\/#organization","name":"BONAPARTS","url":"https:\/\/test.bonaparts.fr\/","logo":{"@type":"ImageObject","inLanguage":"fr-FR","@id":"https:\/\/test.bonaparts.fr\/#\/schema\/logo\/image\/","url":"https:\/\/test.bonaparts.fr\/wp-content\/uploads\/2022\/02\/bonawrench-gris-FINAL.png","contentUrl":"https:\/\/test.bonaparts.fr\/wp-content\/uploads\/2022\/02\/bonawrench-gris-FINAL.png","width":1198,"height":1080,"caption":"BONAPARTS"},"image":{"@id":"https:\/\/test.bonaparts.fr\/#\/schema\/logo\/image\/"},"sameAs":["https:\/\/www.facebook.com\/Bonaparts\/","https:\/\/www.instagram.com\/bona.parts\/?hl=fr","https:\/\/www.youtube.com\/channel\/UCkO8GGQvOEb61jAxA_G9zXQ"]}]}},"pbg_featured_image_src":{"full":["https:\/\/test.bonaparts.fr\/wp-content\/uploads\/2023\/01\/20230102_113133.jpg",2252,2232,false],"thumbnail":["https:\/\/test.bonaparts.fr\/wp-content\/uploads\/2023\/01\/20230102_113133-150x150.jpg",150,150,true],"medium":["https:\/\/test.bonaparts.fr\/wp-content\/uploads\/2023\/01\/20230102_113133-300x297.jpg",300,297,true],"medium_large":["https:\/\/test.bonaparts.fr\/wp-content\/uploads\/2023\/01\/20230102_113133-768x761.jpg",768,761,true],"large":["https:\/\/test.bonaparts.fr\/wp-content\/uploads\/2023\/01\/20230102_113133-1024x1015.jpg",980,971,true],"1536x1536":["https:\/\/test.bonaparts.fr\/wp-content\/uploads\/2023\/01\/20230102_113133-1536x1522.jpg",1536,1522,true],"2048x2048":["https:\/\/test.bonaparts.fr\/wp-content\/uploads\/2023\/01\/20230102_113133-2048x2030.jpg",2048,2030,true],"wptouch-new-thumbnail":["https:\/\/test.bonaparts.fr\/wp-content\/uploads\/2023\/01\/20230102_113133-144x144.jpg",144,144,true],"woocommerce_thumbnail":["https:\/\/test.bonaparts.fr\/wp-content\/uploads\/2023\/01\/20230102_113133-324x324.jpg",324,324,true],"woocommerce_single":["https:\/\/test.bonaparts.fr\/wp-content\/uploads\/2023\/01\/20230102_113133-416x412.jpg",416,412,true],"woocommerce_gallery_thumbnail":["https:\/\/test.bonaparts.fr\/wp-content\/uploads\/2023\/01\/20230102_113133-100x100.jpg",100,100,true],"wcpr-photo-reviews":["https:\/\/test.bonaparts.fr\/wp-content\/uploads\/2023\/01\/20230102_113133-500x496.jpg",500,496,true]},"pbg_author_info":{"display_name":"BONAPARTS","author_link":"https:\/\/test.bonaparts.fr\/?author=0","author_img":"<img alt='BONAPARTS' src='https:\/\/secure.gravatar.com\/avatar\/ee8ffa5ba89d5ffd342c9b67f99c1f2f5462d5ca62704a21f66b42e75e1d19ff?s=128&#038;d=identicon&#038;r=g' srcset='https:\/\/secure.gravatar.com\/avatar\/ee8ffa5ba89d5ffd342c9b67f99c1f2f5462d5ca62704a21f66b42e75e1d19ff?s=256&#038;d=identicon&#038;r=g 2x' class='avatar avatar-128 photo' height='128' width='128' decoding='async'\/>"},"pbg_comment_info":" No Comments","pbg_excerpt":"Boostez votre moteur Chinois ?? pr\u00e9f\u00e9r\u00e9 avec cet arbre \u00e0 cames racing pour moteur Lifan de 50cc 70cc 88cc 107cc, il vous procurera plus de puissance \u00e0 mis et haut r\u00e9gime, un bon compromis pour gonfler votre moteur de Dax Monkey Dirt bike. Lev\u00e9e de soupapes adm\/ech aac racing : 6.70mm Lev\u00e9e de soupapes adm\/ech\u2026","jetpack_likes_enabled":false,"jetpack_sharing_enabled":true,"_links":{"self":[{"href":"https:\/\/test.bonaparts.fr\/index.php?rest_route=\/wp\/v2\/product\/11617","targetHints":{"allow":["GET"]}}],"collection":[{"href":"https:\/\/test.bonaparts.fr\/index.php?rest_route=\/wp\/v2\/product"}],"about":[{"href":"https:\/\/test.bonaparts.fr\/index.php?rest_route=\/wp\/v2\/types\/product"}],"wp:featuredmedia":[{"embeddable":true,"href":"https:\/\/test.bonaparts.fr\/index.php?rest_route=\/wp\/v2\/media\/11622"}],"wp:attachment":[{"href":"https:\/\/test.bonaparts.fr\/index.php?rest_route=%2Fwp%2Fv2%2Fmedia&parent=11617"}],"wp:term":[{"taxonomy":"product_brand","embeddable":true,"href":"https:\/\/test.bonaparts.fr\/index.php?rest_route=%2Fwp%2Fv2%2Fproduct_brand&post=11617"},{"taxonomy":"product_cat","embeddable":true,"href":"https:\/\/test.bonaparts.fr\/index.php?rest_route=%2Fwp%2Fv2%2Fproduct_cat&post=11617"},{"taxonomy":"product_tag","embeddable":true,"href":"https:\/\/test.bonaparts.fr\/index.php?rest_route=%2Fwp%2Fv2%2Fproduct_tag&post=11617"},{"taxonomy":"pa_autre-numero-de-piece","embeddable":true,"href":"https:\/\/test.bonaparts.fr\/index.php?rest_route=%2Fwp%2Fv2%2Fpa_autre-numero-de-piece&post=11617"},{"taxonomy":"pa_type","embeddable":true,"href":"https:\/\/test.bonaparts.fr\/index.php?rest_route=%2Fwp%2Fv2%2Fpa_type&post=11617"}],"curies":[{"name":"wp","href":"https:\/\/api.w.org\/{rel}","templated":true}]}}