{"id":11764,"date":"2023-01-06T06:44:30","date_gmt":"2023-01-06T05:44:30","guid":{"rendered":"https:\/\/test.bonaparts.fr\/?post_type=product&#038;p=11764"},"modified":"2023-01-06T07:49:32","modified_gmt":"2023-01-06T06:49:32","slug":"ecrous-borgne-titane-m6x1-25-brut-x4","status":"publish","type":"product","link":"https:\/\/test.bonaparts.fr\/?product=ecrous-borgne-titane-m6x1-25-brut-x4","title":{"rendered":"\u00c9crous borgne Titane M6x1.25 Brut x4"},"content":{"rendered":"<p>Lot de 4 \u00c9crous borgne Titane M8x1.25 Brut, id\u00e9al pour donner une touche pimp \u00e0 votre <a href=\"https:\/\/test.bonaparts.fr\/?s=dress+up&amp;post_type=product\">dress-up.<\/a><\/p>\n<p><span data-spm-anchor-id=\"a2g0o.detail.1000023.i0.6bc534f6kCgMEJ\">Mat\u00e9riau: alliage titane 6AL\/4V(TC4), Grade 5<br \/>\n<\/span>M8 taille: hauteur de l&#8217;\u00e9crou: 17.65mm<br \/>\nDiam\u00e8tre de l&#8217;\u00e9crou: 17mm<br \/>\nEmpreinte douille 6 pans 12mm<br \/>\nPoids: 4.4 g\/pi\u00e8ce ( lot 16,6g )<br \/>\nProfondeur trou filet\u00e9: 16mm, profondeur filetage 15mm<br \/>\nPitch \/ Pas de vis :1.25mm<\/p>\n","protected":false},"excerpt":{"rendered":"<p>Lot de 4 \u00c9crous borgne Titane M8x1.25 Brut, id\u00e9al pour donner une touche pimp \u00e0 votre dress-up. Mat\u00e9riau: alliage titane 6AL\/4V(TC4), Grade 5 M8 taille: hauteur de l&#8217;\u00e9crou: 17.65mm Diam\u00e8tre de l&#8217;\u00e9crou: 17mm Empreinte douille 6 pans 12mm Poids: 4.4 g\/pi\u00e8ce ( lot 16,6g ) Profondeur trou filet\u00e9: 16mm, profondeur filetage 15mm Pitch \/ Pas [&hellip;]<\/p>\n","protected":false},"featured_media":11759,"template":"","meta":[],"product_brand":[],"product_cat":[8210,7904,6609,6629,6703,6687,6698,6755,6654,6649,6708,6713,6659,6860,6855,6865,6875,6844,6850,6880,6885,6890,7007,6692],"product_tag":[8297,8298],"pa_autre-numero-de-piece":[],"pa_type":[],"class_list":{"0":"post-11764","1":"product","2":"type-product","3":"status-publish","4":"has-post-thumbnail","6":"product_cat-dress-up-190-zongshen","7":"product_cat-dress-up-honda-nice110","8":"product_cat-dress-up-klx110","9":"product_cat-dress-up-z50","10":"product_cat-dress-up-atc70","11":"product_cat-dress-up-dirtchine","12":"product_cat-dress-up-crf110","13":"product_cat-dress-up-crf50","14":"product_cat-dress-up-cf","15":"product_cat-dress-up-dax","16":"product_cat-dress-up-monkey125","17":"product_cat-dress-up-msx","18":"product_cat-dress-up-pbr","19":"product_cat-dress-up-125adp","20":"product_cat-dress-up-125sdp","21":"product_cat-dress-up-140yx-149yx","22":"product_cat-dress-up-150yx","23":"product_cat-dress-up-50cc-70cc","24":"product_cat-dress-up-88cc-110cc","25":"product_cat-dress-up-50cc-70cc-12v","26":"product_cat-dress-up-50cc-70cc-6v-nt","27":"product_cat-dress-up-50cc-70cc-6v-ot","28":"product_cat-dress-up-50cc-70cc-12v-haut-moteur-50-70-12v-50cc-70cc-12v-japonais-pieces-moteur-2","29":"product_cat-dress-up-crf70","30":"product_tag-ecrous-borgne","31":"product_tag-ecrous-borgne-titane","33":"first","34":"instock","35":"shipping-taxable","36":"purchasable","37":"product-type-simple"},"yoast_head":"<!-- This site is optimized with the Yoast SEO plugin v26.0 - https:\/\/yoast.com\/wordpress\/plugins\/seo\/ -->\n<title>\u00c9crous borgne Titane M6x1.25 Brut x4 - BONAPARTS<\/title>\n<meta name=\"robots\" content=\"index, follow, max-snippet:-1, max-image-preview:large, max-video-preview:-1\" \/>\n<link rel=\"canonical\" href=\"https:\/\/test.bonaparts.fr\/produit\/ecrous-borgne-titane-m6x1-25-brut-x4\/\" \/>\n<meta property=\"og:locale\" content=\"fr_FR\" \/>\n<meta property=\"og:type\" content=\"article\" \/>\n<meta property=\"og:title\" content=\"\u00c9crous borgne Titane M6x1.25 Brut x4 - BONAPARTS\" \/>\n<meta property=\"og:description\" content=\"Lot de 4 \u00c9crous borgne Titane M8x1.25 Brut, id\u00e9al pour donner une touche pimp \u00e0 votre dress-up. Mat\u00e9riau: alliage titane 6AL\/4V(TC4), Grade 5 M8 taille: hauteur de l&#8217;\u00e9crou: 17.65mm Diam\u00e8tre de l&#8217;\u00e9crou: 17mm Empreinte douille 6 pans 12mm Poids: 4.4 g\/pi\u00e8ce ( lot 16,6g ) Profondeur trou filet\u00e9: 16mm, profondeur filetage 15mm Pitch \/ Pas [&hellip;]\" \/>\n<meta property=\"og:url\" content=\"https:\/\/test.bonaparts.fr\/produit\/ecrous-borgne-titane-m6x1-25-brut-x4\/\" \/>\n<meta property=\"og:site_name\" content=\"BONAPARTS\" \/>\n<meta property=\"article:publisher\" content=\"https:\/\/www.facebook.com\/Bonaparts\/\" \/>\n<meta property=\"article:modified_time\" content=\"2023-01-06T06:49:32+00:00\" \/>\n<meta property=\"og:image\" content=\"https:\/\/i0.wp.com\/bonaparts.fr\/wp-content\/uploads\/2023\/01\/visserie-culasse-titane-dressup-5.jpg?fit=2000%2C2000&ssl=1\" \/>\n\t<meta property=\"og:image:width\" content=\"2000\" \/>\n\t<meta property=\"og:image:height\" content=\"2000\" \/>\n\t<meta property=\"og:image:type\" content=\"image\/jpeg\" \/>\n<meta name=\"twitter:card\" content=\"summary_large_image\" \/>\n<meta name=\"twitter:label1\" content=\"Dur\u00e9e de lecture estim\u00e9e\" \/>\n\t<meta name=\"twitter:data1\" content=\"1 minute\" \/>\n<script type=\"application\/ld+json\" class=\"yoast-schema-graph\">{\"@context\":\"https:\/\/schema.org\",\"@graph\":[{\"@type\":\"WebPage\",\"@id\":\"https:\/\/test.bonaparts.fr\/produit\/ecrous-borgne-titane-m6x1-25-brut-x4\/\",\"url\":\"https:\/\/test.bonaparts.fr\/produit\/ecrous-borgne-titane-m6x1-25-brut-x4\/\",\"name\":\"\u00c9crous borgne Titane M6x1.25 Brut x4 - BONAPARTS\",\"isPartOf\":{\"@id\":\"https:\/\/test.bonaparts.fr\/#website\"},\"primaryImageOfPage\":{\"@id\":\"https:\/\/test.bonaparts.fr\/produit\/ecrous-borgne-titane-m6x1-25-brut-x4\/#primaryimage\"},\"image\":{\"@id\":\"https:\/\/test.bonaparts.fr\/produit\/ecrous-borgne-titane-m6x1-25-brut-x4\/#primaryimage\"},\"thumbnailUrl\":\"https:\/\/test.bonaparts.fr\/wp-content\/uploads\/2023\/01\/visserie-culasse-titane-dressup-5.jpg\",\"datePublished\":\"2023-01-06T05:44:30+00:00\",\"dateModified\":\"2023-01-06T06:49:32+00:00\",\"breadcrumb\":{\"@id\":\"https:\/\/test.bonaparts.fr\/produit\/ecrous-borgne-titane-m6x1-25-brut-x4\/#breadcrumb\"},\"inLanguage\":\"fr-FR\",\"potentialAction\":[{\"@type\":\"ReadAction\",\"target\":[\"https:\/\/test.bonaparts.fr\/produit\/ecrous-borgne-titane-m6x1-25-brut-x4\/\"]}]},{\"@type\":\"ImageObject\",\"inLanguage\":\"fr-FR\",\"@id\":\"https:\/\/test.bonaparts.fr\/produit\/ecrous-borgne-titane-m6x1-25-brut-x4\/#primaryimage\",\"url\":\"https:\/\/test.bonaparts.fr\/wp-content\/uploads\/2023\/01\/visserie-culasse-titane-dressup-5.jpg\",\"contentUrl\":\"https:\/\/test.bonaparts.fr\/wp-content\/uploads\/2023\/01\/visserie-culasse-titane-dressup-5.jpg\",\"width\":2000,\"height\":2000},{\"@type\":\"BreadcrumbList\",\"@id\":\"https:\/\/test.bonaparts.fr\/produit\/ecrous-borgne-titane-m6x1-25-brut-x4\/#breadcrumb\",\"itemListElement\":[{\"@type\":\"ListItem\",\"position\":1,\"name\":\"Accueil\",\"item\":\"https:\/\/test.bonaparts.fr\/\"},{\"@type\":\"ListItem\",\"position\":2,\"name\":\"Accueil\",\"item\":\"https:\/\/test.bonaparts.fr\/?page_id=823\"},{\"@type\":\"ListItem\",\"position\":3,\"name\":\"\u00c9crous borgne Titane M6x1.25 Brut x4\"}]},{\"@type\":\"WebSite\",\"@id\":\"https:\/\/test.bonaparts.fr\/#website\",\"url\":\"https:\/\/test.bonaparts.fr\/\",\"name\":\"BONAPARTS\",\"description\":\"Pi\u00e8ces d\u00e9tach\u00e9es neuves et d&#039;occasion moto et scooter, sp\u00e9cialiste mono-cylindre 4 temps.\",\"publisher\":{\"@id\":\"https:\/\/test.bonaparts.fr\/#organization\"},\"potentialAction\":[{\"@type\":\"SearchAction\",\"target\":{\"@type\":\"EntryPoint\",\"urlTemplate\":\"https:\/\/test.bonaparts.fr\/?s={search_term_string}\"},\"query-input\":{\"@type\":\"PropertyValueSpecification\",\"valueRequired\":true,\"valueName\":\"search_term_string\"}}],\"inLanguage\":\"fr-FR\"},{\"@type\":\"Organization\",\"@id\":\"https:\/\/test.bonaparts.fr\/#organization\",\"name\":\"BONAPARTS\",\"url\":\"https:\/\/test.bonaparts.fr\/\",\"logo\":{\"@type\":\"ImageObject\",\"inLanguage\":\"fr-FR\",\"@id\":\"https:\/\/test.bonaparts.fr\/#\/schema\/logo\/image\/\",\"url\":\"https:\/\/test.bonaparts.fr\/wp-content\/uploads\/2022\/02\/bonawrench-gris-FINAL.png\",\"contentUrl\":\"https:\/\/test.bonaparts.fr\/wp-content\/uploads\/2022\/02\/bonawrench-gris-FINAL.png\",\"width\":1198,\"height\":1080,\"caption\":\"BONAPARTS\"},\"image\":{\"@id\":\"https:\/\/test.bonaparts.fr\/#\/schema\/logo\/image\/\"},\"sameAs\":[\"https:\/\/www.facebook.com\/Bonaparts\/\",\"https:\/\/www.instagram.com\/bona.parts\/?hl=fr\",\"https:\/\/www.youtube.com\/channel\/UCkO8GGQvOEb61jAxA_G9zXQ\"]}]}<\/script>\n<!-- \/ Yoast SEO plugin. -->","yoast_head_json":{"title":"\u00c9crous borgne Titane M6x1.25 Brut x4 - BONAPARTS","robots":{"index":"index","follow":"follow","max-snippet":"max-snippet:-1","max-image-preview":"max-image-preview:large","max-video-preview":"max-video-preview:-1"},"canonical":"https:\/\/test.bonaparts.fr\/produit\/ecrous-borgne-titane-m6x1-25-brut-x4\/","og_locale":"fr_FR","og_type":"article","og_title":"\u00c9crous borgne Titane M6x1.25 Brut x4 - BONAPARTS","og_description":"Lot de 4 \u00c9crous borgne Titane M8x1.25 Brut, id\u00e9al pour donner une touche pimp \u00e0 votre dress-up. Mat\u00e9riau: alliage titane 6AL\/4V(TC4), Grade 5 M8 taille: hauteur de l&#8217;\u00e9crou: 17.65mm Diam\u00e8tre de l&#8217;\u00e9crou: 17mm Empreinte douille 6 pans 12mm Poids: 4.4 g\/pi\u00e8ce ( lot 16,6g ) Profondeur trou filet\u00e9: 16mm, profondeur filetage 15mm Pitch \/ Pas [&hellip;]","og_url":"https:\/\/test.bonaparts.fr\/produit\/ecrous-borgne-titane-m6x1-25-brut-x4\/","og_site_name":"BONAPARTS","article_publisher":"https:\/\/www.facebook.com\/Bonaparts\/","article_modified_time":"2023-01-06T06:49:32+00:00","og_image":[{"width":2000,"height":2000,"url":"https:\/\/i0.wp.com\/bonaparts.fr\/wp-content\/uploads\/2023\/01\/visserie-culasse-titane-dressup-5.jpg?fit=2000%2C2000&ssl=1","type":"image\/jpeg"}],"twitter_card":"summary_large_image","twitter_misc":{"Dur\u00e9e de lecture estim\u00e9e":"1 minute"},"schema":{"@context":"https:\/\/schema.org","@graph":[{"@type":"WebPage","@id":"https:\/\/test.bonaparts.fr\/produit\/ecrous-borgne-titane-m6x1-25-brut-x4\/","url":"https:\/\/test.bonaparts.fr\/produit\/ecrous-borgne-titane-m6x1-25-brut-x4\/","name":"\u00c9crous borgne Titane M6x1.25 Brut x4 - BONAPARTS","isPartOf":{"@id":"https:\/\/test.bonaparts.fr\/#website"},"primaryImageOfPage":{"@id":"https:\/\/test.bonaparts.fr\/produit\/ecrous-borgne-titane-m6x1-25-brut-x4\/#primaryimage"},"image":{"@id":"https:\/\/test.bonaparts.fr\/produit\/ecrous-borgne-titane-m6x1-25-brut-x4\/#primaryimage"},"thumbnailUrl":"https:\/\/test.bonaparts.fr\/wp-content\/uploads\/2023\/01\/visserie-culasse-titane-dressup-5.jpg","datePublished":"2023-01-06T05:44:30+00:00","dateModified":"2023-01-06T06:49:32+00:00","breadcrumb":{"@id":"https:\/\/test.bonaparts.fr\/produit\/ecrous-borgne-titane-m6x1-25-brut-x4\/#breadcrumb"},"inLanguage":"fr-FR","potentialAction":[{"@type":"ReadAction","target":["https:\/\/test.bonaparts.fr\/produit\/ecrous-borgne-titane-m6x1-25-brut-x4\/"]}]},{"@type":"ImageObject","inLanguage":"fr-FR","@id":"https:\/\/test.bonaparts.fr\/produit\/ecrous-borgne-titane-m6x1-25-brut-x4\/#primaryimage","url":"https:\/\/test.bonaparts.fr\/wp-content\/uploads\/2023\/01\/visserie-culasse-titane-dressup-5.jpg","contentUrl":"https:\/\/test.bonaparts.fr\/wp-content\/uploads\/2023\/01\/visserie-culasse-titane-dressup-5.jpg","width":2000,"height":2000},{"@type":"BreadcrumbList","@id":"https:\/\/test.bonaparts.fr\/produit\/ecrous-borgne-titane-m6x1-25-brut-x4\/#breadcrumb","itemListElement":[{"@type":"ListItem","position":1,"name":"Accueil","item":"https:\/\/test.bonaparts.fr\/"},{"@type":"ListItem","position":2,"name":"Accueil","item":"https:\/\/test.bonaparts.fr\/?page_id=823"},{"@type":"ListItem","position":3,"name":"\u00c9crous borgne Titane M6x1.25 Brut x4"}]},{"@type":"WebSite","@id":"https:\/\/test.bonaparts.fr\/#website","url":"https:\/\/test.bonaparts.fr\/","name":"BONAPARTS","description":"Pi\u00e8ces d\u00e9tach\u00e9es neuves et d&#039;occasion moto et scooter, sp\u00e9cialiste mono-cylindre 4 temps.","publisher":{"@id":"https:\/\/test.bonaparts.fr\/#organization"},"potentialAction":[{"@type":"SearchAction","target":{"@type":"EntryPoint","urlTemplate":"https:\/\/test.bonaparts.fr\/?s={search_term_string}"},"query-input":{"@type":"PropertyValueSpecification","valueRequired":true,"valueName":"search_term_string"}}],"inLanguage":"fr-FR"},{"@type":"Organization","@id":"https:\/\/test.bonaparts.fr\/#organization","name":"BONAPARTS","url":"https:\/\/test.bonaparts.fr\/","logo":{"@type":"ImageObject","inLanguage":"fr-FR","@id":"https:\/\/test.bonaparts.fr\/#\/schema\/logo\/image\/","url":"https:\/\/test.bonaparts.fr\/wp-content\/uploads\/2022\/02\/bonawrench-gris-FINAL.png","contentUrl":"https:\/\/test.bonaparts.fr\/wp-content\/uploads\/2022\/02\/bonawrench-gris-FINAL.png","width":1198,"height":1080,"caption":"BONAPARTS"},"image":{"@id":"https:\/\/test.bonaparts.fr\/#\/schema\/logo\/image\/"},"sameAs":["https:\/\/www.facebook.com\/Bonaparts\/","https:\/\/www.instagram.com\/bona.parts\/?hl=fr","https:\/\/www.youtube.com\/channel\/UCkO8GGQvOEb61jAxA_G9zXQ"]}]}},"pbg_featured_image_src":{"full":["https:\/\/test.bonaparts.fr\/wp-content\/uploads\/2023\/01\/visserie-culasse-titane-dressup-5.jpg",2000,2000,false],"thumbnail":["https:\/\/test.bonaparts.fr\/wp-content\/uploads\/2023\/01\/visserie-culasse-titane-dressup-5-150x150.jpg",150,150,true],"medium":["https:\/\/test.bonaparts.fr\/wp-content\/uploads\/2023\/01\/visserie-culasse-titane-dressup-5-300x300.jpg",300,300,true],"medium_large":["https:\/\/test.bonaparts.fr\/wp-content\/uploads\/2023\/01\/visserie-culasse-titane-dressup-5-768x768.jpg",768,768,true],"large":["https:\/\/test.bonaparts.fr\/wp-content\/uploads\/2023\/01\/visserie-culasse-titane-dressup-5-1024x1024.jpg",980,980,true],"1536x1536":["https:\/\/test.bonaparts.fr\/wp-content\/uploads\/2023\/01\/visserie-culasse-titane-dressup-5-1536x1536.jpg",1536,1536,true],"2048x2048":["https:\/\/test.bonaparts.fr\/wp-content\/uploads\/2023\/01\/visserie-culasse-titane-dressup-5.jpg",2000,2000,false],"wptouch-new-thumbnail":["https:\/\/test.bonaparts.fr\/wp-content\/uploads\/2023\/01\/visserie-culasse-titane-dressup-5-144x144.jpg",144,144,true],"woocommerce_thumbnail":["https:\/\/test.bonaparts.fr\/wp-content\/uploads\/2023\/01\/visserie-culasse-titane-dressup-5-324x324.jpg",324,324,true],"woocommerce_single":["https:\/\/test.bonaparts.fr\/wp-content\/uploads\/2023\/01\/visserie-culasse-titane-dressup-5-416x416.jpg",416,416,true],"woocommerce_gallery_thumbnail":["https:\/\/test.bonaparts.fr\/wp-content\/uploads\/2023\/01\/visserie-culasse-titane-dressup-5-100x100.jpg",100,100,true],"wcpr-photo-reviews":["https:\/\/test.bonaparts.fr\/wp-content\/uploads\/2023\/01\/visserie-culasse-titane-dressup-5-500x500.jpg",500,500,true]},"pbg_author_info":{"display_name":"BONAPARTS","author_link":"https:\/\/test.bonaparts.fr\/?author=0","author_img":"<img alt='BONAPARTS' src='https:\/\/secure.gravatar.com\/avatar\/ee8ffa5ba89d5ffd342c9b67f99c1f2f5462d5ca62704a21f66b42e75e1d19ff?s=128&#038;d=identicon&#038;r=g' srcset='https:\/\/secure.gravatar.com\/avatar\/ee8ffa5ba89d5ffd342c9b67f99c1f2f5462d5ca62704a21f66b42e75e1d19ff?s=256&#038;d=identicon&#038;r=g 2x' class='avatar avatar-128 photo' height='128' width='128' decoding='async'\/>"},"pbg_comment_info":" No Comments","pbg_excerpt":"Lot de 4 \u00c9crous borgne Titane M8x1.25 Brut, id\u00e9al pour donner une touche pimp \u00e0 votre dress-up. Mat\u00e9riau: alliage titane 6AL\/4V(TC4), Grade 5 M8 taille: hauteur de l&#8217;\u00e9crou: 17.65mm Diam\u00e8tre de l&#8217;\u00e9crou: 17mm Empreinte douille 6 pans 12mm Poids: 4.4 g\/pi\u00e8ce ( lot 16,6g ) Profondeur trou filet\u00e9: 16mm, profondeur filetage 15mm Pitch \/ Pas\u2026","jetpack_likes_enabled":false,"jetpack_sharing_enabled":true,"_links":{"self":[{"href":"https:\/\/test.bonaparts.fr\/index.php?rest_route=\/wp\/v2\/product\/11764","targetHints":{"allow":["GET"]}}],"collection":[{"href":"https:\/\/test.bonaparts.fr\/index.php?rest_route=\/wp\/v2\/product"}],"about":[{"href":"https:\/\/test.bonaparts.fr\/index.php?rest_route=\/wp\/v2\/types\/product"}],"wp:featuredmedia":[{"embeddable":true,"href":"https:\/\/test.bonaparts.fr\/index.php?rest_route=\/wp\/v2\/media\/11759"}],"wp:attachment":[{"href":"https:\/\/test.bonaparts.fr\/index.php?rest_route=%2Fwp%2Fv2%2Fmedia&parent=11764"}],"wp:term":[{"taxonomy":"product_brand","embeddable":true,"href":"https:\/\/test.bonaparts.fr\/index.php?rest_route=%2Fwp%2Fv2%2Fproduct_brand&post=11764"},{"taxonomy":"product_cat","embeddable":true,"href":"https:\/\/test.bonaparts.fr\/index.php?rest_route=%2Fwp%2Fv2%2Fproduct_cat&post=11764"},{"taxonomy":"product_tag","embeddable":true,"href":"https:\/\/test.bonaparts.fr\/index.php?rest_route=%2Fwp%2Fv2%2Fproduct_tag&post=11764"},{"taxonomy":"pa_autre-numero-de-piece","embeddable":true,"href":"https:\/\/test.bonaparts.fr\/index.php?rest_route=%2Fwp%2Fv2%2Fpa_autre-numero-de-piece&post=11764"},{"taxonomy":"pa_type","embeddable":true,"href":"https:\/\/test.bonaparts.fr\/index.php?rest_route=%2Fwp%2Fv2%2Fpa_type&post=11764"}],"curies":[{"name":"wp","href":"https:\/\/api.w.org\/{rel}","templated":true}]}}