{"id":11772,"date":"2023-01-06T07:11:57","date_gmt":"2023-01-06T06:11:57","guid":{"rendered":"https:\/\/test.bonaparts.fr\/?post_type=product&#038;p=11772"},"modified":"2025-08-13T07:14:19","modified_gmt":"2025-08-13T05:14:19","slug":"visserie-cuve-carburateur-btr-titane-m4-12mm-x4-brut","status":"publish","type":"product","link":"https:\/\/test.bonaparts.fr\/?product=visserie-cuve-carburateur-btr-titane-m4-12mm-x4-brut","title":{"rendered":"Visserie cuve carburateur BTR titane M4 12mm x4 Brut"},"content":{"rendered":"<p>Lot de 4 visses de cuve de carburateur BTR titane M4x12 Brut<\/p>\n<p>Embout BTR 3mm<br \/>\nMati\u00e8re : Titanium gr2.<br \/>\nDIN 912 Hex 3.0<br \/>\nPas de vis \/ longueur : M4 \/12mm<br \/>\nPoids 1.05g<\/p>\n","protected":false},"excerpt":{"rendered":"<p>Lot de 4 visses de cuve de carburateur BTR titane M4x12 Brut Embout BTR 3mm Mati\u00e8re : Titanium gr2. DIN 912 Hex 3.0 Pas de vis \/ longueur : M4 \/12mm Poids 1.05g<\/p>\n","protected":false},"featured_media":11776,"template":"","meta":[],"product_brand":[],"product_cat":[8201,7896,6507,6500,6491,6671,6419,6514,6468,6638,6461,6791,6783,6798,6812,6769,6776,6819,6833,6826,6476],"product_tag":[8300,8299],"pa_autre-numero-de-piece":[],"pa_type":[],"class_list":{"0":"post-11772","1":"product","2":"type-product","3":"status-publish","4":"has-post-thumbnail","6":"product_cat-admission-190-zongshen-zs1p62yml-2","7":"product_cat-admission-honda-nice110","8":"product_cat-admission-klx110","9":"product_cat-admission-z50","10":"product_cat-admission-moteur-atc70","11":"product_cat-admission-dirtchine","12":"product_cat-admission-crf110","13":"product_cat-admission-crf50","14":"product_cat-admission-moteur-chaly-cf","15":"product_cat-admission-dax","16":"product_cat-admission-pbr","17":"product_cat-admission-125adp","18":"product_cat-admission-125sdp","19":"product_cat-admission-140yx","20":"product_cat-admission-150yx","21":"product_cat-admission-50cc-70cc","22":"product_cat-admission-88cc","23":"product_cat-admission-50-70-12v","24":"product_cat-admission-50-70-6v-nt","25":"product_cat-admission-50-70-6v-ot","26":"product_cat-admission-moteur-crf70","27":"product_tag-titan-screw","28":"product_tag-visserie-titane","30":"first","31":"instock","32":"shipping-taxable","33":"purchasable","34":"product-type-simple"},"yoast_head":"<!-- This site is optimized with the Yoast SEO plugin v26.0 - https:\/\/yoast.com\/wordpress\/plugins\/seo\/ -->\n<title>Visserie cuve carburateur BTR titane M4 12mm x4 Brut - BONAPARTS<\/title>\n<meta name=\"robots\" content=\"index, follow, max-snippet:-1, max-image-preview:large, max-video-preview:-1\" \/>\n<link rel=\"canonical\" href=\"https:\/\/test.bonaparts.fr\/produit\/visserie-cuve-carburateur-btr-titane-m4-12mm-x4-brut\/\" \/>\n<meta property=\"og:locale\" content=\"fr_FR\" \/>\n<meta property=\"og:type\" content=\"article\" \/>\n<meta property=\"og:title\" content=\"Visserie cuve carburateur BTR titane M4 12mm x4 Brut - BONAPARTS\" \/>\n<meta property=\"og:description\" content=\"Lot de 4 visses de cuve de carburateur BTR titane M4x12 Brut Embout BTR 3mm Mati\u00e8re : Titanium gr2. DIN 912 Hex 3.0 Pas de vis \/ longueur : M4 \/12mm Poids 1.05g\" \/>\n<meta property=\"og:url\" content=\"https:\/\/test.bonaparts.fr\/produit\/visserie-cuve-carburateur-btr-titane-m4-12mm-x4-brut\/\" \/>\n<meta property=\"og:site_name\" content=\"BONAPARTS\" \/>\n<meta property=\"article:publisher\" content=\"https:\/\/www.facebook.com\/Bonaparts\/\" \/>\n<meta property=\"article:modified_time\" content=\"2025-08-13T05:14:19+00:00\" \/>\n<meta property=\"og:image\" content=\"https:\/\/i0.wp.com\/bonaparts.fr\/wp-content\/uploads\/2023\/01\/visserie-carburateur-titane-4.jpeg?fit=786%2C553&ssl=1\" \/>\n\t<meta property=\"og:image:width\" content=\"786\" \/>\n\t<meta property=\"og:image:height\" content=\"553\" \/>\n\t<meta property=\"og:image:type\" content=\"image\/jpeg\" \/>\n<meta name=\"twitter:card\" content=\"summary_large_image\" \/>\n<meta name=\"twitter:label1\" content=\"Dur\u00e9e de lecture estim\u00e9e\" \/>\n\t<meta name=\"twitter:data1\" content=\"1 minute\" \/>\n<script type=\"application\/ld+json\" class=\"yoast-schema-graph\">{\"@context\":\"https:\/\/schema.org\",\"@graph\":[{\"@type\":\"WebPage\",\"@id\":\"https:\/\/test.bonaparts.fr\/produit\/visserie-cuve-carburateur-btr-titane-m4-12mm-x4-brut\/\",\"url\":\"https:\/\/test.bonaparts.fr\/produit\/visserie-cuve-carburateur-btr-titane-m4-12mm-x4-brut\/\",\"name\":\"Visserie cuve carburateur BTR titane M4 12mm x4 Brut - BONAPARTS\",\"isPartOf\":{\"@id\":\"https:\/\/test.bonaparts.fr\/#website\"},\"primaryImageOfPage\":{\"@id\":\"https:\/\/test.bonaparts.fr\/produit\/visserie-cuve-carburateur-btr-titane-m4-12mm-x4-brut\/#primaryimage\"},\"image\":{\"@id\":\"https:\/\/test.bonaparts.fr\/produit\/visserie-cuve-carburateur-btr-titane-m4-12mm-x4-brut\/#primaryimage\"},\"thumbnailUrl\":\"https:\/\/test.bonaparts.fr\/wp-content\/uploads\/2023\/01\/visserie-carburateur-titane-4.jpeg\",\"datePublished\":\"2023-01-06T06:11:57+00:00\",\"dateModified\":\"2025-08-13T05:14:19+00:00\",\"breadcrumb\":{\"@id\":\"https:\/\/test.bonaparts.fr\/produit\/visserie-cuve-carburateur-btr-titane-m4-12mm-x4-brut\/#breadcrumb\"},\"inLanguage\":\"fr-FR\",\"potentialAction\":[{\"@type\":\"ReadAction\",\"target\":[\"https:\/\/test.bonaparts.fr\/produit\/visserie-cuve-carburateur-btr-titane-m4-12mm-x4-brut\/\"]}]},{\"@type\":\"ImageObject\",\"inLanguage\":\"fr-FR\",\"@id\":\"https:\/\/test.bonaparts.fr\/produit\/visserie-cuve-carburateur-btr-titane-m4-12mm-x4-brut\/#primaryimage\",\"url\":\"https:\/\/test.bonaparts.fr\/wp-content\/uploads\/2023\/01\/visserie-carburateur-titane-4.jpeg\",\"contentUrl\":\"https:\/\/test.bonaparts.fr\/wp-content\/uploads\/2023\/01\/visserie-carburateur-titane-4.jpeg\",\"width\":786,\"height\":553},{\"@type\":\"BreadcrumbList\",\"@id\":\"https:\/\/test.bonaparts.fr\/produit\/visserie-cuve-carburateur-btr-titane-m4-12mm-x4-brut\/#breadcrumb\",\"itemListElement\":[{\"@type\":\"ListItem\",\"position\":1,\"name\":\"Accueil\",\"item\":\"https:\/\/test.bonaparts.fr\/\"},{\"@type\":\"ListItem\",\"position\":2,\"name\":\"Accueil\",\"item\":\"https:\/\/test.bonaparts.fr\/?page_id=823\"},{\"@type\":\"ListItem\",\"position\":3,\"name\":\"Visserie cuve carburateur BTR titane M4 12mm x4 Brut\"}]},{\"@type\":\"WebSite\",\"@id\":\"https:\/\/test.bonaparts.fr\/#website\",\"url\":\"https:\/\/test.bonaparts.fr\/\",\"name\":\"BONAPARTS\",\"description\":\"Pi\u00e8ces d\u00e9tach\u00e9es neuves et d&#039;occasion moto et scooter, sp\u00e9cialiste mono-cylindre 4 temps.\",\"publisher\":{\"@id\":\"https:\/\/test.bonaparts.fr\/#organization\"},\"potentialAction\":[{\"@type\":\"SearchAction\",\"target\":{\"@type\":\"EntryPoint\",\"urlTemplate\":\"https:\/\/test.bonaparts.fr\/?s={search_term_string}\"},\"query-input\":{\"@type\":\"PropertyValueSpecification\",\"valueRequired\":true,\"valueName\":\"search_term_string\"}}],\"inLanguage\":\"fr-FR\"},{\"@type\":\"Organization\",\"@id\":\"https:\/\/test.bonaparts.fr\/#organization\",\"name\":\"BONAPARTS\",\"url\":\"https:\/\/test.bonaparts.fr\/\",\"logo\":{\"@type\":\"ImageObject\",\"inLanguage\":\"fr-FR\",\"@id\":\"https:\/\/test.bonaparts.fr\/#\/schema\/logo\/image\/\",\"url\":\"https:\/\/test.bonaparts.fr\/wp-content\/uploads\/2022\/02\/bonawrench-gris-FINAL.png\",\"contentUrl\":\"https:\/\/test.bonaparts.fr\/wp-content\/uploads\/2022\/02\/bonawrench-gris-FINAL.png\",\"width\":1198,\"height\":1080,\"caption\":\"BONAPARTS\"},\"image\":{\"@id\":\"https:\/\/test.bonaparts.fr\/#\/schema\/logo\/image\/\"},\"sameAs\":[\"https:\/\/www.facebook.com\/Bonaparts\/\",\"https:\/\/www.instagram.com\/bona.parts\/?hl=fr\",\"https:\/\/www.youtube.com\/channel\/UCkO8GGQvOEb61jAxA_G9zXQ\"]}]}<\/script>\n<!-- \/ Yoast SEO plugin. -->","yoast_head_json":{"title":"Visserie cuve carburateur BTR titane M4 12mm x4 Brut - BONAPARTS","robots":{"index":"index","follow":"follow","max-snippet":"max-snippet:-1","max-image-preview":"max-image-preview:large","max-video-preview":"max-video-preview:-1"},"canonical":"https:\/\/test.bonaparts.fr\/produit\/visserie-cuve-carburateur-btr-titane-m4-12mm-x4-brut\/","og_locale":"fr_FR","og_type":"article","og_title":"Visserie cuve carburateur BTR titane M4 12mm x4 Brut - BONAPARTS","og_description":"Lot de 4 visses de cuve de carburateur BTR titane M4x12 Brut Embout BTR 3mm Mati\u00e8re : Titanium gr2. DIN 912 Hex 3.0 Pas de vis \/ longueur : M4 \/12mm Poids 1.05g","og_url":"https:\/\/test.bonaparts.fr\/produit\/visserie-cuve-carburateur-btr-titane-m4-12mm-x4-brut\/","og_site_name":"BONAPARTS","article_publisher":"https:\/\/www.facebook.com\/Bonaparts\/","article_modified_time":"2025-08-13T05:14:19+00:00","og_image":[{"width":786,"height":553,"url":"https:\/\/i0.wp.com\/bonaparts.fr\/wp-content\/uploads\/2023\/01\/visserie-carburateur-titane-4.jpeg?fit=786%2C553&ssl=1","type":"image\/jpeg"}],"twitter_card":"summary_large_image","twitter_misc":{"Dur\u00e9e de lecture estim\u00e9e":"1 minute"},"schema":{"@context":"https:\/\/schema.org","@graph":[{"@type":"WebPage","@id":"https:\/\/test.bonaparts.fr\/produit\/visserie-cuve-carburateur-btr-titane-m4-12mm-x4-brut\/","url":"https:\/\/test.bonaparts.fr\/produit\/visserie-cuve-carburateur-btr-titane-m4-12mm-x4-brut\/","name":"Visserie cuve carburateur BTR titane M4 12mm x4 Brut - BONAPARTS","isPartOf":{"@id":"https:\/\/test.bonaparts.fr\/#website"},"primaryImageOfPage":{"@id":"https:\/\/test.bonaparts.fr\/produit\/visserie-cuve-carburateur-btr-titane-m4-12mm-x4-brut\/#primaryimage"},"image":{"@id":"https:\/\/test.bonaparts.fr\/produit\/visserie-cuve-carburateur-btr-titane-m4-12mm-x4-brut\/#primaryimage"},"thumbnailUrl":"https:\/\/test.bonaparts.fr\/wp-content\/uploads\/2023\/01\/visserie-carburateur-titane-4.jpeg","datePublished":"2023-01-06T06:11:57+00:00","dateModified":"2025-08-13T05:14:19+00:00","breadcrumb":{"@id":"https:\/\/test.bonaparts.fr\/produit\/visserie-cuve-carburateur-btr-titane-m4-12mm-x4-brut\/#breadcrumb"},"inLanguage":"fr-FR","potentialAction":[{"@type":"ReadAction","target":["https:\/\/test.bonaparts.fr\/produit\/visserie-cuve-carburateur-btr-titane-m4-12mm-x4-brut\/"]}]},{"@type":"ImageObject","inLanguage":"fr-FR","@id":"https:\/\/test.bonaparts.fr\/produit\/visserie-cuve-carburateur-btr-titane-m4-12mm-x4-brut\/#primaryimage","url":"https:\/\/test.bonaparts.fr\/wp-content\/uploads\/2023\/01\/visserie-carburateur-titane-4.jpeg","contentUrl":"https:\/\/test.bonaparts.fr\/wp-content\/uploads\/2023\/01\/visserie-carburateur-titane-4.jpeg","width":786,"height":553},{"@type":"BreadcrumbList","@id":"https:\/\/test.bonaparts.fr\/produit\/visserie-cuve-carburateur-btr-titane-m4-12mm-x4-brut\/#breadcrumb","itemListElement":[{"@type":"ListItem","position":1,"name":"Accueil","item":"https:\/\/test.bonaparts.fr\/"},{"@type":"ListItem","position":2,"name":"Accueil","item":"https:\/\/test.bonaparts.fr\/?page_id=823"},{"@type":"ListItem","position":3,"name":"Visserie cuve carburateur BTR titane M4 12mm x4 Brut"}]},{"@type":"WebSite","@id":"https:\/\/test.bonaparts.fr\/#website","url":"https:\/\/test.bonaparts.fr\/","name":"BONAPARTS","description":"Pi\u00e8ces d\u00e9tach\u00e9es neuves et d&#039;occasion moto et scooter, sp\u00e9cialiste mono-cylindre 4 temps.","publisher":{"@id":"https:\/\/test.bonaparts.fr\/#organization"},"potentialAction":[{"@type":"SearchAction","target":{"@type":"EntryPoint","urlTemplate":"https:\/\/test.bonaparts.fr\/?s={search_term_string}"},"query-input":{"@type":"PropertyValueSpecification","valueRequired":true,"valueName":"search_term_string"}}],"inLanguage":"fr-FR"},{"@type":"Organization","@id":"https:\/\/test.bonaparts.fr\/#organization","name":"BONAPARTS","url":"https:\/\/test.bonaparts.fr\/","logo":{"@type":"ImageObject","inLanguage":"fr-FR","@id":"https:\/\/test.bonaparts.fr\/#\/schema\/logo\/image\/","url":"https:\/\/test.bonaparts.fr\/wp-content\/uploads\/2022\/02\/bonawrench-gris-FINAL.png","contentUrl":"https:\/\/test.bonaparts.fr\/wp-content\/uploads\/2022\/02\/bonawrench-gris-FINAL.png","width":1198,"height":1080,"caption":"BONAPARTS"},"image":{"@id":"https:\/\/test.bonaparts.fr\/#\/schema\/logo\/image\/"},"sameAs":["https:\/\/www.facebook.com\/Bonaparts\/","https:\/\/www.instagram.com\/bona.parts\/?hl=fr","https:\/\/www.youtube.com\/channel\/UCkO8GGQvOEb61jAxA_G9zXQ"]}]}},"pbg_featured_image_src":{"full":["https:\/\/test.bonaparts.fr\/wp-content\/uploads\/2023\/01\/visserie-carburateur-titane-4.jpeg",786,553,false],"thumbnail":["https:\/\/test.bonaparts.fr\/wp-content\/uploads\/2023\/01\/visserie-carburateur-titane-4-150x150.jpeg",150,150,true],"medium":["https:\/\/test.bonaparts.fr\/wp-content\/uploads\/2023\/01\/visserie-carburateur-titane-4-300x211.jpeg",300,211,true],"medium_large":["https:\/\/test.bonaparts.fr\/wp-content\/uploads\/2023\/01\/visserie-carburateur-titane-4-768x540.jpeg",768,540,true],"large":["https:\/\/test.bonaparts.fr\/wp-content\/uploads\/2023\/01\/visserie-carburateur-titane-4.jpeg",786,553,false],"1536x1536":["https:\/\/test.bonaparts.fr\/wp-content\/uploads\/2023\/01\/visserie-carburateur-titane-4.jpeg",786,553,false],"2048x2048":["https:\/\/test.bonaparts.fr\/wp-content\/uploads\/2023\/01\/visserie-carburateur-titane-4.jpeg",786,553,false],"wptouch-new-thumbnail":["https:\/\/test.bonaparts.fr\/wp-content\/uploads\/2023\/01\/visserie-carburateur-titane-4-144x144.jpeg",144,144,true],"woocommerce_thumbnail":["https:\/\/test.bonaparts.fr\/wp-content\/uploads\/2023\/01\/visserie-carburateur-titane-4-324x324.jpeg",324,324,true],"woocommerce_single":["https:\/\/test.bonaparts.fr\/wp-content\/uploads\/2023\/01\/visserie-carburateur-titane-4-416x293.jpeg",416,293,true],"woocommerce_gallery_thumbnail":["https:\/\/test.bonaparts.fr\/wp-content\/uploads\/2023\/01\/visserie-carburateur-titane-4-100x100.jpeg",100,100,true],"wcpr-photo-reviews":["https:\/\/test.bonaparts.fr\/wp-content\/uploads\/2023\/01\/visserie-carburateur-titane-4-500x352.jpeg",500,352,true]},"pbg_author_info":{"display_name":"BONAPARTS","author_link":"https:\/\/test.bonaparts.fr\/?author=0","author_img":"<img alt='BONAPARTS' src='https:\/\/secure.gravatar.com\/avatar\/ee8ffa5ba89d5ffd342c9b67f99c1f2f5462d5ca62704a21f66b42e75e1d19ff?s=128&#038;d=identicon&#038;r=g' srcset='https:\/\/secure.gravatar.com\/avatar\/ee8ffa5ba89d5ffd342c9b67f99c1f2f5462d5ca62704a21f66b42e75e1d19ff?s=256&#038;d=identicon&#038;r=g 2x' class='avatar avatar-128 photo' height='128' width='128' decoding='async'\/>"},"pbg_comment_info":" No Comments","pbg_excerpt":"Lot de 4 visses de cuve de carburateur BTR titane M4x12 Brut Embout BTR 3mm Mati\u00e8re : Titanium gr2. DIN 912 Hex 3.0 Pas de vis \/ longueur : M4 \/12mm Poids 1.05g","jetpack_likes_enabled":false,"jetpack_sharing_enabled":true,"_links":{"self":[{"href":"https:\/\/test.bonaparts.fr\/index.php?rest_route=\/wp\/v2\/product\/11772","targetHints":{"allow":["GET"]}}],"collection":[{"href":"https:\/\/test.bonaparts.fr\/index.php?rest_route=\/wp\/v2\/product"}],"about":[{"href":"https:\/\/test.bonaparts.fr\/index.php?rest_route=\/wp\/v2\/types\/product"}],"wp:featuredmedia":[{"embeddable":true,"href":"https:\/\/test.bonaparts.fr\/index.php?rest_route=\/wp\/v2\/media\/11776"}],"wp:attachment":[{"href":"https:\/\/test.bonaparts.fr\/index.php?rest_route=%2Fwp%2Fv2%2Fmedia&parent=11772"}],"wp:term":[{"taxonomy":"product_brand","embeddable":true,"href":"https:\/\/test.bonaparts.fr\/index.php?rest_route=%2Fwp%2Fv2%2Fproduct_brand&post=11772"},{"taxonomy":"product_cat","embeddable":true,"href":"https:\/\/test.bonaparts.fr\/index.php?rest_route=%2Fwp%2Fv2%2Fproduct_cat&post=11772"},{"taxonomy":"product_tag","embeddable":true,"href":"https:\/\/test.bonaparts.fr\/index.php?rest_route=%2Fwp%2Fv2%2Fproduct_tag&post=11772"},{"taxonomy":"pa_autre-numero-de-piece","embeddable":true,"href":"https:\/\/test.bonaparts.fr\/index.php?rest_route=%2Fwp%2Fv2%2Fpa_autre-numero-de-piece&post=11772"},{"taxonomy":"pa_type","embeddable":true,"href":"https:\/\/test.bonaparts.fr\/index.php?rest_route=%2Fwp%2Fv2%2Fpa_type&post=11772"}],"curies":[{"name":"wp","href":"https:\/\/api.w.org\/{rel}","templated":true}]}}