{"id":11778,"date":"2023-01-06T07:47:25","date_gmt":"2023-01-06T06:47:25","guid":{"rendered":"https:\/\/test.bonaparts.fr\/?post_type=product&#038;p=11778"},"modified":"2023-03-08T13:35:35","modified_gmt":"2023-03-08T12:35:35","slug":"kit-embrayage-manuel-yamaha-ttr-110-2008-22","status":"publish","type":"product","link":"https:\/\/test.bonaparts.fr\/?product=kit-embrayage-manuel-yamaha-ttr-110-2008-22","title":{"rendered":"Kit Embrayage Manuel Yamaha TTR 110 2008-22"},"content":{"rendered":"<p>Kit Embrayage Manuel pour Yamaha TTR 110.<\/p>\n<p>Compatible avec les mod\u00e8les de 2008 \u00e0 2022.<\/p>\n<p><strong>Le kit comprend :<\/strong><br \/>\n&#8211; Carter d&#8217;embrayage manuel<br \/>\n&#8211; C\u00e2ble d&#8217;embrayage<br \/>\n&#8211; Cocotte + levier d&#8217;embrayage<br \/>\n&#8211; Came poussoir d&#8217;embrayage<\/p>\n<p><em>Joint spi de kick non inclus.<\/em><\/p>\n","protected":false},"excerpt":{"rendered":"<p>Kit Embrayage Manuel pour Yamaha TTR 110. Compatible avec les mod\u00e8les de 2008 \u00e0 2022. Le kit comprend : &#8211; Carter d&#8217;embrayage manuel &#8211; C\u00e2ble d&#8217;embrayage &#8211; Cocotte + levier d&#8217;embrayage &#8211; Came poussoir d&#8217;embrayage Joint spi de kick non inclus.<\/p>\n","protected":false},"featured_media":11780,"template":"","meta":[],"product_brand":[],"product_cat":[6486,6488],"product_tag":[8301,8302,8303],"pa_autre-numero-de-piece":[],"pa_type":[],"class_list":{"0":"post-11778","1":"product","2":"type-product","3":"status-publish","4":"has-post-thumbnail","6":"product_cat-ttr110","7":"product_cat-moteur-ttr","8":"product_tag-embrayage-ttr-110","9":"product_tag-ttr110-clutch-kit","10":"product_tag-yamaha-ttr-110-manual-clutch","12":"first","13":"onbackorder","14":"shipping-taxable","15":"purchasable","16":"product-type-simple"},"yoast_head":"<!-- This site is optimized with the Yoast SEO plugin v26.0 - https:\/\/yoast.com\/wordpress\/plugins\/seo\/ -->\n<title>Kit Embrayage Manuel Yamaha TTR 110 2008-22 - BONAPARTS<\/title>\n<meta name=\"robots\" content=\"index, follow, max-snippet:-1, max-image-preview:large, max-video-preview:-1\" \/>\n<link rel=\"canonical\" href=\"https:\/\/test.bonaparts.fr\/produit\/kit-embrayage-manuel-yamaha-ttr-110-2008-22\/\" \/>\n<meta property=\"og:locale\" content=\"fr_FR\" \/>\n<meta property=\"og:type\" content=\"article\" \/>\n<meta property=\"og:title\" content=\"Kit Embrayage Manuel Yamaha TTR 110 2008-22 - BONAPARTS\" \/>\n<meta property=\"og:description\" content=\"Kit Embrayage Manuel pour Yamaha TTR 110. Compatible avec les mod\u00e8les de 2008 \u00e0 2022. Le kit comprend : &#8211; Carter d&#8217;embrayage manuel &#8211; C\u00e2ble d&#8217;embrayage &#8211; Cocotte + levier d&#8217;embrayage &#8211; Came poussoir d&#8217;embrayage Joint spi de kick non inclus.\" \/>\n<meta property=\"og:url\" content=\"https:\/\/test.bonaparts.fr\/produit\/kit-embrayage-manuel-yamaha-ttr-110-2008-22\/\" \/>\n<meta property=\"og:site_name\" content=\"BONAPARTS\" \/>\n<meta property=\"article:publisher\" content=\"https:\/\/www.facebook.com\/Bonaparts\/\" \/>\n<meta property=\"article:modified_time\" content=\"2023-03-08T12:35:35+00:00\" \/>\n<meta property=\"og:image\" content=\"https:\/\/i0.wp.com\/bonaparts.fr\/wp-content\/uploads\/2023\/01\/7c129cae68112c01f90122191ab2eaf4.jpeg?fit=695%2C701&ssl=1\" \/>\n\t<meta property=\"og:image:width\" content=\"695\" \/>\n\t<meta property=\"og:image:height\" content=\"701\" \/>\n\t<meta property=\"og:image:type\" content=\"image\/jpeg\" \/>\n<meta name=\"twitter:card\" content=\"summary_large_image\" \/>\n<meta name=\"twitter:label1\" content=\"Dur\u00e9e de lecture estim\u00e9e\" \/>\n\t<meta name=\"twitter:data1\" content=\"1 minute\" \/>\n<script type=\"application\/ld+json\" class=\"yoast-schema-graph\">{\"@context\":\"https:\/\/schema.org\",\"@graph\":[{\"@type\":\"WebPage\",\"@id\":\"https:\/\/test.bonaparts.fr\/produit\/kit-embrayage-manuel-yamaha-ttr-110-2008-22\/\",\"url\":\"https:\/\/test.bonaparts.fr\/produit\/kit-embrayage-manuel-yamaha-ttr-110-2008-22\/\",\"name\":\"Kit Embrayage Manuel Yamaha TTR 110 2008-22 - BONAPARTS\",\"isPartOf\":{\"@id\":\"https:\/\/test.bonaparts.fr\/#website\"},\"primaryImageOfPage\":{\"@id\":\"https:\/\/test.bonaparts.fr\/produit\/kit-embrayage-manuel-yamaha-ttr-110-2008-22\/#primaryimage\"},\"image\":{\"@id\":\"https:\/\/test.bonaparts.fr\/produit\/kit-embrayage-manuel-yamaha-ttr-110-2008-22\/#primaryimage\"},\"thumbnailUrl\":\"https:\/\/test.bonaparts.fr\/wp-content\/uploads\/2023\/01\/7c129cae68112c01f90122191ab2eaf4.jpeg\",\"datePublished\":\"2023-01-06T06:47:25+00:00\",\"dateModified\":\"2023-03-08T12:35:35+00:00\",\"breadcrumb\":{\"@id\":\"https:\/\/test.bonaparts.fr\/produit\/kit-embrayage-manuel-yamaha-ttr-110-2008-22\/#breadcrumb\"},\"inLanguage\":\"fr-FR\",\"potentialAction\":[{\"@type\":\"ReadAction\",\"target\":[\"https:\/\/test.bonaparts.fr\/produit\/kit-embrayage-manuel-yamaha-ttr-110-2008-22\/\"]}]},{\"@type\":\"ImageObject\",\"inLanguage\":\"fr-FR\",\"@id\":\"https:\/\/test.bonaparts.fr\/produit\/kit-embrayage-manuel-yamaha-ttr-110-2008-22\/#primaryimage\",\"url\":\"https:\/\/test.bonaparts.fr\/wp-content\/uploads\/2023\/01\/7c129cae68112c01f90122191ab2eaf4.jpeg\",\"contentUrl\":\"https:\/\/test.bonaparts.fr\/wp-content\/uploads\/2023\/01\/7c129cae68112c01f90122191ab2eaf4.jpeg\",\"width\":695,\"height\":701},{\"@type\":\"BreadcrumbList\",\"@id\":\"https:\/\/test.bonaparts.fr\/produit\/kit-embrayage-manuel-yamaha-ttr-110-2008-22\/#breadcrumb\",\"itemListElement\":[{\"@type\":\"ListItem\",\"position\":1,\"name\":\"Accueil\",\"item\":\"https:\/\/test.bonaparts.fr\/\"},{\"@type\":\"ListItem\",\"position\":2,\"name\":\"Accueil\",\"item\":\"https:\/\/test.bonaparts.fr\/?page_id=823\"},{\"@type\":\"ListItem\",\"position\":3,\"name\":\"Kit Embrayage Manuel Yamaha TTR 110 2008-22\"}]},{\"@type\":\"WebSite\",\"@id\":\"https:\/\/test.bonaparts.fr\/#website\",\"url\":\"https:\/\/test.bonaparts.fr\/\",\"name\":\"BONAPARTS\",\"description\":\"Pi\u00e8ces d\u00e9tach\u00e9es neuves et d&#039;occasion moto et scooter, sp\u00e9cialiste mono-cylindre 4 temps.\",\"publisher\":{\"@id\":\"https:\/\/test.bonaparts.fr\/#organization\"},\"potentialAction\":[{\"@type\":\"SearchAction\",\"target\":{\"@type\":\"EntryPoint\",\"urlTemplate\":\"https:\/\/test.bonaparts.fr\/?s={search_term_string}\"},\"query-input\":{\"@type\":\"PropertyValueSpecification\",\"valueRequired\":true,\"valueName\":\"search_term_string\"}}],\"inLanguage\":\"fr-FR\"},{\"@type\":\"Organization\",\"@id\":\"https:\/\/test.bonaparts.fr\/#organization\",\"name\":\"BONAPARTS\",\"url\":\"https:\/\/test.bonaparts.fr\/\",\"logo\":{\"@type\":\"ImageObject\",\"inLanguage\":\"fr-FR\",\"@id\":\"https:\/\/test.bonaparts.fr\/#\/schema\/logo\/image\/\",\"url\":\"https:\/\/test.bonaparts.fr\/wp-content\/uploads\/2022\/02\/bonawrench-gris-FINAL.png\",\"contentUrl\":\"https:\/\/test.bonaparts.fr\/wp-content\/uploads\/2022\/02\/bonawrench-gris-FINAL.png\",\"width\":1198,\"height\":1080,\"caption\":\"BONAPARTS\"},\"image\":{\"@id\":\"https:\/\/test.bonaparts.fr\/#\/schema\/logo\/image\/\"},\"sameAs\":[\"https:\/\/www.facebook.com\/Bonaparts\/\",\"https:\/\/www.instagram.com\/bona.parts\/?hl=fr\",\"https:\/\/www.youtube.com\/channel\/UCkO8GGQvOEb61jAxA_G9zXQ\"]}]}<\/script>\n<!-- \/ Yoast SEO plugin. -->","yoast_head_json":{"title":"Kit Embrayage Manuel Yamaha TTR 110 2008-22 - BONAPARTS","robots":{"index":"index","follow":"follow","max-snippet":"max-snippet:-1","max-image-preview":"max-image-preview:large","max-video-preview":"max-video-preview:-1"},"canonical":"https:\/\/test.bonaparts.fr\/produit\/kit-embrayage-manuel-yamaha-ttr-110-2008-22\/","og_locale":"fr_FR","og_type":"article","og_title":"Kit Embrayage Manuel Yamaha TTR 110 2008-22 - BONAPARTS","og_description":"Kit Embrayage Manuel pour Yamaha TTR 110. Compatible avec les mod\u00e8les de 2008 \u00e0 2022. Le kit comprend : &#8211; Carter d&#8217;embrayage manuel &#8211; C\u00e2ble d&#8217;embrayage &#8211; Cocotte + levier d&#8217;embrayage &#8211; Came poussoir d&#8217;embrayage Joint spi de kick non inclus.","og_url":"https:\/\/test.bonaparts.fr\/produit\/kit-embrayage-manuel-yamaha-ttr-110-2008-22\/","og_site_name":"BONAPARTS","article_publisher":"https:\/\/www.facebook.com\/Bonaparts\/","article_modified_time":"2023-03-08T12:35:35+00:00","og_image":[{"width":695,"height":701,"url":"https:\/\/i0.wp.com\/bonaparts.fr\/wp-content\/uploads\/2023\/01\/7c129cae68112c01f90122191ab2eaf4.jpeg?fit=695%2C701&ssl=1","type":"image\/jpeg"}],"twitter_card":"summary_large_image","twitter_misc":{"Dur\u00e9e de lecture estim\u00e9e":"1 minute"},"schema":{"@context":"https:\/\/schema.org","@graph":[{"@type":"WebPage","@id":"https:\/\/test.bonaparts.fr\/produit\/kit-embrayage-manuel-yamaha-ttr-110-2008-22\/","url":"https:\/\/test.bonaparts.fr\/produit\/kit-embrayage-manuel-yamaha-ttr-110-2008-22\/","name":"Kit Embrayage Manuel Yamaha TTR 110 2008-22 - BONAPARTS","isPartOf":{"@id":"https:\/\/test.bonaparts.fr\/#website"},"primaryImageOfPage":{"@id":"https:\/\/test.bonaparts.fr\/produit\/kit-embrayage-manuel-yamaha-ttr-110-2008-22\/#primaryimage"},"image":{"@id":"https:\/\/test.bonaparts.fr\/produit\/kit-embrayage-manuel-yamaha-ttr-110-2008-22\/#primaryimage"},"thumbnailUrl":"https:\/\/test.bonaparts.fr\/wp-content\/uploads\/2023\/01\/7c129cae68112c01f90122191ab2eaf4.jpeg","datePublished":"2023-01-06T06:47:25+00:00","dateModified":"2023-03-08T12:35:35+00:00","breadcrumb":{"@id":"https:\/\/test.bonaparts.fr\/produit\/kit-embrayage-manuel-yamaha-ttr-110-2008-22\/#breadcrumb"},"inLanguage":"fr-FR","potentialAction":[{"@type":"ReadAction","target":["https:\/\/test.bonaparts.fr\/produit\/kit-embrayage-manuel-yamaha-ttr-110-2008-22\/"]}]},{"@type":"ImageObject","inLanguage":"fr-FR","@id":"https:\/\/test.bonaparts.fr\/produit\/kit-embrayage-manuel-yamaha-ttr-110-2008-22\/#primaryimage","url":"https:\/\/test.bonaparts.fr\/wp-content\/uploads\/2023\/01\/7c129cae68112c01f90122191ab2eaf4.jpeg","contentUrl":"https:\/\/test.bonaparts.fr\/wp-content\/uploads\/2023\/01\/7c129cae68112c01f90122191ab2eaf4.jpeg","width":695,"height":701},{"@type":"BreadcrumbList","@id":"https:\/\/test.bonaparts.fr\/produit\/kit-embrayage-manuel-yamaha-ttr-110-2008-22\/#breadcrumb","itemListElement":[{"@type":"ListItem","position":1,"name":"Accueil","item":"https:\/\/test.bonaparts.fr\/"},{"@type":"ListItem","position":2,"name":"Accueil","item":"https:\/\/test.bonaparts.fr\/?page_id=823"},{"@type":"ListItem","position":3,"name":"Kit Embrayage Manuel Yamaha TTR 110 2008-22"}]},{"@type":"WebSite","@id":"https:\/\/test.bonaparts.fr\/#website","url":"https:\/\/test.bonaparts.fr\/","name":"BONAPARTS","description":"Pi\u00e8ces d\u00e9tach\u00e9es neuves et d&#039;occasion moto et scooter, sp\u00e9cialiste mono-cylindre 4 temps.","publisher":{"@id":"https:\/\/test.bonaparts.fr\/#organization"},"potentialAction":[{"@type":"SearchAction","target":{"@type":"EntryPoint","urlTemplate":"https:\/\/test.bonaparts.fr\/?s={search_term_string}"},"query-input":{"@type":"PropertyValueSpecification","valueRequired":true,"valueName":"search_term_string"}}],"inLanguage":"fr-FR"},{"@type":"Organization","@id":"https:\/\/test.bonaparts.fr\/#organization","name":"BONAPARTS","url":"https:\/\/test.bonaparts.fr\/","logo":{"@type":"ImageObject","inLanguage":"fr-FR","@id":"https:\/\/test.bonaparts.fr\/#\/schema\/logo\/image\/","url":"https:\/\/test.bonaparts.fr\/wp-content\/uploads\/2022\/02\/bonawrench-gris-FINAL.png","contentUrl":"https:\/\/test.bonaparts.fr\/wp-content\/uploads\/2022\/02\/bonawrench-gris-FINAL.png","width":1198,"height":1080,"caption":"BONAPARTS"},"image":{"@id":"https:\/\/test.bonaparts.fr\/#\/schema\/logo\/image\/"},"sameAs":["https:\/\/www.facebook.com\/Bonaparts\/","https:\/\/www.instagram.com\/bona.parts\/?hl=fr","https:\/\/www.youtube.com\/channel\/UCkO8GGQvOEb61jAxA_G9zXQ"]}]}},"pbg_featured_image_src":{"full":["https:\/\/test.bonaparts.fr\/wp-content\/uploads\/2023\/01\/7c129cae68112c01f90122191ab2eaf4.jpeg",695,701,false],"thumbnail":["https:\/\/test.bonaparts.fr\/wp-content\/uploads\/2023\/01\/7c129cae68112c01f90122191ab2eaf4-150x150.jpeg",150,150,true],"medium":["https:\/\/test.bonaparts.fr\/wp-content\/uploads\/2023\/01\/7c129cae68112c01f90122191ab2eaf4-297x300.jpeg",297,300,true],"medium_large":["https:\/\/test.bonaparts.fr\/wp-content\/uploads\/2023\/01\/7c129cae68112c01f90122191ab2eaf4.jpeg",695,701,false],"large":["https:\/\/test.bonaparts.fr\/wp-content\/uploads\/2023\/01\/7c129cae68112c01f90122191ab2eaf4.jpeg",695,701,false],"1536x1536":["https:\/\/test.bonaparts.fr\/wp-content\/uploads\/2023\/01\/7c129cae68112c01f90122191ab2eaf4.jpeg",695,701,false],"2048x2048":["https:\/\/test.bonaparts.fr\/wp-content\/uploads\/2023\/01\/7c129cae68112c01f90122191ab2eaf4.jpeg",695,701,false],"wptouch-new-thumbnail":["https:\/\/test.bonaparts.fr\/wp-content\/uploads\/2023\/01\/7c129cae68112c01f90122191ab2eaf4-144x144.jpeg",144,144,true],"woocommerce_thumbnail":["https:\/\/test.bonaparts.fr\/wp-content\/uploads\/2023\/01\/7c129cae68112c01f90122191ab2eaf4-324x324.jpeg",324,324,true],"woocommerce_single":["https:\/\/test.bonaparts.fr\/wp-content\/uploads\/2023\/01\/7c129cae68112c01f90122191ab2eaf4-416x420.jpeg",416,420,true],"woocommerce_gallery_thumbnail":["https:\/\/test.bonaparts.fr\/wp-content\/uploads\/2023\/01\/7c129cae68112c01f90122191ab2eaf4-100x100.jpeg",100,100,true],"wcpr-photo-reviews":["https:\/\/test.bonaparts.fr\/wp-content\/uploads\/2023\/01\/7c129cae68112c01f90122191ab2eaf4-496x500.jpeg",496,500,true]},"pbg_author_info":{"display_name":"BONAPARTS","author_link":"https:\/\/test.bonaparts.fr\/?author=0","author_img":"<img alt='BONAPARTS' src='https:\/\/secure.gravatar.com\/avatar\/ee8ffa5ba89d5ffd342c9b67f99c1f2f5462d5ca62704a21f66b42e75e1d19ff?s=128&#038;d=identicon&#038;r=g' srcset='https:\/\/secure.gravatar.com\/avatar\/ee8ffa5ba89d5ffd342c9b67f99c1f2f5462d5ca62704a21f66b42e75e1d19ff?s=256&#038;d=identicon&#038;r=g 2x' class='avatar avatar-128 photo' height='128' width='128' decoding='async'\/>"},"pbg_comment_info":" No Comments","pbg_excerpt":"Kit Embrayage Manuel pour Yamaha TTR 110. Compatible avec les mod\u00e8les de 2008 \u00e0 2022. Le kit comprend : &#8211; Carter d&#8217;embrayage manuel &#8211; C\u00e2ble d&#8217;embrayage &#8211; Cocotte + levier d&#8217;embrayage &#8211; Came poussoir d&#8217;embrayage Joint spi de kick non inclus.","jetpack_likes_enabled":false,"jetpack_sharing_enabled":true,"_links":{"self":[{"href":"https:\/\/test.bonaparts.fr\/index.php?rest_route=\/wp\/v2\/product\/11778","targetHints":{"allow":["GET"]}}],"collection":[{"href":"https:\/\/test.bonaparts.fr\/index.php?rest_route=\/wp\/v2\/product"}],"about":[{"href":"https:\/\/test.bonaparts.fr\/index.php?rest_route=\/wp\/v2\/types\/product"}],"wp:featuredmedia":[{"embeddable":true,"href":"https:\/\/test.bonaparts.fr\/index.php?rest_route=\/wp\/v2\/media\/11780"}],"wp:attachment":[{"href":"https:\/\/test.bonaparts.fr\/index.php?rest_route=%2Fwp%2Fv2%2Fmedia&parent=11778"}],"wp:term":[{"taxonomy":"product_brand","embeddable":true,"href":"https:\/\/test.bonaparts.fr\/index.php?rest_route=%2Fwp%2Fv2%2Fproduct_brand&post=11778"},{"taxonomy":"product_cat","embeddable":true,"href":"https:\/\/test.bonaparts.fr\/index.php?rest_route=%2Fwp%2Fv2%2Fproduct_cat&post=11778"},{"taxonomy":"product_tag","embeddable":true,"href":"https:\/\/test.bonaparts.fr\/index.php?rest_route=%2Fwp%2Fv2%2Fproduct_tag&post=11778"},{"taxonomy":"pa_autre-numero-de-piece","embeddable":true,"href":"https:\/\/test.bonaparts.fr\/index.php?rest_route=%2Fwp%2Fv2%2Fpa_autre-numero-de-piece&post=11778"},{"taxonomy":"pa_type","embeddable":true,"href":"https:\/\/test.bonaparts.fr\/index.php?rest_route=%2Fwp%2Fv2%2Fpa_type&post=11778"}],"curies":[{"name":"wp","href":"https:\/\/api.w.org\/{rel}","templated":true}]}}