{"id":12320,"date":"2023-03-22T22:19:26","date_gmt":"2023-03-22T21:19:26","guid":{"rendered":"https:\/\/test.bonaparts.fr\/?post_type=product&#038;p=12320"},"modified":"2024-07-19T11:00:03","modified_gmt":"2024-07-19T09:00:03","slug":"moteur-lifan-88cc-semi-automatique","status":"publish","type":"product","link":"https:\/\/test.bonaparts.fr\/?product=moteur-lifan-88cc-semi-automatique","title":{"rendered":"Moteur Lifan 88cc Semi-automatique"},"content":{"rendered":"<p><strong>Caract\u00e9ristiques moteur :<\/strong><\/p>\n<div class=\"SpeDetail\">\n<ul>\n<li>\n<div class=\"SpeDetail\"><span class=\"SpeTitre\">TYPE MOTEUR : <\/span><span class=\"SpeDetail2\">Lifan Monocylindre 4T<\/span><\/div>\n<div class=\"clearfix\"><\/div>\n<\/li>\n<li>\n<div class=\"SpeDetail\"><span class=\"SpeTitre\">CYLINDR\u00c9E : <\/span><span class=\"SpeDetail2\">88cc<\/span><\/div>\n<div class=\"clearfix\"><\/div>\n<\/li>\n<li>\n<div class=\"SpeDetail\"><span class=\"SpeTitre\">AL\u00c9SAGE : <\/span><span class=\"SpeDetail2\">47mm x 49,5mm<\/span><\/div>\n<div class=\"clearfix\"><\/div>\n<\/li>\n<li>\n<div class=\"SpeDetail\"><span class=\"SpeTitre\">CAPACIT\u00c9 D&#8217;HUILE : <\/span><span class=\"SpeDetail2\">800mL<\/span><\/div>\n<div class=\"clearfix\"><\/div>\n<\/li>\n<li>\n<div class=\"SpeDetail\"><span class=\"SpeTitre\">REFROIDISSEMENT : <\/span><span class=\"SpeDetail2\">Air<\/span><\/div>\n<div class=\"clearfix\"><\/div>\n<\/li>\n<li>\n<div class=\"SpeDetail\"><span class=\"SpeTitre\">EMBRAYAGE : <\/span><span class=\"SpeDetail2\">Semi-automatique<\/span><\/div>\n<div class=\"clearfix\"><\/div>\n<\/li>\n<li>\n<div class=\"SpeDetail\"><span class=\"SpeTitre\">ALLUMAGE : <\/span><span class=\"SpeDetail2\">Boitier \u201a\u00e9ctronique CDI<\/span><\/div>\n<div class=\"clearfix\"><\/div>\n<\/li>\n<li>\n<div class=\"SpeDetail\"><span class=\"SpeTitre\">MISE EN ROUTE : <\/span><span class=\"SpeDetail2\">Kick<\/span><\/div>\n<div class=\"clearfix\"><\/div>\n<\/li>\n<li>\n<div class=\"SpeDetail\"><span class=\"SpeTitre\">TRANSMISSION : <\/span><span class=\"SpeDetail2\">4 rapports (Point mort en bas 1\/2\/3\/4 en haut)<\/span><\/div>\n<div class=\"clearfix\"><\/div>\n<\/li>\n<li>\n<div class=\"SpeDetail\"><span class=\"SpeTitre\">PUISSANCE MAX : <\/span><span class=\"SpeDetail2\">3,9 kW pour 7500 tmin soit 5,3ch<\/span><\/div>\n<div class=\"clearfix\"><\/div>\n<\/li>\n<li>\n<div class=\"SpeDetail\"><span class=\"SpeTitre\">COUPLE MAX : <\/span><span class=\"SpeDetail2\">5,5 N.m pour 4500 tmin<\/span><\/div>\n<div class=\"clearfix\"><\/div>\n<\/li>\n<li>\n<div class=\"SpeDetail\"><span class=\"SpeTitre\">POIDS : <\/span><span class=\"SpeDetail2\">21Kg<\/span><\/div>\n<\/li>\n<\/ul>\n<\/div>\n","protected":false},"excerpt":{"rendered":"<p>Si vous poss\u00e9dez d\u00e9j\u00e0 un moteur 50cc ou 70cc semi-automatique et que vous recherchez une option pour augmenter la puissance sans sacrifier le confort, le moteur Lifan 88cc est l&#8217;id\u00e9al. Ce moteur de 5,3ch est \u00e9quip\u00e9 d&#8217;un embrayage semi-automatique qui vous permet de changer de vitesse en utilisant simplement le s\u00e9lecteur au pied, sans avoir besoin d&#8217;embrayer.<\/p>\n<p>La marque Lifan est r\u00e9put\u00e9e pour sa fiabilit\u00e9 et sa qualit\u00e9, et est largement utilis\u00e9e dans le domaine des mini 4 temps, dirtbike et PitBikes du monde entier. De plus, le moteur dispose d&#8217;un branchement pour l&#8217;\u00e9clairage, ajoutant une autre fonctionnalit\u00e9 utile \u00e0 son arsenal.<\/p>\n<p>Dans l&#8217;ensemble, ce moteur Lifan 88cc offre une exp\u00e9rience de conduite confortable gr\u00e2ce \u00e0 sa bo\u00eete semi-automatique, tout en \u00e9tant puissant et fiable.<\/p>\n<p>Livr\u00e9 avec bougie, s\u00e9lecteur et son pignon de sortie de boite.<br \/>\nAttention le kick n&#8217;est pas inclus dans le carton<\/p>\n","protected":false},"featured_media":12281,"template":"","meta":[],"product_brand":[],"product_cat":[8416,8408,8409,6499,6490,6670,6458,6637,6475],"product_tag":[8414,8421,8422],"pa_autre-numero-de-piece":[],"pa_type":[],"class_list":{"0":"post-12320","1":"product","2":"type-product","3":"status-publish","4":"has-post-thumbnail","6":"product_cat-moteurs-complets-88cc-107cc","7":"product_cat-moteurs-complets","8":"product_cat-moteurs-mini4t-complets","9":"product_cat-moteur-z50","10":"product_cat-moteur-atc70","11":"product_cat-moteur-dirtchine","12":"product_cat-moteur-chaly-cf","13":"product_cat-moteur-dax","14":"product_cat-moteur-crf70","15":"product_tag-107-lifan","16":"product_tag-110-lifan","17":"product_tag-moteur-107","19":"first","20":"outofstock","21":"shipping-taxable","22":"purchasable","23":"product-type-simple"},"yoast_head":"<!-- This site is optimized with the Yoast SEO plugin v26.0 - https:\/\/yoast.com\/wordpress\/plugins\/seo\/ -->\n<title>Moteur Lifan 88cc Semi-automatique - BONAPARTS<\/title>\n<meta name=\"robots\" content=\"index, follow, max-snippet:-1, max-image-preview:large, max-video-preview:-1\" \/>\n<link rel=\"canonical\" href=\"https:\/\/test.bonaparts.fr\/produit\/moteur-lifan-88cc-semi-automatique\/\" \/>\n<meta property=\"og:locale\" content=\"fr_FR\" \/>\n<meta property=\"og:type\" content=\"article\" \/>\n<meta property=\"og:title\" content=\"Moteur Lifan 88cc Semi-automatique - BONAPARTS\" \/>\n<meta property=\"og:description\" content=\"Si vous poss\u00e9dez d\u00e9j\u00e0 un moteur 50cc ou 70cc semi-automatique et que vous recherchez une option pour augmenter la puissance sans sacrifier le confort, le moteur Lifan 88cc est l&#039;id\u00e9al. Ce moteur de 5,3ch est \u00e9quip\u00e9 d&#039;un embrayage semi-automatique qui vous permet de changer de vitesse en utilisant simplement le s\u00e9lecteur au pied, sans avoir besoin d&#039;embrayer.  La marque Lifan est r\u00e9put\u00e9e pour sa fiabilit\u00e9 et sa qualit\u00e9, et est largement utilis\u00e9e dans le domaine des mini 4 temps, dirtbike et PitBikes du monde entier. De plus, le moteur dispose d&#039;un branchement pour l&#039;\u00e9clairage, ajoutant une autre fonctionnalit\u00e9 utile \u00e0 son arsenal.  Dans l&#039;ensemble, ce moteur Lifan 88cc offre une exp\u00e9rience de conduite confortable gr\u00e2ce \u00e0 sa bo\u00eete semi-automatique, tout en \u00e9tant puissant et fiable.  Livr\u00e9 avec bougie, s\u00e9lecteur et son pignon de sortie de boite. Attention le kick n&#039;est pas inclus dans le carton\" \/>\n<meta property=\"og:url\" content=\"https:\/\/test.bonaparts.fr\/produit\/moteur-lifan-88cc-semi-automatique\/\" \/>\n<meta property=\"og:site_name\" content=\"BONAPARTS\" \/>\n<meta property=\"article:publisher\" content=\"https:\/\/www.facebook.com\/Bonaparts\/\" \/>\n<meta property=\"article:modified_time\" content=\"2024-07-19T09:00:03+00:00\" \/>\n<meta property=\"og:image\" content=\"https:\/\/i0.wp.com\/bonaparts.fr\/wp-content\/uploads\/2023\/03\/107_lifan.jpg?fit=1200%2C1200&ssl=1\" \/>\n\t<meta property=\"og:image:width\" content=\"1200\" \/>\n\t<meta property=\"og:image:height\" content=\"1200\" \/>\n\t<meta property=\"og:image:type\" content=\"image\/jpeg\" \/>\n<meta name=\"twitter:card\" content=\"summary_large_image\" \/>\n<meta name=\"twitter:label1\" content=\"Dur\u00e9e de lecture estim\u00e9e\" \/>\n\t<meta name=\"twitter:data1\" content=\"1 minute\" \/>\n<script type=\"application\/ld+json\" class=\"yoast-schema-graph\">{\"@context\":\"https:\/\/schema.org\",\"@graph\":[{\"@type\":\"WebPage\",\"@id\":\"https:\/\/test.bonaparts.fr\/produit\/moteur-lifan-88cc-semi-automatique\/\",\"url\":\"https:\/\/test.bonaparts.fr\/produit\/moteur-lifan-88cc-semi-automatique\/\",\"name\":\"Moteur Lifan 88cc Semi-automatique - BONAPARTS\",\"isPartOf\":{\"@id\":\"https:\/\/test.bonaparts.fr\/#website\"},\"primaryImageOfPage\":{\"@id\":\"https:\/\/test.bonaparts.fr\/produit\/moteur-lifan-88cc-semi-automatique\/#primaryimage\"},\"image\":{\"@id\":\"https:\/\/test.bonaparts.fr\/produit\/moteur-lifan-88cc-semi-automatique\/#primaryimage\"},\"thumbnailUrl\":\"https:\/\/test.bonaparts.fr\/wp-content\/uploads\/2023\/03\/107_lifan.jpg\",\"datePublished\":\"2023-03-22T21:19:26+00:00\",\"dateModified\":\"2024-07-19T09:00:03+00:00\",\"breadcrumb\":{\"@id\":\"https:\/\/test.bonaparts.fr\/produit\/moteur-lifan-88cc-semi-automatique\/#breadcrumb\"},\"inLanguage\":\"fr-FR\",\"potentialAction\":[{\"@type\":\"ReadAction\",\"target\":[\"https:\/\/test.bonaparts.fr\/produit\/moteur-lifan-88cc-semi-automatique\/\"]}]},{\"@type\":\"ImageObject\",\"inLanguage\":\"fr-FR\",\"@id\":\"https:\/\/test.bonaparts.fr\/produit\/moteur-lifan-88cc-semi-automatique\/#primaryimage\",\"url\":\"https:\/\/test.bonaparts.fr\/wp-content\/uploads\/2023\/03\/107_lifan.jpg\",\"contentUrl\":\"https:\/\/test.bonaparts.fr\/wp-content\/uploads\/2023\/03\/107_lifan.jpg\",\"width\":1200,\"height\":1200},{\"@type\":\"BreadcrumbList\",\"@id\":\"https:\/\/test.bonaparts.fr\/produit\/moteur-lifan-88cc-semi-automatique\/#breadcrumb\",\"itemListElement\":[{\"@type\":\"ListItem\",\"position\":1,\"name\":\"Accueil\",\"item\":\"https:\/\/test.bonaparts.fr\/\"},{\"@type\":\"ListItem\",\"position\":2,\"name\":\"Accueil\",\"item\":\"https:\/\/test.bonaparts.fr\/?page_id=823\"},{\"@type\":\"ListItem\",\"position\":3,\"name\":\"Moteur Lifan 88cc Semi-automatique\"}]},{\"@type\":\"WebSite\",\"@id\":\"https:\/\/test.bonaparts.fr\/#website\",\"url\":\"https:\/\/test.bonaparts.fr\/\",\"name\":\"BONAPARTS\",\"description\":\"Pi\u00e8ces d\u00e9tach\u00e9es neuves et d&#039;occasion moto et scooter, sp\u00e9cialiste mono-cylindre 4 temps.\",\"publisher\":{\"@id\":\"https:\/\/test.bonaparts.fr\/#organization\"},\"potentialAction\":[{\"@type\":\"SearchAction\",\"target\":{\"@type\":\"EntryPoint\",\"urlTemplate\":\"https:\/\/test.bonaparts.fr\/?s={search_term_string}\"},\"query-input\":{\"@type\":\"PropertyValueSpecification\",\"valueRequired\":true,\"valueName\":\"search_term_string\"}}],\"inLanguage\":\"fr-FR\"},{\"@type\":\"Organization\",\"@id\":\"https:\/\/test.bonaparts.fr\/#organization\",\"name\":\"BONAPARTS\",\"url\":\"https:\/\/test.bonaparts.fr\/\",\"logo\":{\"@type\":\"ImageObject\",\"inLanguage\":\"fr-FR\",\"@id\":\"https:\/\/test.bonaparts.fr\/#\/schema\/logo\/image\/\",\"url\":\"https:\/\/test.bonaparts.fr\/wp-content\/uploads\/2022\/02\/bonawrench-gris-FINAL.png\",\"contentUrl\":\"https:\/\/test.bonaparts.fr\/wp-content\/uploads\/2022\/02\/bonawrench-gris-FINAL.png\",\"width\":1198,\"height\":1080,\"caption\":\"BONAPARTS\"},\"image\":{\"@id\":\"https:\/\/test.bonaparts.fr\/#\/schema\/logo\/image\/\"},\"sameAs\":[\"https:\/\/www.facebook.com\/Bonaparts\/\",\"https:\/\/www.instagram.com\/bona.parts\/?hl=fr\",\"https:\/\/www.youtube.com\/channel\/UCkO8GGQvOEb61jAxA_G9zXQ\"]}]}<\/script>\n<!-- \/ Yoast SEO plugin. -->","yoast_head_json":{"title":"Moteur Lifan 88cc Semi-automatique - BONAPARTS","robots":{"index":"index","follow":"follow","max-snippet":"max-snippet:-1","max-image-preview":"max-image-preview:large","max-video-preview":"max-video-preview:-1"},"canonical":"https:\/\/test.bonaparts.fr\/produit\/moteur-lifan-88cc-semi-automatique\/","og_locale":"fr_FR","og_type":"article","og_title":"Moteur Lifan 88cc Semi-automatique - BONAPARTS","og_description":"Si vous poss\u00e9dez d\u00e9j\u00e0 un moteur 50cc ou 70cc semi-automatique et que vous recherchez une option pour augmenter la puissance sans sacrifier le confort, le moteur Lifan 88cc est l'id\u00e9al. Ce moteur de 5,3ch est \u00e9quip\u00e9 d'un embrayage semi-automatique qui vous permet de changer de vitesse en utilisant simplement le s\u00e9lecteur au pied, sans avoir besoin d'embrayer.  La marque Lifan est r\u00e9put\u00e9e pour sa fiabilit\u00e9 et sa qualit\u00e9, et est largement utilis\u00e9e dans le domaine des mini 4 temps, dirtbike et PitBikes du monde entier. De plus, le moteur dispose d'un branchement pour l'\u00e9clairage, ajoutant une autre fonctionnalit\u00e9 utile \u00e0 son arsenal.  Dans l'ensemble, ce moteur Lifan 88cc offre une exp\u00e9rience de conduite confortable gr\u00e2ce \u00e0 sa bo\u00eete semi-automatique, tout en \u00e9tant puissant et fiable.  Livr\u00e9 avec bougie, s\u00e9lecteur et son pignon de sortie de boite. Attention le kick n'est pas inclus dans le carton","og_url":"https:\/\/test.bonaparts.fr\/produit\/moteur-lifan-88cc-semi-automatique\/","og_site_name":"BONAPARTS","article_publisher":"https:\/\/www.facebook.com\/Bonaparts\/","article_modified_time":"2024-07-19T09:00:03+00:00","og_image":[{"width":1200,"height":1200,"url":"https:\/\/i0.wp.com\/bonaparts.fr\/wp-content\/uploads\/2023\/03\/107_lifan.jpg?fit=1200%2C1200&ssl=1","type":"image\/jpeg"}],"twitter_card":"summary_large_image","twitter_misc":{"Dur\u00e9e de lecture estim\u00e9e":"1 minute"},"schema":{"@context":"https:\/\/schema.org","@graph":[{"@type":"WebPage","@id":"https:\/\/test.bonaparts.fr\/produit\/moteur-lifan-88cc-semi-automatique\/","url":"https:\/\/test.bonaparts.fr\/produit\/moteur-lifan-88cc-semi-automatique\/","name":"Moteur Lifan 88cc Semi-automatique - BONAPARTS","isPartOf":{"@id":"https:\/\/test.bonaparts.fr\/#website"},"primaryImageOfPage":{"@id":"https:\/\/test.bonaparts.fr\/produit\/moteur-lifan-88cc-semi-automatique\/#primaryimage"},"image":{"@id":"https:\/\/test.bonaparts.fr\/produit\/moteur-lifan-88cc-semi-automatique\/#primaryimage"},"thumbnailUrl":"https:\/\/test.bonaparts.fr\/wp-content\/uploads\/2023\/03\/107_lifan.jpg","datePublished":"2023-03-22T21:19:26+00:00","dateModified":"2024-07-19T09:00:03+00:00","breadcrumb":{"@id":"https:\/\/test.bonaparts.fr\/produit\/moteur-lifan-88cc-semi-automatique\/#breadcrumb"},"inLanguage":"fr-FR","potentialAction":[{"@type":"ReadAction","target":["https:\/\/test.bonaparts.fr\/produit\/moteur-lifan-88cc-semi-automatique\/"]}]},{"@type":"ImageObject","inLanguage":"fr-FR","@id":"https:\/\/test.bonaparts.fr\/produit\/moteur-lifan-88cc-semi-automatique\/#primaryimage","url":"https:\/\/test.bonaparts.fr\/wp-content\/uploads\/2023\/03\/107_lifan.jpg","contentUrl":"https:\/\/test.bonaparts.fr\/wp-content\/uploads\/2023\/03\/107_lifan.jpg","width":1200,"height":1200},{"@type":"BreadcrumbList","@id":"https:\/\/test.bonaparts.fr\/produit\/moteur-lifan-88cc-semi-automatique\/#breadcrumb","itemListElement":[{"@type":"ListItem","position":1,"name":"Accueil","item":"https:\/\/test.bonaparts.fr\/"},{"@type":"ListItem","position":2,"name":"Accueil","item":"https:\/\/test.bonaparts.fr\/?page_id=823"},{"@type":"ListItem","position":3,"name":"Moteur Lifan 88cc Semi-automatique"}]},{"@type":"WebSite","@id":"https:\/\/test.bonaparts.fr\/#website","url":"https:\/\/test.bonaparts.fr\/","name":"BONAPARTS","description":"Pi\u00e8ces d\u00e9tach\u00e9es neuves et d&#039;occasion moto et scooter, sp\u00e9cialiste mono-cylindre 4 temps.","publisher":{"@id":"https:\/\/test.bonaparts.fr\/#organization"},"potentialAction":[{"@type":"SearchAction","target":{"@type":"EntryPoint","urlTemplate":"https:\/\/test.bonaparts.fr\/?s={search_term_string}"},"query-input":{"@type":"PropertyValueSpecification","valueRequired":true,"valueName":"search_term_string"}}],"inLanguage":"fr-FR"},{"@type":"Organization","@id":"https:\/\/test.bonaparts.fr\/#organization","name":"BONAPARTS","url":"https:\/\/test.bonaparts.fr\/","logo":{"@type":"ImageObject","inLanguage":"fr-FR","@id":"https:\/\/test.bonaparts.fr\/#\/schema\/logo\/image\/","url":"https:\/\/test.bonaparts.fr\/wp-content\/uploads\/2022\/02\/bonawrench-gris-FINAL.png","contentUrl":"https:\/\/test.bonaparts.fr\/wp-content\/uploads\/2022\/02\/bonawrench-gris-FINAL.png","width":1198,"height":1080,"caption":"BONAPARTS"},"image":{"@id":"https:\/\/test.bonaparts.fr\/#\/schema\/logo\/image\/"},"sameAs":["https:\/\/www.facebook.com\/Bonaparts\/","https:\/\/www.instagram.com\/bona.parts\/?hl=fr","https:\/\/www.youtube.com\/channel\/UCkO8GGQvOEb61jAxA_G9zXQ"]}]}},"pbg_featured_image_src":{"full":["https:\/\/test.bonaparts.fr\/wp-content\/uploads\/2023\/03\/107_lifan.jpg",1200,1200,false],"thumbnail":["https:\/\/test.bonaparts.fr\/wp-content\/uploads\/2023\/03\/107_lifan-150x150.jpg",150,150,true],"medium":["https:\/\/test.bonaparts.fr\/wp-content\/uploads\/2023\/03\/107_lifan-300x300.jpg",300,300,true],"medium_large":["https:\/\/test.bonaparts.fr\/wp-content\/uploads\/2023\/03\/107_lifan-768x768.jpg",768,768,true],"large":["https:\/\/test.bonaparts.fr\/wp-content\/uploads\/2023\/03\/107_lifan-1024x1024.jpg",980,980,true],"1536x1536":["https:\/\/test.bonaparts.fr\/wp-content\/uploads\/2023\/03\/107_lifan.jpg",1200,1200,false],"2048x2048":["https:\/\/test.bonaparts.fr\/wp-content\/uploads\/2023\/03\/107_lifan.jpg",1200,1200,false],"wptouch-new-thumbnail":["https:\/\/test.bonaparts.fr\/wp-content\/uploads\/2023\/03\/107_lifan-144x144.jpg",144,144,true],"woocommerce_thumbnail":["https:\/\/test.bonaparts.fr\/wp-content\/uploads\/2023\/03\/107_lifan-324x324.jpg",324,324,true],"woocommerce_single":["https:\/\/test.bonaparts.fr\/wp-content\/uploads\/2023\/03\/107_lifan-416x416.jpg",416,416,true],"woocommerce_gallery_thumbnail":["https:\/\/test.bonaparts.fr\/wp-content\/uploads\/2023\/03\/107_lifan-100x100.jpg",100,100,true],"wcpr-photo-reviews":["https:\/\/test.bonaparts.fr\/wp-content\/uploads\/2023\/03\/107_lifan-500x500.jpg",500,500,true]},"pbg_author_info":{"display_name":"BONAPARTS","author_link":"https:\/\/test.bonaparts.fr\/?author=0","author_img":"<img alt='BONAPARTS' src='https:\/\/secure.gravatar.com\/avatar\/ee8ffa5ba89d5ffd342c9b67f99c1f2f5462d5ca62704a21f66b42e75e1d19ff?s=128&#038;d=identicon&#038;r=g' srcset='https:\/\/secure.gravatar.com\/avatar\/ee8ffa5ba89d5ffd342c9b67f99c1f2f5462d5ca62704a21f66b42e75e1d19ff?s=256&#038;d=identicon&#038;r=g 2x' class='avatar avatar-128 photo' height='128' width='128' decoding='async'\/>"},"pbg_comment_info":" No Comments","pbg_excerpt":"Si vous poss\u00e9dez d\u00e9j\u00e0 un moteur 50cc ou 70cc semi-automatique et que vous recherchez une option pour augmenter la puissance sans sacrifier le confort, le moteur Lifan 88cc est l'id\u00e9al. Ce moteur de 5,3ch est \u00e9quip\u00e9 d'un embrayage semi-automatique qui vous permet de changer de vitesse en utilisant simplement le s\u00e9lecteur au pied, sans avoir\u2026","jetpack_likes_enabled":false,"jetpack_sharing_enabled":true,"_links":{"self":[{"href":"https:\/\/test.bonaparts.fr\/index.php?rest_route=\/wp\/v2\/product\/12320","targetHints":{"allow":["GET"]}}],"collection":[{"href":"https:\/\/test.bonaparts.fr\/index.php?rest_route=\/wp\/v2\/product"}],"about":[{"href":"https:\/\/test.bonaparts.fr\/index.php?rest_route=\/wp\/v2\/types\/product"}],"wp:featuredmedia":[{"embeddable":true,"href":"https:\/\/test.bonaparts.fr\/index.php?rest_route=\/wp\/v2\/media\/12281"}],"wp:attachment":[{"href":"https:\/\/test.bonaparts.fr\/index.php?rest_route=%2Fwp%2Fv2%2Fmedia&parent=12320"}],"wp:term":[{"taxonomy":"product_brand","embeddable":true,"href":"https:\/\/test.bonaparts.fr\/index.php?rest_route=%2Fwp%2Fv2%2Fproduct_brand&post=12320"},{"taxonomy":"product_cat","embeddable":true,"href":"https:\/\/test.bonaparts.fr\/index.php?rest_route=%2Fwp%2Fv2%2Fproduct_cat&post=12320"},{"taxonomy":"product_tag","embeddable":true,"href":"https:\/\/test.bonaparts.fr\/index.php?rest_route=%2Fwp%2Fv2%2Fproduct_tag&post=12320"},{"taxonomy":"pa_autre-numero-de-piece","embeddable":true,"href":"https:\/\/test.bonaparts.fr\/index.php?rest_route=%2Fwp%2Fv2%2Fpa_autre-numero-de-piece&post=12320"},{"taxonomy":"pa_type","embeddable":true,"href":"https:\/\/test.bonaparts.fr\/index.php?rest_route=%2Fwp%2Fv2%2Fpa_type&post=12320"}],"curies":[{"name":"wp","href":"https:\/\/api.w.org\/{rel}","templated":true}]}}