{"id":14376,"date":"2024-12-21T02:35:04","date_gmt":"2024-12-21T01:35:04","guid":{"rendered":"https:\/\/test.bonaparts.fr\/?post_type=product&#038;p=14376"},"modified":"2025-08-11T05:32:55","modified_gmt":"2025-08-11T03:32:55","slug":"dirt-bike-sano-rxf-freeride-150-le","status":"publish","type":"product","link":"https:\/\/test.bonaparts.fr\/?product=dirt-bike-sano-rxf-freeride-150-le","title":{"rendered":"Dirt bike sano rxf freeride 150-le"},"content":{"rendered":"","protected":false},"excerpt":{"rendered":"<p>La gamme RXF d&#8217;Apollo Motors marque une nouvelle \u00e8re avec un design innovant et des technologies de pointe. Son ch\u00e2ssis test\u00e9 en comp\u00e9tition, ses suspensions MX japonaises et son moteur am\u00e9lior\u00e9 assurent des performances exceptionnelles. D\u00e9velopp\u00e9e en collaboration avec les pilotes usines, la RXF propose une exp\u00e9rience de conduite in\u00e9gal\u00e9e.<\/p>\n<p>La RXF Freeride 150-LE, version enduro, offre un confort optimal gr\u00e2ce \u00e0 ses grandes roues de 16&#8221; et 19&#8221;. \u00c9quip\u00e9e d&#8217;un d\u00e9marreur \u00e9lectrique et d&#8217;un kit plastique con\u00e7u en France, elle r\u00e9pond aux besoins des riders exigeants \u00e0 la recherche de fiabilit\u00e9 et de performance.<\/p>\n","protected":false},"featured_media":14382,"template":"","meta":[],"product_brand":[],"product_cat":[8494],"product_tag":[],"pa_autre-numero-de-piece":[],"pa_type":[],"class_list":{"0":"post-14376","1":"product","2":"type-product","3":"status-publish","4":"has-post-thumbnail","6":"product_cat-dirt-bike","7":"product_shipping_class-caisse-moto","9":"first","10":"instock","11":"shipping-taxable","12":"purchasable","13":"product-type-simple"},"yoast_head":"<!-- This site is optimized with the Yoast SEO plugin v26.0 - https:\/\/yoast.com\/wordpress\/plugins\/seo\/ -->\n<title>Dirt bike sano rxf freeride 150-le - BONAPARTS<\/title>\n<meta name=\"robots\" content=\"index, follow, max-snippet:-1, max-image-preview:large, max-video-preview:-1\" \/>\n<link rel=\"canonical\" href=\"https:\/\/test.bonaparts.fr\/produit\/dirt-bike-sano-rxf-freeride-150-le\/\" \/>\n<meta property=\"og:locale\" content=\"fr_FR\" \/>\n<meta property=\"og:type\" content=\"article\" \/>\n<meta property=\"og:title\" content=\"Dirt bike sano rxf freeride 150-le - BONAPARTS\" \/>\n<meta property=\"og:description\" content=\"La gamme RXF d&#039;Apollo Motors marque une nouvelle \u00e8re avec un design innovant et des technologies de pointe. Son ch\u00e2ssis test\u00e9 en comp\u00e9tition, ses suspensions MX japonaises et son moteur am\u00e9lior\u00e9 assurent des performances exceptionnelles. D\u00e9velopp\u00e9e en collaboration avec les pilotes usines, la RXF propose une exp\u00e9rience de conduite in\u00e9gal\u00e9e.  La RXF Freeride 150-LE, version enduro, offre un confort optimal gr\u00e2ce \u00e0 ses grandes roues de 16&#039;&#039; et 19&#039;&#039;. \u00c9quip\u00e9e d&#039;un d\u00e9marreur \u00e9lectrique et d&#039;un kit plastique con\u00e7u en France, elle r\u00e9pond aux besoins des riders exigeants \u00e0 la recherche de fiabilit\u00e9 et de performance.\" \/>\n<meta property=\"og:url\" content=\"https:\/\/test.bonaparts.fr\/produit\/dirt-bike-sano-rxf-freeride-150-le\/\" \/>\n<meta property=\"og:site_name\" content=\"BONAPARTS\" \/>\n<meta property=\"article:publisher\" content=\"https:\/\/www.facebook.com\/Bonaparts\/\" \/>\n<meta property=\"article:modified_time\" content=\"2025-08-11T03:32:55+00:00\" \/>\n<meta property=\"og:image\" content=\"https:\/\/i0.wp.com\/bonaparts.fr\/wp-content\/uploads\/2024\/12\/rxf-freeride-150-le-1.png?fit=1200%2C1200&ssl=1\" \/>\n\t<meta property=\"og:image:width\" content=\"1200\" \/>\n\t<meta property=\"og:image:height\" content=\"1200\" \/>\n\t<meta property=\"og:image:type\" content=\"image\/png\" \/>\n<meta name=\"twitter:card\" content=\"summary_large_image\" \/>\n<meta name=\"twitter:label1\" content=\"Dur\u00e9e de lecture estim\u00e9e\" \/>\n\t<meta name=\"twitter:data1\" content=\"1 minute\" \/>\n<script type=\"application\/ld+json\" class=\"yoast-schema-graph\">{\"@context\":\"https:\/\/schema.org\",\"@graph\":[{\"@type\":\"WebPage\",\"@id\":\"https:\/\/test.bonaparts.fr\/produit\/dirt-bike-sano-rxf-freeride-150-le\/\",\"url\":\"https:\/\/test.bonaparts.fr\/produit\/dirt-bike-sano-rxf-freeride-150-le\/\",\"name\":\"Dirt bike sano rxf freeride 150-le - BONAPARTS\",\"isPartOf\":{\"@id\":\"https:\/\/test.bonaparts.fr\/#website\"},\"primaryImageOfPage\":{\"@id\":\"https:\/\/test.bonaparts.fr\/produit\/dirt-bike-sano-rxf-freeride-150-le\/#primaryimage\"},\"image\":{\"@id\":\"https:\/\/test.bonaparts.fr\/produit\/dirt-bike-sano-rxf-freeride-150-le\/#primaryimage\"},\"thumbnailUrl\":\"https:\/\/test.bonaparts.fr\/wp-content\/uploads\/2024\/12\/rxf-freeride-150-le-1.png\",\"datePublished\":\"2024-12-21T01:35:04+00:00\",\"dateModified\":\"2025-08-11T03:32:55+00:00\",\"breadcrumb\":{\"@id\":\"https:\/\/test.bonaparts.fr\/produit\/dirt-bike-sano-rxf-freeride-150-le\/#breadcrumb\"},\"inLanguage\":\"fr-FR\",\"potentialAction\":[{\"@type\":\"ReadAction\",\"target\":[\"https:\/\/test.bonaparts.fr\/produit\/dirt-bike-sano-rxf-freeride-150-le\/\"]}]},{\"@type\":\"ImageObject\",\"inLanguage\":\"fr-FR\",\"@id\":\"https:\/\/test.bonaparts.fr\/produit\/dirt-bike-sano-rxf-freeride-150-le\/#primaryimage\",\"url\":\"https:\/\/test.bonaparts.fr\/wp-content\/uploads\/2024\/12\/rxf-freeride-150-le-1.png\",\"contentUrl\":\"https:\/\/test.bonaparts.fr\/wp-content\/uploads\/2024\/12\/rxf-freeride-150-le-1.png\",\"width\":1200,\"height\":1200},{\"@type\":\"BreadcrumbList\",\"@id\":\"https:\/\/test.bonaparts.fr\/produit\/dirt-bike-sano-rxf-freeride-150-le\/#breadcrumb\",\"itemListElement\":[{\"@type\":\"ListItem\",\"position\":1,\"name\":\"Accueil\",\"item\":\"https:\/\/test.bonaparts.fr\/\"},{\"@type\":\"ListItem\",\"position\":2,\"name\":\"Accueil\",\"item\":\"https:\/\/test.bonaparts.fr\/?page_id=823\"},{\"@type\":\"ListItem\",\"position\":3,\"name\":\"Dirt bike sano rxf freeride 150-le\"}]},{\"@type\":\"WebSite\",\"@id\":\"https:\/\/test.bonaparts.fr\/#website\",\"url\":\"https:\/\/test.bonaparts.fr\/\",\"name\":\"BONAPARTS\",\"description\":\"Pi\u00e8ces d\u00e9tach\u00e9es neuves et d&#039;occasion moto et scooter, sp\u00e9cialiste mono-cylindre 4 temps.\",\"publisher\":{\"@id\":\"https:\/\/test.bonaparts.fr\/#organization\"},\"potentialAction\":[{\"@type\":\"SearchAction\",\"target\":{\"@type\":\"EntryPoint\",\"urlTemplate\":\"https:\/\/test.bonaparts.fr\/?s={search_term_string}\"},\"query-input\":{\"@type\":\"PropertyValueSpecification\",\"valueRequired\":true,\"valueName\":\"search_term_string\"}}],\"inLanguage\":\"fr-FR\"},{\"@type\":\"Organization\",\"@id\":\"https:\/\/test.bonaparts.fr\/#organization\",\"name\":\"BONAPARTS\",\"url\":\"https:\/\/test.bonaparts.fr\/\",\"logo\":{\"@type\":\"ImageObject\",\"inLanguage\":\"fr-FR\",\"@id\":\"https:\/\/test.bonaparts.fr\/#\/schema\/logo\/image\/\",\"url\":\"https:\/\/test.bonaparts.fr\/wp-content\/uploads\/2022\/02\/bonawrench-gris-FINAL.png\",\"contentUrl\":\"https:\/\/test.bonaparts.fr\/wp-content\/uploads\/2022\/02\/bonawrench-gris-FINAL.png\",\"width\":1198,\"height\":1080,\"caption\":\"BONAPARTS\"},\"image\":{\"@id\":\"https:\/\/test.bonaparts.fr\/#\/schema\/logo\/image\/\"},\"sameAs\":[\"https:\/\/www.facebook.com\/Bonaparts\/\",\"https:\/\/www.instagram.com\/bona.parts\/?hl=fr\",\"https:\/\/www.youtube.com\/channel\/UCkO8GGQvOEb61jAxA_G9zXQ\"]}]}<\/script>\n<!-- \/ Yoast SEO plugin. -->","yoast_head_json":{"title":"Dirt bike sano rxf freeride 150-le - BONAPARTS","robots":{"index":"index","follow":"follow","max-snippet":"max-snippet:-1","max-image-preview":"max-image-preview:large","max-video-preview":"max-video-preview:-1"},"canonical":"https:\/\/test.bonaparts.fr\/produit\/dirt-bike-sano-rxf-freeride-150-le\/","og_locale":"fr_FR","og_type":"article","og_title":"Dirt bike sano rxf freeride 150-le - BONAPARTS","og_description":"La gamme RXF d'Apollo Motors marque une nouvelle \u00e8re avec un design innovant et des technologies de pointe. Son ch\u00e2ssis test\u00e9 en comp\u00e9tition, ses suspensions MX japonaises et son moteur am\u00e9lior\u00e9 assurent des performances exceptionnelles. D\u00e9velopp\u00e9e en collaboration avec les pilotes usines, la RXF propose une exp\u00e9rience de conduite in\u00e9gal\u00e9e.  La RXF Freeride 150-LE, version enduro, offre un confort optimal gr\u00e2ce \u00e0 ses grandes roues de 16'' et 19''. \u00c9quip\u00e9e d'un d\u00e9marreur \u00e9lectrique et d'un kit plastique con\u00e7u en France, elle r\u00e9pond aux besoins des riders exigeants \u00e0 la recherche de fiabilit\u00e9 et de performance.","og_url":"https:\/\/test.bonaparts.fr\/produit\/dirt-bike-sano-rxf-freeride-150-le\/","og_site_name":"BONAPARTS","article_publisher":"https:\/\/www.facebook.com\/Bonaparts\/","article_modified_time":"2025-08-11T03:32:55+00:00","og_image":[{"width":1200,"height":1200,"url":"https:\/\/i0.wp.com\/bonaparts.fr\/wp-content\/uploads\/2024\/12\/rxf-freeride-150-le-1.png?fit=1200%2C1200&ssl=1","type":"image\/png"}],"twitter_card":"summary_large_image","twitter_misc":{"Dur\u00e9e de lecture estim\u00e9e":"1 minute"},"schema":{"@context":"https:\/\/schema.org","@graph":[{"@type":"WebPage","@id":"https:\/\/test.bonaparts.fr\/produit\/dirt-bike-sano-rxf-freeride-150-le\/","url":"https:\/\/test.bonaparts.fr\/produit\/dirt-bike-sano-rxf-freeride-150-le\/","name":"Dirt bike sano rxf freeride 150-le - BONAPARTS","isPartOf":{"@id":"https:\/\/test.bonaparts.fr\/#website"},"primaryImageOfPage":{"@id":"https:\/\/test.bonaparts.fr\/produit\/dirt-bike-sano-rxf-freeride-150-le\/#primaryimage"},"image":{"@id":"https:\/\/test.bonaparts.fr\/produit\/dirt-bike-sano-rxf-freeride-150-le\/#primaryimage"},"thumbnailUrl":"https:\/\/test.bonaparts.fr\/wp-content\/uploads\/2024\/12\/rxf-freeride-150-le-1.png","datePublished":"2024-12-21T01:35:04+00:00","dateModified":"2025-08-11T03:32:55+00:00","breadcrumb":{"@id":"https:\/\/test.bonaparts.fr\/produit\/dirt-bike-sano-rxf-freeride-150-le\/#breadcrumb"},"inLanguage":"fr-FR","potentialAction":[{"@type":"ReadAction","target":["https:\/\/test.bonaparts.fr\/produit\/dirt-bike-sano-rxf-freeride-150-le\/"]}]},{"@type":"ImageObject","inLanguage":"fr-FR","@id":"https:\/\/test.bonaparts.fr\/produit\/dirt-bike-sano-rxf-freeride-150-le\/#primaryimage","url":"https:\/\/test.bonaparts.fr\/wp-content\/uploads\/2024\/12\/rxf-freeride-150-le-1.png","contentUrl":"https:\/\/test.bonaparts.fr\/wp-content\/uploads\/2024\/12\/rxf-freeride-150-le-1.png","width":1200,"height":1200},{"@type":"BreadcrumbList","@id":"https:\/\/test.bonaparts.fr\/produit\/dirt-bike-sano-rxf-freeride-150-le\/#breadcrumb","itemListElement":[{"@type":"ListItem","position":1,"name":"Accueil","item":"https:\/\/test.bonaparts.fr\/"},{"@type":"ListItem","position":2,"name":"Accueil","item":"https:\/\/test.bonaparts.fr\/?page_id=823"},{"@type":"ListItem","position":3,"name":"Dirt bike sano rxf freeride 150-le"}]},{"@type":"WebSite","@id":"https:\/\/test.bonaparts.fr\/#website","url":"https:\/\/test.bonaparts.fr\/","name":"BONAPARTS","description":"Pi\u00e8ces d\u00e9tach\u00e9es neuves et d&#039;occasion moto et scooter, sp\u00e9cialiste mono-cylindre 4 temps.","publisher":{"@id":"https:\/\/test.bonaparts.fr\/#organization"},"potentialAction":[{"@type":"SearchAction","target":{"@type":"EntryPoint","urlTemplate":"https:\/\/test.bonaparts.fr\/?s={search_term_string}"},"query-input":{"@type":"PropertyValueSpecification","valueRequired":true,"valueName":"search_term_string"}}],"inLanguage":"fr-FR"},{"@type":"Organization","@id":"https:\/\/test.bonaparts.fr\/#organization","name":"BONAPARTS","url":"https:\/\/test.bonaparts.fr\/","logo":{"@type":"ImageObject","inLanguage":"fr-FR","@id":"https:\/\/test.bonaparts.fr\/#\/schema\/logo\/image\/","url":"https:\/\/test.bonaparts.fr\/wp-content\/uploads\/2022\/02\/bonawrench-gris-FINAL.png","contentUrl":"https:\/\/test.bonaparts.fr\/wp-content\/uploads\/2022\/02\/bonawrench-gris-FINAL.png","width":1198,"height":1080,"caption":"BONAPARTS"},"image":{"@id":"https:\/\/test.bonaparts.fr\/#\/schema\/logo\/image\/"},"sameAs":["https:\/\/www.facebook.com\/Bonaparts\/","https:\/\/www.instagram.com\/bona.parts\/?hl=fr","https:\/\/www.youtube.com\/channel\/UCkO8GGQvOEb61jAxA_G9zXQ"]}]}},"pbg_featured_image_src":{"full":["https:\/\/test.bonaparts.fr\/wp-content\/uploads\/2024\/12\/rxf-freeride-150-le-1.png",1200,1200,false],"thumbnail":["https:\/\/test.bonaparts.fr\/wp-content\/uploads\/2024\/12\/rxf-freeride-150-le-1-150x150.png",150,150,true],"medium":["https:\/\/test.bonaparts.fr\/wp-content\/uploads\/2024\/12\/rxf-freeride-150-le-1-300x300.png",300,300,true],"medium_large":["https:\/\/test.bonaparts.fr\/wp-content\/uploads\/2024\/12\/rxf-freeride-150-le-1-768x768.png",768,768,true],"large":["https:\/\/test.bonaparts.fr\/wp-content\/uploads\/2024\/12\/rxf-freeride-150-le-1-1024x1024.png",980,980,true],"1536x1536":["https:\/\/test.bonaparts.fr\/wp-content\/uploads\/2024\/12\/rxf-freeride-150-le-1.png",1200,1200,false],"2048x2048":["https:\/\/test.bonaparts.fr\/wp-content\/uploads\/2024\/12\/rxf-freeride-150-le-1.png",1200,1200,false],"wptouch-new-thumbnail":["https:\/\/test.bonaparts.fr\/wp-content\/uploads\/2024\/12\/rxf-freeride-150-le-1-144x144.png",144,144,true],"woocommerce_thumbnail":["https:\/\/test.bonaparts.fr\/wp-content\/uploads\/2024\/12\/rxf-freeride-150-le-1-324x324.png",324,324,true],"woocommerce_single":["https:\/\/test.bonaparts.fr\/wp-content\/uploads\/2024\/12\/rxf-freeride-150-le-1-416x416.png",416,416,true],"woocommerce_gallery_thumbnail":["https:\/\/test.bonaparts.fr\/wp-content\/uploads\/2024\/12\/rxf-freeride-150-le-1-100x100.png",100,100,true],"wcpr-photo-reviews":["https:\/\/test.bonaparts.fr\/wp-content\/uploads\/2024\/12\/rxf-freeride-150-le-1-500x500.png",500,500,true]},"pbg_author_info":{"display_name":"BONAPARTS","author_link":"https:\/\/test.bonaparts.fr\/?author=0","author_img":"<img alt='BONAPARTS' src='https:\/\/secure.gravatar.com\/avatar\/ee8ffa5ba89d5ffd342c9b67f99c1f2f5462d5ca62704a21f66b42e75e1d19ff?s=128&#038;d=identicon&#038;r=g' srcset='https:\/\/secure.gravatar.com\/avatar\/ee8ffa5ba89d5ffd342c9b67f99c1f2f5462d5ca62704a21f66b42e75e1d19ff?s=256&#038;d=identicon&#038;r=g 2x' class='avatar avatar-128 photo' height='128' width='128' decoding='async'\/>"},"pbg_comment_info":" No Comments","pbg_excerpt":"La gamme RXF d'Apollo Motors marque une nouvelle \u00e8re avec un design innovant et des technologies de pointe. Son ch\u00e2ssis test\u00e9 en comp\u00e9tition, ses suspensions MX japonaises et son moteur am\u00e9lior\u00e9 assurent des performances exceptionnelles. D\u00e9velopp\u00e9e en collaboration avec les pilotes usines, la RXF propose une exp\u00e9rience de conduite in\u00e9gal\u00e9e. La RXF Freeride 150-LE, version\u2026","jetpack_likes_enabled":false,"jetpack_sharing_enabled":true,"_links":{"self":[{"href":"https:\/\/test.bonaparts.fr\/index.php?rest_route=\/wp\/v2\/product\/14376","targetHints":{"allow":["GET"]}}],"collection":[{"href":"https:\/\/test.bonaparts.fr\/index.php?rest_route=\/wp\/v2\/product"}],"about":[{"href":"https:\/\/test.bonaparts.fr\/index.php?rest_route=\/wp\/v2\/types\/product"}],"wp:featuredmedia":[{"embeddable":true,"href":"https:\/\/test.bonaparts.fr\/index.php?rest_route=\/wp\/v2\/media\/14382"}],"wp:attachment":[{"href":"https:\/\/test.bonaparts.fr\/index.php?rest_route=%2Fwp%2Fv2%2Fmedia&parent=14376"}],"wp:term":[{"taxonomy":"product_brand","embeddable":true,"href":"https:\/\/test.bonaparts.fr\/index.php?rest_route=%2Fwp%2Fv2%2Fproduct_brand&post=14376"},{"taxonomy":"product_cat","embeddable":true,"href":"https:\/\/test.bonaparts.fr\/index.php?rest_route=%2Fwp%2Fv2%2Fproduct_cat&post=14376"},{"taxonomy":"product_tag","embeddable":true,"href":"https:\/\/test.bonaparts.fr\/index.php?rest_route=%2Fwp%2Fv2%2Fproduct_tag&post=14376"},{"taxonomy":"pa_autre-numero-de-piece","embeddable":true,"href":"https:\/\/test.bonaparts.fr\/index.php?rest_route=%2Fwp%2Fv2%2Fpa_autre-numero-de-piece&post=14376"},{"taxonomy":"pa_type","embeddable":true,"href":"https:\/\/test.bonaparts.fr\/index.php?rest_route=%2Fwp%2Fv2%2Fpa_type&post=14376"}],"curies":[{"name":"wp","href":"https:\/\/api.w.org\/{rel}","templated":true}]}}