{"id":1596,"date":"2022-01-17T00:52:16","date_gmt":"2022-01-16T23:52:16","guid":{"rendered":"https:\/\/test.bonaparts.fr\/?post_type=product&#038;p=1596"},"modified":"2022-04-01T13:54:08","modified_gmt":"2022-04-01T11:54:08","slug":"moyeux-avant-st70","status":"publish","type":"product","link":"https:\/\/test.bonaparts.fr\/?product=moyeux-avant-st70","title":{"rendered":"Moyeux avant Honda ST70 6V NT"},"content":{"rendered":"<p>Moyeux avant ST70 d&#8217;occasion pour Honda ST70 provient d&#8217;un mod\u00e8le 6V NT 1982-1989<br \/>\n\u00c9tat moyen, \u00e0 restaurer.<\/p>\n<p>R\u00e9f\u00e9rence : 44600-098-010AU<\/p>\n<p>Se monte aussi sur les mod\u00e8les :<\/p>\n<p>Honda ST70 12V 1990-1999<\/p>\n<p>Honda ST70 6V OT 1972-1988<\/p>\n","protected":false},"excerpt":{"rendered":"<p>Moyeux avant ST70 d&#8217;occasion pour Honda ST70 provient d&#8217;un mod\u00e8le 6V NT 1982-1989 \u00c9tat moyen, \u00e0 restaurer. R\u00e9f\u00e9rence : 44600-098-010AU Se monte aussi sur les mod\u00e8les : Honda ST70 12V 1990-1999 Honda ST70 6V OT 1972-1988<\/p>\n","protected":false},"featured_media":2012,"template":"","meta":[],"product_brand":[],"product_cat":[6360,6570],"product_tag":[7164,7162,7163,7161],"pa_autre-numero-de-piece":[],"pa_type":[],"class_list":{"0":"post-1596","1":"product","2":"type-product","3":"status-publish","4":"has-post-thumbnail","6":"product_cat-cycle-dax","7":"product_cat-roues-dax","8":"product_tag-44600-098-010au","9":"product_tag-moyeux-avant-honda-dax","10":"product_tag-moyeux-avant-honda-dax-st70","11":"product_tag-moyeux-avant-honda-st70-6v-nt","13":"first","14":"instock","15":"sold-individually","16":"shipping-taxable","17":"purchasable","18":"product-type-simple"},"yoast_head":"<!-- This site is optimized with the Yoast SEO plugin v26.0 - https:\/\/yoast.com\/wordpress\/plugins\/seo\/ -->\n<title>Moyeux avant Honda ST70 6V NT - BONAPARTS<\/title>\n<meta name=\"robots\" content=\"index, follow, max-snippet:-1, max-image-preview:large, max-video-preview:-1\" \/>\n<link rel=\"canonical\" href=\"https:\/\/test.bonaparts.fr\/produit\/moyeux-avant-st70\/\" \/>\n<meta property=\"og:locale\" content=\"fr_FR\" \/>\n<meta property=\"og:type\" content=\"article\" \/>\n<meta property=\"og:title\" content=\"Moyeux avant Honda ST70 6V NT - BONAPARTS\" \/>\n<meta property=\"og:description\" content=\"Moyeux avant ST70 d&#8217;occasion pour Honda ST70 provient d&#8217;un mod\u00e8le 6V NT 1982-1989 \u00c9tat moyen, \u00e0 restaurer. R\u00e9f\u00e9rence : 44600-098-010AU Se monte aussi sur les mod\u00e8les : Honda ST70 12V 1990-1999 Honda ST70 6V OT 1972-1988\" \/>\n<meta property=\"og:url\" content=\"https:\/\/test.bonaparts.fr\/produit\/moyeux-avant-st70\/\" \/>\n<meta property=\"og:site_name\" content=\"BONAPARTS\" \/>\n<meta property=\"article:publisher\" content=\"https:\/\/www.facebook.com\/Bonaparts\/\" \/>\n<meta property=\"article:modified_time\" content=\"2022-04-01T11:54:08+00:00\" \/>\n<meta property=\"og:image\" content=\"https:\/\/i0.wp.com\/bonaparts.fr\/wp-content\/uploads\/2022\/01\/20210825_170609.jpg?fit=1129%2C635&ssl=1\" \/>\n\t<meta property=\"og:image:width\" content=\"1129\" \/>\n\t<meta property=\"og:image:height\" content=\"635\" \/>\n\t<meta property=\"og:image:type\" content=\"image\/jpeg\" \/>\n<meta name=\"twitter:card\" content=\"summary_large_image\" \/>\n<script type=\"application\/ld+json\" class=\"yoast-schema-graph\">{\"@context\":\"https:\/\/schema.org\",\"@graph\":[{\"@type\":\"WebPage\",\"@id\":\"https:\/\/test.bonaparts.fr\/produit\/moyeux-avant-st70\/\",\"url\":\"https:\/\/test.bonaparts.fr\/produit\/moyeux-avant-st70\/\",\"name\":\"Moyeux avant Honda ST70 6V NT - BONAPARTS\",\"isPartOf\":{\"@id\":\"https:\/\/test.bonaparts.fr\/#website\"},\"primaryImageOfPage\":{\"@id\":\"https:\/\/test.bonaparts.fr\/produit\/moyeux-avant-st70\/#primaryimage\"},\"image\":{\"@id\":\"https:\/\/test.bonaparts.fr\/produit\/moyeux-avant-st70\/#primaryimage\"},\"thumbnailUrl\":\"https:\/\/test.bonaparts.fr\/wp-content\/uploads\/2022\/01\/20210825_170609.jpg\",\"datePublished\":\"2022-01-16T23:52:16+00:00\",\"dateModified\":\"2022-04-01T11:54:08+00:00\",\"breadcrumb\":{\"@id\":\"https:\/\/test.bonaparts.fr\/produit\/moyeux-avant-st70\/#breadcrumb\"},\"inLanguage\":\"fr-FR\",\"potentialAction\":[{\"@type\":\"ReadAction\",\"target\":[\"https:\/\/test.bonaparts.fr\/produit\/moyeux-avant-st70\/\"]}]},{\"@type\":\"ImageObject\",\"inLanguage\":\"fr-FR\",\"@id\":\"https:\/\/test.bonaparts.fr\/produit\/moyeux-avant-st70\/#primaryimage\",\"url\":\"https:\/\/test.bonaparts.fr\/wp-content\/uploads\/2022\/01\/20210825_170609.jpg\",\"contentUrl\":\"https:\/\/test.bonaparts.fr\/wp-content\/uploads\/2022\/01\/20210825_170609.jpg\",\"width\":1129,\"height\":635},{\"@type\":\"BreadcrumbList\",\"@id\":\"https:\/\/test.bonaparts.fr\/produit\/moyeux-avant-st70\/#breadcrumb\",\"itemListElement\":[{\"@type\":\"ListItem\",\"position\":1,\"name\":\"Accueil\",\"item\":\"https:\/\/test.bonaparts.fr\/\"},{\"@type\":\"ListItem\",\"position\":2,\"name\":\"Accueil\",\"item\":\"https:\/\/test.bonaparts.fr\/?page_id=823\"},{\"@type\":\"ListItem\",\"position\":3,\"name\":\"Moyeux avant Honda ST70 6V NT\"}]},{\"@type\":\"WebSite\",\"@id\":\"https:\/\/test.bonaparts.fr\/#website\",\"url\":\"https:\/\/test.bonaparts.fr\/\",\"name\":\"BONAPARTS\",\"description\":\"Pi\u00e8ces d\u00e9tach\u00e9es neuves et d&#039;occasion moto et scooter, sp\u00e9cialiste mono-cylindre 4 temps.\",\"publisher\":{\"@id\":\"https:\/\/test.bonaparts.fr\/#organization\"},\"potentialAction\":[{\"@type\":\"SearchAction\",\"target\":{\"@type\":\"EntryPoint\",\"urlTemplate\":\"https:\/\/test.bonaparts.fr\/?s={search_term_string}\"},\"query-input\":{\"@type\":\"PropertyValueSpecification\",\"valueRequired\":true,\"valueName\":\"search_term_string\"}}],\"inLanguage\":\"fr-FR\"},{\"@type\":\"Organization\",\"@id\":\"https:\/\/test.bonaparts.fr\/#organization\",\"name\":\"BONAPARTS\",\"url\":\"https:\/\/test.bonaparts.fr\/\",\"logo\":{\"@type\":\"ImageObject\",\"inLanguage\":\"fr-FR\",\"@id\":\"https:\/\/test.bonaparts.fr\/#\/schema\/logo\/image\/\",\"url\":\"https:\/\/test.bonaparts.fr\/wp-content\/uploads\/2022\/02\/bonawrench-gris-FINAL.png\",\"contentUrl\":\"https:\/\/test.bonaparts.fr\/wp-content\/uploads\/2022\/02\/bonawrench-gris-FINAL.png\",\"width\":1198,\"height\":1080,\"caption\":\"BONAPARTS\"},\"image\":{\"@id\":\"https:\/\/test.bonaparts.fr\/#\/schema\/logo\/image\/\"},\"sameAs\":[\"https:\/\/www.facebook.com\/Bonaparts\/\",\"https:\/\/www.instagram.com\/bona.parts\/?hl=fr\",\"https:\/\/www.youtube.com\/channel\/UCkO8GGQvOEb61jAxA_G9zXQ\"]}]}<\/script>\n<!-- \/ Yoast SEO plugin. -->","yoast_head_json":{"title":"Moyeux avant Honda ST70 6V NT - BONAPARTS","robots":{"index":"index","follow":"follow","max-snippet":"max-snippet:-1","max-image-preview":"max-image-preview:large","max-video-preview":"max-video-preview:-1"},"canonical":"https:\/\/test.bonaparts.fr\/produit\/moyeux-avant-st70\/","og_locale":"fr_FR","og_type":"article","og_title":"Moyeux avant Honda ST70 6V NT - BONAPARTS","og_description":"Moyeux avant ST70 d&#8217;occasion pour Honda ST70 provient d&#8217;un mod\u00e8le 6V NT 1982-1989 \u00c9tat moyen, \u00e0 restaurer. R\u00e9f\u00e9rence : 44600-098-010AU Se monte aussi sur les mod\u00e8les : Honda ST70 12V 1990-1999 Honda ST70 6V OT 1972-1988","og_url":"https:\/\/test.bonaparts.fr\/produit\/moyeux-avant-st70\/","og_site_name":"BONAPARTS","article_publisher":"https:\/\/www.facebook.com\/Bonaparts\/","article_modified_time":"2022-04-01T11:54:08+00:00","og_image":[{"width":1129,"height":635,"url":"https:\/\/i0.wp.com\/bonaparts.fr\/wp-content\/uploads\/2022\/01\/20210825_170609.jpg?fit=1129%2C635&ssl=1","type":"image\/jpeg"}],"twitter_card":"summary_large_image","schema":{"@context":"https:\/\/schema.org","@graph":[{"@type":"WebPage","@id":"https:\/\/test.bonaparts.fr\/produit\/moyeux-avant-st70\/","url":"https:\/\/test.bonaparts.fr\/produit\/moyeux-avant-st70\/","name":"Moyeux avant Honda ST70 6V NT - BONAPARTS","isPartOf":{"@id":"https:\/\/test.bonaparts.fr\/#website"},"primaryImageOfPage":{"@id":"https:\/\/test.bonaparts.fr\/produit\/moyeux-avant-st70\/#primaryimage"},"image":{"@id":"https:\/\/test.bonaparts.fr\/produit\/moyeux-avant-st70\/#primaryimage"},"thumbnailUrl":"https:\/\/test.bonaparts.fr\/wp-content\/uploads\/2022\/01\/20210825_170609.jpg","datePublished":"2022-01-16T23:52:16+00:00","dateModified":"2022-04-01T11:54:08+00:00","breadcrumb":{"@id":"https:\/\/test.bonaparts.fr\/produit\/moyeux-avant-st70\/#breadcrumb"},"inLanguage":"fr-FR","potentialAction":[{"@type":"ReadAction","target":["https:\/\/test.bonaparts.fr\/produit\/moyeux-avant-st70\/"]}]},{"@type":"ImageObject","inLanguage":"fr-FR","@id":"https:\/\/test.bonaparts.fr\/produit\/moyeux-avant-st70\/#primaryimage","url":"https:\/\/test.bonaparts.fr\/wp-content\/uploads\/2022\/01\/20210825_170609.jpg","contentUrl":"https:\/\/test.bonaparts.fr\/wp-content\/uploads\/2022\/01\/20210825_170609.jpg","width":1129,"height":635},{"@type":"BreadcrumbList","@id":"https:\/\/test.bonaparts.fr\/produit\/moyeux-avant-st70\/#breadcrumb","itemListElement":[{"@type":"ListItem","position":1,"name":"Accueil","item":"https:\/\/test.bonaparts.fr\/"},{"@type":"ListItem","position":2,"name":"Accueil","item":"https:\/\/test.bonaparts.fr\/?page_id=823"},{"@type":"ListItem","position":3,"name":"Moyeux avant Honda ST70 6V NT"}]},{"@type":"WebSite","@id":"https:\/\/test.bonaparts.fr\/#website","url":"https:\/\/test.bonaparts.fr\/","name":"BONAPARTS","description":"Pi\u00e8ces d\u00e9tach\u00e9es neuves et d&#039;occasion moto et scooter, sp\u00e9cialiste mono-cylindre 4 temps.","publisher":{"@id":"https:\/\/test.bonaparts.fr\/#organization"},"potentialAction":[{"@type":"SearchAction","target":{"@type":"EntryPoint","urlTemplate":"https:\/\/test.bonaparts.fr\/?s={search_term_string}"},"query-input":{"@type":"PropertyValueSpecification","valueRequired":true,"valueName":"search_term_string"}}],"inLanguage":"fr-FR"},{"@type":"Organization","@id":"https:\/\/test.bonaparts.fr\/#organization","name":"BONAPARTS","url":"https:\/\/test.bonaparts.fr\/","logo":{"@type":"ImageObject","inLanguage":"fr-FR","@id":"https:\/\/test.bonaparts.fr\/#\/schema\/logo\/image\/","url":"https:\/\/test.bonaparts.fr\/wp-content\/uploads\/2022\/02\/bonawrench-gris-FINAL.png","contentUrl":"https:\/\/test.bonaparts.fr\/wp-content\/uploads\/2022\/02\/bonawrench-gris-FINAL.png","width":1198,"height":1080,"caption":"BONAPARTS"},"image":{"@id":"https:\/\/test.bonaparts.fr\/#\/schema\/logo\/image\/"},"sameAs":["https:\/\/www.facebook.com\/Bonaparts\/","https:\/\/www.instagram.com\/bona.parts\/?hl=fr","https:\/\/www.youtube.com\/channel\/UCkO8GGQvOEb61jAxA_G9zXQ"]}]}},"pbg_featured_image_src":{"full":["https:\/\/test.bonaparts.fr\/wp-content\/uploads\/2022\/01\/20210825_170609.jpg",1129,635,false],"thumbnail":["https:\/\/test.bonaparts.fr\/wp-content\/uploads\/2022\/01\/20210825_170609-150x150.jpg",150,150,true],"medium":["https:\/\/test.bonaparts.fr\/wp-content\/uploads\/2022\/01\/20210825_170609-300x169.jpg",300,169,true],"medium_large":["https:\/\/test.bonaparts.fr\/wp-content\/uploads\/2022\/01\/20210825_170609-768x432.jpg",768,432,true],"large":["https:\/\/test.bonaparts.fr\/wp-content\/uploads\/2022\/01\/20210825_170609-1024x576.jpg",980,551,true],"1536x1536":["https:\/\/test.bonaparts.fr\/wp-content\/uploads\/2022\/01\/20210825_170609.jpg",1129,635,false],"2048x2048":["https:\/\/test.bonaparts.fr\/wp-content\/uploads\/2022\/01\/20210825_170609.jpg",1129,635,false],"wptouch-new-thumbnail":["https:\/\/test.bonaparts.fr\/wp-content\/uploads\/2022\/01\/20210825_170609-144x144.jpg",144,144,true],"woocommerce_thumbnail":["https:\/\/test.bonaparts.fr\/wp-content\/uploads\/2022\/01\/20210825_170609-324x324.jpg",324,324,true],"woocommerce_single":["https:\/\/test.bonaparts.fr\/wp-content\/uploads\/2022\/01\/20210825_170609-416x234.jpg",416,234,true],"woocommerce_gallery_thumbnail":["https:\/\/test.bonaparts.fr\/wp-content\/uploads\/2022\/01\/20210825_170609-100x100.jpg",100,100,true],"wcpr-photo-reviews":["https:\/\/test.bonaparts.fr\/wp-content\/uploads\/2022\/01\/20210825_170609-500x281.jpg",500,281,true]},"pbg_author_info":{"display_name":"BONAPARTS","author_link":"https:\/\/test.bonaparts.fr\/?author=0","author_img":"<img alt='BONAPARTS' src='https:\/\/secure.gravatar.com\/avatar\/ee8ffa5ba89d5ffd342c9b67f99c1f2f5462d5ca62704a21f66b42e75e1d19ff?s=128&#038;d=identicon&#038;r=g' srcset='https:\/\/secure.gravatar.com\/avatar\/ee8ffa5ba89d5ffd342c9b67f99c1f2f5462d5ca62704a21f66b42e75e1d19ff?s=256&#038;d=identicon&#038;r=g 2x' class='avatar avatar-128 photo' height='128' width='128' decoding='async'\/>"},"pbg_comment_info":" No Comments","pbg_excerpt":"Moyeux avant ST70 d&#8217;occasion pour Honda ST70 provient d&#8217;un mod\u00e8le 6V NT 1982-1989 \u00c9tat moyen, \u00e0 restaurer. R\u00e9f\u00e9rence : 44600-098-010AU Se monte aussi sur les mod\u00e8les : Honda ST70 12V 1990-1999 Honda ST70 6V OT 1972-1988","jetpack_likes_enabled":false,"jetpack_sharing_enabled":true,"_links":{"self":[{"href":"https:\/\/test.bonaparts.fr\/index.php?rest_route=\/wp\/v2\/product\/1596","targetHints":{"allow":["GET"]}}],"collection":[{"href":"https:\/\/test.bonaparts.fr\/index.php?rest_route=\/wp\/v2\/product"}],"about":[{"href":"https:\/\/test.bonaparts.fr\/index.php?rest_route=\/wp\/v2\/types\/product"}],"wp:featuredmedia":[{"embeddable":true,"href":"https:\/\/test.bonaparts.fr\/index.php?rest_route=\/wp\/v2\/media\/2012"}],"wp:attachment":[{"href":"https:\/\/test.bonaparts.fr\/index.php?rest_route=%2Fwp%2Fv2%2Fmedia&parent=1596"}],"wp:term":[{"taxonomy":"product_brand","embeddable":true,"href":"https:\/\/test.bonaparts.fr\/index.php?rest_route=%2Fwp%2Fv2%2Fproduct_brand&post=1596"},{"taxonomy":"product_cat","embeddable":true,"href":"https:\/\/test.bonaparts.fr\/index.php?rest_route=%2Fwp%2Fv2%2Fproduct_cat&post=1596"},{"taxonomy":"product_tag","embeddable":true,"href":"https:\/\/test.bonaparts.fr\/index.php?rest_route=%2Fwp%2Fv2%2Fproduct_tag&post=1596"},{"taxonomy":"pa_autre-numero-de-piece","embeddable":true,"href":"https:\/\/test.bonaparts.fr\/index.php?rest_route=%2Fwp%2Fv2%2Fpa_autre-numero-de-piece&post=1596"},{"taxonomy":"pa_type","embeddable":true,"href":"https:\/\/test.bonaparts.fr\/index.php?rest_route=%2Fwp%2Fv2%2Fpa_type&post=1596"}],"curies":[{"name":"wp","href":"https:\/\/api.w.org\/{rel}","templated":true}]}}