{"id":17027,"date":"2024-08-26T17:39:13","date_gmt":"2024-08-26T15:39:13","guid":{"rendered":"https:\/\/test.bonaparts.fr\/produit\/bouton-commande-claxon-piaggio-beverly-vespa-x9-liberty-125\/"},"modified":"2025-06-30T04:40:26","modified_gmt":"2025-06-30T02:40:26","slug":"bouton-commande-claxon-piaggio-beverly-vespa-x9-liberty-125","status":"publish","type":"product","link":"https:\/\/test.bonaparts.fr\/?product=bouton-commande-claxon-piaggio-beverly-vespa-x9-liberty-125","title":{"rendered":"Bouton Commande Claxon piaggio beverly Vespa X9 Liberty 125"},"content":{"rendered":"<p><font rwr=\"1\" style=\"\"><br \/>\n<meta charset=\"utf-8\"><meta name=\"viewport\" content=\"width=device-width, initial-scale=1, shrink-to-fit=no\"><br \/>\n<title>Free eBay listing template designed by dewiso.com<\/title>\n<link href=\"https:\/\/dewiso.com\/css\/bootstrap.min.css\" rel=\"stylesheet\">\n<div style=\"font-family: Arial; background: rgb(253, 254, 254); border-left: 1px solid rgb(203, 212, 194); border-right: 1px solid rgb(203, 212, 194); border-top: 1px solid rgb(203, 212, 194); line-height: 45px;\">\n<div class=\"container\" style=\"border-bottom: 1px solid rgb(203, 212, 194); padding: 40px 0px;\">\n<div class=\"col-12 col-md-12\" style=\"\">\n<h1 style=\"color: rgb(53, 53, 53); text-align: center;\"><img decoding=\"async\" alt=\"\" class=\"mx-auto d-block img-fluid\" src=\"https:\/\/test.bonaparts.fr\/img\/my-shop-logo-1602435557.jpg\" style=\"font-size: 14pt;\"><i style=\"color: rgb(33, 37, 41);\"><font face=\"Arial\" style=\"\"><b style=\"\"><u style=\"\"><font color=\"#002cfd\" style=\"\" size=\"6\">BONAPARTS<\/font><\/u><\/b><\/font><\/i><\/h1>\n<h1 style=\"text-align: center;\"><font size=\"4\"><font face=\"Arial\" style=\"\"><font color=\"#353535\" style=\"\">&nbsp;<\/font><\/font><font style=\"color: rgb(53, 53, 53);\">Pi\u00e8ces d\u00e9tach\u00e9es neuves et d&#8217;occasion motos scooters motocross quad<\/font><\/font><\/h1>\n<\/div>\n<\/div>\n<\/div>\n<div style=\"font-family: Arial; border-left: 1px solid rgb(203, 212, 194); border-right: 1px solid rgb(203, 212, 194); color: rgb(53, 53, 53); line-height: 25px;\">\n<div class=\"container\" style=\"border-bottom: 1px solid rgb(203, 212, 194); padding-bottom: 20px; padding-top: 50px;\">\n<div class=\"row\" style=\"\">\n<div class=\"col-12 col-md-4\" style=\"font-size: 14pt; padding-bottom: 20px;\"><i><b>Bonaparts<\/b><\/i> vous propose&nbsp;Bouton Commande Claxon piaggio beverly Vespa X9 Liberty 125<\/div>\n<div class=\"col-12 col-md-4\" style=\"font-size: 14pt; padding-bottom: 20px;\"><u style=\"font-weight: bold;\">\u00c9tat :<\/u>&nbsp;neuf<\/div>\n<div class=\"col-12 col-md-4\" style=\"font-size: 14pt; padding-bottom: 20px;\"><span style=\"font-size: 14pt;\"><u style=\"font-weight: bold;\">Adaptable sur les mod\u00e8les suivants :<\/u>&nbsp;<br \/><\/span><span style=\"font-size: 14pt;\"><br \/><\/span>piaggio beverly Vespa X9 Liberty 125<span style=\"font-size: 14pt;\"><br \/><\/span><\/div>\n<div class=\"col-12 col-md-4\" style=\"font-size: 14pt; padding-bottom: 20px;\"><span style=\"font-size: 14pt;\"><br \/><\/span><\/div>\n<div class=\"col-12 col-md-4\" style=\"font-size: 14pt; padding-bottom: 20px;\"><span style=\"font-size: 14pt;\"><br \/><\/span><\/div>\n<div class=\"col-12 col-md-4\" style=\"font-size: 14pt; padding-bottom: 20px;\"><span style=\"font-size: 14pt;\"><br \/><\/span><\/div>\n<div class=\"col-12 col-md-4\" style=\"padding-bottom: 20px;\"><i><font size=\"2\"><b>Avant de passer commande, n&#8217;h\u00e9sitez pas \u00e0 nous contacter pour vous assurez de la disponibilit\u00e9 de l&#8217;article, nous vendons aussi en direct dans notre boutique les articles pr\u00e9sents sur notre boutique Ebay.<\/b><\/font><\/i><\/div>\n<\/div>\n<\/div>\n<\/div>\n<p><\/font><\/p>\n","protected":false},"excerpt":{"rendered":"<p>Free eBay listing template designed by dewiso.com BONAPARTS &nbsp;Pi\u00e8ces d\u00e9tach\u00e9es neuves et d&#8217;occasion motos scooters motocross quad Bonaparts vous propose&nbsp;Bouton Commande Claxon piaggio beverly Vespa X9 Liberty 125 \u00c9tat :&nbsp;neuf Adaptable sur les mod\u00e8les suivants :&nbsp;piaggio beverly Vespa X9 Liberty 125 Avant de passer commande, n&#8217;h\u00e9sitez pas \u00e0 nous contacter pour vous assurez de la [&hellip;]<\/p>\n","protected":false},"featured_media":17028,"template":"","meta":[],"product_brand":[],"product_cat":[9260,9264],"product_tag":[],"pa_autre-numero-de-piece":[],"pa_type":[],"class_list":{"0":"post-17027","1":"product","2":"type-product","3":"status-publish","4":"has-post-thumbnail","6":"product_cat-piaggio-liberty-125","7":"product_cat-piaggio-x8-x9-x10-125","9":"first","10":"instock","11":"shipping-taxable","12":"purchasable","13":"product-type-simple"},"yoast_head":"<!-- This site is optimized with the Yoast SEO plugin v26.0 - https:\/\/yoast.com\/wordpress\/plugins\/seo\/ -->\n<title>Bouton Commande Claxon piaggio beverly Vespa X9 Liberty 125 - BONAPARTS<\/title>\n<meta name=\"robots\" content=\"index, follow, max-snippet:-1, max-image-preview:large, max-video-preview:-1\" \/>\n<link rel=\"canonical\" href=\"https:\/\/test.bonaparts.fr\/produit\/bouton-commande-claxon-piaggio-beverly-vespa-x9-liberty-125\/\" \/>\n<meta property=\"og:locale\" content=\"fr_FR\" \/>\n<meta property=\"og:type\" content=\"article\" \/>\n<meta property=\"og:title\" content=\"Bouton Commande Claxon piaggio beverly Vespa X9 Liberty 125 - BONAPARTS\" \/>\n<meta property=\"og:description\" content=\"Free eBay listing template designed by dewiso.com BONAPARTS &nbsp;Pi\u00e8ces d\u00e9tach\u00e9es neuves et d&#8217;occasion motos scooters motocross quad Bonaparts vous propose&nbsp;Bouton Commande Claxon piaggio beverly Vespa X9 Liberty 125 \u00c9tat :&nbsp;neuf Adaptable sur les mod\u00e8les suivants :&nbsp;piaggio beverly Vespa X9 Liberty 125 Avant de passer commande, n&#8217;h\u00e9sitez pas \u00e0 nous contacter pour vous assurez de la [&hellip;]\" \/>\n<meta property=\"og:url\" content=\"https:\/\/test.bonaparts.fr\/produit\/bouton-commande-claxon-piaggio-beverly-vespa-x9-liberty-125\/\" \/>\n<meta property=\"og:site_name\" content=\"BONAPARTS\" \/>\n<meta property=\"article:publisher\" content=\"https:\/\/www.facebook.com\/Bonaparts\/\" \/>\n<meta property=\"article:modified_time\" content=\"2025-06-30T02:40:26+00:00\" \/>\n<meta property=\"og:image\" content=\"https:\/\/i0.wp.com\/bonaparts.fr\/wp-content\/uploads\/imported\/7\/Bouton-Commande-Claxon-piaggio-beverly-Vespa-X9-Liberty-125-395619828207.jpg?fit=1600%2C1066&ssl=1\" \/>\n\t<meta property=\"og:image:width\" content=\"1600\" \/>\n\t<meta property=\"og:image:height\" content=\"1066\" \/>\n\t<meta property=\"og:image:type\" content=\"image\/jpeg\" \/>\n<meta name=\"twitter:card\" content=\"summary_large_image\" \/>\n<script type=\"application\/ld+json\" class=\"yoast-schema-graph\">{\"@context\":\"https:\/\/schema.org\",\"@graph\":[{\"@type\":\"WebPage\",\"@id\":\"https:\/\/test.bonaparts.fr\/produit\/bouton-commande-claxon-piaggio-beverly-vespa-x9-liberty-125\/\",\"url\":\"https:\/\/test.bonaparts.fr\/produit\/bouton-commande-claxon-piaggio-beverly-vespa-x9-liberty-125\/\",\"name\":\"Bouton Commande Claxon piaggio beverly Vespa X9 Liberty 125 - BONAPARTS\",\"isPartOf\":{\"@id\":\"https:\/\/test.bonaparts.fr\/#website\"},\"primaryImageOfPage\":{\"@id\":\"https:\/\/test.bonaparts.fr\/produit\/bouton-commande-claxon-piaggio-beverly-vespa-x9-liberty-125\/#primaryimage\"},\"image\":{\"@id\":\"https:\/\/test.bonaparts.fr\/produit\/bouton-commande-claxon-piaggio-beverly-vespa-x9-liberty-125\/#primaryimage\"},\"thumbnailUrl\":\"https:\/\/test.bonaparts.fr\/wp-content\/uploads\/imported\/7\/Bouton-Commande-Claxon-piaggio-beverly-Vespa-X9-Liberty-125-395619828207.jpg\",\"datePublished\":\"2024-08-26T15:39:13+00:00\",\"dateModified\":\"2025-06-30T02:40:26+00:00\",\"breadcrumb\":{\"@id\":\"https:\/\/test.bonaparts.fr\/produit\/bouton-commande-claxon-piaggio-beverly-vespa-x9-liberty-125\/#breadcrumb\"},\"inLanguage\":\"fr-FR\",\"potentialAction\":[{\"@type\":\"ReadAction\",\"target\":[\"https:\/\/test.bonaparts.fr\/produit\/bouton-commande-claxon-piaggio-beverly-vespa-x9-liberty-125\/\"]}]},{\"@type\":\"ImageObject\",\"inLanguage\":\"fr-FR\",\"@id\":\"https:\/\/test.bonaparts.fr\/produit\/bouton-commande-claxon-piaggio-beverly-vespa-x9-liberty-125\/#primaryimage\",\"url\":\"https:\/\/test.bonaparts.fr\/wp-content\/uploads\/imported\/7\/Bouton-Commande-Claxon-piaggio-beverly-Vespa-X9-Liberty-125-395619828207.jpg\",\"contentUrl\":\"https:\/\/test.bonaparts.fr\/wp-content\/uploads\/imported\/7\/Bouton-Commande-Claxon-piaggio-beverly-Vespa-X9-Liberty-125-395619828207.jpg\",\"width\":1600,\"height\":1066},{\"@type\":\"BreadcrumbList\",\"@id\":\"https:\/\/test.bonaparts.fr\/produit\/bouton-commande-claxon-piaggio-beverly-vespa-x9-liberty-125\/#breadcrumb\",\"itemListElement\":[{\"@type\":\"ListItem\",\"position\":1,\"name\":\"Accueil\",\"item\":\"https:\/\/test.bonaparts.fr\/\"},{\"@type\":\"ListItem\",\"position\":2,\"name\":\"Accueil\",\"item\":\"https:\/\/test.bonaparts.fr\/?page_id=823\"},{\"@type\":\"ListItem\",\"position\":3,\"name\":\"Bouton Commande Claxon piaggio beverly Vespa X9 Liberty 125\"}]},{\"@type\":\"WebSite\",\"@id\":\"https:\/\/test.bonaparts.fr\/#website\",\"url\":\"https:\/\/test.bonaparts.fr\/\",\"name\":\"BONAPARTS\",\"description\":\"Pi\u00e8ces d\u00e9tach\u00e9es neuves et d&#039;occasion moto et scooter, sp\u00e9cialiste mono-cylindre 4 temps.\",\"publisher\":{\"@id\":\"https:\/\/test.bonaparts.fr\/#organization\"},\"potentialAction\":[{\"@type\":\"SearchAction\",\"target\":{\"@type\":\"EntryPoint\",\"urlTemplate\":\"https:\/\/test.bonaparts.fr\/?s={search_term_string}\"},\"query-input\":{\"@type\":\"PropertyValueSpecification\",\"valueRequired\":true,\"valueName\":\"search_term_string\"}}],\"inLanguage\":\"fr-FR\"},{\"@type\":\"Organization\",\"@id\":\"https:\/\/test.bonaparts.fr\/#organization\",\"name\":\"BONAPARTS\",\"url\":\"https:\/\/test.bonaparts.fr\/\",\"logo\":{\"@type\":\"ImageObject\",\"inLanguage\":\"fr-FR\",\"@id\":\"https:\/\/test.bonaparts.fr\/#\/schema\/logo\/image\/\",\"url\":\"https:\/\/test.bonaparts.fr\/wp-content\/uploads\/2022\/02\/bonawrench-gris-FINAL.png\",\"contentUrl\":\"https:\/\/test.bonaparts.fr\/wp-content\/uploads\/2022\/02\/bonawrench-gris-FINAL.png\",\"width\":1198,\"height\":1080,\"caption\":\"BONAPARTS\"},\"image\":{\"@id\":\"https:\/\/test.bonaparts.fr\/#\/schema\/logo\/image\/\"},\"sameAs\":[\"https:\/\/www.facebook.com\/Bonaparts\/\",\"https:\/\/www.instagram.com\/bona.parts\/?hl=fr\",\"https:\/\/www.youtube.com\/channel\/UCkO8GGQvOEb61jAxA_G9zXQ\"]}]}<\/script>\n<!-- \/ Yoast SEO plugin. -->","yoast_head_json":{"title":"Bouton Commande Claxon piaggio beverly Vespa X9 Liberty 125 - BONAPARTS","robots":{"index":"index","follow":"follow","max-snippet":"max-snippet:-1","max-image-preview":"max-image-preview:large","max-video-preview":"max-video-preview:-1"},"canonical":"https:\/\/test.bonaparts.fr\/produit\/bouton-commande-claxon-piaggio-beverly-vespa-x9-liberty-125\/","og_locale":"fr_FR","og_type":"article","og_title":"Bouton Commande Claxon piaggio beverly Vespa X9 Liberty 125 - BONAPARTS","og_description":"Free eBay listing template designed by dewiso.com BONAPARTS &nbsp;Pi\u00e8ces d\u00e9tach\u00e9es neuves et d&#8217;occasion motos scooters motocross quad Bonaparts vous propose&nbsp;Bouton Commande Claxon piaggio beverly Vespa X9 Liberty 125 \u00c9tat :&nbsp;neuf Adaptable sur les mod\u00e8les suivants :&nbsp;piaggio beverly Vespa X9 Liberty 125 Avant de passer commande, n&#8217;h\u00e9sitez pas \u00e0 nous contacter pour vous assurez de la [&hellip;]","og_url":"https:\/\/test.bonaparts.fr\/produit\/bouton-commande-claxon-piaggio-beverly-vespa-x9-liberty-125\/","og_site_name":"BONAPARTS","article_publisher":"https:\/\/www.facebook.com\/Bonaparts\/","article_modified_time":"2025-06-30T02:40:26+00:00","og_image":[{"width":1600,"height":1066,"url":"https:\/\/i0.wp.com\/bonaparts.fr\/wp-content\/uploads\/imported\/7\/Bouton-Commande-Claxon-piaggio-beverly-Vespa-X9-Liberty-125-395619828207.jpg?fit=1600%2C1066&ssl=1","type":"image\/jpeg"}],"twitter_card":"summary_large_image","schema":{"@context":"https:\/\/schema.org","@graph":[{"@type":"WebPage","@id":"https:\/\/test.bonaparts.fr\/produit\/bouton-commande-claxon-piaggio-beverly-vespa-x9-liberty-125\/","url":"https:\/\/test.bonaparts.fr\/produit\/bouton-commande-claxon-piaggio-beverly-vespa-x9-liberty-125\/","name":"Bouton Commande Claxon piaggio beverly Vespa X9 Liberty 125 - BONAPARTS","isPartOf":{"@id":"https:\/\/test.bonaparts.fr\/#website"},"primaryImageOfPage":{"@id":"https:\/\/test.bonaparts.fr\/produit\/bouton-commande-claxon-piaggio-beverly-vespa-x9-liberty-125\/#primaryimage"},"image":{"@id":"https:\/\/test.bonaparts.fr\/produit\/bouton-commande-claxon-piaggio-beverly-vespa-x9-liberty-125\/#primaryimage"},"thumbnailUrl":"https:\/\/test.bonaparts.fr\/wp-content\/uploads\/imported\/7\/Bouton-Commande-Claxon-piaggio-beverly-Vespa-X9-Liberty-125-395619828207.jpg","datePublished":"2024-08-26T15:39:13+00:00","dateModified":"2025-06-30T02:40:26+00:00","breadcrumb":{"@id":"https:\/\/test.bonaparts.fr\/produit\/bouton-commande-claxon-piaggio-beverly-vespa-x9-liberty-125\/#breadcrumb"},"inLanguage":"fr-FR","potentialAction":[{"@type":"ReadAction","target":["https:\/\/test.bonaparts.fr\/produit\/bouton-commande-claxon-piaggio-beverly-vespa-x9-liberty-125\/"]}]},{"@type":"ImageObject","inLanguage":"fr-FR","@id":"https:\/\/test.bonaparts.fr\/produit\/bouton-commande-claxon-piaggio-beverly-vespa-x9-liberty-125\/#primaryimage","url":"https:\/\/test.bonaparts.fr\/wp-content\/uploads\/imported\/7\/Bouton-Commande-Claxon-piaggio-beverly-Vespa-X9-Liberty-125-395619828207.jpg","contentUrl":"https:\/\/test.bonaparts.fr\/wp-content\/uploads\/imported\/7\/Bouton-Commande-Claxon-piaggio-beverly-Vespa-X9-Liberty-125-395619828207.jpg","width":1600,"height":1066},{"@type":"BreadcrumbList","@id":"https:\/\/test.bonaparts.fr\/produit\/bouton-commande-claxon-piaggio-beverly-vespa-x9-liberty-125\/#breadcrumb","itemListElement":[{"@type":"ListItem","position":1,"name":"Accueil","item":"https:\/\/test.bonaparts.fr\/"},{"@type":"ListItem","position":2,"name":"Accueil","item":"https:\/\/test.bonaparts.fr\/?page_id=823"},{"@type":"ListItem","position":3,"name":"Bouton Commande Claxon piaggio beverly Vespa X9 Liberty 125"}]},{"@type":"WebSite","@id":"https:\/\/test.bonaparts.fr\/#website","url":"https:\/\/test.bonaparts.fr\/","name":"BONAPARTS","description":"Pi\u00e8ces d\u00e9tach\u00e9es neuves et d&#039;occasion moto et scooter, sp\u00e9cialiste mono-cylindre 4 temps.","publisher":{"@id":"https:\/\/test.bonaparts.fr\/#organization"},"potentialAction":[{"@type":"SearchAction","target":{"@type":"EntryPoint","urlTemplate":"https:\/\/test.bonaparts.fr\/?s={search_term_string}"},"query-input":{"@type":"PropertyValueSpecification","valueRequired":true,"valueName":"search_term_string"}}],"inLanguage":"fr-FR"},{"@type":"Organization","@id":"https:\/\/test.bonaparts.fr\/#organization","name":"BONAPARTS","url":"https:\/\/test.bonaparts.fr\/","logo":{"@type":"ImageObject","inLanguage":"fr-FR","@id":"https:\/\/test.bonaparts.fr\/#\/schema\/logo\/image\/","url":"https:\/\/test.bonaparts.fr\/wp-content\/uploads\/2022\/02\/bonawrench-gris-FINAL.png","contentUrl":"https:\/\/test.bonaparts.fr\/wp-content\/uploads\/2022\/02\/bonawrench-gris-FINAL.png","width":1198,"height":1080,"caption":"BONAPARTS"},"image":{"@id":"https:\/\/test.bonaparts.fr\/#\/schema\/logo\/image\/"},"sameAs":["https:\/\/www.facebook.com\/Bonaparts\/","https:\/\/www.instagram.com\/bona.parts\/?hl=fr","https:\/\/www.youtube.com\/channel\/UCkO8GGQvOEb61jAxA_G9zXQ"]}]}},"pbg_featured_image_src":{"full":["https:\/\/test.bonaparts.fr\/wp-content\/uploads\/imported\/7\/Bouton-Commande-Claxon-piaggio-beverly-Vespa-X9-Liberty-125-395619828207.jpg",1600,1066,false],"thumbnail":["https:\/\/test.bonaparts.fr\/wp-content\/uploads\/imported\/7\/Bouton-Commande-Claxon-piaggio-beverly-Vespa-X9-Liberty-125-395619828207-150x150.jpg",150,150,true],"medium":["https:\/\/test.bonaparts.fr\/wp-content\/uploads\/imported\/7\/Bouton-Commande-Claxon-piaggio-beverly-Vespa-X9-Liberty-125-395619828207-300x200.jpg",300,200,true],"medium_large":["https:\/\/test.bonaparts.fr\/wp-content\/uploads\/imported\/7\/Bouton-Commande-Claxon-piaggio-beverly-Vespa-X9-Liberty-125-395619828207-768x512.jpg",768,512,true],"large":["https:\/\/test.bonaparts.fr\/wp-content\/uploads\/imported\/7\/Bouton-Commande-Claxon-piaggio-beverly-Vespa-X9-Liberty-125-395619828207-1024x682.jpg",980,653,true],"1536x1536":["https:\/\/test.bonaparts.fr\/wp-content\/uploads\/imported\/7\/Bouton-Commande-Claxon-piaggio-beverly-Vespa-X9-Liberty-125-395619828207-1536x1023.jpg",1536,1023,true],"2048x2048":["https:\/\/test.bonaparts.fr\/wp-content\/uploads\/imported\/7\/Bouton-Commande-Claxon-piaggio-beverly-Vespa-X9-Liberty-125-395619828207.jpg",1600,1066,false],"wptouch-new-thumbnail":["https:\/\/test.bonaparts.fr\/wp-content\/uploads\/imported\/7\/Bouton-Commande-Claxon-piaggio-beverly-Vespa-X9-Liberty-125-395619828207-144x144.jpg",144,144,true],"woocommerce_thumbnail":["https:\/\/test.bonaparts.fr\/wp-content\/uploads\/imported\/7\/Bouton-Commande-Claxon-piaggio-beverly-Vespa-X9-Liberty-125-395619828207-324x324.jpg",324,324,true],"woocommerce_single":["https:\/\/test.bonaparts.fr\/wp-content\/uploads\/imported\/7\/Bouton-Commande-Claxon-piaggio-beverly-Vespa-X9-Liberty-125-395619828207-416x277.jpg",416,277,true],"woocommerce_gallery_thumbnail":["https:\/\/test.bonaparts.fr\/wp-content\/uploads\/imported\/7\/Bouton-Commande-Claxon-piaggio-beverly-Vespa-X9-Liberty-125-395619828207-100x100.jpg",100,100,true],"wcpr-photo-reviews":["https:\/\/test.bonaparts.fr\/wp-content\/uploads\/imported\/7\/Bouton-Commande-Claxon-piaggio-beverly-Vespa-X9-Liberty-125-395619828207-500x333.jpg",500,333,true]},"pbg_author_info":{"display_name":"BONAPARTS","author_link":"https:\/\/test.bonaparts.fr\/?author=0","author_img":"<img alt='BONAPARTS' src='https:\/\/secure.gravatar.com\/avatar\/ee8ffa5ba89d5ffd342c9b67f99c1f2f5462d5ca62704a21f66b42e75e1d19ff?s=128&#038;d=identicon&#038;r=g' srcset='https:\/\/secure.gravatar.com\/avatar\/ee8ffa5ba89d5ffd342c9b67f99c1f2f5462d5ca62704a21f66b42e75e1d19ff?s=256&#038;d=identicon&#038;r=g 2x' class='avatar avatar-128 photo' height='128' width='128' decoding='async'\/>"},"pbg_comment_info":" No Comments","pbg_excerpt":"Free eBay listing template designed by dewiso.com BONAPARTS &nbsp;Pi\u00e8ces d\u00e9tach\u00e9es neuves et d&#8217;occasion motos scooters motocross quad Bonaparts vous propose&nbsp;Bouton Commande Claxon piaggio beverly Vespa X9 Liberty 125 \u00c9tat :&nbsp;neuf Adaptable sur les mod\u00e8les suivants :&nbsp;piaggio beverly Vespa X9 Liberty 125 Avant de passer commande, n&#8217;h\u00e9sitez pas \u00e0 nous contacter pour vous assurez de la\u2026","jetpack_likes_enabled":false,"jetpack_sharing_enabled":true,"_links":{"self":[{"href":"https:\/\/test.bonaparts.fr\/index.php?rest_route=\/wp\/v2\/product\/17027","targetHints":{"allow":["GET"]}}],"collection":[{"href":"https:\/\/test.bonaparts.fr\/index.php?rest_route=\/wp\/v2\/product"}],"about":[{"href":"https:\/\/test.bonaparts.fr\/index.php?rest_route=\/wp\/v2\/types\/product"}],"wp:featuredmedia":[{"embeddable":true,"href":"https:\/\/test.bonaparts.fr\/index.php?rest_route=\/wp\/v2\/media\/17028"}],"wp:attachment":[{"href":"https:\/\/test.bonaparts.fr\/index.php?rest_route=%2Fwp%2Fv2%2Fmedia&parent=17027"}],"wp:term":[{"taxonomy":"product_brand","embeddable":true,"href":"https:\/\/test.bonaparts.fr\/index.php?rest_route=%2Fwp%2Fv2%2Fproduct_brand&post=17027"},{"taxonomy":"product_cat","embeddable":true,"href":"https:\/\/test.bonaparts.fr\/index.php?rest_route=%2Fwp%2Fv2%2Fproduct_cat&post=17027"},{"taxonomy":"product_tag","embeddable":true,"href":"https:\/\/test.bonaparts.fr\/index.php?rest_route=%2Fwp%2Fv2%2Fproduct_tag&post=17027"},{"taxonomy":"pa_autre-numero-de-piece","embeddable":true,"href":"https:\/\/test.bonaparts.fr\/index.php?rest_route=%2Fwp%2Fv2%2Fpa_autre-numero-de-piece&post=17027"},{"taxonomy":"pa_type","embeddable":true,"href":"https:\/\/test.bonaparts.fr\/index.php?rest_route=%2Fwp%2Fv2%2Fpa_type&post=17027"}],"curies":[{"name":"wp","href":"https:\/\/api.w.org\/{rel}","templated":true}]}}