{"id":17320,"date":"2024-09-06T09:22:03","date_gmt":"2024-09-06T07:22:03","guid":{"rendered":"https:\/\/test.bonaparts.fr\/produit\/sticker-mbk-9079q-86980\/"},"modified":"2025-10-03T21:57:16","modified_gmt":"2025-10-03T19:57:16","slug":"sticker-mbk-9079q-86980","status":"publish","type":"product","link":"https:\/\/test.bonaparts.fr\/?product=sticker-mbk-9079q-86980","title":{"rendered":"Sticker MBK 9079q-86980"},"content":{"rendered":"<p>&nbsp;<\/p>\n<div style=\"font-family: Arial; background: #fdfefe; border-left: 1px solid #cbd4c2; border-right: 1px solid #cbd4c2; border-top: 1px solid #cbd4c2; line-height: 45px;\">\n<div class=\"container\" style=\"border-bottom: 1px solid #cbd4c2; padding: 40px 0px;\">\n<div class=\"col-12 col-md-12\">\n<h1 style=\"color: #353535; text-align: center;\"><img decoding=\"async\" class=\"mx-auto d-block img-fluid\" style=\"font-size: 14pt;\" src=\"https:\/\/test.bonaparts.fr\/img\/my-shop-logo-1602435557.jpg\" alt=\"\" \/><i style=\"color: #212529;\"><span style=\"font-family: Arial;\"><b><u><span style=\"color: #002cfd; font-size: xx-large;\">BONAPARTS<\/span><\/u><\/b><\/span><\/i><\/h1>\n<h1 style=\"text-align: center;\"><span style=\"font-size: large;\"><span style=\"font-family: Arial;\"><span style=\"color: #353535;\">\u00a0<\/span><\/span><span style=\"color: #353535;\">Pi\u00e8ces d\u00e9tach\u00e9es neuves et d&#8217;occasion motos scooters motocross quad<\/span><\/span><\/h1>\n<\/div>\n<\/div>\n<\/div>\n<div style=\"font-family: Arial; border-left: 1px solid #cbd4c2; border-right: 1px solid #cbd4c2; color: #353535; line-height: 25px;\">\n<div class=\"container\" style=\"border-bottom: 1px solid #cbd4c2; padding-bottom: 20px; padding-top: 50px;\">\n<div class=\"row\">\n<div class=\"col-12 col-md-4\" style=\"font-size: 14pt; padding-bottom: 20px;\"><i><b>Bonaparts<\/b><\/i> vous propose\u00a0Sticker gris MBK bleu<\/div>\n<div class=\"col-12 col-md-4\" style=\"font-size: 14pt; padding-bottom: 20px;\"><u style=\"font-weight: bold;\">\u00c9tat :<\/u>\u00a0Neuf<\/div>\n<div class=\"col-12 col-md-4\" style=\"font-size: 14pt; padding-bottom: 20px;\"><span style=\"font-size: 14pt;\"><u style=\"font-weight: bold;\">Adaptable sur les mod\u00e8les suivants :<\/u>\u00a0<\/span><\/div>\n<div class=\"col-12 col-md-4\" style=\"font-size: 14pt; padding-bottom: 20px;\"><span style=\"font-size: 14pt;\">\u00a0<\/span><\/div>\n<div class=\"col-12 col-md-4\" style=\"font-size: 14pt; padding-bottom: 20px;\"><span style=\"font-size: 14pt;\">\u00a0<\/span><\/div>\n<div class=\"col-12 col-md-4\" style=\"font-size: 14pt; padding-bottom: 20px;\"><span style=\"font-size: 14pt;\">\u00a0<\/span><\/div>\n<div class=\"col-12 col-md-4\" style=\"padding-bottom: 20px;\"><i><span style=\"font-size: small;\"><b>Avant de passer commande, n&#8217;h\u00e9sitez pas \u00e0 nous contacter pour vous assurez de la disponibilit\u00e9 de l&#8217;article, nous vendons aussi en direct dans notre boutique les articles pr\u00e9sents sur notre boutique Ebay.<\/b><\/span><\/i><\/div>\n<\/div>\n<\/div>\n<\/div>\n<p>&nbsp;<\/p>\n","protected":false},"excerpt":{"rendered":"<p>&nbsp; BONAPARTS \u00a0Pi\u00e8ces d\u00e9tach\u00e9es neuves et d&#8217;occasion motos scooters motocross quad Bonaparts vous propose\u00a0Sticker gris MBK bleu \u00c9tat :\u00a0Neuf Adaptable sur les mod\u00e8les suivants :\u00a0 \u00a0 \u00a0 \u00a0 Avant de passer commande, n&#8217;h\u00e9sitez pas \u00e0 nous contacter pour vous assurez de la disponibilit\u00e9 de l&#8217;article, nous vendons aussi en direct dans notre boutique les articles [&hellip;]<\/p>\n","protected":false},"featured_media":17321,"template":"","meta":[],"product_brand":[],"product_cat":[7215,9282],"product_tag":[],"pa_autre-numero-de-piece":[],"pa_type":[],"class_list":{"0":"post-17320","1":"product","2":"type-product","3":"status-publish","4":"has-post-thumbnail","6":"product_cat-pieces-detachees-occasion-mbk-origine","7":"product_cat-pieces-detachees-stickers-mbk","8":"product_shipping_class-lettre","10":"first","11":"instock","12":"shipping-taxable","13":"purchasable","14":"product-type-simple"},"yoast_head":"<!-- This site is optimized with the Yoast SEO plugin v26.0 - https:\/\/yoast.com\/wordpress\/plugins\/seo\/ -->\n<title>Sticker MBK 9079q-86980 - BONAPARTS<\/title>\n<meta name=\"robots\" content=\"index, follow, max-snippet:-1, max-image-preview:large, max-video-preview:-1\" \/>\n<link rel=\"canonical\" href=\"https:\/\/test.bonaparts.fr\/produit\/sticker-mbk-9079q-86980\/\" \/>\n<meta property=\"og:locale\" content=\"fr_FR\" \/>\n<meta property=\"og:type\" content=\"article\" \/>\n<meta property=\"og:title\" content=\"Sticker MBK 9079q-86980 - BONAPARTS\" \/>\n<meta property=\"og:description\" content=\"&nbsp; BONAPARTS \u00a0Pi\u00e8ces d\u00e9tach\u00e9es neuves et d&#8217;occasion motos scooters motocross quad Bonaparts vous propose\u00a0Sticker gris MBK bleu \u00c9tat :\u00a0Neuf Adaptable sur les mod\u00e8les suivants :\u00a0 \u00a0 \u00a0 \u00a0 Avant de passer commande, n&#8217;h\u00e9sitez pas \u00e0 nous contacter pour vous assurez de la disponibilit\u00e9 de l&#8217;article, nous vendons aussi en direct dans notre boutique les articles [&hellip;]\" \/>\n<meta property=\"og:url\" content=\"https:\/\/test.bonaparts.fr\/produit\/sticker-mbk-9079q-86980\/\" \/>\n<meta property=\"og:site_name\" content=\"BONAPARTS\" \/>\n<meta property=\"article:publisher\" content=\"https:\/\/www.facebook.com\/Bonaparts\/\" \/>\n<meta property=\"article:modified_time\" content=\"2025-10-03T19:57:16+00:00\" \/>\n<meta property=\"og:image\" content=\"https:\/\/test.bonaparts.fr\/wp-content\/uploads\/imported\/4\/Sticker-MBK-9079q-86980-395653849504.jpg\" \/>\n\t<meta property=\"og:image:width\" content=\"1600\" \/>\n\t<meta property=\"og:image:height\" content=\"1066\" \/>\n\t<meta property=\"og:image:type\" content=\"image\/jpeg\" \/>\n<meta name=\"twitter:card\" content=\"summary_large_image\" \/>\n<meta name=\"twitter:label1\" content=\"Dur\u00e9e de lecture estim\u00e9e\" \/>\n\t<meta name=\"twitter:data1\" content=\"1 minute\" \/>\n<script type=\"application\/ld+json\" class=\"yoast-schema-graph\">{\"@context\":\"https:\/\/schema.org\",\"@graph\":[{\"@type\":\"WebPage\",\"@id\":\"https:\/\/test.bonaparts.fr\/produit\/sticker-mbk-9079q-86980\/\",\"url\":\"https:\/\/test.bonaparts.fr\/produit\/sticker-mbk-9079q-86980\/\",\"name\":\"Sticker MBK 9079q-86980 - BONAPARTS\",\"isPartOf\":{\"@id\":\"https:\/\/test.bonaparts.fr\/#website\"},\"primaryImageOfPage\":{\"@id\":\"https:\/\/test.bonaparts.fr\/produit\/sticker-mbk-9079q-86980\/#primaryimage\"},\"image\":{\"@id\":\"https:\/\/test.bonaparts.fr\/produit\/sticker-mbk-9079q-86980\/#primaryimage\"},\"thumbnailUrl\":\"https:\/\/test.bonaparts.fr\/wp-content\/uploads\/imported\/4\/Sticker-MBK-9079q-86980-395653849504.jpg\",\"datePublished\":\"2024-09-06T07:22:03+00:00\",\"dateModified\":\"2025-10-03T19:57:16+00:00\",\"breadcrumb\":{\"@id\":\"https:\/\/test.bonaparts.fr\/produit\/sticker-mbk-9079q-86980\/#breadcrumb\"},\"inLanguage\":\"fr-FR\",\"potentialAction\":[{\"@type\":\"ReadAction\",\"target\":[\"https:\/\/test.bonaparts.fr\/produit\/sticker-mbk-9079q-86980\/\"]}]},{\"@type\":\"ImageObject\",\"inLanguage\":\"fr-FR\",\"@id\":\"https:\/\/test.bonaparts.fr\/produit\/sticker-mbk-9079q-86980\/#primaryimage\",\"url\":\"https:\/\/test.bonaparts.fr\/wp-content\/uploads\/imported\/4\/Sticker-MBK-9079q-86980-395653849504.jpg\",\"contentUrl\":\"https:\/\/test.bonaparts.fr\/wp-content\/uploads\/imported\/4\/Sticker-MBK-9079q-86980-395653849504.jpg\",\"width\":1600,\"height\":1066},{\"@type\":\"BreadcrumbList\",\"@id\":\"https:\/\/test.bonaparts.fr\/produit\/sticker-mbk-9079q-86980\/#breadcrumb\",\"itemListElement\":[{\"@type\":\"ListItem\",\"position\":1,\"name\":\"Accueil\",\"item\":\"https:\/\/test.bonaparts.fr\/\"},{\"@type\":\"ListItem\",\"position\":2,\"name\":\"Accueil\",\"item\":\"https:\/\/test.bonaparts.fr\/?page_id=823\"},{\"@type\":\"ListItem\",\"position\":3,\"name\":\"Sticker MBK 9079q-86980\"}]},{\"@type\":\"WebSite\",\"@id\":\"https:\/\/test.bonaparts.fr\/#website\",\"url\":\"https:\/\/test.bonaparts.fr\/\",\"name\":\"BONAPARTS\",\"description\":\"Pi\u00e8ces d\u00e9tach\u00e9es neuves et d&#039;occasion moto et scooter, sp\u00e9cialiste mono-cylindre 4 temps.\",\"publisher\":{\"@id\":\"https:\/\/test.bonaparts.fr\/#organization\"},\"potentialAction\":[{\"@type\":\"SearchAction\",\"target\":{\"@type\":\"EntryPoint\",\"urlTemplate\":\"https:\/\/test.bonaparts.fr\/?s={search_term_string}\"},\"query-input\":{\"@type\":\"PropertyValueSpecification\",\"valueRequired\":true,\"valueName\":\"search_term_string\"}}],\"inLanguage\":\"fr-FR\"},{\"@type\":\"Organization\",\"@id\":\"https:\/\/test.bonaparts.fr\/#organization\",\"name\":\"BONAPARTS\",\"url\":\"https:\/\/test.bonaparts.fr\/\",\"logo\":{\"@type\":\"ImageObject\",\"inLanguage\":\"fr-FR\",\"@id\":\"https:\/\/test.bonaparts.fr\/#\/schema\/logo\/image\/\",\"url\":\"https:\/\/test.bonaparts.fr\/wp-content\/uploads\/2022\/02\/bonawrench-gris-FINAL.png\",\"contentUrl\":\"https:\/\/test.bonaparts.fr\/wp-content\/uploads\/2022\/02\/bonawrench-gris-FINAL.png\",\"width\":1198,\"height\":1080,\"caption\":\"BONAPARTS\"},\"image\":{\"@id\":\"https:\/\/test.bonaparts.fr\/#\/schema\/logo\/image\/\"},\"sameAs\":[\"https:\/\/www.facebook.com\/Bonaparts\/\",\"https:\/\/www.instagram.com\/bona.parts\/?hl=fr\",\"https:\/\/www.youtube.com\/channel\/UCkO8GGQvOEb61jAxA_G9zXQ\"]}]}<\/script>\n<!-- \/ Yoast SEO plugin. -->","yoast_head_json":{"title":"Sticker MBK 9079q-86980 - BONAPARTS","robots":{"index":"index","follow":"follow","max-snippet":"max-snippet:-1","max-image-preview":"max-image-preview:large","max-video-preview":"max-video-preview:-1"},"canonical":"https:\/\/test.bonaparts.fr\/produit\/sticker-mbk-9079q-86980\/","og_locale":"fr_FR","og_type":"article","og_title":"Sticker MBK 9079q-86980 - BONAPARTS","og_description":"&nbsp; BONAPARTS \u00a0Pi\u00e8ces d\u00e9tach\u00e9es neuves et d&#8217;occasion motos scooters motocross quad Bonaparts vous propose\u00a0Sticker gris MBK bleu \u00c9tat :\u00a0Neuf Adaptable sur les mod\u00e8les suivants :\u00a0 \u00a0 \u00a0 \u00a0 Avant de passer commande, n&#8217;h\u00e9sitez pas \u00e0 nous contacter pour vous assurez de la disponibilit\u00e9 de l&#8217;article, nous vendons aussi en direct dans notre boutique les articles [&hellip;]","og_url":"https:\/\/test.bonaparts.fr\/produit\/sticker-mbk-9079q-86980\/","og_site_name":"BONAPARTS","article_publisher":"https:\/\/www.facebook.com\/Bonaparts\/","article_modified_time":"2025-10-03T19:57:16+00:00","og_image":[{"width":1600,"height":1066,"url":"https:\/\/test.bonaparts.fr\/wp-content\/uploads\/imported\/4\/Sticker-MBK-9079q-86980-395653849504.jpg","type":"image\/jpeg"}],"twitter_card":"summary_large_image","twitter_misc":{"Dur\u00e9e de lecture estim\u00e9e":"1 minute"},"schema":{"@context":"https:\/\/schema.org","@graph":[{"@type":"WebPage","@id":"https:\/\/test.bonaparts.fr\/produit\/sticker-mbk-9079q-86980\/","url":"https:\/\/test.bonaparts.fr\/produit\/sticker-mbk-9079q-86980\/","name":"Sticker MBK 9079q-86980 - BONAPARTS","isPartOf":{"@id":"https:\/\/test.bonaparts.fr\/#website"},"primaryImageOfPage":{"@id":"https:\/\/test.bonaparts.fr\/produit\/sticker-mbk-9079q-86980\/#primaryimage"},"image":{"@id":"https:\/\/test.bonaparts.fr\/produit\/sticker-mbk-9079q-86980\/#primaryimage"},"thumbnailUrl":"https:\/\/test.bonaparts.fr\/wp-content\/uploads\/imported\/4\/Sticker-MBK-9079q-86980-395653849504.jpg","datePublished":"2024-09-06T07:22:03+00:00","dateModified":"2025-10-03T19:57:16+00:00","breadcrumb":{"@id":"https:\/\/test.bonaparts.fr\/produit\/sticker-mbk-9079q-86980\/#breadcrumb"},"inLanguage":"fr-FR","potentialAction":[{"@type":"ReadAction","target":["https:\/\/test.bonaparts.fr\/produit\/sticker-mbk-9079q-86980\/"]}]},{"@type":"ImageObject","inLanguage":"fr-FR","@id":"https:\/\/test.bonaparts.fr\/produit\/sticker-mbk-9079q-86980\/#primaryimage","url":"https:\/\/test.bonaparts.fr\/wp-content\/uploads\/imported\/4\/Sticker-MBK-9079q-86980-395653849504.jpg","contentUrl":"https:\/\/test.bonaparts.fr\/wp-content\/uploads\/imported\/4\/Sticker-MBK-9079q-86980-395653849504.jpg","width":1600,"height":1066},{"@type":"BreadcrumbList","@id":"https:\/\/test.bonaparts.fr\/produit\/sticker-mbk-9079q-86980\/#breadcrumb","itemListElement":[{"@type":"ListItem","position":1,"name":"Accueil","item":"https:\/\/test.bonaparts.fr\/"},{"@type":"ListItem","position":2,"name":"Accueil","item":"https:\/\/test.bonaparts.fr\/?page_id=823"},{"@type":"ListItem","position":3,"name":"Sticker MBK 9079q-86980"}]},{"@type":"WebSite","@id":"https:\/\/test.bonaparts.fr\/#website","url":"https:\/\/test.bonaparts.fr\/","name":"BONAPARTS","description":"Pi\u00e8ces d\u00e9tach\u00e9es neuves et d&#039;occasion moto et scooter, sp\u00e9cialiste mono-cylindre 4 temps.","publisher":{"@id":"https:\/\/test.bonaparts.fr\/#organization"},"potentialAction":[{"@type":"SearchAction","target":{"@type":"EntryPoint","urlTemplate":"https:\/\/test.bonaparts.fr\/?s={search_term_string}"},"query-input":{"@type":"PropertyValueSpecification","valueRequired":true,"valueName":"search_term_string"}}],"inLanguage":"fr-FR"},{"@type":"Organization","@id":"https:\/\/test.bonaparts.fr\/#organization","name":"BONAPARTS","url":"https:\/\/test.bonaparts.fr\/","logo":{"@type":"ImageObject","inLanguage":"fr-FR","@id":"https:\/\/test.bonaparts.fr\/#\/schema\/logo\/image\/","url":"https:\/\/test.bonaparts.fr\/wp-content\/uploads\/2022\/02\/bonawrench-gris-FINAL.png","contentUrl":"https:\/\/test.bonaparts.fr\/wp-content\/uploads\/2022\/02\/bonawrench-gris-FINAL.png","width":1198,"height":1080,"caption":"BONAPARTS"},"image":{"@id":"https:\/\/test.bonaparts.fr\/#\/schema\/logo\/image\/"},"sameAs":["https:\/\/www.facebook.com\/Bonaparts\/","https:\/\/www.instagram.com\/bona.parts\/?hl=fr","https:\/\/www.youtube.com\/channel\/UCkO8GGQvOEb61jAxA_G9zXQ"]}]}},"pbg_featured_image_src":{"full":["https:\/\/test.bonaparts.fr\/wp-content\/uploads\/imported\/4\/Sticker-MBK-9079q-86980-395653849504.jpg",1600,1066,false],"thumbnail":["https:\/\/test.bonaparts.fr\/wp-content\/uploads\/imported\/4\/Sticker-MBK-9079q-86980-395653849504-150x150.jpg",150,150,true],"medium":["https:\/\/test.bonaparts.fr\/wp-content\/uploads\/imported\/4\/Sticker-MBK-9079q-86980-395653849504-300x200.jpg",300,200,true],"medium_large":["https:\/\/test.bonaparts.fr\/wp-content\/uploads\/imported\/4\/Sticker-MBK-9079q-86980-395653849504-768x512.jpg",768,512,true],"large":["https:\/\/test.bonaparts.fr\/wp-content\/uploads\/imported\/4\/Sticker-MBK-9079q-86980-395653849504-1024x682.jpg",980,653,true],"1536x1536":["https:\/\/test.bonaparts.fr\/wp-content\/uploads\/imported\/4\/Sticker-MBK-9079q-86980-395653849504-1536x1023.jpg",1536,1023,true],"2048x2048":["https:\/\/test.bonaparts.fr\/wp-content\/uploads\/imported\/4\/Sticker-MBK-9079q-86980-395653849504.jpg",1600,1066,false],"wptouch-new-thumbnail":["https:\/\/test.bonaparts.fr\/wp-content\/uploads\/imported\/4\/Sticker-MBK-9079q-86980-395653849504-144x144.jpg",144,144,true],"woocommerce_thumbnail":["https:\/\/test.bonaparts.fr\/wp-content\/uploads\/imported\/4\/Sticker-MBK-9079q-86980-395653849504-324x324.jpg",324,324,true],"woocommerce_single":["https:\/\/test.bonaparts.fr\/wp-content\/uploads\/imported\/4\/Sticker-MBK-9079q-86980-395653849504-416x277.jpg",416,277,true],"woocommerce_gallery_thumbnail":["https:\/\/test.bonaparts.fr\/wp-content\/uploads\/imported\/4\/Sticker-MBK-9079q-86980-395653849504-100x100.jpg",100,100,true],"wcpr-photo-reviews":["https:\/\/test.bonaparts.fr\/wp-content\/uploads\/imported\/4\/Sticker-MBK-9079q-86980-395653849504-500x333.jpg",500,333,true]},"pbg_author_info":{"display_name":"BONAPARTS","author_link":"https:\/\/test.bonaparts.fr\/?author=0","author_img":"<img alt='BONAPARTS' src='https:\/\/secure.gravatar.com\/avatar\/ee8ffa5ba89d5ffd342c9b67f99c1f2f5462d5ca62704a21f66b42e75e1d19ff?s=128&#038;d=identicon&#038;r=g' srcset='https:\/\/secure.gravatar.com\/avatar\/ee8ffa5ba89d5ffd342c9b67f99c1f2f5462d5ca62704a21f66b42e75e1d19ff?s=256&#038;d=identicon&#038;r=g 2x' class='avatar avatar-128 photo' height='128' width='128' decoding='async'\/>"},"pbg_comment_info":" No Comments","pbg_excerpt":"&nbsp; BONAPARTS \u00a0Pi\u00e8ces d\u00e9tach\u00e9es neuves et d&#8217;occasion motos scooters motocross quad Bonaparts vous propose\u00a0Sticker gris MBK bleu \u00c9tat :\u00a0Neuf Adaptable sur les mod\u00e8les suivants :\u00a0 \u00a0 \u00a0 \u00a0 Avant de passer commande, n&#8217;h\u00e9sitez pas \u00e0 nous contacter pour vous assurez de la disponibilit\u00e9 de l&#8217;article, nous vendons aussi en direct dans notre boutique les articles\u2026","jetpack_likes_enabled":false,"jetpack_sharing_enabled":true,"_links":{"self":[{"href":"https:\/\/test.bonaparts.fr\/index.php?rest_route=\/wp\/v2\/product\/17320","targetHints":{"allow":["GET"]}}],"collection":[{"href":"https:\/\/test.bonaparts.fr\/index.php?rest_route=\/wp\/v2\/product"}],"about":[{"href":"https:\/\/test.bonaparts.fr\/index.php?rest_route=\/wp\/v2\/types\/product"}],"wp:featuredmedia":[{"embeddable":true,"href":"https:\/\/test.bonaparts.fr\/index.php?rest_route=\/wp\/v2\/media\/17321"}],"wp:attachment":[{"href":"https:\/\/test.bonaparts.fr\/index.php?rest_route=%2Fwp%2Fv2%2Fmedia&parent=17320"}],"wp:term":[{"taxonomy":"product_brand","embeddable":true,"href":"https:\/\/test.bonaparts.fr\/index.php?rest_route=%2Fwp%2Fv2%2Fproduct_brand&post=17320"},{"taxonomy":"product_cat","embeddable":true,"href":"https:\/\/test.bonaparts.fr\/index.php?rest_route=%2Fwp%2Fv2%2Fproduct_cat&post=17320"},{"taxonomy":"product_tag","embeddable":true,"href":"https:\/\/test.bonaparts.fr\/index.php?rest_route=%2Fwp%2Fv2%2Fproduct_tag&post=17320"},{"taxonomy":"pa_autre-numero-de-piece","embeddable":true,"href":"https:\/\/test.bonaparts.fr\/index.php?rest_route=%2Fwp%2Fv2%2Fpa_autre-numero-de-piece&post=17320"},{"taxonomy":"pa_type","embeddable":true,"href":"https:\/\/test.bonaparts.fr\/index.php?rest_route=%2Fwp%2Fv2%2Fpa_type&post=17320"}],"curies":[{"name":"wp","href":"https:\/\/api.w.org\/{rel}","templated":true}]}}