{"id":21141,"date":"2025-01-26T06:28:00","date_gmt":"2025-01-26T05:28:00","guid":{"rendered":"https:\/\/test.bonaparts.fr\/produit\/entretoise-axe-transmission-kawasaki-vnt50b-1500-sumo-vn-15se-1990\/"},"modified":"2025-06-30T04:40:25","modified_gmt":"2025-06-30T02:40:25","slug":"entretoise-axe-transmission-kawasaki-vnt50b-1500-sumo-vn-15se-1990","status":"publish","type":"product","link":"https:\/\/test.bonaparts.fr\/?product=entretoise-axe-transmission-kawasaki-vnt50b-1500-sumo-vn-15se-1990","title":{"rendered":"entretoise axe transmission Kawasaki VNT50B 1500 Sumo VN-15SE 1990"},"content":{"rendered":"<div><font size=\"6\" style=\"font-style: italic; font-family: Georgia; font-weight: bold;\">BONAPARTS<\/font><\/div>\n<div><font size=\"6\" style=\"font-style: italic; font-family: Georgia; font-weight: bold;\"><br \/><\/font><\/div>\n<div><font size=\"6\" style=\"font-style: italic; font-family: Georgia; font-weight: bold;\"><br \/><\/font><\/div>\n<div><font face=\"Georgia\" size=\"5\"><b>entretoise axe transmission Kawasaki VNT50B 1500 Sumo VN-15SE 1990<br \/><\/b><\/font><\/div>\n<div><font face=\"Georgia\" size=\"5\"><b><br \/><\/b><\/font><\/div>\n<div><u style=\"box-sizing: border-box; font-weight: bold;\"><font size=\"4\" face=\"Georgia\">\u00c9tat:<\/font><\/u><\/div>\n<div><i style=\"\"><font style=\"\"><font face=\"Georgia\"><b><br \/><\/b><\/font><\/font><\/i><\/div>\n<div><i style=\"\"><font style=\"\"><font face=\"Georgia\"><b>Bon \u00e9tat de fonctionnement, pr\u00eat \u00e0 \u00eatre remont\u00e9.<\/b><\/font><br \/><\/font><\/i><\/div>\n<div><i style=\"\"><font style=\"\"><font face=\"Georgia\"><b><br \/><\/b><\/font><\/font><\/i><\/div>\n<div><u style=\"box-sizing: border-box; font-weight: bold;\"><font size=\"4\" face=\"Georgia\">Adaptable sur :<\/font><\/u><\/div>\n<div>\n<\/div>\n<div><b style=\"font-family: Georgia; font-size: x-large;\">Kawasaki VNT50B 1500 Sumo&nbsp;<\/b><b style=\"font-family: Georgia; font-size: x-large;\">VN-15SE&nbsp;<\/b><b style=\"font-family: Georgia; font-size: x-large;\">1990 VN-15 SE VNT 50 B<\/b><\/div>\n<div><font face=\"Georgia\"><b><font size=\"5\"><br \/><\/font><\/b><\/font><\/div>\n<div><font face=\"Georgia\"><b><font size=\"5\"><br \/><\/font><\/b><\/font><\/div>\n<div><span style=\"font-family: Arial; font-size: 18.6667px; box-sizing: border-box;\"><font size=\"2\" style=\"box-sizing: border-box;\"><b><i>Avant de finaliser votre commande, nous vous recommandons de nous contacter pour confirmer la disponibilit\u00e9 de l&#8217;article.<br \/>Nous sommes facilement joignables pour r\u00e9pondre rapidement \u00e0 vos questions et vous accompagner dans votre achat.<\/i><\/b><\/font><\/span><\/div>\n","protected":false},"excerpt":{"rendered":"<p>BONAPARTS entretoise axe transmission Kawasaki VNT50B 1500 Sumo VN-15SE 1990 \u00c9tat: Bon \u00e9tat de fonctionnement, pr\u00eat \u00e0 \u00eatre remont\u00e9. Adaptable sur : Kawasaki VNT50B 1500 Sumo&nbsp;VN-15SE&nbsp;1990 VN-15 SE VNT 50 B Avant de finaliser votre commande, nous vous recommandons de nous contacter pour confirmer la disponibilit\u00e9 de l&#8217;article.Nous sommes facilement joignables pour r\u00e9pondre rapidement \u00e0 [&hellip;]<\/p>\n","protected":false},"featured_media":21142,"template":"","meta":[],"product_brand":[],"product_cat":[9244],"product_tag":[],"pa_autre-numero-de-piece":[],"pa_type":[],"class_list":{"0":"post-21141","1":"product","2":"type-product","3":"status-publish","4":"has-post-thumbnail","6":"product_cat-pieces-detachees-occasion-kawasaki-1500-sumo-vn-15","8":"first","9":"instock","10":"shipping-taxable","11":"purchasable","12":"product-type-simple"},"yoast_head":"<!-- This site is optimized with the Yoast SEO plugin v26.0 - https:\/\/yoast.com\/wordpress\/plugins\/seo\/ -->\n<title>entretoise axe transmission Kawasaki VNT50B 1500 Sumo VN-15SE 1990 - BONAPARTS<\/title>\n<meta name=\"robots\" content=\"index, follow, max-snippet:-1, max-image-preview:large, max-video-preview:-1\" \/>\n<link rel=\"canonical\" href=\"https:\/\/test.bonaparts.fr\/produit\/entretoise-axe-transmission-kawasaki-vnt50b-1500-sumo-vn-15se-1990\/\" \/>\n<meta property=\"og:locale\" content=\"fr_FR\" \/>\n<meta property=\"og:type\" content=\"article\" \/>\n<meta property=\"og:title\" content=\"entretoise axe transmission Kawasaki VNT50B 1500 Sumo VN-15SE 1990 - BONAPARTS\" \/>\n<meta property=\"og:description\" content=\"BONAPARTS entretoise axe transmission Kawasaki VNT50B 1500 Sumo VN-15SE 1990 \u00c9tat: Bon \u00e9tat de fonctionnement, pr\u00eat \u00e0 \u00eatre remont\u00e9. Adaptable sur : Kawasaki VNT50B 1500 Sumo&nbsp;VN-15SE&nbsp;1990 VN-15 SE VNT 50 B Avant de finaliser votre commande, nous vous recommandons de nous contacter pour confirmer la disponibilit\u00e9 de l&#8217;article.Nous sommes facilement joignables pour r\u00e9pondre rapidement \u00e0 [&hellip;]\" \/>\n<meta property=\"og:url\" content=\"https:\/\/test.bonaparts.fr\/produit\/entretoise-axe-transmission-kawasaki-vnt50b-1500-sumo-vn-15se-1990\/\" \/>\n<meta property=\"og:site_name\" content=\"BONAPARTS\" \/>\n<meta property=\"article:publisher\" content=\"https:\/\/www.facebook.com\/Bonaparts\/\" \/>\n<meta property=\"article:modified_time\" content=\"2025-06-30T02:40:25+00:00\" \/>\n<meta property=\"og:image\" content=\"https:\/\/i0.wp.com\/bonaparts.fr\/wp-content\/uploads\/imported\/7\/entretoise-axe-transmission-Kawasaki-VNT50B-1500-Sumo-VN-15SE-1990-396152404787.jpg?fit=1600%2C1066&ssl=1\" \/>\n\t<meta property=\"og:image:width\" content=\"1600\" \/>\n\t<meta property=\"og:image:height\" content=\"1066\" \/>\n\t<meta property=\"og:image:type\" content=\"image\/jpeg\" \/>\n<meta name=\"twitter:card\" content=\"summary_large_image\" \/>\n<script type=\"application\/ld+json\" class=\"yoast-schema-graph\">{\"@context\":\"https:\/\/schema.org\",\"@graph\":[{\"@type\":\"WebPage\",\"@id\":\"https:\/\/test.bonaparts.fr\/produit\/entretoise-axe-transmission-kawasaki-vnt50b-1500-sumo-vn-15se-1990\/\",\"url\":\"https:\/\/test.bonaparts.fr\/produit\/entretoise-axe-transmission-kawasaki-vnt50b-1500-sumo-vn-15se-1990\/\",\"name\":\"entretoise axe transmission Kawasaki VNT50B 1500 Sumo VN-15SE 1990 - BONAPARTS\",\"isPartOf\":{\"@id\":\"https:\/\/test.bonaparts.fr\/#website\"},\"primaryImageOfPage\":{\"@id\":\"https:\/\/test.bonaparts.fr\/produit\/entretoise-axe-transmission-kawasaki-vnt50b-1500-sumo-vn-15se-1990\/#primaryimage\"},\"image\":{\"@id\":\"https:\/\/test.bonaparts.fr\/produit\/entretoise-axe-transmission-kawasaki-vnt50b-1500-sumo-vn-15se-1990\/#primaryimage\"},\"thumbnailUrl\":\"https:\/\/test.bonaparts.fr\/wp-content\/uploads\/imported\/7\/entretoise-axe-transmission-Kawasaki-VNT50B-1500-Sumo-VN-15SE-1990-396152404787.jpg\",\"datePublished\":\"2025-01-26T05:28:00+00:00\",\"dateModified\":\"2025-06-30T02:40:25+00:00\",\"breadcrumb\":{\"@id\":\"https:\/\/test.bonaparts.fr\/produit\/entretoise-axe-transmission-kawasaki-vnt50b-1500-sumo-vn-15se-1990\/#breadcrumb\"},\"inLanguage\":\"fr-FR\",\"potentialAction\":[{\"@type\":\"ReadAction\",\"target\":[\"https:\/\/test.bonaparts.fr\/produit\/entretoise-axe-transmission-kawasaki-vnt50b-1500-sumo-vn-15se-1990\/\"]}]},{\"@type\":\"ImageObject\",\"inLanguage\":\"fr-FR\",\"@id\":\"https:\/\/test.bonaparts.fr\/produit\/entretoise-axe-transmission-kawasaki-vnt50b-1500-sumo-vn-15se-1990\/#primaryimage\",\"url\":\"https:\/\/test.bonaparts.fr\/wp-content\/uploads\/imported\/7\/entretoise-axe-transmission-Kawasaki-VNT50B-1500-Sumo-VN-15SE-1990-396152404787.jpg\",\"contentUrl\":\"https:\/\/test.bonaparts.fr\/wp-content\/uploads\/imported\/7\/entretoise-axe-transmission-Kawasaki-VNT50B-1500-Sumo-VN-15SE-1990-396152404787.jpg\",\"width\":1600,\"height\":1066},{\"@type\":\"BreadcrumbList\",\"@id\":\"https:\/\/test.bonaparts.fr\/produit\/entretoise-axe-transmission-kawasaki-vnt50b-1500-sumo-vn-15se-1990\/#breadcrumb\",\"itemListElement\":[{\"@type\":\"ListItem\",\"position\":1,\"name\":\"Accueil\",\"item\":\"https:\/\/test.bonaparts.fr\/\"},{\"@type\":\"ListItem\",\"position\":2,\"name\":\"Accueil\",\"item\":\"https:\/\/test.bonaparts.fr\/?page_id=823\"},{\"@type\":\"ListItem\",\"position\":3,\"name\":\"entretoise axe transmission Kawasaki VNT50B 1500 Sumo VN-15SE 1990\"}]},{\"@type\":\"WebSite\",\"@id\":\"https:\/\/test.bonaparts.fr\/#website\",\"url\":\"https:\/\/test.bonaparts.fr\/\",\"name\":\"BONAPARTS\",\"description\":\"Pi\u00e8ces d\u00e9tach\u00e9es neuves et d&#039;occasion moto et scooter, sp\u00e9cialiste mono-cylindre 4 temps.\",\"publisher\":{\"@id\":\"https:\/\/test.bonaparts.fr\/#organization\"},\"potentialAction\":[{\"@type\":\"SearchAction\",\"target\":{\"@type\":\"EntryPoint\",\"urlTemplate\":\"https:\/\/test.bonaparts.fr\/?s={search_term_string}\"},\"query-input\":{\"@type\":\"PropertyValueSpecification\",\"valueRequired\":true,\"valueName\":\"search_term_string\"}}],\"inLanguage\":\"fr-FR\"},{\"@type\":\"Organization\",\"@id\":\"https:\/\/test.bonaparts.fr\/#organization\",\"name\":\"BONAPARTS\",\"url\":\"https:\/\/test.bonaparts.fr\/\",\"logo\":{\"@type\":\"ImageObject\",\"inLanguage\":\"fr-FR\",\"@id\":\"https:\/\/test.bonaparts.fr\/#\/schema\/logo\/image\/\",\"url\":\"https:\/\/test.bonaparts.fr\/wp-content\/uploads\/2022\/02\/bonawrench-gris-FINAL.png\",\"contentUrl\":\"https:\/\/test.bonaparts.fr\/wp-content\/uploads\/2022\/02\/bonawrench-gris-FINAL.png\",\"width\":1198,\"height\":1080,\"caption\":\"BONAPARTS\"},\"image\":{\"@id\":\"https:\/\/test.bonaparts.fr\/#\/schema\/logo\/image\/\"},\"sameAs\":[\"https:\/\/www.facebook.com\/Bonaparts\/\",\"https:\/\/www.instagram.com\/bona.parts\/?hl=fr\",\"https:\/\/www.youtube.com\/channel\/UCkO8GGQvOEb61jAxA_G9zXQ\"]}]}<\/script>\n<!-- \/ Yoast SEO plugin. -->","yoast_head_json":{"title":"entretoise axe transmission Kawasaki VNT50B 1500 Sumo VN-15SE 1990 - BONAPARTS","robots":{"index":"index","follow":"follow","max-snippet":"max-snippet:-1","max-image-preview":"max-image-preview:large","max-video-preview":"max-video-preview:-1"},"canonical":"https:\/\/test.bonaparts.fr\/produit\/entretoise-axe-transmission-kawasaki-vnt50b-1500-sumo-vn-15se-1990\/","og_locale":"fr_FR","og_type":"article","og_title":"entretoise axe transmission Kawasaki VNT50B 1500 Sumo VN-15SE 1990 - BONAPARTS","og_description":"BONAPARTS entretoise axe transmission Kawasaki VNT50B 1500 Sumo VN-15SE 1990 \u00c9tat: Bon \u00e9tat de fonctionnement, pr\u00eat \u00e0 \u00eatre remont\u00e9. Adaptable sur : Kawasaki VNT50B 1500 Sumo&nbsp;VN-15SE&nbsp;1990 VN-15 SE VNT 50 B Avant de finaliser votre commande, nous vous recommandons de nous contacter pour confirmer la disponibilit\u00e9 de l&#8217;article.Nous sommes facilement joignables pour r\u00e9pondre rapidement \u00e0 [&hellip;]","og_url":"https:\/\/test.bonaparts.fr\/produit\/entretoise-axe-transmission-kawasaki-vnt50b-1500-sumo-vn-15se-1990\/","og_site_name":"BONAPARTS","article_publisher":"https:\/\/www.facebook.com\/Bonaparts\/","article_modified_time":"2025-06-30T02:40:25+00:00","og_image":[{"width":1600,"height":1066,"url":"https:\/\/i0.wp.com\/bonaparts.fr\/wp-content\/uploads\/imported\/7\/entretoise-axe-transmission-Kawasaki-VNT50B-1500-Sumo-VN-15SE-1990-396152404787.jpg?fit=1600%2C1066&ssl=1","type":"image\/jpeg"}],"twitter_card":"summary_large_image","schema":{"@context":"https:\/\/schema.org","@graph":[{"@type":"WebPage","@id":"https:\/\/test.bonaparts.fr\/produit\/entretoise-axe-transmission-kawasaki-vnt50b-1500-sumo-vn-15se-1990\/","url":"https:\/\/test.bonaparts.fr\/produit\/entretoise-axe-transmission-kawasaki-vnt50b-1500-sumo-vn-15se-1990\/","name":"entretoise axe transmission Kawasaki VNT50B 1500 Sumo VN-15SE 1990 - BONAPARTS","isPartOf":{"@id":"https:\/\/test.bonaparts.fr\/#website"},"primaryImageOfPage":{"@id":"https:\/\/test.bonaparts.fr\/produit\/entretoise-axe-transmission-kawasaki-vnt50b-1500-sumo-vn-15se-1990\/#primaryimage"},"image":{"@id":"https:\/\/test.bonaparts.fr\/produit\/entretoise-axe-transmission-kawasaki-vnt50b-1500-sumo-vn-15se-1990\/#primaryimage"},"thumbnailUrl":"https:\/\/test.bonaparts.fr\/wp-content\/uploads\/imported\/7\/entretoise-axe-transmission-Kawasaki-VNT50B-1500-Sumo-VN-15SE-1990-396152404787.jpg","datePublished":"2025-01-26T05:28:00+00:00","dateModified":"2025-06-30T02:40:25+00:00","breadcrumb":{"@id":"https:\/\/test.bonaparts.fr\/produit\/entretoise-axe-transmission-kawasaki-vnt50b-1500-sumo-vn-15se-1990\/#breadcrumb"},"inLanguage":"fr-FR","potentialAction":[{"@type":"ReadAction","target":["https:\/\/test.bonaparts.fr\/produit\/entretoise-axe-transmission-kawasaki-vnt50b-1500-sumo-vn-15se-1990\/"]}]},{"@type":"ImageObject","inLanguage":"fr-FR","@id":"https:\/\/test.bonaparts.fr\/produit\/entretoise-axe-transmission-kawasaki-vnt50b-1500-sumo-vn-15se-1990\/#primaryimage","url":"https:\/\/test.bonaparts.fr\/wp-content\/uploads\/imported\/7\/entretoise-axe-transmission-Kawasaki-VNT50B-1500-Sumo-VN-15SE-1990-396152404787.jpg","contentUrl":"https:\/\/test.bonaparts.fr\/wp-content\/uploads\/imported\/7\/entretoise-axe-transmission-Kawasaki-VNT50B-1500-Sumo-VN-15SE-1990-396152404787.jpg","width":1600,"height":1066},{"@type":"BreadcrumbList","@id":"https:\/\/test.bonaparts.fr\/produit\/entretoise-axe-transmission-kawasaki-vnt50b-1500-sumo-vn-15se-1990\/#breadcrumb","itemListElement":[{"@type":"ListItem","position":1,"name":"Accueil","item":"https:\/\/test.bonaparts.fr\/"},{"@type":"ListItem","position":2,"name":"Accueil","item":"https:\/\/test.bonaparts.fr\/?page_id=823"},{"@type":"ListItem","position":3,"name":"entretoise axe transmission Kawasaki VNT50B 1500 Sumo VN-15SE 1990"}]},{"@type":"WebSite","@id":"https:\/\/test.bonaparts.fr\/#website","url":"https:\/\/test.bonaparts.fr\/","name":"BONAPARTS","description":"Pi\u00e8ces d\u00e9tach\u00e9es neuves et d&#039;occasion moto et scooter, sp\u00e9cialiste mono-cylindre 4 temps.","publisher":{"@id":"https:\/\/test.bonaparts.fr\/#organization"},"potentialAction":[{"@type":"SearchAction","target":{"@type":"EntryPoint","urlTemplate":"https:\/\/test.bonaparts.fr\/?s={search_term_string}"},"query-input":{"@type":"PropertyValueSpecification","valueRequired":true,"valueName":"search_term_string"}}],"inLanguage":"fr-FR"},{"@type":"Organization","@id":"https:\/\/test.bonaparts.fr\/#organization","name":"BONAPARTS","url":"https:\/\/test.bonaparts.fr\/","logo":{"@type":"ImageObject","inLanguage":"fr-FR","@id":"https:\/\/test.bonaparts.fr\/#\/schema\/logo\/image\/","url":"https:\/\/test.bonaparts.fr\/wp-content\/uploads\/2022\/02\/bonawrench-gris-FINAL.png","contentUrl":"https:\/\/test.bonaparts.fr\/wp-content\/uploads\/2022\/02\/bonawrench-gris-FINAL.png","width":1198,"height":1080,"caption":"BONAPARTS"},"image":{"@id":"https:\/\/test.bonaparts.fr\/#\/schema\/logo\/image\/"},"sameAs":["https:\/\/www.facebook.com\/Bonaparts\/","https:\/\/www.instagram.com\/bona.parts\/?hl=fr","https:\/\/www.youtube.com\/channel\/UCkO8GGQvOEb61jAxA_G9zXQ"]}]}},"pbg_featured_image_src":{"full":["https:\/\/test.bonaparts.fr\/wp-content\/uploads\/imported\/7\/entretoise-axe-transmission-Kawasaki-VNT50B-1500-Sumo-VN-15SE-1990-396152404787.jpg",1600,1066,false],"thumbnail":["https:\/\/test.bonaparts.fr\/wp-content\/uploads\/imported\/7\/entretoise-axe-transmission-Kawasaki-VNT50B-1500-Sumo-VN-15SE-1990-396152404787-150x150.jpg",150,150,true],"medium":["https:\/\/test.bonaparts.fr\/wp-content\/uploads\/imported\/7\/entretoise-axe-transmission-Kawasaki-VNT50B-1500-Sumo-VN-15SE-1990-396152404787-300x200.jpg",300,200,true],"medium_large":["https:\/\/test.bonaparts.fr\/wp-content\/uploads\/imported\/7\/entretoise-axe-transmission-Kawasaki-VNT50B-1500-Sumo-VN-15SE-1990-396152404787-768x512.jpg",768,512,true],"large":["https:\/\/test.bonaparts.fr\/wp-content\/uploads\/imported\/7\/entretoise-axe-transmission-Kawasaki-VNT50B-1500-Sumo-VN-15SE-1990-396152404787-1024x682.jpg",980,653,true],"1536x1536":["https:\/\/test.bonaparts.fr\/wp-content\/uploads\/imported\/7\/entretoise-axe-transmission-Kawasaki-VNT50B-1500-Sumo-VN-15SE-1990-396152404787-1536x1023.jpg",1536,1023,true],"2048x2048":["https:\/\/test.bonaparts.fr\/wp-content\/uploads\/imported\/7\/entretoise-axe-transmission-Kawasaki-VNT50B-1500-Sumo-VN-15SE-1990-396152404787.jpg",1600,1066,false],"wptouch-new-thumbnail":["https:\/\/test.bonaparts.fr\/wp-content\/uploads\/imported\/7\/entretoise-axe-transmission-Kawasaki-VNT50B-1500-Sumo-VN-15SE-1990-396152404787-144x144.jpg",144,144,true],"woocommerce_thumbnail":["https:\/\/test.bonaparts.fr\/wp-content\/uploads\/imported\/7\/entretoise-axe-transmission-Kawasaki-VNT50B-1500-Sumo-VN-15SE-1990-396152404787-324x324.jpg",324,324,true],"woocommerce_single":["https:\/\/test.bonaparts.fr\/wp-content\/uploads\/imported\/7\/entretoise-axe-transmission-Kawasaki-VNT50B-1500-Sumo-VN-15SE-1990-396152404787-416x277.jpg",416,277,true],"woocommerce_gallery_thumbnail":["https:\/\/test.bonaparts.fr\/wp-content\/uploads\/imported\/7\/entretoise-axe-transmission-Kawasaki-VNT50B-1500-Sumo-VN-15SE-1990-396152404787-100x100.jpg",100,100,true],"wcpr-photo-reviews":["https:\/\/test.bonaparts.fr\/wp-content\/uploads\/imported\/7\/entretoise-axe-transmission-Kawasaki-VNT50B-1500-Sumo-VN-15SE-1990-396152404787-500x333.jpg",500,333,true]},"pbg_author_info":{"display_name":"BONAPARTS","author_link":"https:\/\/test.bonaparts.fr\/?author=0","author_img":"<img alt='BONAPARTS' src='https:\/\/secure.gravatar.com\/avatar\/ee8ffa5ba89d5ffd342c9b67f99c1f2f5462d5ca62704a21f66b42e75e1d19ff?s=128&#038;d=identicon&#038;r=g' srcset='https:\/\/secure.gravatar.com\/avatar\/ee8ffa5ba89d5ffd342c9b67f99c1f2f5462d5ca62704a21f66b42e75e1d19ff?s=256&#038;d=identicon&#038;r=g 2x' class='avatar avatar-128 photo' height='128' width='128' decoding='async'\/>"},"pbg_comment_info":" No Comments","pbg_excerpt":"BONAPARTS entretoise axe transmission Kawasaki VNT50B 1500 Sumo VN-15SE 1990 \u00c9tat: Bon \u00e9tat de fonctionnement, pr\u00eat \u00e0 \u00eatre remont\u00e9. Adaptable sur : Kawasaki VNT50B 1500 Sumo&nbsp;VN-15SE&nbsp;1990 VN-15 SE VNT 50 B Avant de finaliser votre commande, nous vous recommandons de nous contacter pour confirmer la disponibilit\u00e9 de l&#8217;article.Nous sommes facilement joignables pour r\u00e9pondre rapidement \u00e0\u2026","jetpack_likes_enabled":false,"jetpack_sharing_enabled":true,"_links":{"self":[{"href":"https:\/\/test.bonaparts.fr\/index.php?rest_route=\/wp\/v2\/product\/21141","targetHints":{"allow":["GET"]}}],"collection":[{"href":"https:\/\/test.bonaparts.fr\/index.php?rest_route=\/wp\/v2\/product"}],"about":[{"href":"https:\/\/test.bonaparts.fr\/index.php?rest_route=\/wp\/v2\/types\/product"}],"wp:featuredmedia":[{"embeddable":true,"href":"https:\/\/test.bonaparts.fr\/index.php?rest_route=\/wp\/v2\/media\/21142"}],"wp:attachment":[{"href":"https:\/\/test.bonaparts.fr\/index.php?rest_route=%2Fwp%2Fv2%2Fmedia&parent=21141"}],"wp:term":[{"taxonomy":"product_brand","embeddable":true,"href":"https:\/\/test.bonaparts.fr\/index.php?rest_route=%2Fwp%2Fv2%2Fproduct_brand&post=21141"},{"taxonomy":"product_cat","embeddable":true,"href":"https:\/\/test.bonaparts.fr\/index.php?rest_route=%2Fwp%2Fv2%2Fproduct_cat&post=21141"},{"taxonomy":"product_tag","embeddable":true,"href":"https:\/\/test.bonaparts.fr\/index.php?rest_route=%2Fwp%2Fv2%2Fproduct_tag&post=21141"},{"taxonomy":"pa_autre-numero-de-piece","embeddable":true,"href":"https:\/\/test.bonaparts.fr\/index.php?rest_route=%2Fwp%2Fv2%2Fpa_autre-numero-de-piece&post=21141"},{"taxonomy":"pa_type","embeddable":true,"href":"https:\/\/test.bonaparts.fr\/index.php?rest_route=%2Fwp%2Fv2%2Fpa_type&post=21141"}],"curies":[{"name":"wp","href":"https:\/\/api.w.org\/{rel}","templated":true}]}}