{"id":24088,"date":"2025-04-16T23:19:36","date_gmt":"2025-04-16T21:19:36","guid":{"rendered":"https:\/\/test.bonaparts.fr\/produit\/roue-avant-suzuki-650-ls-savage-96-99-front-wheel\/"},"modified":"2025-08-12T05:41:32","modified_gmt":"2025-08-12T03:41:32","slug":"roue-avant-suzuki-650-ls-savage-96-99-front-wheel","status":"publish","type":"product","link":"https:\/\/test.bonaparts.fr\/?product=roue-avant-suzuki-650-ls-savage-96-99-front-wheel","title":{"rendered":"Roue avant Suzuki 650 LS Savage 96-99 front wheel"},"content":{"rendered":"<div><b style=\"font-family: Georgia;\"><i><font size=\"6\">BONAPARTS<\/font><\/p>\n<p><font size=\"5\">Roue avant Suzuki 650 LS Savage 96-99 front wheel<\/p>\n<p><\/font><\/i><\/b><u style=\"box-sizing: border-box; font-weight: bold;\"><font size=\"4\" face=\"Georgia\">\u00c9tat:<\/font><\/u><b style=\"font-family: Georgia;\"><i><font size=\"4\"><br \/><\/font><br \/>Tr\u00e8s bon \u00e9tat, les roulements sont impecables, le chrome de la jante n&#8217;est pas piqu\u00e9 et les vis de fixation de disque de freins sont pr\u00e9sente.<\/p>\n<p><\/i><\/b><u style=\"box-sizing: border-box; font-weight: bold;\"><font size=\"4\" face=\"Georgia\">La moto comptabilisait 11 000km avant d\u00e9montage, le moteur est en bon \u00e9tat de fonctionnement.<\/p>\n<p>Adaptable sur :<\/font><\/u><\/div>\n<div><\/div>\n<div><font face=\"Georgia\"><b><br \/><font size=\"5\"><\/font><\/b><\/font><b style=\"font-family: Georgia;\"><i><font size=\"5\">Suzuki 650 LS Savage 96-99<\/font><\/i><\/b><\/div>\n<div><font face=\"Georgia\"><b><font size=\"5\"><br \/><\/font><\/b><\/font><\/div>\n<div><span style=\"font-family: Arial; font-size: 18.6667px; box-sizing: border-box;\"><font size=\"2\" style=\"box-sizing: border-box;\"><b><i>Avant de finaliser votre commande, nous vous recommandons de nous contacter pour confirmer la disponibilit\u00e9 de l&#8217;article.<br \/>Nous sommes facilement joignables pour r\u00e9pondre rapidement \u00e0 vos questions et vous accompagner dans votre achat.<\/i><\/b><\/font><\/span><\/div>\n","protected":false},"excerpt":{"rendered":"<p>BONAPARTS Roue avant Suzuki 650 LS Savage 96-99 front wheel \u00c9tat:Tr\u00e8s bon \u00e9tat, les roulements sont impecables, le chrome de la jante n&#8217;est pas piqu\u00e9 et les vis de fixation de disque de freins sont pr\u00e9sente. La moto comptabilisait 11 000km avant d\u00e9montage, le moteur est en bon \u00e9tat de fonctionnement. Adaptable sur : Suzuki [&hellip;]<\/p>\n","protected":false},"featured_media":24089,"template":"","meta":[],"product_brand":[],"product_cat":[9278],"product_tag":[],"pa_autre-numero-de-piece":[],"pa_type":[],"class_list":{"0":"post-24088","1":"product","2":"type-product","3":"status-publish","4":"has-post-thumbnail","6":"product_cat-pieces-detachees-occasion-suzuki-650-ls-savage-1996-99","8":"first","9":"instock","10":"shipping-taxable","11":"purchasable","12":"product-type-simple"},"yoast_head":"<!-- This site is optimized with the Yoast SEO plugin v26.0 - https:\/\/yoast.com\/wordpress\/plugins\/seo\/ -->\n<title>Roue avant Suzuki 650 LS Savage 96-99 front wheel - BONAPARTS<\/title>\n<meta name=\"robots\" content=\"index, follow, max-snippet:-1, max-image-preview:large, max-video-preview:-1\" \/>\n<link rel=\"canonical\" href=\"https:\/\/test.bonaparts.fr\/produit\/roue-avant-suzuki-650-ls-savage-96-99-front-wheel\/\" \/>\n<meta property=\"og:locale\" content=\"fr_FR\" \/>\n<meta property=\"og:type\" content=\"article\" \/>\n<meta property=\"og:title\" content=\"Roue avant Suzuki 650 LS Savage 96-99 front wheel - BONAPARTS\" \/>\n<meta property=\"og:description\" content=\"BONAPARTS Roue avant Suzuki 650 LS Savage 96-99 front wheel \u00c9tat:Tr\u00e8s bon \u00e9tat, les roulements sont impecables, le chrome de la jante n&#8217;est pas piqu\u00e9 et les vis de fixation de disque de freins sont pr\u00e9sente. La moto comptabilisait 11 000km avant d\u00e9montage, le moteur est en bon \u00e9tat de fonctionnement. Adaptable sur : Suzuki [&hellip;]\" \/>\n<meta property=\"og:url\" content=\"https:\/\/test.bonaparts.fr\/produit\/roue-avant-suzuki-650-ls-savage-96-99-front-wheel\/\" \/>\n<meta property=\"og:site_name\" content=\"BONAPARTS\" \/>\n<meta property=\"article:publisher\" content=\"https:\/\/www.facebook.com\/Bonaparts\/\" \/>\n<meta property=\"article:modified_time\" content=\"2025-08-12T03:41:32+00:00\" \/>\n<meta property=\"og:image\" content=\"https:\/\/i0.wp.com\/bonaparts.fr\/wp-content\/uploads\/imported\/2\/Roue-avant-Suzuki-650-LS-Savage-96-99-front-wheel-396484002522.jpg?fit=1600%2C1066&ssl=1\" \/>\n\t<meta property=\"og:image:width\" content=\"1600\" \/>\n\t<meta property=\"og:image:height\" content=\"1066\" \/>\n\t<meta property=\"og:image:type\" content=\"image\/jpeg\" \/>\n<meta name=\"twitter:card\" content=\"summary_large_image\" \/>\n<script type=\"application\/ld+json\" class=\"yoast-schema-graph\">{\"@context\":\"https:\/\/schema.org\",\"@graph\":[{\"@type\":\"WebPage\",\"@id\":\"https:\/\/test.bonaparts.fr\/produit\/roue-avant-suzuki-650-ls-savage-96-99-front-wheel\/\",\"url\":\"https:\/\/test.bonaparts.fr\/produit\/roue-avant-suzuki-650-ls-savage-96-99-front-wheel\/\",\"name\":\"Roue avant Suzuki 650 LS Savage 96-99 front wheel - BONAPARTS\",\"isPartOf\":{\"@id\":\"https:\/\/test.bonaparts.fr\/#website\"},\"primaryImageOfPage\":{\"@id\":\"https:\/\/test.bonaparts.fr\/produit\/roue-avant-suzuki-650-ls-savage-96-99-front-wheel\/#primaryimage\"},\"image\":{\"@id\":\"https:\/\/test.bonaparts.fr\/produit\/roue-avant-suzuki-650-ls-savage-96-99-front-wheel\/#primaryimage\"},\"thumbnailUrl\":\"https:\/\/test.bonaparts.fr\/wp-content\/uploads\/imported\/2\/Roue-avant-Suzuki-650-LS-Savage-96-99-front-wheel-396484002522.jpg\",\"datePublished\":\"2025-04-16T21:19:36+00:00\",\"dateModified\":\"2025-08-12T03:41:32+00:00\",\"breadcrumb\":{\"@id\":\"https:\/\/test.bonaparts.fr\/produit\/roue-avant-suzuki-650-ls-savage-96-99-front-wheel\/#breadcrumb\"},\"inLanguage\":\"fr-FR\",\"potentialAction\":[{\"@type\":\"ReadAction\",\"target\":[\"https:\/\/test.bonaparts.fr\/produit\/roue-avant-suzuki-650-ls-savage-96-99-front-wheel\/\"]}]},{\"@type\":\"ImageObject\",\"inLanguage\":\"fr-FR\",\"@id\":\"https:\/\/test.bonaparts.fr\/produit\/roue-avant-suzuki-650-ls-savage-96-99-front-wheel\/#primaryimage\",\"url\":\"https:\/\/test.bonaparts.fr\/wp-content\/uploads\/imported\/2\/Roue-avant-Suzuki-650-LS-Savage-96-99-front-wheel-396484002522.jpg\",\"contentUrl\":\"https:\/\/test.bonaparts.fr\/wp-content\/uploads\/imported\/2\/Roue-avant-Suzuki-650-LS-Savage-96-99-front-wheel-396484002522.jpg\",\"width\":1600,\"height\":1066},{\"@type\":\"BreadcrumbList\",\"@id\":\"https:\/\/test.bonaparts.fr\/produit\/roue-avant-suzuki-650-ls-savage-96-99-front-wheel\/#breadcrumb\",\"itemListElement\":[{\"@type\":\"ListItem\",\"position\":1,\"name\":\"Accueil\",\"item\":\"https:\/\/test.bonaparts.fr\/\"},{\"@type\":\"ListItem\",\"position\":2,\"name\":\"Accueil\",\"item\":\"https:\/\/test.bonaparts.fr\/?page_id=823\"},{\"@type\":\"ListItem\",\"position\":3,\"name\":\"Roue avant Suzuki 650 LS Savage 96-99 front wheel\"}]},{\"@type\":\"WebSite\",\"@id\":\"https:\/\/test.bonaparts.fr\/#website\",\"url\":\"https:\/\/test.bonaparts.fr\/\",\"name\":\"BONAPARTS\",\"description\":\"Pi\u00e8ces d\u00e9tach\u00e9es neuves et d&#039;occasion moto et scooter, sp\u00e9cialiste mono-cylindre 4 temps.\",\"publisher\":{\"@id\":\"https:\/\/test.bonaparts.fr\/#organization\"},\"potentialAction\":[{\"@type\":\"SearchAction\",\"target\":{\"@type\":\"EntryPoint\",\"urlTemplate\":\"https:\/\/test.bonaparts.fr\/?s={search_term_string}\"},\"query-input\":{\"@type\":\"PropertyValueSpecification\",\"valueRequired\":true,\"valueName\":\"search_term_string\"}}],\"inLanguage\":\"fr-FR\"},{\"@type\":\"Organization\",\"@id\":\"https:\/\/test.bonaparts.fr\/#organization\",\"name\":\"BONAPARTS\",\"url\":\"https:\/\/test.bonaparts.fr\/\",\"logo\":{\"@type\":\"ImageObject\",\"inLanguage\":\"fr-FR\",\"@id\":\"https:\/\/test.bonaparts.fr\/#\/schema\/logo\/image\/\",\"url\":\"https:\/\/test.bonaparts.fr\/wp-content\/uploads\/2022\/02\/bonawrench-gris-FINAL.png\",\"contentUrl\":\"https:\/\/test.bonaparts.fr\/wp-content\/uploads\/2022\/02\/bonawrench-gris-FINAL.png\",\"width\":1198,\"height\":1080,\"caption\":\"BONAPARTS\"},\"image\":{\"@id\":\"https:\/\/test.bonaparts.fr\/#\/schema\/logo\/image\/\"},\"sameAs\":[\"https:\/\/www.facebook.com\/Bonaparts\/\",\"https:\/\/www.instagram.com\/bona.parts\/?hl=fr\",\"https:\/\/www.youtube.com\/channel\/UCkO8GGQvOEb61jAxA_G9zXQ\"]}]}<\/script>\n<!-- \/ Yoast SEO plugin. -->","yoast_head_json":{"title":"Roue avant Suzuki 650 LS Savage 96-99 front wheel - BONAPARTS","robots":{"index":"index","follow":"follow","max-snippet":"max-snippet:-1","max-image-preview":"max-image-preview:large","max-video-preview":"max-video-preview:-1"},"canonical":"https:\/\/test.bonaparts.fr\/produit\/roue-avant-suzuki-650-ls-savage-96-99-front-wheel\/","og_locale":"fr_FR","og_type":"article","og_title":"Roue avant Suzuki 650 LS Savage 96-99 front wheel - BONAPARTS","og_description":"BONAPARTS Roue avant Suzuki 650 LS Savage 96-99 front wheel \u00c9tat:Tr\u00e8s bon \u00e9tat, les roulements sont impecables, le chrome de la jante n&#8217;est pas piqu\u00e9 et les vis de fixation de disque de freins sont pr\u00e9sente. La moto comptabilisait 11 000km avant d\u00e9montage, le moteur est en bon \u00e9tat de fonctionnement. Adaptable sur : Suzuki [&hellip;]","og_url":"https:\/\/test.bonaparts.fr\/produit\/roue-avant-suzuki-650-ls-savage-96-99-front-wheel\/","og_site_name":"BONAPARTS","article_publisher":"https:\/\/www.facebook.com\/Bonaparts\/","article_modified_time":"2025-08-12T03:41:32+00:00","og_image":[{"width":1600,"height":1066,"url":"https:\/\/i0.wp.com\/bonaparts.fr\/wp-content\/uploads\/imported\/2\/Roue-avant-Suzuki-650-LS-Savage-96-99-front-wheel-396484002522.jpg?fit=1600%2C1066&ssl=1","type":"image\/jpeg"}],"twitter_card":"summary_large_image","schema":{"@context":"https:\/\/schema.org","@graph":[{"@type":"WebPage","@id":"https:\/\/test.bonaparts.fr\/produit\/roue-avant-suzuki-650-ls-savage-96-99-front-wheel\/","url":"https:\/\/test.bonaparts.fr\/produit\/roue-avant-suzuki-650-ls-savage-96-99-front-wheel\/","name":"Roue avant Suzuki 650 LS Savage 96-99 front wheel - BONAPARTS","isPartOf":{"@id":"https:\/\/test.bonaparts.fr\/#website"},"primaryImageOfPage":{"@id":"https:\/\/test.bonaparts.fr\/produit\/roue-avant-suzuki-650-ls-savage-96-99-front-wheel\/#primaryimage"},"image":{"@id":"https:\/\/test.bonaparts.fr\/produit\/roue-avant-suzuki-650-ls-savage-96-99-front-wheel\/#primaryimage"},"thumbnailUrl":"https:\/\/test.bonaparts.fr\/wp-content\/uploads\/imported\/2\/Roue-avant-Suzuki-650-LS-Savage-96-99-front-wheel-396484002522.jpg","datePublished":"2025-04-16T21:19:36+00:00","dateModified":"2025-08-12T03:41:32+00:00","breadcrumb":{"@id":"https:\/\/test.bonaparts.fr\/produit\/roue-avant-suzuki-650-ls-savage-96-99-front-wheel\/#breadcrumb"},"inLanguage":"fr-FR","potentialAction":[{"@type":"ReadAction","target":["https:\/\/test.bonaparts.fr\/produit\/roue-avant-suzuki-650-ls-savage-96-99-front-wheel\/"]}]},{"@type":"ImageObject","inLanguage":"fr-FR","@id":"https:\/\/test.bonaparts.fr\/produit\/roue-avant-suzuki-650-ls-savage-96-99-front-wheel\/#primaryimage","url":"https:\/\/test.bonaparts.fr\/wp-content\/uploads\/imported\/2\/Roue-avant-Suzuki-650-LS-Savage-96-99-front-wheel-396484002522.jpg","contentUrl":"https:\/\/test.bonaparts.fr\/wp-content\/uploads\/imported\/2\/Roue-avant-Suzuki-650-LS-Savage-96-99-front-wheel-396484002522.jpg","width":1600,"height":1066},{"@type":"BreadcrumbList","@id":"https:\/\/test.bonaparts.fr\/produit\/roue-avant-suzuki-650-ls-savage-96-99-front-wheel\/#breadcrumb","itemListElement":[{"@type":"ListItem","position":1,"name":"Accueil","item":"https:\/\/test.bonaparts.fr\/"},{"@type":"ListItem","position":2,"name":"Accueil","item":"https:\/\/test.bonaparts.fr\/?page_id=823"},{"@type":"ListItem","position":3,"name":"Roue avant Suzuki 650 LS Savage 96-99 front wheel"}]},{"@type":"WebSite","@id":"https:\/\/test.bonaparts.fr\/#website","url":"https:\/\/test.bonaparts.fr\/","name":"BONAPARTS","description":"Pi\u00e8ces d\u00e9tach\u00e9es neuves et d&#039;occasion moto et scooter, sp\u00e9cialiste mono-cylindre 4 temps.","publisher":{"@id":"https:\/\/test.bonaparts.fr\/#organization"},"potentialAction":[{"@type":"SearchAction","target":{"@type":"EntryPoint","urlTemplate":"https:\/\/test.bonaparts.fr\/?s={search_term_string}"},"query-input":{"@type":"PropertyValueSpecification","valueRequired":true,"valueName":"search_term_string"}}],"inLanguage":"fr-FR"},{"@type":"Organization","@id":"https:\/\/test.bonaparts.fr\/#organization","name":"BONAPARTS","url":"https:\/\/test.bonaparts.fr\/","logo":{"@type":"ImageObject","inLanguage":"fr-FR","@id":"https:\/\/test.bonaparts.fr\/#\/schema\/logo\/image\/","url":"https:\/\/test.bonaparts.fr\/wp-content\/uploads\/2022\/02\/bonawrench-gris-FINAL.png","contentUrl":"https:\/\/test.bonaparts.fr\/wp-content\/uploads\/2022\/02\/bonawrench-gris-FINAL.png","width":1198,"height":1080,"caption":"BONAPARTS"},"image":{"@id":"https:\/\/test.bonaparts.fr\/#\/schema\/logo\/image\/"},"sameAs":["https:\/\/www.facebook.com\/Bonaparts\/","https:\/\/www.instagram.com\/bona.parts\/?hl=fr","https:\/\/www.youtube.com\/channel\/UCkO8GGQvOEb61jAxA_G9zXQ"]}]}},"pbg_featured_image_src":{"full":["https:\/\/test.bonaparts.fr\/wp-content\/uploads\/imported\/2\/Roue-avant-Suzuki-650-LS-Savage-96-99-front-wheel-396484002522.jpg",1600,1066,false],"thumbnail":["https:\/\/test.bonaparts.fr\/wp-content\/uploads\/imported\/2\/Roue-avant-Suzuki-650-LS-Savage-96-99-front-wheel-396484002522-150x150.jpg",150,150,true],"medium":["https:\/\/test.bonaparts.fr\/wp-content\/uploads\/imported\/2\/Roue-avant-Suzuki-650-LS-Savage-96-99-front-wheel-396484002522-300x200.jpg",300,200,true],"medium_large":["https:\/\/test.bonaparts.fr\/wp-content\/uploads\/imported\/2\/Roue-avant-Suzuki-650-LS-Savage-96-99-front-wheel-396484002522-768x512.jpg",768,512,true],"large":["https:\/\/test.bonaparts.fr\/wp-content\/uploads\/imported\/2\/Roue-avant-Suzuki-650-LS-Savage-96-99-front-wheel-396484002522-1024x682.jpg",980,653,true],"1536x1536":["https:\/\/test.bonaparts.fr\/wp-content\/uploads\/imported\/2\/Roue-avant-Suzuki-650-LS-Savage-96-99-front-wheel-396484002522-1536x1023.jpg",1536,1023,true],"2048x2048":["https:\/\/test.bonaparts.fr\/wp-content\/uploads\/imported\/2\/Roue-avant-Suzuki-650-LS-Savage-96-99-front-wheel-396484002522.jpg",1600,1066,false],"wptouch-new-thumbnail":["https:\/\/test.bonaparts.fr\/wp-content\/uploads\/imported\/2\/Roue-avant-Suzuki-650-LS-Savage-96-99-front-wheel-396484002522-144x144.jpg",144,144,true],"woocommerce_thumbnail":["https:\/\/test.bonaparts.fr\/wp-content\/uploads\/imported\/2\/Roue-avant-Suzuki-650-LS-Savage-96-99-front-wheel-396484002522-324x324.jpg",324,324,true],"woocommerce_single":["https:\/\/test.bonaparts.fr\/wp-content\/uploads\/imported\/2\/Roue-avant-Suzuki-650-LS-Savage-96-99-front-wheel-396484002522-416x277.jpg",416,277,true],"woocommerce_gallery_thumbnail":["https:\/\/test.bonaparts.fr\/wp-content\/uploads\/imported\/2\/Roue-avant-Suzuki-650-LS-Savage-96-99-front-wheel-396484002522-100x100.jpg",100,100,true],"wcpr-photo-reviews":["https:\/\/test.bonaparts.fr\/wp-content\/uploads\/imported\/2\/Roue-avant-Suzuki-650-LS-Savage-96-99-front-wheel-396484002522-500x333.jpg",500,333,true]},"pbg_author_info":{"display_name":"BONAPARTS","author_link":"https:\/\/test.bonaparts.fr\/?author=0","author_img":"<img alt='BONAPARTS' src='https:\/\/secure.gravatar.com\/avatar\/ee8ffa5ba89d5ffd342c9b67f99c1f2f5462d5ca62704a21f66b42e75e1d19ff?s=128&#038;d=identicon&#038;r=g' srcset='https:\/\/secure.gravatar.com\/avatar\/ee8ffa5ba89d5ffd342c9b67f99c1f2f5462d5ca62704a21f66b42e75e1d19ff?s=256&#038;d=identicon&#038;r=g 2x' class='avatar avatar-128 photo' height='128' width='128' decoding='async'\/>"},"pbg_comment_info":" No Comments","pbg_excerpt":"BONAPARTS Roue avant Suzuki 650 LS Savage 96-99 front wheel \u00c9tat:Tr\u00e8s bon \u00e9tat, les roulements sont impecables, le chrome de la jante n&#8217;est pas piqu\u00e9 et les vis de fixation de disque de freins sont pr\u00e9sente. La moto comptabilisait 11 000km avant d\u00e9montage, le moteur est en bon \u00e9tat de fonctionnement. Adaptable sur : Suzuki\u2026","jetpack_likes_enabled":false,"jetpack_sharing_enabled":true,"_links":{"self":[{"href":"https:\/\/test.bonaparts.fr\/index.php?rest_route=\/wp\/v2\/product\/24088","targetHints":{"allow":["GET"]}}],"collection":[{"href":"https:\/\/test.bonaparts.fr\/index.php?rest_route=\/wp\/v2\/product"}],"about":[{"href":"https:\/\/test.bonaparts.fr\/index.php?rest_route=\/wp\/v2\/types\/product"}],"wp:featuredmedia":[{"embeddable":true,"href":"https:\/\/test.bonaparts.fr\/index.php?rest_route=\/wp\/v2\/media\/24089"}],"wp:attachment":[{"href":"https:\/\/test.bonaparts.fr\/index.php?rest_route=%2Fwp%2Fv2%2Fmedia&parent=24088"}],"wp:term":[{"taxonomy":"product_brand","embeddable":true,"href":"https:\/\/test.bonaparts.fr\/index.php?rest_route=%2Fwp%2Fv2%2Fproduct_brand&post=24088"},{"taxonomy":"product_cat","embeddable":true,"href":"https:\/\/test.bonaparts.fr\/index.php?rest_route=%2Fwp%2Fv2%2Fproduct_cat&post=24088"},{"taxonomy":"product_tag","embeddable":true,"href":"https:\/\/test.bonaparts.fr\/index.php?rest_route=%2Fwp%2Fv2%2Fproduct_tag&post=24088"},{"taxonomy":"pa_autre-numero-de-piece","embeddable":true,"href":"https:\/\/test.bonaparts.fr\/index.php?rest_route=%2Fwp%2Fv2%2Fpa_autre-numero-de-piece&post=24088"},{"taxonomy":"pa_type","embeddable":true,"href":"https:\/\/test.bonaparts.fr\/index.php?rest_route=%2Fwp%2Fv2%2Fpa_type&post=24088"}],"curies":[{"name":"wp","href":"https:\/\/api.w.org\/{rel}","templated":true}]}}