{"id":2606,"date":"2022-03-16T12:03:30","date_gmt":"2022-03-16T11:03:30","guid":{"rendered":"https:\/\/test.bonaparts.fr\/?post_type=product&#038;p=2606"},"modified":"2023-03-22T18:55:13","modified_gmt":"2023-03-22T17:55:13","slug":"damping-dms-klx110","status":"publish","type":"product","link":"https:\/\/test.bonaparts.fr\/?product=damping-dms-klx110","title":{"rendered":"Dampings DMS Kawasaki KLX110"},"content":{"rendered":"<p>Dampings pour Kawasaki KLX 110 \u00e0 partir de 2010, rajoute 3 centim\u00e8tres de d\u00e9battement \u00e0 votre fourche.<br \/>\nDiam\u00e8tres des passages d&#8217;huiles revus, id\u00e9al pour un adulte avec de l&#8217;huile 15W<br \/>\nN\u00e9cessite un c\u00e2ble de frein avant de 60KX .<br \/>\nAluminium 7075 taill\u00e9 dans la masse, fabriqu\u00e9 en France par DMS.<\/p>\n<p>Photos du montage des dampings DMS sur Kawasaki KLX110 disponible sur notre site partenaire <a href=\"https:\/\/minibikepassion.fr\/2021\/08\/11\/kawasaki-klx110\/\">Minibikepassion.fr<\/a><\/p>\n","protected":false},"excerpt":{"rendered":"<p>Dampings pour Kawasaki KLX 110 \u00e0 partir de 2010, rajoute 3 centim\u00e8tres de d\u00e9battement \u00e0 votre fourche. Diam\u00e8tres des passages d&#8217;huiles revus, id\u00e9al pour un adulte avec de l&#8217;huile 15W N\u00e9cessite un c\u00e2ble de frein avant de 60KX . Aluminium 7075 taill\u00e9 dans la masse, fabriqu\u00e9 en France par DMS. Photos du montage des dampings [&hellip;]<\/p>\n","protected":false},"featured_media":2622,"template":"","meta":[],"product_brand":[],"product_cat":[6379,6446],"product_tag":[7357,7056,7055,7059,7057,7366,7359,7345,7346,7058],"pa_autre-numero-de-piece":[],"pa_type":[],"class_list":{"0":"post-2606","1":"product","2":"type-product","3":"status-publish","4":"has-post-thumbnail","6":"product_cat-kawasaki-klx110","7":"product_cat-fourches-klx110","8":"product_tag-7357","9":"product_tag-damping-klx-110","10":"product_tag-damping-klx110","11":"product_tag-fourche-klx-110","12":"product_tag-fourche-klx110","13":"product_tag-kawasaki","14":"product_tag-kawasaki-klx-110","15":"product_tag-klx","16":"product_tag-klx-110","17":"product_tag-klx110","19":"first","20":"onbackorder","21":"featured","22":"shipping-taxable","23":"purchasable","24":"product-type-simple"},"yoast_head":"<!-- This site is optimized with the Yoast SEO plugin v26.0 - https:\/\/yoast.com\/wordpress\/plugins\/seo\/ -->\n<title>Dampings DMS Kawasaki KLX110 - BONAPARTS<\/title>\n<meta name=\"description\" content=\"Dampings pour Kawasaki KLX110 \u00e0 partir de 2010, rajoute 3 centim\u00e8tres de d\u00e9battement \u00e0 votre fourche. Fabriqu\u00e9 en France par DMS - BONAPARTS\" \/>\n<meta name=\"robots\" content=\"index, follow, max-snippet:-1, max-image-preview:large, max-video-preview:-1\" \/>\n<link rel=\"canonical\" href=\"https:\/\/test.bonaparts.fr\/produit\/damping-dms-klx110\/\" \/>\n<meta property=\"og:locale\" content=\"fr_FR\" \/>\n<meta property=\"og:type\" content=\"article\" \/>\n<meta property=\"og:title\" content=\"Dampings DMS Kawasaki KLX110 - BONAPARTS\" \/>\n<meta property=\"og:description\" content=\"Dampings pour Kawasaki KLX110 \u00e0 partir de 2010, rajoute 3 centim\u00e8tres de d\u00e9battement \u00e0 votre fourche. Fabriqu\u00e9 en France par DMS - BONAPARTS\" \/>\n<meta property=\"og:url\" content=\"https:\/\/test.bonaparts.fr\/produit\/damping-dms-klx110\/\" \/>\n<meta property=\"og:site_name\" content=\"BONAPARTS\" \/>\n<meta property=\"article:publisher\" content=\"https:\/\/www.facebook.com\/Bonaparts\/\" \/>\n<meta property=\"article:modified_time\" content=\"2023-03-22T17:55:13+00:00\" \/>\n<meta property=\"og:image\" content=\"https:\/\/i0.wp.com\/bonaparts.fr\/wp-content\/uploads\/2022\/03\/20220316_113707.jpg?fit=3024%2C3024&ssl=1\" \/>\n\t<meta property=\"og:image:width\" content=\"3024\" \/>\n\t<meta property=\"og:image:height\" content=\"3024\" \/>\n\t<meta property=\"og:image:type\" content=\"image\/jpeg\" \/>\n<meta name=\"twitter:card\" content=\"summary_large_image\" \/>\n<meta name=\"twitter:label1\" content=\"Dur\u00e9e de lecture estim\u00e9e\" \/>\n\t<meta name=\"twitter:data1\" content=\"1 minute\" \/>\n<script type=\"application\/ld+json\" class=\"yoast-schema-graph\">{\"@context\":\"https:\/\/schema.org\",\"@graph\":[{\"@type\":\"WebPage\",\"@id\":\"https:\/\/test.bonaparts.fr\/produit\/damping-dms-klx110\/\",\"url\":\"https:\/\/test.bonaparts.fr\/produit\/damping-dms-klx110\/\",\"name\":\"Dampings DMS Kawasaki KLX110 - BONAPARTS\",\"isPartOf\":{\"@id\":\"https:\/\/test.bonaparts.fr\/#website\"},\"primaryImageOfPage\":{\"@id\":\"https:\/\/test.bonaparts.fr\/produit\/damping-dms-klx110\/#primaryimage\"},\"image\":{\"@id\":\"https:\/\/test.bonaparts.fr\/produit\/damping-dms-klx110\/#primaryimage\"},\"thumbnailUrl\":\"https:\/\/test.bonaparts.fr\/wp-content\/uploads\/2022\/03\/20220316_113707-scaled.jpg\",\"datePublished\":\"2022-03-16T11:03:30+00:00\",\"dateModified\":\"2023-03-22T17:55:13+00:00\",\"description\":\"Dampings pour Kawasaki KLX110 \u00e0 partir de 2010, rajoute 3 centim\u00e8tres de d\u00e9battement \u00e0 votre fourche. Fabriqu\u00e9 en France par DMS - BONAPARTS\",\"breadcrumb\":{\"@id\":\"https:\/\/test.bonaparts.fr\/produit\/damping-dms-klx110\/#breadcrumb\"},\"inLanguage\":\"fr-FR\",\"potentialAction\":[{\"@type\":\"ReadAction\",\"target\":[\"https:\/\/test.bonaparts.fr\/produit\/damping-dms-klx110\/\"]}]},{\"@type\":\"ImageObject\",\"inLanguage\":\"fr-FR\",\"@id\":\"https:\/\/test.bonaparts.fr\/produit\/damping-dms-klx110\/#primaryimage\",\"url\":\"https:\/\/test.bonaparts.fr\/wp-content\/uploads\/2022\/03\/20220316_113707-scaled.jpg\",\"contentUrl\":\"https:\/\/test.bonaparts.fr\/wp-content\/uploads\/2022\/03\/20220316_113707-scaled.jpg\",\"width\":2560,\"height\":2560},{\"@type\":\"BreadcrumbList\",\"@id\":\"https:\/\/test.bonaparts.fr\/produit\/damping-dms-klx110\/#breadcrumb\",\"itemListElement\":[{\"@type\":\"ListItem\",\"position\":1,\"name\":\"Accueil\",\"item\":\"https:\/\/test.bonaparts.fr\/\"},{\"@type\":\"ListItem\",\"position\":2,\"name\":\"Accueil\",\"item\":\"https:\/\/test.bonaparts.fr\/?page_id=823\"},{\"@type\":\"ListItem\",\"position\":3,\"name\":\"Dampings DMS Kawasaki KLX110\"}]},{\"@type\":\"WebSite\",\"@id\":\"https:\/\/test.bonaparts.fr\/#website\",\"url\":\"https:\/\/test.bonaparts.fr\/\",\"name\":\"BONAPARTS\",\"description\":\"Pi\u00e8ces d\u00e9tach\u00e9es neuves et d&#039;occasion moto et scooter, sp\u00e9cialiste mono-cylindre 4 temps.\",\"publisher\":{\"@id\":\"https:\/\/test.bonaparts.fr\/#organization\"},\"potentialAction\":[{\"@type\":\"SearchAction\",\"target\":{\"@type\":\"EntryPoint\",\"urlTemplate\":\"https:\/\/test.bonaparts.fr\/?s={search_term_string}\"},\"query-input\":{\"@type\":\"PropertyValueSpecification\",\"valueRequired\":true,\"valueName\":\"search_term_string\"}}],\"inLanguage\":\"fr-FR\"},{\"@type\":\"Organization\",\"@id\":\"https:\/\/test.bonaparts.fr\/#organization\",\"name\":\"BONAPARTS\",\"url\":\"https:\/\/test.bonaparts.fr\/\",\"logo\":{\"@type\":\"ImageObject\",\"inLanguage\":\"fr-FR\",\"@id\":\"https:\/\/test.bonaparts.fr\/#\/schema\/logo\/image\/\",\"url\":\"https:\/\/test.bonaparts.fr\/wp-content\/uploads\/2022\/02\/bonawrench-gris-FINAL.png\",\"contentUrl\":\"https:\/\/test.bonaparts.fr\/wp-content\/uploads\/2022\/02\/bonawrench-gris-FINAL.png\",\"width\":1198,\"height\":1080,\"caption\":\"BONAPARTS\"},\"image\":{\"@id\":\"https:\/\/test.bonaparts.fr\/#\/schema\/logo\/image\/\"},\"sameAs\":[\"https:\/\/www.facebook.com\/Bonaparts\/\",\"https:\/\/www.instagram.com\/bona.parts\/?hl=fr\",\"https:\/\/www.youtube.com\/channel\/UCkO8GGQvOEb61jAxA_G9zXQ\"]}]}<\/script>\n<!-- \/ Yoast SEO plugin. -->","yoast_head_json":{"title":"Dampings DMS Kawasaki KLX110 - BONAPARTS","description":"Dampings pour Kawasaki KLX110 \u00e0 partir de 2010, rajoute 3 centim\u00e8tres de d\u00e9battement \u00e0 votre fourche. Fabriqu\u00e9 en France par DMS - BONAPARTS","robots":{"index":"index","follow":"follow","max-snippet":"max-snippet:-1","max-image-preview":"max-image-preview:large","max-video-preview":"max-video-preview:-1"},"canonical":"https:\/\/test.bonaparts.fr\/produit\/damping-dms-klx110\/","og_locale":"fr_FR","og_type":"article","og_title":"Dampings DMS Kawasaki KLX110 - BONAPARTS","og_description":"Dampings pour Kawasaki KLX110 \u00e0 partir de 2010, rajoute 3 centim\u00e8tres de d\u00e9battement \u00e0 votre fourche. Fabriqu\u00e9 en France par DMS - BONAPARTS","og_url":"https:\/\/test.bonaparts.fr\/produit\/damping-dms-klx110\/","og_site_name":"BONAPARTS","article_publisher":"https:\/\/www.facebook.com\/Bonaparts\/","article_modified_time":"2023-03-22T17:55:13+00:00","og_image":[{"width":3024,"height":3024,"url":"https:\/\/i0.wp.com\/bonaparts.fr\/wp-content\/uploads\/2022\/03\/20220316_113707.jpg?fit=3024%2C3024&ssl=1","type":"image\/jpeg"}],"twitter_card":"summary_large_image","twitter_misc":{"Dur\u00e9e de lecture estim\u00e9e":"1 minute"},"schema":{"@context":"https:\/\/schema.org","@graph":[{"@type":"WebPage","@id":"https:\/\/test.bonaparts.fr\/produit\/damping-dms-klx110\/","url":"https:\/\/test.bonaparts.fr\/produit\/damping-dms-klx110\/","name":"Dampings DMS Kawasaki KLX110 - BONAPARTS","isPartOf":{"@id":"https:\/\/test.bonaparts.fr\/#website"},"primaryImageOfPage":{"@id":"https:\/\/test.bonaparts.fr\/produit\/damping-dms-klx110\/#primaryimage"},"image":{"@id":"https:\/\/test.bonaparts.fr\/produit\/damping-dms-klx110\/#primaryimage"},"thumbnailUrl":"https:\/\/test.bonaparts.fr\/wp-content\/uploads\/2022\/03\/20220316_113707-scaled.jpg","datePublished":"2022-03-16T11:03:30+00:00","dateModified":"2023-03-22T17:55:13+00:00","description":"Dampings pour Kawasaki KLX110 \u00e0 partir de 2010, rajoute 3 centim\u00e8tres de d\u00e9battement \u00e0 votre fourche. Fabriqu\u00e9 en France par DMS - BONAPARTS","breadcrumb":{"@id":"https:\/\/test.bonaparts.fr\/produit\/damping-dms-klx110\/#breadcrumb"},"inLanguage":"fr-FR","potentialAction":[{"@type":"ReadAction","target":["https:\/\/test.bonaparts.fr\/produit\/damping-dms-klx110\/"]}]},{"@type":"ImageObject","inLanguage":"fr-FR","@id":"https:\/\/test.bonaparts.fr\/produit\/damping-dms-klx110\/#primaryimage","url":"https:\/\/test.bonaparts.fr\/wp-content\/uploads\/2022\/03\/20220316_113707-scaled.jpg","contentUrl":"https:\/\/test.bonaparts.fr\/wp-content\/uploads\/2022\/03\/20220316_113707-scaled.jpg","width":2560,"height":2560},{"@type":"BreadcrumbList","@id":"https:\/\/test.bonaparts.fr\/produit\/damping-dms-klx110\/#breadcrumb","itemListElement":[{"@type":"ListItem","position":1,"name":"Accueil","item":"https:\/\/test.bonaparts.fr\/"},{"@type":"ListItem","position":2,"name":"Accueil","item":"https:\/\/test.bonaparts.fr\/?page_id=823"},{"@type":"ListItem","position":3,"name":"Dampings DMS Kawasaki KLX110"}]},{"@type":"WebSite","@id":"https:\/\/test.bonaparts.fr\/#website","url":"https:\/\/test.bonaparts.fr\/","name":"BONAPARTS","description":"Pi\u00e8ces d\u00e9tach\u00e9es neuves et d&#039;occasion moto et scooter, sp\u00e9cialiste mono-cylindre 4 temps.","publisher":{"@id":"https:\/\/test.bonaparts.fr\/#organization"},"potentialAction":[{"@type":"SearchAction","target":{"@type":"EntryPoint","urlTemplate":"https:\/\/test.bonaparts.fr\/?s={search_term_string}"},"query-input":{"@type":"PropertyValueSpecification","valueRequired":true,"valueName":"search_term_string"}}],"inLanguage":"fr-FR"},{"@type":"Organization","@id":"https:\/\/test.bonaparts.fr\/#organization","name":"BONAPARTS","url":"https:\/\/test.bonaparts.fr\/","logo":{"@type":"ImageObject","inLanguage":"fr-FR","@id":"https:\/\/test.bonaparts.fr\/#\/schema\/logo\/image\/","url":"https:\/\/test.bonaparts.fr\/wp-content\/uploads\/2022\/02\/bonawrench-gris-FINAL.png","contentUrl":"https:\/\/test.bonaparts.fr\/wp-content\/uploads\/2022\/02\/bonawrench-gris-FINAL.png","width":1198,"height":1080,"caption":"BONAPARTS"},"image":{"@id":"https:\/\/test.bonaparts.fr\/#\/schema\/logo\/image\/"},"sameAs":["https:\/\/www.facebook.com\/Bonaparts\/","https:\/\/www.instagram.com\/bona.parts\/?hl=fr","https:\/\/www.youtube.com\/channel\/UCkO8GGQvOEb61jAxA_G9zXQ"]}]}},"pbg_featured_image_src":{"full":["https:\/\/test.bonaparts.fr\/wp-content\/uploads\/2022\/03\/20220316_113707-scaled.jpg",2560,2560,false],"thumbnail":["https:\/\/test.bonaparts.fr\/wp-content\/uploads\/2022\/03\/20220316_113707-150x150.jpg",150,150,true],"medium":["https:\/\/test.bonaparts.fr\/wp-content\/uploads\/2022\/03\/20220316_113707-300x300.jpg",300,300,true],"medium_large":["https:\/\/test.bonaparts.fr\/wp-content\/uploads\/2022\/03\/20220316_113707-768x768.jpg",768,768,true],"large":["https:\/\/test.bonaparts.fr\/wp-content\/uploads\/2022\/03\/20220316_113707-1024x1024.jpg",980,980,true],"1536x1536":["https:\/\/test.bonaparts.fr\/wp-content\/uploads\/2022\/03\/20220316_113707-1536x1536.jpg",1536,1536,true],"2048x2048":["https:\/\/test.bonaparts.fr\/wp-content\/uploads\/2022\/03\/20220316_113707-2048x2048.jpg",2048,2048,true],"wptouch-new-thumbnail":["https:\/\/test.bonaparts.fr\/wp-content\/uploads\/2022\/03\/20220316_113707-144x144.jpg",144,144,true],"woocommerce_thumbnail":["https:\/\/test.bonaparts.fr\/wp-content\/uploads\/2022\/03\/20220316_113707-324x324.jpg",324,324,true],"woocommerce_single":["https:\/\/test.bonaparts.fr\/wp-content\/uploads\/2022\/03\/20220316_113707-416x416.jpg",416,416,true],"woocommerce_gallery_thumbnail":["https:\/\/test.bonaparts.fr\/wp-content\/uploads\/2022\/03\/20220316_113707-100x100.jpg",100,100,true],"wcpr-photo-reviews":["https:\/\/test.bonaparts.fr\/wp-content\/uploads\/2022\/03\/20220316_113707-500x500.jpg",500,500,true]},"pbg_author_info":{"display_name":"BONAPARTS","author_link":"https:\/\/test.bonaparts.fr\/?author=0","author_img":"<img alt='BONAPARTS' src='https:\/\/secure.gravatar.com\/avatar\/ee8ffa5ba89d5ffd342c9b67f99c1f2f5462d5ca62704a21f66b42e75e1d19ff?s=128&#038;d=identicon&#038;r=g' srcset='https:\/\/secure.gravatar.com\/avatar\/ee8ffa5ba89d5ffd342c9b67f99c1f2f5462d5ca62704a21f66b42e75e1d19ff?s=256&#038;d=identicon&#038;r=g 2x' class='avatar avatar-128 photo' height='128' width='128' decoding='async'\/>"},"pbg_comment_info":" No Comments","pbg_excerpt":"Dampings pour Kawasaki KLX 110 \u00e0 partir de 2010, rajoute 3 centim\u00e8tres de d\u00e9battement \u00e0 votre fourche. Diam\u00e8tres des passages d&#8217;huiles revus, id\u00e9al pour un adulte avec de l&#8217;huile 15W N\u00e9cessite un c\u00e2ble de frein avant de 60KX . Aluminium 7075 taill\u00e9 dans la masse, fabriqu\u00e9 en France par DMS. Photos du montage des dampings\u2026","jetpack_likes_enabled":false,"jetpack_sharing_enabled":true,"_links":{"self":[{"href":"https:\/\/test.bonaparts.fr\/index.php?rest_route=\/wp\/v2\/product\/2606","targetHints":{"allow":["GET"]}}],"collection":[{"href":"https:\/\/test.bonaparts.fr\/index.php?rest_route=\/wp\/v2\/product"}],"about":[{"href":"https:\/\/test.bonaparts.fr\/index.php?rest_route=\/wp\/v2\/types\/product"}],"wp:featuredmedia":[{"embeddable":true,"href":"https:\/\/test.bonaparts.fr\/index.php?rest_route=\/wp\/v2\/media\/2622"}],"wp:attachment":[{"href":"https:\/\/test.bonaparts.fr\/index.php?rest_route=%2Fwp%2Fv2%2Fmedia&parent=2606"}],"wp:term":[{"taxonomy":"product_brand","embeddable":true,"href":"https:\/\/test.bonaparts.fr\/index.php?rest_route=%2Fwp%2Fv2%2Fproduct_brand&post=2606"},{"taxonomy":"product_cat","embeddable":true,"href":"https:\/\/test.bonaparts.fr\/index.php?rest_route=%2Fwp%2Fv2%2Fproduct_cat&post=2606"},{"taxonomy":"product_tag","embeddable":true,"href":"https:\/\/test.bonaparts.fr\/index.php?rest_route=%2Fwp%2Fv2%2Fproduct_tag&post=2606"},{"taxonomy":"pa_autre-numero-de-piece","embeddable":true,"href":"https:\/\/test.bonaparts.fr\/index.php?rest_route=%2Fwp%2Fv2%2Fpa_autre-numero-de-piece&post=2606"},{"taxonomy":"pa_type","embeddable":true,"href":"https:\/\/test.bonaparts.fr\/index.php?rest_route=%2Fwp%2Fv2%2Fpa_type&post=2606"}],"curies":[{"name":"wp","href":"https:\/\/api.w.org\/{rel}","templated":true}]}}