{"id":30326,"date":"2025-06-30T00:15:11","date_gmt":"2025-06-29T22:15:11","guid":{"rendered":"https:\/\/test.bonaparts.fr\/produit\/regulateur-de-tension-redresseur-honda-110-lead-31600gfm901\/"},"modified":"2025-08-11T11:18:58","modified_gmt":"2025-08-11T09:18:58","slug":"regulateur-de-tension-redresseur-honda-110-lead-31600gfm901","status":"publish","type":"product","link":"https:\/\/test.bonaparts.fr\/?product=regulateur-de-tension-redresseur-honda-110-lead-31600gfm901","title":{"rendered":"R\u00e9gulateur de tension redresseur Honda 110 Lead 31600GFM901"},"content":{"rendered":"<p><font rwr=\"1\" style=\"\"><br \/>\n<meta charset=\"utf-8\"><meta name=\"viewport\" content=\"width=device-width, initial-scale=1, shrink-to-fit=no\"><br \/>\n<title>Free eBay listing template designed by dewiso.com<\/title>\n<link href=\"https:\/\/dewiso.com\/css\/bootstrap.min.css\" rel=\"stylesheet\">\n<div style=\"font-family: Arial; background: rgb(253, 254, 254); border-left: 1px solid rgb(203, 212, 194); border-right: 1px solid rgb(203, 212, 194); border-top: 1px solid rgb(203, 212, 194); line-height: 45px;\">\n<div class=\"container\" style=\"border-bottom: 1px solid rgb(203, 212, 194); padding: 40px 0px;\">\n<div class=\"col-12 col-md-12\" style=\"\">\n<h1 style=\"color: rgb(53, 53, 53); text-align: center;\"><img decoding=\"async\" alt=\"\" class=\"mx-auto d-block img-fluid\" src=\"https:\/\/test.bonaparts.fr\/img\/my-shop-logo-1602435557.jpg\" style=\"font-size: 14pt;\"><i style=\"color: rgb(33, 37, 41);\"><font face=\"Arial\" style=\"\"><b style=\"\"><u style=\"\"><font color=\"#002cfd\" style=\"\" size=\"6\">BONAPARTS<\/font><\/u><\/b><\/font><\/i><\/h1>\n<h1 style=\"text-align: center;\"><font size=\"4\"><font face=\"Arial\" style=\"\"><font color=\"#353535\" style=\"\">&nbsp;<\/font><\/font><font style=\"color: rgb(53, 53, 53);\">Pi\u00e8ces d\u00e9tach\u00e9es neuves et d&#8217;occasion motos scooters motocross quad<\/font><\/font><\/h1>\n<\/div>\n<\/div>\n<\/div>\n<div style=\"font-family: Arial; border-left: 1px solid rgb(203, 212, 194); border-right: 1px solid rgb(203, 212, 194); color: rgb(53, 53, 53); line-height: 25px;\">\n<div class=\"container\" style=\"border-bottom: 1px solid rgb(203, 212, 194); padding-bottom: 20px; padding-top: 50px;\">\n<div class=\"row\" style=\"\">\n<div class=\"col-12 col-md-4\" style=\"font-size: 14pt; padding-bottom: 20px;\"><i><b>Bonaparts<\/b><\/i> vous propose&nbsp;R\u00e9gulateur de tension redresseur &nbsp;Honda 110 Lead<\/div>\n<div class=\"col-12 col-md-4\" style=\"font-size: 14pt; padding-bottom: 20px;\"><u style=\"font-weight: bold;\">\u00c9tat :<\/u>&nbsp;fonctionnel<\/div>\n<div class=\"col-12 col-md-4\" style=\"font-size: 14pt; padding-bottom: 20px;\"><span style=\"font-size: 14pt;\"><u style=\"font-weight: bold;\">Adaptable sur les mod\u00e8les suivants :<\/u>&nbsp;<\/span>&nbsp;Honda 110 Lead<\/div>\n<div class=\"col-12 col-md-4\" style=\"font-size: 14pt; padding-bottom: 20px;\"><span style=\"font-size: 14pt;\"><br \/><\/span><\/div>\n<div class=\"col-12 col-md-4\" style=\"font-size: 14pt; padding-bottom: 20px;\"><span style=\"font-size: 14pt;\"><br \/><\/span><\/div>\n<div class=\"col-12 col-md-4\" style=\"font-size: 14pt; padding-bottom: 20px;\"><span style=\"font-size: 14pt;\"><br \/><\/span><\/div>\n<div class=\"col-12 col-md-4\" style=\"padding-bottom: 20px;\"><i><font size=\"2\"><b>Avant de passer commande, n&#8217;h\u00e9sitez pas \u00e0 nous contacter pour vous assurez de la disponibilit\u00e9 de l&#8217;article, nous vendons aussi en direct dans notre boutique les articles pr\u00e9sents sur notre boutique Ebay.<\/b><\/font><\/i><\/div>\n<\/div>\n<\/div>\n<\/div>\n<p><\/font><\/p>\n","protected":false},"excerpt":{"rendered":"<p>Free eBay listing template designed by dewiso.com BONAPARTS &nbsp;Pi\u00e8ces d\u00e9tach\u00e9es neuves et d&#8217;occasion motos scooters motocross quad Bonaparts vous propose&nbsp;R\u00e9gulateur de tension redresseur &nbsp;Honda 110 Lead \u00c9tat :&nbsp;fonctionnel Adaptable sur les mod\u00e8les suivants :&nbsp;&nbsp;Honda 110 Lead Avant de passer commande, n&#8217;h\u00e9sitez pas \u00e0 nous contacter pour vous assurez de la disponibilit\u00e9 de l&#8217;article, nous vendons [&hellip;]<\/p>\n","protected":false},"featured_media":30327,"template":"","meta":[],"product_brand":[],"product_cat":[9237],"product_tag":[],"pa_autre-numero-de-piece":[],"pa_type":[],"class_list":{"0":"post-30326","1":"product","2":"type-product","3":"status-publish","4":"has-post-thumbnail","6":"product_cat-pieces-detachees-occasion-honda-110-lead","8":"first","9":"instock","10":"shipping-taxable","11":"purchasable","12":"product-type-simple"},"yoast_head":"<!-- This site is optimized with the Yoast SEO plugin v26.0 - https:\/\/yoast.com\/wordpress\/plugins\/seo\/ -->\n<title>R\u00e9gulateur de tension redresseur Honda 110 Lead 31600GFM901 - BONAPARTS<\/title>\n<meta name=\"robots\" content=\"index, follow, max-snippet:-1, max-image-preview:large, max-video-preview:-1\" \/>\n<link rel=\"canonical\" href=\"https:\/\/test.bonaparts.fr\/produit\/regulateur-de-tension-redresseur-honda-110-lead-31600gfm901\/\" \/>\n<meta property=\"og:locale\" content=\"fr_FR\" \/>\n<meta property=\"og:type\" content=\"article\" \/>\n<meta property=\"og:title\" content=\"R\u00e9gulateur de tension redresseur Honda 110 Lead 31600GFM901 - BONAPARTS\" \/>\n<meta property=\"og:description\" content=\"Free eBay listing template designed by dewiso.com BONAPARTS &nbsp;Pi\u00e8ces d\u00e9tach\u00e9es neuves et d&#8217;occasion motos scooters motocross quad Bonaparts vous propose&nbsp;R\u00e9gulateur de tension redresseur &nbsp;Honda 110 Lead \u00c9tat :&nbsp;fonctionnel Adaptable sur les mod\u00e8les suivants :&nbsp;&nbsp;Honda 110 Lead Avant de passer commande, n&#8217;h\u00e9sitez pas \u00e0 nous contacter pour vous assurez de la disponibilit\u00e9 de l&#8217;article, nous vendons [&hellip;]\" \/>\n<meta property=\"og:url\" content=\"https:\/\/test.bonaparts.fr\/produit\/regulateur-de-tension-redresseur-honda-110-lead-31600gfm901\/\" \/>\n<meta property=\"og:site_name\" content=\"BONAPARTS\" \/>\n<meta property=\"article:publisher\" content=\"https:\/\/www.facebook.com\/Bonaparts\/\" \/>\n<meta property=\"article:modified_time\" content=\"2025-08-11T09:18:58+00:00\" \/>\n<meta property=\"og:image\" content=\"https:\/\/i0.wp.com\/bonaparts.fr\/wp-content\/uploads\/imported\/0\/Regulateur-de-tension-redresseur-Honda-110-Lead-31600GFM901-396802945980.jpg?fit=1066%2C1600&ssl=1\" \/>\n\t<meta property=\"og:image:width\" content=\"1066\" \/>\n\t<meta property=\"og:image:height\" content=\"1600\" \/>\n\t<meta property=\"og:image:type\" content=\"image\/jpeg\" \/>\n<meta name=\"twitter:card\" content=\"summary_large_image\" \/>\n<script type=\"application\/ld+json\" class=\"yoast-schema-graph\">{\"@context\":\"https:\/\/schema.org\",\"@graph\":[{\"@type\":\"WebPage\",\"@id\":\"https:\/\/test.bonaparts.fr\/produit\/regulateur-de-tension-redresseur-honda-110-lead-31600gfm901\/\",\"url\":\"https:\/\/test.bonaparts.fr\/produit\/regulateur-de-tension-redresseur-honda-110-lead-31600gfm901\/\",\"name\":\"R\u00e9gulateur de tension redresseur Honda 110 Lead 31600GFM901 - BONAPARTS\",\"isPartOf\":{\"@id\":\"https:\/\/test.bonaparts.fr\/#website\"},\"primaryImageOfPage\":{\"@id\":\"https:\/\/test.bonaparts.fr\/produit\/regulateur-de-tension-redresseur-honda-110-lead-31600gfm901\/#primaryimage\"},\"image\":{\"@id\":\"https:\/\/test.bonaparts.fr\/produit\/regulateur-de-tension-redresseur-honda-110-lead-31600gfm901\/#primaryimage\"},\"thumbnailUrl\":\"https:\/\/test.bonaparts.fr\/wp-content\/uploads\/imported\/0\/Regulateur-de-tension-redresseur-Honda-110-Lead-31600GFM901-396802945980.jpg\",\"datePublished\":\"2025-06-29T22:15:11+00:00\",\"dateModified\":\"2025-08-11T09:18:58+00:00\",\"breadcrumb\":{\"@id\":\"https:\/\/test.bonaparts.fr\/produit\/regulateur-de-tension-redresseur-honda-110-lead-31600gfm901\/#breadcrumb\"},\"inLanguage\":\"fr-FR\",\"potentialAction\":[{\"@type\":\"ReadAction\",\"target\":[\"https:\/\/test.bonaparts.fr\/produit\/regulateur-de-tension-redresseur-honda-110-lead-31600gfm901\/\"]}]},{\"@type\":\"ImageObject\",\"inLanguage\":\"fr-FR\",\"@id\":\"https:\/\/test.bonaparts.fr\/produit\/regulateur-de-tension-redresseur-honda-110-lead-31600gfm901\/#primaryimage\",\"url\":\"https:\/\/test.bonaparts.fr\/wp-content\/uploads\/imported\/0\/Regulateur-de-tension-redresseur-Honda-110-Lead-31600GFM901-396802945980.jpg\",\"contentUrl\":\"https:\/\/test.bonaparts.fr\/wp-content\/uploads\/imported\/0\/Regulateur-de-tension-redresseur-Honda-110-Lead-31600GFM901-396802945980.jpg\",\"width\":1066,\"height\":1600},{\"@type\":\"BreadcrumbList\",\"@id\":\"https:\/\/test.bonaparts.fr\/produit\/regulateur-de-tension-redresseur-honda-110-lead-31600gfm901\/#breadcrumb\",\"itemListElement\":[{\"@type\":\"ListItem\",\"position\":1,\"name\":\"Accueil\",\"item\":\"https:\/\/test.bonaparts.fr\/\"},{\"@type\":\"ListItem\",\"position\":2,\"name\":\"Accueil\",\"item\":\"https:\/\/test.bonaparts.fr\/?page_id=823\"},{\"@type\":\"ListItem\",\"position\":3,\"name\":\"R\u00e9gulateur de tension redresseur Honda 110 Lead 31600GFM901\"}]},{\"@type\":\"WebSite\",\"@id\":\"https:\/\/test.bonaparts.fr\/#website\",\"url\":\"https:\/\/test.bonaparts.fr\/\",\"name\":\"BONAPARTS\",\"description\":\"Pi\u00e8ces d\u00e9tach\u00e9es neuves et d&#039;occasion moto et scooter, sp\u00e9cialiste mono-cylindre 4 temps.\",\"publisher\":{\"@id\":\"https:\/\/test.bonaparts.fr\/#organization\"},\"potentialAction\":[{\"@type\":\"SearchAction\",\"target\":{\"@type\":\"EntryPoint\",\"urlTemplate\":\"https:\/\/test.bonaparts.fr\/?s={search_term_string}\"},\"query-input\":{\"@type\":\"PropertyValueSpecification\",\"valueRequired\":true,\"valueName\":\"search_term_string\"}}],\"inLanguage\":\"fr-FR\"},{\"@type\":\"Organization\",\"@id\":\"https:\/\/test.bonaparts.fr\/#organization\",\"name\":\"BONAPARTS\",\"url\":\"https:\/\/test.bonaparts.fr\/\",\"logo\":{\"@type\":\"ImageObject\",\"inLanguage\":\"fr-FR\",\"@id\":\"https:\/\/test.bonaparts.fr\/#\/schema\/logo\/image\/\",\"url\":\"https:\/\/test.bonaparts.fr\/wp-content\/uploads\/2022\/02\/bonawrench-gris-FINAL.png\",\"contentUrl\":\"https:\/\/test.bonaparts.fr\/wp-content\/uploads\/2022\/02\/bonawrench-gris-FINAL.png\",\"width\":1198,\"height\":1080,\"caption\":\"BONAPARTS\"},\"image\":{\"@id\":\"https:\/\/test.bonaparts.fr\/#\/schema\/logo\/image\/\"},\"sameAs\":[\"https:\/\/www.facebook.com\/Bonaparts\/\",\"https:\/\/www.instagram.com\/bona.parts\/?hl=fr\",\"https:\/\/www.youtube.com\/channel\/UCkO8GGQvOEb61jAxA_G9zXQ\"]}]}<\/script>\n<!-- \/ Yoast SEO plugin. -->","yoast_head_json":{"title":"R\u00e9gulateur de tension redresseur Honda 110 Lead 31600GFM901 - BONAPARTS","robots":{"index":"index","follow":"follow","max-snippet":"max-snippet:-1","max-image-preview":"max-image-preview:large","max-video-preview":"max-video-preview:-1"},"canonical":"https:\/\/test.bonaparts.fr\/produit\/regulateur-de-tension-redresseur-honda-110-lead-31600gfm901\/","og_locale":"fr_FR","og_type":"article","og_title":"R\u00e9gulateur de tension redresseur Honda 110 Lead 31600GFM901 - BONAPARTS","og_description":"Free eBay listing template designed by dewiso.com BONAPARTS &nbsp;Pi\u00e8ces d\u00e9tach\u00e9es neuves et d&#8217;occasion motos scooters motocross quad Bonaparts vous propose&nbsp;R\u00e9gulateur de tension redresseur &nbsp;Honda 110 Lead \u00c9tat :&nbsp;fonctionnel Adaptable sur les mod\u00e8les suivants :&nbsp;&nbsp;Honda 110 Lead Avant de passer commande, n&#8217;h\u00e9sitez pas \u00e0 nous contacter pour vous assurez de la disponibilit\u00e9 de l&#8217;article, nous vendons [&hellip;]","og_url":"https:\/\/test.bonaparts.fr\/produit\/regulateur-de-tension-redresseur-honda-110-lead-31600gfm901\/","og_site_name":"BONAPARTS","article_publisher":"https:\/\/www.facebook.com\/Bonaparts\/","article_modified_time":"2025-08-11T09:18:58+00:00","og_image":[{"width":1066,"height":1600,"url":"https:\/\/i0.wp.com\/bonaparts.fr\/wp-content\/uploads\/imported\/0\/Regulateur-de-tension-redresseur-Honda-110-Lead-31600GFM901-396802945980.jpg?fit=1066%2C1600&ssl=1","type":"image\/jpeg"}],"twitter_card":"summary_large_image","schema":{"@context":"https:\/\/schema.org","@graph":[{"@type":"WebPage","@id":"https:\/\/test.bonaparts.fr\/produit\/regulateur-de-tension-redresseur-honda-110-lead-31600gfm901\/","url":"https:\/\/test.bonaparts.fr\/produit\/regulateur-de-tension-redresseur-honda-110-lead-31600gfm901\/","name":"R\u00e9gulateur de tension redresseur Honda 110 Lead 31600GFM901 - BONAPARTS","isPartOf":{"@id":"https:\/\/test.bonaparts.fr\/#website"},"primaryImageOfPage":{"@id":"https:\/\/test.bonaparts.fr\/produit\/regulateur-de-tension-redresseur-honda-110-lead-31600gfm901\/#primaryimage"},"image":{"@id":"https:\/\/test.bonaparts.fr\/produit\/regulateur-de-tension-redresseur-honda-110-lead-31600gfm901\/#primaryimage"},"thumbnailUrl":"https:\/\/test.bonaparts.fr\/wp-content\/uploads\/imported\/0\/Regulateur-de-tension-redresseur-Honda-110-Lead-31600GFM901-396802945980.jpg","datePublished":"2025-06-29T22:15:11+00:00","dateModified":"2025-08-11T09:18:58+00:00","breadcrumb":{"@id":"https:\/\/test.bonaparts.fr\/produit\/regulateur-de-tension-redresseur-honda-110-lead-31600gfm901\/#breadcrumb"},"inLanguage":"fr-FR","potentialAction":[{"@type":"ReadAction","target":["https:\/\/test.bonaparts.fr\/produit\/regulateur-de-tension-redresseur-honda-110-lead-31600gfm901\/"]}]},{"@type":"ImageObject","inLanguage":"fr-FR","@id":"https:\/\/test.bonaparts.fr\/produit\/regulateur-de-tension-redresseur-honda-110-lead-31600gfm901\/#primaryimage","url":"https:\/\/test.bonaparts.fr\/wp-content\/uploads\/imported\/0\/Regulateur-de-tension-redresseur-Honda-110-Lead-31600GFM901-396802945980.jpg","contentUrl":"https:\/\/test.bonaparts.fr\/wp-content\/uploads\/imported\/0\/Regulateur-de-tension-redresseur-Honda-110-Lead-31600GFM901-396802945980.jpg","width":1066,"height":1600},{"@type":"BreadcrumbList","@id":"https:\/\/test.bonaparts.fr\/produit\/regulateur-de-tension-redresseur-honda-110-lead-31600gfm901\/#breadcrumb","itemListElement":[{"@type":"ListItem","position":1,"name":"Accueil","item":"https:\/\/test.bonaparts.fr\/"},{"@type":"ListItem","position":2,"name":"Accueil","item":"https:\/\/test.bonaparts.fr\/?page_id=823"},{"@type":"ListItem","position":3,"name":"R\u00e9gulateur de tension redresseur Honda 110 Lead 31600GFM901"}]},{"@type":"WebSite","@id":"https:\/\/test.bonaparts.fr\/#website","url":"https:\/\/test.bonaparts.fr\/","name":"BONAPARTS","description":"Pi\u00e8ces d\u00e9tach\u00e9es neuves et d&#039;occasion moto et scooter, sp\u00e9cialiste mono-cylindre 4 temps.","publisher":{"@id":"https:\/\/test.bonaparts.fr\/#organization"},"potentialAction":[{"@type":"SearchAction","target":{"@type":"EntryPoint","urlTemplate":"https:\/\/test.bonaparts.fr\/?s={search_term_string}"},"query-input":{"@type":"PropertyValueSpecification","valueRequired":true,"valueName":"search_term_string"}}],"inLanguage":"fr-FR"},{"@type":"Organization","@id":"https:\/\/test.bonaparts.fr\/#organization","name":"BONAPARTS","url":"https:\/\/test.bonaparts.fr\/","logo":{"@type":"ImageObject","inLanguage":"fr-FR","@id":"https:\/\/test.bonaparts.fr\/#\/schema\/logo\/image\/","url":"https:\/\/test.bonaparts.fr\/wp-content\/uploads\/2022\/02\/bonawrench-gris-FINAL.png","contentUrl":"https:\/\/test.bonaparts.fr\/wp-content\/uploads\/2022\/02\/bonawrench-gris-FINAL.png","width":1198,"height":1080,"caption":"BONAPARTS"},"image":{"@id":"https:\/\/test.bonaparts.fr\/#\/schema\/logo\/image\/"},"sameAs":["https:\/\/www.facebook.com\/Bonaparts\/","https:\/\/www.instagram.com\/bona.parts\/?hl=fr","https:\/\/www.youtube.com\/channel\/UCkO8GGQvOEb61jAxA_G9zXQ"]}]}},"pbg_featured_image_src":{"full":["https:\/\/test.bonaparts.fr\/wp-content\/uploads\/imported\/0\/Regulateur-de-tension-redresseur-Honda-110-Lead-31600GFM901-396802945980.jpg",1066,1600,false],"thumbnail":["https:\/\/test.bonaparts.fr\/wp-content\/uploads\/imported\/0\/Regulateur-de-tension-redresseur-Honda-110-Lead-31600GFM901-396802945980-150x150.jpg",150,150,true],"medium":["https:\/\/test.bonaparts.fr\/wp-content\/uploads\/imported\/0\/Regulateur-de-tension-redresseur-Honda-110-Lead-31600GFM901-396802945980-200x300.jpg",200,300,true],"medium_large":["https:\/\/test.bonaparts.fr\/wp-content\/uploads\/imported\/0\/Regulateur-de-tension-redresseur-Honda-110-Lead-31600GFM901-396802945980-768x1153.jpg",768,1153,true],"large":["https:\/\/test.bonaparts.fr\/wp-content\/uploads\/imported\/0\/Regulateur-de-tension-redresseur-Honda-110-Lead-31600GFM901-396802945980-682x1024.jpg",682,1024,true],"1536x1536":["https:\/\/test.bonaparts.fr\/wp-content\/uploads\/imported\/0\/Regulateur-de-tension-redresseur-Honda-110-Lead-31600GFM901-396802945980-1023x1536.jpg",1023,1536,true],"2048x2048":["https:\/\/test.bonaparts.fr\/wp-content\/uploads\/imported\/0\/Regulateur-de-tension-redresseur-Honda-110-Lead-31600GFM901-396802945980.jpg",1066,1600,false],"wptouch-new-thumbnail":["https:\/\/test.bonaparts.fr\/wp-content\/uploads\/imported\/0\/Regulateur-de-tension-redresseur-Honda-110-Lead-31600GFM901-396802945980-144x144.jpg",144,144,true],"woocommerce_thumbnail":["https:\/\/test.bonaparts.fr\/wp-content\/uploads\/imported\/0\/Regulateur-de-tension-redresseur-Honda-110-Lead-31600GFM901-396802945980-324x324.jpg",324,324,true],"woocommerce_single":["https:\/\/test.bonaparts.fr\/wp-content\/uploads\/imported\/0\/Regulateur-de-tension-redresseur-Honda-110-Lead-31600GFM901-396802945980-416x624.jpg",416,624,true],"woocommerce_gallery_thumbnail":["https:\/\/test.bonaparts.fr\/wp-content\/uploads\/imported\/0\/Regulateur-de-tension-redresseur-Honda-110-Lead-31600GFM901-396802945980-100x100.jpg",100,100,true],"wcpr-photo-reviews":["https:\/\/test.bonaparts.fr\/wp-content\/uploads\/imported\/0\/Regulateur-de-tension-redresseur-Honda-110-Lead-31600GFM901-396802945980-333x500.jpg",333,500,true]},"pbg_author_info":{"display_name":"BONAPARTS","author_link":"https:\/\/test.bonaparts.fr\/?author=0","author_img":"<img alt='BONAPARTS' src='https:\/\/secure.gravatar.com\/avatar\/ee8ffa5ba89d5ffd342c9b67f99c1f2f5462d5ca62704a21f66b42e75e1d19ff?s=128&#038;d=identicon&#038;r=g' srcset='https:\/\/secure.gravatar.com\/avatar\/ee8ffa5ba89d5ffd342c9b67f99c1f2f5462d5ca62704a21f66b42e75e1d19ff?s=256&#038;d=identicon&#038;r=g 2x' class='avatar avatar-128 photo' height='128' width='128' decoding='async'\/>"},"pbg_comment_info":" No Comments","pbg_excerpt":"Free eBay listing template designed by dewiso.com BONAPARTS &nbsp;Pi\u00e8ces d\u00e9tach\u00e9es neuves et d&#8217;occasion motos scooters motocross quad Bonaparts vous propose&nbsp;R\u00e9gulateur de tension redresseur &nbsp;Honda 110 Lead \u00c9tat :&nbsp;fonctionnel Adaptable sur les mod\u00e8les suivants :&nbsp;&nbsp;Honda 110 Lead Avant de passer commande, n&#8217;h\u00e9sitez pas \u00e0 nous contacter pour vous assurez de la disponibilit\u00e9 de l&#8217;article, nous vendons\u2026","jetpack_likes_enabled":false,"jetpack_sharing_enabled":true,"_links":{"self":[{"href":"https:\/\/test.bonaparts.fr\/index.php?rest_route=\/wp\/v2\/product\/30326","targetHints":{"allow":["GET"]}}],"collection":[{"href":"https:\/\/test.bonaparts.fr\/index.php?rest_route=\/wp\/v2\/product"}],"about":[{"href":"https:\/\/test.bonaparts.fr\/index.php?rest_route=\/wp\/v2\/types\/product"}],"wp:featuredmedia":[{"embeddable":true,"href":"https:\/\/test.bonaparts.fr\/index.php?rest_route=\/wp\/v2\/media\/30327"}],"wp:attachment":[{"href":"https:\/\/test.bonaparts.fr\/index.php?rest_route=%2Fwp%2Fv2%2Fmedia&parent=30326"}],"wp:term":[{"taxonomy":"product_brand","embeddable":true,"href":"https:\/\/test.bonaparts.fr\/index.php?rest_route=%2Fwp%2Fv2%2Fproduct_brand&post=30326"},{"taxonomy":"product_cat","embeddable":true,"href":"https:\/\/test.bonaparts.fr\/index.php?rest_route=%2Fwp%2Fv2%2Fproduct_cat&post=30326"},{"taxonomy":"product_tag","embeddable":true,"href":"https:\/\/test.bonaparts.fr\/index.php?rest_route=%2Fwp%2Fv2%2Fproduct_tag&post=30326"},{"taxonomy":"pa_autre-numero-de-piece","embeddable":true,"href":"https:\/\/test.bonaparts.fr\/index.php?rest_route=%2Fwp%2Fv2%2Fpa_autre-numero-de-piece&post=30326"},{"taxonomy":"pa_type","embeddable":true,"href":"https:\/\/test.bonaparts.fr\/index.php?rest_route=%2Fwp%2Fv2%2Fpa_type&post=30326"}],"curies":[{"name":"wp","href":"https:\/\/api.w.org\/{rel}","templated":true}]}}