{"id":30518,"date":"2025-06-30T00:17:13","date_gmt":"2025-06-29T22:17:13","guid":{"rendered":"https:\/\/test.bonaparts.fr\/produit\/regulateur-de-tension-yamaha-beta-malagutti-50\/"},"modified":"2025-08-11T11:19:01","modified_gmt":"2025-08-11T09:19:01","slug":"regulateur-de-tension-yamaha-beta-malagutti-50","status":"publish","type":"product","link":"https:\/\/test.bonaparts.fr\/?product=regulateur-de-tension-yamaha-beta-malagutti-50","title":{"rendered":"R\u00e9gulateur de tension Yamaha beta malagutti 50"},"content":{"rendered":"<p><font rwr=\"1\" style=\"\"><br \/>\n<meta charset=\"utf-8\"><meta name=\"viewport\" content=\"width=device-width, initial-scale=1, shrink-to-fit=no\"><br \/>\n<title>Free eBay listing template designed by dewiso.com<\/title>\n<link href=\"https:\/\/dewiso.com\/css\/bootstrap.min.css\" rel=\"stylesheet\">\n<div style=\"font-family: Arial; background: rgb(253, 254, 254); border-left: 1px solid rgb(203, 212, 194); border-right: 1px solid rgb(203, 212, 194); border-top: 1px solid rgb(203, 212, 194); line-height: 45px;\">\n<div class=\"container\" style=\"border-bottom: 1px solid rgb(203, 212, 194); padding: 40px 0px;\">\n<div class=\"col-12 col-md-12\" style=\"\">\n<h1 style=\"color: rgb(53, 53, 53); font-size: 14pt; text-align: center;\"><img decoding=\"async\" alt=\"\" class=\"mx-auto d-block img-fluid\" src=\"https:\/\/test.bonaparts.fr\/img\/my-shop-logo-1602435557.jpg\"><\/h1>\n<h1 style=\"text-align: center;\"><i style=\"\"><font face=\"Arial\" style=\"\"><b style=\"\"><u style=\"\"><font color=\"#002cfd\" style=\"\" size=\"5\">BONAPARTS<\/font><\/u><\/b><br \/><font color=\"#353535\" style=\"font-size: 14pt;\">&nbsp;<\/font><br \/><font color=\"#353535\" style=\"font-size: 14pt;\">&nbsp;<\/font><\/font><font style=\"color: rgb(53, 53, 53);\" size=\"3\">Pi\u00e8ces d\u00e9tach\u00e9es neuves et d&#8217;occasion motos scooters motocross quad sp\u00e9cialis\u00e9 dax monkey pitbike mini 4 temps<\/font><\/i><\/h1>\n<div style=\"color: rgb(53, 53, 53); text-align: center;\"><i><font size=\"3\">Yamaha Honda Kawasaki KTM Suzuki TM Husqvarna Ducati BMW SYM Kymco Daelim Skyteam YCF TNT Bucci&nbsp;<\/font><\/i><i style=\"font-size: 2.5rem;\"><font size=\"4\">&nbsp;<\/p>\n<p><\/font><\/i><\/div>\n<h1 style=\"color: rgb(53, 53, 53); text-align: center;\"><font face=\"Arial\" style=\"color: rgb(53, 53, 53);\"><i style=\"\"><font size=\"3\">Vous recherchez une pi\u00e8ce non disponible en ligne ? Nous l&#8217;avons peut-\u00eatre en stock, n&#8217;h\u00e9sitez pas \u00e0 nous contactez si vous ne trouvez pas votre bonheur sur notre boutique Ebay.<\/font><\/i><\/font><\/h1>\n<\/div>\n<\/div>\n<\/div>\n<p style=\"font-size: 14pt; font-family: Arial;\">&nbsp;<\/p>\n<div style=\"font-family: Arial; border-left: 1px solid rgb(203, 212, 194); border-right: 1px solid rgb(203, 212, 194); color: rgb(53, 53, 53); line-height: 25px;\">\n<div class=\"container\" style=\"border-bottom: 1px solid rgb(203, 212, 194); padding-bottom: 20px; padding-top: 50px;\">\n<div class=\"row\" style=\"\">\n<div class=\"col-12 col-md-4\" style=\"font-size: 14pt; padding-bottom: 20px;\"><i><b>Bonaparts<\/b><\/i> vous propose&nbsp;R\u00e9gulateur de tension Yamaha beta malagutti<\/div>\n<div class=\"col-12 col-md-4\" style=\"font-size: 14pt; padding-bottom: 20px;\"><u style=\"font-weight: bold;\">\u00c9tat :<\/u>&nbsp;Neuf<\/div>\n<div class=\"col-12 col-md-4\" style=\"font-size: 14pt; padding-bottom: 20px;\"><span style=\"font-size: 14pt;\"><u style=\"font-weight: bold;\">Adaptable sur les mod\u00e8les suivants :<\/u>&nbsp;<\/span><span style=\"color: rgb(68, 68, 68); font-family: &quot;Open Sans&quot;, sans-serif; font-size: 14px;\">APRILIA AMICO 50 1993 \u00e0 1998<\/span><\/div>\n<div class=\"col-md-4\" style=\"box-sizing: inherit; min-height: 1px; float: left; width: 403.328px; color: rgb(68, 68, 68); font-family: &quot;Open Sans&quot;, sans-serif; font-size: 14px;\">APRILIA AREA 51 50 1998 \u00e0 2002<br style=\"box-sizing: inherit;\">APRILIA GULLIVER 50 1995 \u00e0 1998<br style=\"box-sizing: inherit;\">APRILIA RALLY 50 AC 1995 \u00e0 2005<br style=\"box-sizing: inherit;\">APRILIA RALLY 50 LC 1995 \u00e0 2005<br style=\"box-sizing: inherit;\">APRILIA SCARABEO 50 2T 1998 \u00e0 2005<br style=\"box-sizing: inherit;\">APRILIA SR 50 &#8211; AC FOURCHE MARZOCCHI 1993 \u00e0 1996<br style=\"box-sizing: inherit;\">APRILIA SR 50 &#8211; AC FOURCHE SHOWA 1993 \u00e0 1996<br style=\"box-sizing: inherit;\">APRILIA SR 50 WWW NESCAPER AC 1997 \u00e0 1999<br style=\"box-sizing: inherit;\">BETA ARK 50 AC 1996 \u00e0 2012<br style=\"box-sizing: inherit;\">BETA ARK 50 LC 1996 \u00e0 2012<br style=\"box-sizing: inherit;\">BETA QUADRA 50 1997 \u00e0 2001<br style=\"box-sizing: inherit;\">BETA TEMPO 50 1998 \u00e0 1999<br style=\"box-sizing: inherit;\"><\/div>\n<div class=\"col-md-4\" style=\"box-sizing: inherit; min-height: 1px; float: left; width: 403.328px; color: rgb(68, 68, 68); font-family: &quot;Open Sans&quot;, sans-serif; font-size: 14px;\">ITALJET FORMULA 50 LC 1996 \u00e0 2001<br style=\"box-sizing: inherit;\">MALAGUTI CENTRO 50 2T SL 1994 \u00e0 2000<br style=\"box-sizing: inherit;\">MALAGUTI CIAK 50 2000 \u00e0 2007<br style=\"box-sizing: inherit;\">MALAGUTI CROSSER 50 CR1 1996 \u00e0 2001<br style=\"box-sizing: inherit;\">MALAGUTI F10 50 JET LINE 1994 \u00e0 1998<br style=\"box-sizing: inherit;\">MALAGUTI F12 100 PHANTOM 1998 \u00e0 2000<br style=\"box-sizing: inherit;\">MALAGUTI F12 50 PHANTOM LC 1994 \u00e0 2005<br style=\"box-sizing: inherit;\">MALAGUTI F12R 50 PHANTOM AC 2009 \u00e0 2012<br style=\"box-sizing: inherit;\">MALAGUTI F15 50 FIREFOX LC 1996 \u00e0 1999<br style=\"box-sizing: inherit;\">MALAGUTI YESTERDAY 50 1998 \u00e0 2000<br style=\"box-sizing: inherit;\">MBK CW 50 BOOSTER SPIRIT 1996 \u00e0 2002<br style=\"box-sizing: inherit;\">MBK CW 50 RS BOOSTER NG 1995 \u00e0 2002<br style=\"box-sizing: inherit;\">MBK CW 50 RSP BOOSTER ROCKET 1997 \u00e0 2002<br style=\"box-sizing: inherit;\"><\/div>\n<div class=\"col-md-4\" style=\"box-sizing: inherit; min-height: 1px; float: left; width: 403.328px; color: rgb(68, 68, 68); font-family: &quot;Open Sans&quot;, sans-serif; font-size: 14px;\">MBK EW 50 STUNT 2000 \u00e0 2002<br style=\"box-sizing: inherit;\">MBK YE 50 EVOLIS 1992 \u00e0 1995<br style=\"box-sizing: inherit;\">MBK YH 50 FLIPPER 1999 \u00e0 2002<br style=\"box-sizing: inherit;\">MBK YM 50 FIZZ 1993 \u00e0 1995<br style=\"box-sizing: inherit;\">MBK YN 50 OVETTO 1997 \u00e0 2001<br style=\"box-sizing: inherit;\">SUZUKI AH 50 ADDRESS 1990 \u00e0 1996<br style=\"box-sizing: inherit;\">YAMAHA CW 50 BW-S NG 1995 \u00e0 2002<br style=\"box-sizing: inherit;\">YAMAHA CW 50 BW-S ORIGINAL 1995 \u00e0 2001<br style=\"box-sizing: inherit;\">YAMAHA CW 50 RSP BW-S SPY 1997 \u00e0 2002<br style=\"box-sizing: inherit;\">YAMAHA EW 50 SLIDER 2000 \u00e0 2002<br style=\"box-sizing: inherit;\">YAMAHA LB 50 CHAPPY 1990 \u00e0 1994<br style=\"box-sizing: inherit;\">YAMAHA YN 50 NEO-S 1997 \u00e0 2001<br style=\"box-sizing: inherit;\">YAMAHA YQ 50 AEROX 1997 \u00e0 2002<\/div>\n<div class=\"col-12 col-md-4\" style=\"font-size: 14pt; padding-bottom: 20px;\"><span style=\"font-size: 14pt;\"><br \/><\/span><\/div>\n<div class=\"col-12 col-md-4\" style=\"font-size: 14pt; padding-bottom: 20px;\"><span style=\"font-size: 14pt;\"><br \/><\/span><\/div>\n<div class=\"col-12 col-md-4\" style=\"font-size: 14pt; padding-bottom: 20px;\"><span style=\"font-size: 14pt;\"><br \/><\/span><\/div>\n<div class=\"col-12 col-md-4\" style=\"padding-bottom: 20px;\"><i><font size=\"2\">Avant de passer commande, n&#8217;h\u00e9sitez pas \u00e0 nous contacter pour vous assurez de la disponibilit\u00e9 de l&#8217;article, nous vendons aussi en direct dans notre boutique les articles pr\u00e9sents sur notre boutique Ebay.<\/font><br \/><\/i><\/div>\n<\/div>\n<\/div>\n<\/div>\n<div style=\"background: rgb(253, 254, 254); border-left: 1px solid rgb(203, 212, 194); border-right: 1px solid rgb(203, 212, 194); line-height: 25px;\">\n<div class=\"container\" style=\"border-top: 1px solid rgb(203, 212, 194); padding: 40px 0px;\">\n<div class=\"col-12 col-md-12\" style=\"\">\n<div class=\"container\" style=\"border-bottom: 1px solid rgb(203, 212, 194); padding-bottom: 20px; padding-top: 50px;\">\n<div class=\"row\" style=\"\">\n<div class=\"col-12 col-md-4\" style=\"padding-bottom: 20px;\"><font face=\"Arial\" style=\"font-size: 14pt; color: rgb(53, 53, 53); font-family: Arial;\"><font style=\"color: #353535\"><img decoding=\"async\" alt=\"Product\" class=\"mx-auto d-block img-fluid\" src=\"https:\/\/dewiso.com\/images\/parcel.svg\" style=\"width:20%\" title=\"Product\"><\/font><\/font><\/p>\n<h2 style=\"font-size: 14pt; color: rgb(53, 53, 53); font-family: Arial; text-align: center;\"><span style=\"line-height:45px\"><font face=\"Arial\"><font style=\"color: #353535\"><b><u>Produits<\/u><\/b><\/font><\/font><\/span><\/h2>\n<p style=\"color: rgb(53, 53, 53); font-family: Arial;\"><font face=\"Arial\" style=\"\" size=\"3\">Les pi\u00e8ces sont v\u00e9rifi\u00e9es, nettoy\u00e9es, et pr\u00eates \u00e0 \u00eatre remont\u00e9.<\/font><\/p>\n<p style=\"\"><font face=\"Arial\" style=\"\"><font color=\"#353535\" style=\"\" size=\"3\">Dans le cas ou leur \u00e9tat n\u00e9cessite&nbsp;une attention particuli\u00e8re ( oxydation, usure, &#8230; ) la description le mentionnera .<\/font><\/font><\/p>\n<\/div>\n<div class=\"col-12 col-md-4\" style=\"color: rgb(53, 53, 53); font-family: Arial; padding-bottom: 20px;\"><font face=\"Arial\" style=\"font-size: 14pt;\"><font style=\"color: #353535\"><img decoding=\"async\" alt=\"Shipping\" class=\"mx-auto d-block img-fluid\" src=\"https:\/\/dewiso.com\/images\/shipped.svg\" style=\"width:20%\" title=\"Shipping\"><\/font><\/font><\/p>\n<h2 style=\"text-align: center;\"><span style=\"line-height: 45px;\"><font face=\"Arial\" style=\"\"><font style=\"color: rgb(53, 53, 53);\" size=\"4\"><u><b>Exp\u00e9ditions<\/b><\/u><\/font><\/font><\/span><\/h2>\n<p style=\"\"><font face=\"Arial\" style=\"\"><font style=\"color: rgb(53, 53, 53);\" size=\"3\">Les exp\u00e9ditions se font du lundi au samedi, dans une dur\u00e9e de 24h apr\u00e8s confirmation de la commande.<br \/>\nLivraison Chronopost disponible sur demande via message priv\u00e9.<\/font><\/font><\/p>\n<\/div>\n<div class=\"col-12 col-md-4\" style=\"color: rgb(53, 53, 53); font-family: Arial; padding-bottom: 20px;\"><font face=\"Arial\" style=\"font-size: 14pt;\"><font style=\"color: #353535\"><img decoding=\"async\" alt=\"Contact\" class=\"mx-auto d-block img-fluid\" src=\"https:\/\/dewiso.com\/images\/contact.svg\" style=\"width:20%\" title=\"Contact\"><\/font><\/font><\/p>\n<h2 style=\"text-align: center;\"><span style=\"line-height: 45px;\"><font face=\"Arial\" style=\"\"><font style=\"color: rgb(53, 53, 53);\" size=\"4\"><b><u>Contact<\/u><\/b><\/font><\/font><\/span><\/h2>\n<p style=\"\"><font face=\"Arial\" style=\"\" size=\"3\"><b style=\"\"><u style=\"\">Mail<\/u><\/b> : <i style=\"\">bona.parts20@gmail.com<\/i><\/font><\/p>\n<p style=\"\"><font face=\"Arial\" size=\"3\"><b><u>T\u00e9l\u00e9phone<\/u><\/b> : <i>+33 06 20 46 51 12<\/i><\/font><\/p>\n<p style=\"\"><font size=\"3\"><b><u>WhatsApp<\/u><\/b><strong> :<\/strong>&nbsp;<i>+33620465112<\/i><\/font><\/p>\n<p style=\"\"><font face=\"Arial\" style=\"\" size=\"3\"><b style=\"\"><u>Adresse<\/u><\/b> : <i style=\"\">Chemin de la serra 20260 CALVI<\/i><\/font><\/p>\n<\/div>\n<\/div>\n<\/div>\n<\/div>\n<\/div>\n<\/div>\n<p><\/font><\/p>\n","protected":false},"excerpt":{"rendered":"<p>Free eBay listing template designed by dewiso.com BONAPARTS&nbsp;&nbsp;Pi\u00e8ces d\u00e9tach\u00e9es neuves et d&#8217;occasion motos scooters motocross quad sp\u00e9cialis\u00e9 dax monkey pitbike mini 4 temps Yamaha Honda Kawasaki KTM Suzuki TM Husqvarna Ducati BMW SYM Kymco Daelim Skyteam YCF TNT Bucci&nbsp;&nbsp; Vous recherchez une pi\u00e8ce non disponible en ligne ? Nous l&#8217;avons peut-\u00eatre en stock, n&#8217;h\u00e9sitez pas [&hellip;]<\/p>\n","protected":false},"featured_media":30519,"template":"","meta":[],"product_brand":[],"product_cat":[9219],"product_tag":[],"pa_autre-numero-de-piece":[],"pa_type":[8529],"class_list":{"0":"post-30518","1":"product","2":"type-product","3":"status-publish","4":"has-post-thumbnail","6":"product_cat-beta-moteur-am6","7":"pa_type-regulateur-de-tension","9":"first","10":"instock","11":"shipping-taxable","12":"purchasable","13":"product-type-simple"},"yoast_head":"<!-- This site is optimized with the Yoast SEO plugin v26.0 - https:\/\/yoast.com\/wordpress\/plugins\/seo\/ -->\n<title>R\u00e9gulateur de tension Yamaha beta malagutti 50 - BONAPARTS<\/title>\n<meta name=\"robots\" content=\"index, follow, max-snippet:-1, max-image-preview:large, max-video-preview:-1\" \/>\n<link rel=\"canonical\" href=\"https:\/\/test.bonaparts.fr\/produit\/regulateur-de-tension-yamaha-beta-malagutti-50\/\" \/>\n<meta property=\"og:locale\" content=\"fr_FR\" \/>\n<meta property=\"og:type\" content=\"article\" \/>\n<meta property=\"og:title\" content=\"R\u00e9gulateur de tension Yamaha beta malagutti 50 - BONAPARTS\" \/>\n<meta property=\"og:description\" content=\"Free eBay listing template designed by dewiso.com BONAPARTS&nbsp;&nbsp;Pi\u00e8ces d\u00e9tach\u00e9es neuves et d&#8217;occasion motos scooters motocross quad sp\u00e9cialis\u00e9 dax monkey pitbike mini 4 temps Yamaha Honda Kawasaki KTM Suzuki TM Husqvarna Ducati BMW SYM Kymco Daelim Skyteam YCF TNT Bucci&nbsp;&nbsp; Vous recherchez une pi\u00e8ce non disponible en ligne ? Nous l&#8217;avons peut-\u00eatre en stock, n&#8217;h\u00e9sitez pas [&hellip;]\" \/>\n<meta property=\"og:url\" content=\"https:\/\/test.bonaparts.fr\/produit\/regulateur-de-tension-yamaha-beta-malagutti-50\/\" \/>\n<meta property=\"og:site_name\" content=\"BONAPARTS\" \/>\n<meta property=\"article:publisher\" content=\"https:\/\/www.facebook.com\/Bonaparts\/\" \/>\n<meta property=\"article:modified_time\" content=\"2025-08-11T09:19:01+00:00\" \/>\n<meta property=\"og:image\" content=\"https:\/\/i0.wp.com\/bonaparts.fr\/wp-content\/uploads\/imported\/2\/Regulateur-de-tension-Yamaha-beta-malagutti-50-396802962892.jpg?fit=1600%2C1066&ssl=1\" \/>\n\t<meta property=\"og:image:width\" content=\"1600\" \/>\n\t<meta property=\"og:image:height\" content=\"1066\" \/>\n\t<meta property=\"og:image:type\" content=\"image\/jpeg\" \/>\n<meta name=\"twitter:card\" content=\"summary_large_image\" \/>\n<meta name=\"twitter:label1\" content=\"Dur\u00e9e de lecture estim\u00e9e\" \/>\n\t<meta name=\"twitter:data1\" content=\"2 minutes\" \/>\n<script type=\"application\/ld+json\" class=\"yoast-schema-graph\">{\"@context\":\"https:\/\/schema.org\",\"@graph\":[{\"@type\":\"WebPage\",\"@id\":\"https:\/\/test.bonaparts.fr\/produit\/regulateur-de-tension-yamaha-beta-malagutti-50\/\",\"url\":\"https:\/\/test.bonaparts.fr\/produit\/regulateur-de-tension-yamaha-beta-malagutti-50\/\",\"name\":\"R\u00e9gulateur de tension Yamaha beta malagutti 50 - BONAPARTS\",\"isPartOf\":{\"@id\":\"https:\/\/test.bonaparts.fr\/#website\"},\"primaryImageOfPage\":{\"@id\":\"https:\/\/test.bonaparts.fr\/produit\/regulateur-de-tension-yamaha-beta-malagutti-50\/#primaryimage\"},\"image\":{\"@id\":\"https:\/\/test.bonaparts.fr\/produit\/regulateur-de-tension-yamaha-beta-malagutti-50\/#primaryimage\"},\"thumbnailUrl\":\"https:\/\/test.bonaparts.fr\/wp-content\/uploads\/imported\/2\/Regulateur-de-tension-Yamaha-beta-malagutti-50-396802962892.jpg\",\"datePublished\":\"2025-06-29T22:17:13+00:00\",\"dateModified\":\"2025-08-11T09:19:01+00:00\",\"breadcrumb\":{\"@id\":\"https:\/\/test.bonaparts.fr\/produit\/regulateur-de-tension-yamaha-beta-malagutti-50\/#breadcrumb\"},\"inLanguage\":\"fr-FR\",\"potentialAction\":[{\"@type\":\"ReadAction\",\"target\":[\"https:\/\/test.bonaparts.fr\/produit\/regulateur-de-tension-yamaha-beta-malagutti-50\/\"]}]},{\"@type\":\"ImageObject\",\"inLanguage\":\"fr-FR\",\"@id\":\"https:\/\/test.bonaparts.fr\/produit\/regulateur-de-tension-yamaha-beta-malagutti-50\/#primaryimage\",\"url\":\"https:\/\/test.bonaparts.fr\/wp-content\/uploads\/imported\/2\/Regulateur-de-tension-Yamaha-beta-malagutti-50-396802962892.jpg\",\"contentUrl\":\"https:\/\/test.bonaparts.fr\/wp-content\/uploads\/imported\/2\/Regulateur-de-tension-Yamaha-beta-malagutti-50-396802962892.jpg\",\"width\":1600,\"height\":1066},{\"@type\":\"BreadcrumbList\",\"@id\":\"https:\/\/test.bonaparts.fr\/produit\/regulateur-de-tension-yamaha-beta-malagutti-50\/#breadcrumb\",\"itemListElement\":[{\"@type\":\"ListItem\",\"position\":1,\"name\":\"Accueil\",\"item\":\"https:\/\/test.bonaparts.fr\/\"},{\"@type\":\"ListItem\",\"position\":2,\"name\":\"Accueil\",\"item\":\"https:\/\/test.bonaparts.fr\/?page_id=823\"},{\"@type\":\"ListItem\",\"position\":3,\"name\":\"R\u00e9gulateur de tension Yamaha beta malagutti 50\"}]},{\"@type\":\"WebSite\",\"@id\":\"https:\/\/test.bonaparts.fr\/#website\",\"url\":\"https:\/\/test.bonaparts.fr\/\",\"name\":\"BONAPARTS\",\"description\":\"Pi\u00e8ces d\u00e9tach\u00e9es neuves et d&#039;occasion moto et scooter, sp\u00e9cialiste mono-cylindre 4 temps.\",\"publisher\":{\"@id\":\"https:\/\/test.bonaparts.fr\/#organization\"},\"potentialAction\":[{\"@type\":\"SearchAction\",\"target\":{\"@type\":\"EntryPoint\",\"urlTemplate\":\"https:\/\/test.bonaparts.fr\/?s={search_term_string}\"},\"query-input\":{\"@type\":\"PropertyValueSpecification\",\"valueRequired\":true,\"valueName\":\"search_term_string\"}}],\"inLanguage\":\"fr-FR\"},{\"@type\":\"Organization\",\"@id\":\"https:\/\/test.bonaparts.fr\/#organization\",\"name\":\"BONAPARTS\",\"url\":\"https:\/\/test.bonaparts.fr\/\",\"logo\":{\"@type\":\"ImageObject\",\"inLanguage\":\"fr-FR\",\"@id\":\"https:\/\/test.bonaparts.fr\/#\/schema\/logo\/image\/\",\"url\":\"https:\/\/test.bonaparts.fr\/wp-content\/uploads\/2022\/02\/bonawrench-gris-FINAL.png\",\"contentUrl\":\"https:\/\/test.bonaparts.fr\/wp-content\/uploads\/2022\/02\/bonawrench-gris-FINAL.png\",\"width\":1198,\"height\":1080,\"caption\":\"BONAPARTS\"},\"image\":{\"@id\":\"https:\/\/test.bonaparts.fr\/#\/schema\/logo\/image\/\"},\"sameAs\":[\"https:\/\/www.facebook.com\/Bonaparts\/\",\"https:\/\/www.instagram.com\/bona.parts\/?hl=fr\",\"https:\/\/www.youtube.com\/channel\/UCkO8GGQvOEb61jAxA_G9zXQ\"]}]}<\/script>\n<!-- \/ Yoast SEO plugin. -->","yoast_head_json":{"title":"R\u00e9gulateur de tension Yamaha beta malagutti 50 - BONAPARTS","robots":{"index":"index","follow":"follow","max-snippet":"max-snippet:-1","max-image-preview":"max-image-preview:large","max-video-preview":"max-video-preview:-1"},"canonical":"https:\/\/test.bonaparts.fr\/produit\/regulateur-de-tension-yamaha-beta-malagutti-50\/","og_locale":"fr_FR","og_type":"article","og_title":"R\u00e9gulateur de tension Yamaha beta malagutti 50 - BONAPARTS","og_description":"Free eBay listing template designed by dewiso.com BONAPARTS&nbsp;&nbsp;Pi\u00e8ces d\u00e9tach\u00e9es neuves et d&#8217;occasion motos scooters motocross quad sp\u00e9cialis\u00e9 dax monkey pitbike mini 4 temps Yamaha Honda Kawasaki KTM Suzuki TM Husqvarna Ducati BMW SYM Kymco Daelim Skyteam YCF TNT Bucci&nbsp;&nbsp; Vous recherchez une pi\u00e8ce non disponible en ligne ? Nous l&#8217;avons peut-\u00eatre en stock, n&#8217;h\u00e9sitez pas [&hellip;]","og_url":"https:\/\/test.bonaparts.fr\/produit\/regulateur-de-tension-yamaha-beta-malagutti-50\/","og_site_name":"BONAPARTS","article_publisher":"https:\/\/www.facebook.com\/Bonaparts\/","article_modified_time":"2025-08-11T09:19:01+00:00","og_image":[{"width":1600,"height":1066,"url":"https:\/\/i0.wp.com\/bonaparts.fr\/wp-content\/uploads\/imported\/2\/Regulateur-de-tension-Yamaha-beta-malagutti-50-396802962892.jpg?fit=1600%2C1066&ssl=1","type":"image\/jpeg"}],"twitter_card":"summary_large_image","twitter_misc":{"Dur\u00e9e de lecture estim\u00e9e":"2 minutes"},"schema":{"@context":"https:\/\/schema.org","@graph":[{"@type":"WebPage","@id":"https:\/\/test.bonaparts.fr\/produit\/regulateur-de-tension-yamaha-beta-malagutti-50\/","url":"https:\/\/test.bonaparts.fr\/produit\/regulateur-de-tension-yamaha-beta-malagutti-50\/","name":"R\u00e9gulateur de tension Yamaha beta malagutti 50 - BONAPARTS","isPartOf":{"@id":"https:\/\/test.bonaparts.fr\/#website"},"primaryImageOfPage":{"@id":"https:\/\/test.bonaparts.fr\/produit\/regulateur-de-tension-yamaha-beta-malagutti-50\/#primaryimage"},"image":{"@id":"https:\/\/test.bonaparts.fr\/produit\/regulateur-de-tension-yamaha-beta-malagutti-50\/#primaryimage"},"thumbnailUrl":"https:\/\/test.bonaparts.fr\/wp-content\/uploads\/imported\/2\/Regulateur-de-tension-Yamaha-beta-malagutti-50-396802962892.jpg","datePublished":"2025-06-29T22:17:13+00:00","dateModified":"2025-08-11T09:19:01+00:00","breadcrumb":{"@id":"https:\/\/test.bonaparts.fr\/produit\/regulateur-de-tension-yamaha-beta-malagutti-50\/#breadcrumb"},"inLanguage":"fr-FR","potentialAction":[{"@type":"ReadAction","target":["https:\/\/test.bonaparts.fr\/produit\/regulateur-de-tension-yamaha-beta-malagutti-50\/"]}]},{"@type":"ImageObject","inLanguage":"fr-FR","@id":"https:\/\/test.bonaparts.fr\/produit\/regulateur-de-tension-yamaha-beta-malagutti-50\/#primaryimage","url":"https:\/\/test.bonaparts.fr\/wp-content\/uploads\/imported\/2\/Regulateur-de-tension-Yamaha-beta-malagutti-50-396802962892.jpg","contentUrl":"https:\/\/test.bonaparts.fr\/wp-content\/uploads\/imported\/2\/Regulateur-de-tension-Yamaha-beta-malagutti-50-396802962892.jpg","width":1600,"height":1066},{"@type":"BreadcrumbList","@id":"https:\/\/test.bonaparts.fr\/produit\/regulateur-de-tension-yamaha-beta-malagutti-50\/#breadcrumb","itemListElement":[{"@type":"ListItem","position":1,"name":"Accueil","item":"https:\/\/test.bonaparts.fr\/"},{"@type":"ListItem","position":2,"name":"Accueil","item":"https:\/\/test.bonaparts.fr\/?page_id=823"},{"@type":"ListItem","position":3,"name":"R\u00e9gulateur de tension Yamaha beta malagutti 50"}]},{"@type":"WebSite","@id":"https:\/\/test.bonaparts.fr\/#website","url":"https:\/\/test.bonaparts.fr\/","name":"BONAPARTS","description":"Pi\u00e8ces d\u00e9tach\u00e9es neuves et d&#039;occasion moto et scooter, sp\u00e9cialiste mono-cylindre 4 temps.","publisher":{"@id":"https:\/\/test.bonaparts.fr\/#organization"},"potentialAction":[{"@type":"SearchAction","target":{"@type":"EntryPoint","urlTemplate":"https:\/\/test.bonaparts.fr\/?s={search_term_string}"},"query-input":{"@type":"PropertyValueSpecification","valueRequired":true,"valueName":"search_term_string"}}],"inLanguage":"fr-FR"},{"@type":"Organization","@id":"https:\/\/test.bonaparts.fr\/#organization","name":"BONAPARTS","url":"https:\/\/test.bonaparts.fr\/","logo":{"@type":"ImageObject","inLanguage":"fr-FR","@id":"https:\/\/test.bonaparts.fr\/#\/schema\/logo\/image\/","url":"https:\/\/test.bonaparts.fr\/wp-content\/uploads\/2022\/02\/bonawrench-gris-FINAL.png","contentUrl":"https:\/\/test.bonaparts.fr\/wp-content\/uploads\/2022\/02\/bonawrench-gris-FINAL.png","width":1198,"height":1080,"caption":"BONAPARTS"},"image":{"@id":"https:\/\/test.bonaparts.fr\/#\/schema\/logo\/image\/"},"sameAs":["https:\/\/www.facebook.com\/Bonaparts\/","https:\/\/www.instagram.com\/bona.parts\/?hl=fr","https:\/\/www.youtube.com\/channel\/UCkO8GGQvOEb61jAxA_G9zXQ"]}]}},"pbg_featured_image_src":{"full":["https:\/\/test.bonaparts.fr\/wp-content\/uploads\/imported\/2\/Regulateur-de-tension-Yamaha-beta-malagutti-50-396802962892.jpg",1600,1066,false],"thumbnail":["https:\/\/test.bonaparts.fr\/wp-content\/uploads\/imported\/2\/Regulateur-de-tension-Yamaha-beta-malagutti-50-396802962892-150x150.jpg",150,150,true],"medium":["https:\/\/test.bonaparts.fr\/wp-content\/uploads\/imported\/2\/Regulateur-de-tension-Yamaha-beta-malagutti-50-396802962892-300x200.jpg",300,200,true],"medium_large":["https:\/\/test.bonaparts.fr\/wp-content\/uploads\/imported\/2\/Regulateur-de-tension-Yamaha-beta-malagutti-50-396802962892-768x512.jpg",768,512,true],"large":["https:\/\/test.bonaparts.fr\/wp-content\/uploads\/imported\/2\/Regulateur-de-tension-Yamaha-beta-malagutti-50-396802962892-1024x682.jpg",980,653,true],"1536x1536":["https:\/\/test.bonaparts.fr\/wp-content\/uploads\/imported\/2\/Regulateur-de-tension-Yamaha-beta-malagutti-50-396802962892-1536x1023.jpg",1536,1023,true],"2048x2048":["https:\/\/test.bonaparts.fr\/wp-content\/uploads\/imported\/2\/Regulateur-de-tension-Yamaha-beta-malagutti-50-396802962892.jpg",1600,1066,false],"wptouch-new-thumbnail":["https:\/\/test.bonaparts.fr\/wp-content\/uploads\/imported\/2\/Regulateur-de-tension-Yamaha-beta-malagutti-50-396802962892-144x144.jpg",144,144,true],"woocommerce_thumbnail":["https:\/\/test.bonaparts.fr\/wp-content\/uploads\/imported\/2\/Regulateur-de-tension-Yamaha-beta-malagutti-50-396802962892-324x324.jpg",324,324,true],"woocommerce_single":["https:\/\/test.bonaparts.fr\/wp-content\/uploads\/imported\/2\/Regulateur-de-tension-Yamaha-beta-malagutti-50-396802962892-416x277.jpg",416,277,true],"woocommerce_gallery_thumbnail":["https:\/\/test.bonaparts.fr\/wp-content\/uploads\/imported\/2\/Regulateur-de-tension-Yamaha-beta-malagutti-50-396802962892-100x100.jpg",100,100,true],"wcpr-photo-reviews":["https:\/\/test.bonaparts.fr\/wp-content\/uploads\/imported\/2\/Regulateur-de-tension-Yamaha-beta-malagutti-50-396802962892-500x333.jpg",500,333,true]},"pbg_author_info":{"display_name":"BONAPARTS","author_link":"https:\/\/test.bonaparts.fr\/?author=0","author_img":"<img alt='BONAPARTS' src='https:\/\/secure.gravatar.com\/avatar\/ee8ffa5ba89d5ffd342c9b67f99c1f2f5462d5ca62704a21f66b42e75e1d19ff?s=128&#038;d=identicon&#038;r=g' srcset='https:\/\/secure.gravatar.com\/avatar\/ee8ffa5ba89d5ffd342c9b67f99c1f2f5462d5ca62704a21f66b42e75e1d19ff?s=256&#038;d=identicon&#038;r=g 2x' class='avatar avatar-128 photo' height='128' width='128' decoding='async'\/>"},"pbg_comment_info":" No Comments","pbg_excerpt":"Free eBay listing template designed by dewiso.com BONAPARTS&nbsp;&nbsp;Pi\u00e8ces d\u00e9tach\u00e9es neuves et d&#8217;occasion motos scooters motocross quad sp\u00e9cialis\u00e9 dax monkey pitbike mini 4 temps Yamaha Honda Kawasaki KTM Suzuki TM Husqvarna Ducati BMW SYM Kymco Daelim Skyteam YCF TNT Bucci&nbsp;&nbsp; Vous recherchez une pi\u00e8ce non disponible en ligne ? Nous l&#8217;avons peut-\u00eatre en stock, n&#8217;h\u00e9sitez pas\u2026","jetpack_likes_enabled":false,"jetpack_sharing_enabled":true,"_links":{"self":[{"href":"https:\/\/test.bonaparts.fr\/index.php?rest_route=\/wp\/v2\/product\/30518","targetHints":{"allow":["GET"]}}],"collection":[{"href":"https:\/\/test.bonaparts.fr\/index.php?rest_route=\/wp\/v2\/product"}],"about":[{"href":"https:\/\/test.bonaparts.fr\/index.php?rest_route=\/wp\/v2\/types\/product"}],"wp:featuredmedia":[{"embeddable":true,"href":"https:\/\/test.bonaparts.fr\/index.php?rest_route=\/wp\/v2\/media\/30519"}],"wp:attachment":[{"href":"https:\/\/test.bonaparts.fr\/index.php?rest_route=%2Fwp%2Fv2%2Fmedia&parent=30518"}],"wp:term":[{"taxonomy":"product_brand","embeddable":true,"href":"https:\/\/test.bonaparts.fr\/index.php?rest_route=%2Fwp%2Fv2%2Fproduct_brand&post=30518"},{"taxonomy":"product_cat","embeddable":true,"href":"https:\/\/test.bonaparts.fr\/index.php?rest_route=%2Fwp%2Fv2%2Fproduct_cat&post=30518"},{"taxonomy":"product_tag","embeddable":true,"href":"https:\/\/test.bonaparts.fr\/index.php?rest_route=%2Fwp%2Fv2%2Fproduct_tag&post=30518"},{"taxonomy":"pa_autre-numero-de-piece","embeddable":true,"href":"https:\/\/test.bonaparts.fr\/index.php?rest_route=%2Fwp%2Fv2%2Fpa_autre-numero-de-piece&post=30518"},{"taxonomy":"pa_type","embeddable":true,"href":"https:\/\/test.bonaparts.fr\/index.php?rest_route=%2Fwp%2Fv2%2Fpa_type&post=30518"}],"curies":[{"name":"wp","href":"https:\/\/api.w.org\/{rel}","templated":true}]}}