{"id":3378,"date":"2022-04-07T03:48:42","date_gmt":"2022-04-07T01:48:42","guid":{"rendered":"https:\/\/test.bonaparts.fr\/produit\/clef-de-reglage-jeu-aux-soupapes-2\/"},"modified":"2023-03-29T13:01:21","modified_gmt":"2023-03-29T11:01:21","slug":"clef-soupape-9mm","status":"publish","type":"product","link":"https:\/\/test.bonaparts.fr\/?product=clef-soupape-9mm","title":{"rendered":"Clef r\u00e9glage soupapes 9mm Dax Monkey Dirtbike"},"content":{"rendered":"<p>Clef de r\u00e9glage jeu aux soupapes 9mm id\u00e9al pour tout moteur de Dax, Monkey, T-Rex, Dirtbike , Pitbike avec moteur type crf de 50cc \u00e0 149cc.<br \/>\nAvec cette clef de r\u00e9glage, vous pourrez ajuster convenablement votre jeu au soupapes, tout en bloquant le contre \u00e9crous sans devoir utiliser une pince \u00e0 bec et une clef plate de 9mm.<\/p>\n<p>Si vous souhaitez en apprendre plus sur le r\u00e9glage soupapes ainsi que les jeux constructeurs, rendez vous sur notre site partenaire <a href=\"https:\/\/minibikepassion.fr\/2022\/04\/21\/tutoriel-reglage-du-jeu-aux-soupapes-sur-un-mini-4-temps\/\">minibikepassion.fr<\/a>\u00a0 pour un tutoriel photo expliquant pas \u00e0 pas comment ajuster le jeu aux soupapes sur un moteur de mini 4 temps.<\/p>\n","protected":false},"excerpt":{"rendered":"<p>Clef de r\u00e9glage jeu aux soupapes 9mm id\u00e9al pour tout moteur de Dax, Monkey, T-Rex, Dirtbike , Pitbike avec moteur type crf de 50cc \u00e0 149cc. Avec cette clef de r\u00e9glage, vous pourrez ajuster convenablement votre jeu au soupapes, tout en bloquant le contre \u00e9crous sans devoir utiliser une pince \u00e0 bec et une clef [&hellip;]<\/p>\n","protected":false},"featured_media":3590,"template":"","meta":[],"product_brand":[],"product_cat":[6623],"product_tag":[7318,7641,7644,7642,7643],"pa_autre-numero-de-piece":[],"pa_type":[],"class_list":{"0":"post-3378","1":"product","2":"type-product","3":"status-publish","4":"has-post-thumbnail","6":"product_cat-outils-clefs","7":"product_tag-clef-de-reglage-jeu-aux-soupapes","8":"product_tag-clef-soupape-dax","9":"product_tag-honda-monkey-reglage-soupape","10":"product_tag-reglage-soupape-dax","11":"product_tag-valve-clearance-wrench","13":"first","14":"outofstock","15":"sold-individually","16":"shipping-taxable","17":"purchasable","18":"product-type-simple"},"yoast_head":"<!-- This site is optimized with the Yoast SEO plugin v26.0 - https:\/\/yoast.com\/wordpress\/plugins\/seo\/ -->\n<title>Clef r\u00e9glage soupapes 9mm Dax Monkey Dirtbike - BONAPARTS CALVI<\/title>\n<meta name=\"description\" content=\"Clef de r\u00e9glage jeu aux soupapes 9mm pour Dax, Monkey, T-Rex, Dirtbike , Pit bike avec moteur type crf de 50cc \u00e0 149cc - BONAPARTS CALVI\" \/>\n<meta name=\"robots\" content=\"index, follow, max-snippet:-1, max-image-preview:large, max-video-preview:-1\" \/>\n<link rel=\"canonical\" href=\"https:\/\/test.bonaparts.fr\/produit\/clef-soupape-9mm\/\" \/>\n<meta property=\"og:locale\" content=\"fr_FR\" \/>\n<meta property=\"og:type\" content=\"article\" \/>\n<meta property=\"og:title\" content=\"Clef r\u00e9glage soupapes 9mm Dax Monkey Dirtbike - BONAPARTS CALVI\" \/>\n<meta property=\"og:description\" content=\"Clef de r\u00e9glage jeu aux soupapes 9mm pour Dax, Monkey, T-Rex, Dirtbike , Pit bike avec moteur type crf de 50cc \u00e0 149cc - BONAPARTS CALVI\" \/>\n<meta property=\"og:url\" content=\"https:\/\/test.bonaparts.fr\/produit\/clef-soupape-9mm\/\" \/>\n<meta property=\"og:site_name\" content=\"BONAPARTS\" \/>\n<meta property=\"article:publisher\" content=\"https:\/\/www.facebook.com\/Bonaparts\/\" \/>\n<meta property=\"article:modified_time\" content=\"2023-03-29T11:01:21+00:00\" \/>\n<meta property=\"og:image\" content=\"https:\/\/i0.wp.com\/bonaparts.fr\/wp-content\/uploads\/2022\/04\/scrnli_22_04_2022_10-40-39.png?fit=803%2C522&ssl=1\" \/>\n\t<meta property=\"og:image:width\" content=\"803\" \/>\n\t<meta property=\"og:image:height\" content=\"522\" \/>\n\t<meta property=\"og:image:type\" content=\"image\/png\" \/>\n<meta name=\"twitter:card\" content=\"summary_large_image\" \/>\n<meta name=\"twitter:label1\" content=\"Dur\u00e9e de lecture estim\u00e9e\" \/>\n\t<meta name=\"twitter:data1\" content=\"1 minute\" \/>\n<script type=\"application\/ld+json\" class=\"yoast-schema-graph\">{\"@context\":\"https:\/\/schema.org\",\"@graph\":[{\"@type\":\"WebPage\",\"@id\":\"https:\/\/test.bonaparts.fr\/produit\/clef-soupape-9mm\/\",\"url\":\"https:\/\/test.bonaparts.fr\/produit\/clef-soupape-9mm\/\",\"name\":\"Clef r\u00e9glage soupapes 9mm Dax Monkey Dirtbike - BONAPARTS CALVI\",\"isPartOf\":{\"@id\":\"https:\/\/test.bonaparts.fr\/#website\"},\"primaryImageOfPage\":{\"@id\":\"https:\/\/test.bonaparts.fr\/produit\/clef-soupape-9mm\/#primaryimage\"},\"image\":{\"@id\":\"https:\/\/test.bonaparts.fr\/produit\/clef-soupape-9mm\/#primaryimage\"},\"thumbnailUrl\":\"https:\/\/test.bonaparts.fr\/wp-content\/uploads\/2022\/04\/20220406_024939.jpg\",\"datePublished\":\"2022-04-07T01:48:42+00:00\",\"dateModified\":\"2023-03-29T11:01:21+00:00\",\"description\":\"Clef de r\u00e9glage jeu aux soupapes 9mm pour Dax, Monkey, T-Rex, Dirtbike , Pit bike avec moteur type crf de 50cc \u00e0 149cc - BONAPARTS CALVI\",\"breadcrumb\":{\"@id\":\"https:\/\/test.bonaparts.fr\/produit\/clef-soupape-9mm\/#breadcrumb\"},\"inLanguage\":\"fr-FR\",\"potentialAction\":[{\"@type\":\"ReadAction\",\"target\":[\"https:\/\/test.bonaparts.fr\/produit\/clef-soupape-9mm\/\"]}]},{\"@type\":\"ImageObject\",\"inLanguage\":\"fr-FR\",\"@id\":\"https:\/\/test.bonaparts.fr\/produit\/clef-soupape-9mm\/#primaryimage\",\"url\":\"https:\/\/test.bonaparts.fr\/wp-content\/uploads\/2022\/04\/20220406_024939.jpg\",\"contentUrl\":\"https:\/\/test.bonaparts.fr\/wp-content\/uploads\/2022\/04\/20220406_024939.jpg\",\"width\":1058,\"height\":1058},{\"@type\":\"BreadcrumbList\",\"@id\":\"https:\/\/test.bonaparts.fr\/produit\/clef-soupape-9mm\/#breadcrumb\",\"itemListElement\":[{\"@type\":\"ListItem\",\"position\":1,\"name\":\"Accueil\",\"item\":\"https:\/\/test.bonaparts.fr\/\"},{\"@type\":\"ListItem\",\"position\":2,\"name\":\"Accueil\",\"item\":\"https:\/\/test.bonaparts.fr\/?page_id=823\"},{\"@type\":\"ListItem\",\"position\":3,\"name\":\"Clef r\u00e9glage soupapes 9mm Dax Monkey Dirtbike\"}]},{\"@type\":\"WebSite\",\"@id\":\"https:\/\/test.bonaparts.fr\/#website\",\"url\":\"https:\/\/test.bonaparts.fr\/\",\"name\":\"BONAPARTS\",\"description\":\"Pi\u00e8ces d\u00e9tach\u00e9es neuves et d&#039;occasion moto et scooter, sp\u00e9cialiste mono-cylindre 4 temps.\",\"publisher\":{\"@id\":\"https:\/\/test.bonaparts.fr\/#organization\"},\"potentialAction\":[{\"@type\":\"SearchAction\",\"target\":{\"@type\":\"EntryPoint\",\"urlTemplate\":\"https:\/\/test.bonaparts.fr\/?s={search_term_string}\"},\"query-input\":{\"@type\":\"PropertyValueSpecification\",\"valueRequired\":true,\"valueName\":\"search_term_string\"}}],\"inLanguage\":\"fr-FR\"},{\"@type\":\"Organization\",\"@id\":\"https:\/\/test.bonaparts.fr\/#organization\",\"name\":\"BONAPARTS\",\"url\":\"https:\/\/test.bonaparts.fr\/\",\"logo\":{\"@type\":\"ImageObject\",\"inLanguage\":\"fr-FR\",\"@id\":\"https:\/\/test.bonaparts.fr\/#\/schema\/logo\/image\/\",\"url\":\"https:\/\/test.bonaparts.fr\/wp-content\/uploads\/2022\/02\/bonawrench-gris-FINAL.png\",\"contentUrl\":\"https:\/\/test.bonaparts.fr\/wp-content\/uploads\/2022\/02\/bonawrench-gris-FINAL.png\",\"width\":1198,\"height\":1080,\"caption\":\"BONAPARTS\"},\"image\":{\"@id\":\"https:\/\/test.bonaparts.fr\/#\/schema\/logo\/image\/\"},\"sameAs\":[\"https:\/\/www.facebook.com\/Bonaparts\/\",\"https:\/\/www.instagram.com\/bona.parts\/?hl=fr\",\"https:\/\/www.youtube.com\/channel\/UCkO8GGQvOEb61jAxA_G9zXQ\"]}]}<\/script>\n<!-- \/ Yoast SEO plugin. -->","yoast_head_json":{"title":"Clef r\u00e9glage soupapes 9mm Dax Monkey Dirtbike - BONAPARTS CALVI","description":"Clef de r\u00e9glage jeu aux soupapes 9mm pour Dax, Monkey, T-Rex, Dirtbike , Pit bike avec moteur type crf de 50cc \u00e0 149cc - BONAPARTS CALVI","robots":{"index":"index","follow":"follow","max-snippet":"max-snippet:-1","max-image-preview":"max-image-preview:large","max-video-preview":"max-video-preview:-1"},"canonical":"https:\/\/test.bonaparts.fr\/produit\/clef-soupape-9mm\/","og_locale":"fr_FR","og_type":"article","og_title":"Clef r\u00e9glage soupapes 9mm Dax Monkey Dirtbike - BONAPARTS CALVI","og_description":"Clef de r\u00e9glage jeu aux soupapes 9mm pour Dax, Monkey, T-Rex, Dirtbike , Pit bike avec moteur type crf de 50cc \u00e0 149cc - BONAPARTS CALVI","og_url":"https:\/\/test.bonaparts.fr\/produit\/clef-soupape-9mm\/","og_site_name":"BONAPARTS","article_publisher":"https:\/\/www.facebook.com\/Bonaparts\/","article_modified_time":"2023-03-29T11:01:21+00:00","og_image":[{"width":803,"height":522,"url":"https:\/\/i0.wp.com\/bonaparts.fr\/wp-content\/uploads\/2022\/04\/scrnli_22_04_2022_10-40-39.png?fit=803%2C522&ssl=1","type":"image\/png"}],"twitter_card":"summary_large_image","twitter_misc":{"Dur\u00e9e de lecture estim\u00e9e":"1 minute"},"schema":{"@context":"https:\/\/schema.org","@graph":[{"@type":"WebPage","@id":"https:\/\/test.bonaparts.fr\/produit\/clef-soupape-9mm\/","url":"https:\/\/test.bonaparts.fr\/produit\/clef-soupape-9mm\/","name":"Clef r\u00e9glage soupapes 9mm Dax Monkey Dirtbike - BONAPARTS CALVI","isPartOf":{"@id":"https:\/\/test.bonaparts.fr\/#website"},"primaryImageOfPage":{"@id":"https:\/\/test.bonaparts.fr\/produit\/clef-soupape-9mm\/#primaryimage"},"image":{"@id":"https:\/\/test.bonaparts.fr\/produit\/clef-soupape-9mm\/#primaryimage"},"thumbnailUrl":"https:\/\/test.bonaparts.fr\/wp-content\/uploads\/2022\/04\/20220406_024939.jpg","datePublished":"2022-04-07T01:48:42+00:00","dateModified":"2023-03-29T11:01:21+00:00","description":"Clef de r\u00e9glage jeu aux soupapes 9mm pour Dax, Monkey, T-Rex, Dirtbike , Pit bike avec moteur type crf de 50cc \u00e0 149cc - BONAPARTS CALVI","breadcrumb":{"@id":"https:\/\/test.bonaparts.fr\/produit\/clef-soupape-9mm\/#breadcrumb"},"inLanguage":"fr-FR","potentialAction":[{"@type":"ReadAction","target":["https:\/\/test.bonaparts.fr\/produit\/clef-soupape-9mm\/"]}]},{"@type":"ImageObject","inLanguage":"fr-FR","@id":"https:\/\/test.bonaparts.fr\/produit\/clef-soupape-9mm\/#primaryimage","url":"https:\/\/test.bonaparts.fr\/wp-content\/uploads\/2022\/04\/20220406_024939.jpg","contentUrl":"https:\/\/test.bonaparts.fr\/wp-content\/uploads\/2022\/04\/20220406_024939.jpg","width":1058,"height":1058},{"@type":"BreadcrumbList","@id":"https:\/\/test.bonaparts.fr\/produit\/clef-soupape-9mm\/#breadcrumb","itemListElement":[{"@type":"ListItem","position":1,"name":"Accueil","item":"https:\/\/test.bonaparts.fr\/"},{"@type":"ListItem","position":2,"name":"Accueil","item":"https:\/\/test.bonaparts.fr\/?page_id=823"},{"@type":"ListItem","position":3,"name":"Clef r\u00e9glage soupapes 9mm Dax Monkey Dirtbike"}]},{"@type":"WebSite","@id":"https:\/\/test.bonaparts.fr\/#website","url":"https:\/\/test.bonaparts.fr\/","name":"BONAPARTS","description":"Pi\u00e8ces d\u00e9tach\u00e9es neuves et d&#039;occasion moto et scooter, sp\u00e9cialiste mono-cylindre 4 temps.","publisher":{"@id":"https:\/\/test.bonaparts.fr\/#organization"},"potentialAction":[{"@type":"SearchAction","target":{"@type":"EntryPoint","urlTemplate":"https:\/\/test.bonaparts.fr\/?s={search_term_string}"},"query-input":{"@type":"PropertyValueSpecification","valueRequired":true,"valueName":"search_term_string"}}],"inLanguage":"fr-FR"},{"@type":"Organization","@id":"https:\/\/test.bonaparts.fr\/#organization","name":"BONAPARTS","url":"https:\/\/test.bonaparts.fr\/","logo":{"@type":"ImageObject","inLanguage":"fr-FR","@id":"https:\/\/test.bonaparts.fr\/#\/schema\/logo\/image\/","url":"https:\/\/test.bonaparts.fr\/wp-content\/uploads\/2022\/02\/bonawrench-gris-FINAL.png","contentUrl":"https:\/\/test.bonaparts.fr\/wp-content\/uploads\/2022\/02\/bonawrench-gris-FINAL.png","width":1198,"height":1080,"caption":"BONAPARTS"},"image":{"@id":"https:\/\/test.bonaparts.fr\/#\/schema\/logo\/image\/"},"sameAs":["https:\/\/www.facebook.com\/Bonaparts\/","https:\/\/www.instagram.com\/bona.parts\/?hl=fr","https:\/\/www.youtube.com\/channel\/UCkO8GGQvOEb61jAxA_G9zXQ"]}]}},"pbg_featured_image_src":{"full":["https:\/\/test.bonaparts.fr\/wp-content\/uploads\/2022\/04\/20220406_024939.jpg",1058,1058,false],"thumbnail":["https:\/\/test.bonaparts.fr\/wp-content\/uploads\/2022\/04\/20220406_024939-150x150.jpg",150,150,true],"medium":["https:\/\/test.bonaparts.fr\/wp-content\/uploads\/2022\/04\/20220406_024939-300x300.jpg",300,300,true],"medium_large":["https:\/\/test.bonaparts.fr\/wp-content\/uploads\/2022\/04\/20220406_024939-768x768.jpg",768,768,true],"large":["https:\/\/test.bonaparts.fr\/wp-content\/uploads\/2022\/04\/20220406_024939-1024x1024.jpg",980,980,true],"1536x1536":["https:\/\/test.bonaparts.fr\/wp-content\/uploads\/2022\/04\/20220406_024939.jpg",1058,1058,false],"2048x2048":["https:\/\/test.bonaparts.fr\/wp-content\/uploads\/2022\/04\/20220406_024939.jpg",1058,1058,false],"wptouch-new-thumbnail":["https:\/\/test.bonaparts.fr\/wp-content\/uploads\/2022\/04\/20220406_024939-144x144.jpg",144,144,true],"woocommerce_thumbnail":["https:\/\/test.bonaparts.fr\/wp-content\/uploads\/2022\/04\/20220406_024939-324x324.jpg",324,324,true],"woocommerce_single":["https:\/\/test.bonaparts.fr\/wp-content\/uploads\/2022\/04\/20220406_024939-416x416.jpg",416,416,true],"woocommerce_gallery_thumbnail":["https:\/\/test.bonaparts.fr\/wp-content\/uploads\/2022\/04\/20220406_024939-100x100.jpg",100,100,true],"wcpr-photo-reviews":["https:\/\/test.bonaparts.fr\/wp-content\/uploads\/2022\/04\/20220406_024939-500x500.jpg",500,500,true]},"pbg_author_info":{"display_name":"BONAPARTS","author_link":"https:\/\/test.bonaparts.fr\/?author=0","author_img":"<img alt='BONAPARTS' src='https:\/\/secure.gravatar.com\/avatar\/ee8ffa5ba89d5ffd342c9b67f99c1f2f5462d5ca62704a21f66b42e75e1d19ff?s=128&#038;d=identicon&#038;r=g' srcset='https:\/\/secure.gravatar.com\/avatar\/ee8ffa5ba89d5ffd342c9b67f99c1f2f5462d5ca62704a21f66b42e75e1d19ff?s=256&#038;d=identicon&#038;r=g 2x' class='avatar avatar-128 photo' height='128' width='128' decoding='async'\/>"},"pbg_comment_info":" No Comments","pbg_excerpt":"Clef de r\u00e9glage jeu aux soupapes 9mm id\u00e9al pour tout moteur de Dax, Monkey, T-Rex, Dirtbike , Pitbike avec moteur type crf de 50cc \u00e0 149cc. Avec cette clef de r\u00e9glage, vous pourrez ajuster convenablement votre jeu au soupapes, tout en bloquant le contre \u00e9crous sans devoir utiliser une pince \u00e0 bec et une clef\u2026","jetpack_likes_enabled":false,"jetpack_sharing_enabled":true,"_links":{"self":[{"href":"https:\/\/test.bonaparts.fr\/index.php?rest_route=\/wp\/v2\/product\/3378","targetHints":{"allow":["GET"]}}],"collection":[{"href":"https:\/\/test.bonaparts.fr\/index.php?rest_route=\/wp\/v2\/product"}],"about":[{"href":"https:\/\/test.bonaparts.fr\/index.php?rest_route=\/wp\/v2\/types\/product"}],"wp:featuredmedia":[{"embeddable":true,"href":"https:\/\/test.bonaparts.fr\/index.php?rest_route=\/wp\/v2\/media\/3590"}],"wp:attachment":[{"href":"https:\/\/test.bonaparts.fr\/index.php?rest_route=%2Fwp%2Fv2%2Fmedia&parent=3378"}],"wp:term":[{"taxonomy":"product_brand","embeddable":true,"href":"https:\/\/test.bonaparts.fr\/index.php?rest_route=%2Fwp%2Fv2%2Fproduct_brand&post=3378"},{"taxonomy":"product_cat","embeddable":true,"href":"https:\/\/test.bonaparts.fr\/index.php?rest_route=%2Fwp%2Fv2%2Fproduct_cat&post=3378"},{"taxonomy":"product_tag","embeddable":true,"href":"https:\/\/test.bonaparts.fr\/index.php?rest_route=%2Fwp%2Fv2%2Fproduct_tag&post=3378"},{"taxonomy":"pa_autre-numero-de-piece","embeddable":true,"href":"https:\/\/test.bonaparts.fr\/index.php?rest_route=%2Fwp%2Fv2%2Fpa_autre-numero-de-piece&post=3378"},{"taxonomy":"pa_type","embeddable":true,"href":"https:\/\/test.bonaparts.fr\/index.php?rest_route=%2Fwp%2Fv2%2Fpa_type&post=3378"}],"curies":[{"name":"wp","href":"https:\/\/api.w.org\/{rel}","templated":true}]}}