{"id":4100,"date":"2022-04-09T04:07:01","date_gmt":"2022-04-09T02:07:01","guid":{"rendered":"https:\/\/test.bonaparts.fr\/produit\/biellettes-de-suspension-yamaha-yzfr-125-2008-13\/"},"modified":"2022-04-09T05:02:08","modified_gmt":"2022-04-09T03:02:08","slug":"biellettes-de-suspension-yamaha-yzfr-125-2008-13","status":"publish","type":"product","link":"https:\/\/test.bonaparts.fr\/?product=biellettes-de-suspension-yamaha-yzfr-125-2008-13","title":{"rendered":"Biellettes de suspension Yamaha YZFR 125 2008-13"},"content":{"rendered":"","protected":false},"excerpt":{"rendered":"<p>Biellettes de suspension d&#8217;occasion pour Yamaha YZFR 125 ann\u00e9es 2008-13 Tr\u00e8s bon \u00e9tat 34 480km<\/p>\n","protected":false},"featured_media":4274,"template":"","meta":[],"product_brand":[],"product_cat":[7214],"product_tag":[7374,7375,7376,7377,7378,7373,7369],"pa_autre-numero-de-piece":[],"pa_type":[],"class_list":{"0":"post-4100","1":"product","2":"type-product","3":"status-publish","4":"has-post-thumbnail","6":"product_cat-yzf-r-125-2008-13","7":"product_tag-7374","8":"product_tag-2008-13","9":"product_tag-biellettes","10":"product_tag-de","11":"product_tag-suspension","12":"product_tag-yamaha","13":"product_tag-yzfr","15":"first","16":"instock","17":"sold-individually","18":"shipping-taxable","19":"purchasable","20":"product-type-simple"},"yoast_head":"<!-- This site is optimized with the Yoast SEO plugin v26.0 - https:\/\/yoast.com\/wordpress\/plugins\/seo\/ -->\n<title>Biellettes de suspension Yamaha YZFR 125 2008-13 - BONAPARTS<\/title>\n<meta name=\"robots\" content=\"index, follow, max-snippet:-1, max-image-preview:large, max-video-preview:-1\" \/>\n<link rel=\"canonical\" href=\"https:\/\/test.bonaparts.fr\/produit\/biellettes-de-suspension-yamaha-yzfr-125-2008-13\/\" \/>\n<meta property=\"og:locale\" content=\"fr_FR\" \/>\n<meta property=\"og:type\" content=\"article\" \/>\n<meta property=\"og:title\" content=\"Biellettes de suspension Yamaha YZFR 125 2008-13 - BONAPARTS\" \/>\n<meta property=\"og:description\" content=\"Biellettes de suspension d&#039;occasion pour Yamaha YZFR 125 ann\u00e9es 2008-13 Tr\u00e8s bon \u00e9tat 34 480km\" \/>\n<meta property=\"og:url\" content=\"https:\/\/test.bonaparts.fr\/produit\/biellettes-de-suspension-yamaha-yzfr-125-2008-13\/\" \/>\n<meta property=\"og:site_name\" content=\"BONAPARTS\" \/>\n<meta property=\"article:publisher\" content=\"https:\/\/www.facebook.com\/Bonaparts\/\" \/>\n<meta property=\"article:modified_time\" content=\"2022-04-09T03:02:08+00:00\" \/>\n<meta property=\"og:image\" content=\"https:\/\/i0.wp.com\/bonaparts.fr\/wp-content\/uploads\/2022\/04\/20211005_185255.jpg?fit=756%2C756&ssl=1\" \/>\n\t<meta property=\"og:image:width\" content=\"756\" \/>\n\t<meta property=\"og:image:height\" content=\"756\" \/>\n\t<meta property=\"og:image:type\" content=\"image\/jpeg\" \/>\n<meta name=\"twitter:card\" content=\"summary_large_image\" \/>\n<script type=\"application\/ld+json\" class=\"yoast-schema-graph\">{\"@context\":\"https:\/\/schema.org\",\"@graph\":[{\"@type\":\"WebPage\",\"@id\":\"https:\/\/test.bonaparts.fr\/produit\/biellettes-de-suspension-yamaha-yzfr-125-2008-13\/\",\"url\":\"https:\/\/test.bonaparts.fr\/produit\/biellettes-de-suspension-yamaha-yzfr-125-2008-13\/\",\"name\":\"Biellettes de suspension Yamaha YZFR 125 2008-13 - BONAPARTS\",\"isPartOf\":{\"@id\":\"https:\/\/test.bonaparts.fr\/#website\"},\"primaryImageOfPage\":{\"@id\":\"https:\/\/test.bonaparts.fr\/produit\/biellettes-de-suspension-yamaha-yzfr-125-2008-13\/#primaryimage\"},\"image\":{\"@id\":\"https:\/\/test.bonaparts.fr\/produit\/biellettes-de-suspension-yamaha-yzfr-125-2008-13\/#primaryimage\"},\"thumbnailUrl\":\"https:\/\/test.bonaparts.fr\/wp-content\/uploads\/2022\/04\/20211005_185255.jpg\",\"datePublished\":\"2022-04-09T02:07:01+00:00\",\"dateModified\":\"2022-04-09T03:02:08+00:00\",\"breadcrumb\":{\"@id\":\"https:\/\/test.bonaparts.fr\/produit\/biellettes-de-suspension-yamaha-yzfr-125-2008-13\/#breadcrumb\"},\"inLanguage\":\"fr-FR\",\"potentialAction\":[{\"@type\":\"ReadAction\",\"target\":[\"https:\/\/test.bonaparts.fr\/produit\/biellettes-de-suspension-yamaha-yzfr-125-2008-13\/\"]}]},{\"@type\":\"ImageObject\",\"inLanguage\":\"fr-FR\",\"@id\":\"https:\/\/test.bonaparts.fr\/produit\/biellettes-de-suspension-yamaha-yzfr-125-2008-13\/#primaryimage\",\"url\":\"https:\/\/test.bonaparts.fr\/wp-content\/uploads\/2022\/04\/20211005_185255.jpg\",\"contentUrl\":\"https:\/\/test.bonaparts.fr\/wp-content\/uploads\/2022\/04\/20211005_185255.jpg\",\"width\":756,\"height\":756},{\"@type\":\"BreadcrumbList\",\"@id\":\"https:\/\/test.bonaparts.fr\/produit\/biellettes-de-suspension-yamaha-yzfr-125-2008-13\/#breadcrumb\",\"itemListElement\":[{\"@type\":\"ListItem\",\"position\":1,\"name\":\"Accueil\",\"item\":\"https:\/\/test.bonaparts.fr\/\"},{\"@type\":\"ListItem\",\"position\":2,\"name\":\"Accueil\",\"item\":\"https:\/\/test.bonaparts.fr\/?page_id=823\"},{\"@type\":\"ListItem\",\"position\":3,\"name\":\"Biellettes de suspension Yamaha YZFR 125 2008-13\"}]},{\"@type\":\"WebSite\",\"@id\":\"https:\/\/test.bonaparts.fr\/#website\",\"url\":\"https:\/\/test.bonaparts.fr\/\",\"name\":\"BONAPARTS\",\"description\":\"Pi\u00e8ces d\u00e9tach\u00e9es neuves et d&#039;occasion moto et scooter, sp\u00e9cialiste mono-cylindre 4 temps.\",\"publisher\":{\"@id\":\"https:\/\/test.bonaparts.fr\/#organization\"},\"potentialAction\":[{\"@type\":\"SearchAction\",\"target\":{\"@type\":\"EntryPoint\",\"urlTemplate\":\"https:\/\/test.bonaparts.fr\/?s={search_term_string}\"},\"query-input\":{\"@type\":\"PropertyValueSpecification\",\"valueRequired\":true,\"valueName\":\"search_term_string\"}}],\"inLanguage\":\"fr-FR\"},{\"@type\":\"Organization\",\"@id\":\"https:\/\/test.bonaparts.fr\/#organization\",\"name\":\"BONAPARTS\",\"url\":\"https:\/\/test.bonaparts.fr\/\",\"logo\":{\"@type\":\"ImageObject\",\"inLanguage\":\"fr-FR\",\"@id\":\"https:\/\/test.bonaparts.fr\/#\/schema\/logo\/image\/\",\"url\":\"https:\/\/test.bonaparts.fr\/wp-content\/uploads\/2022\/02\/bonawrench-gris-FINAL.png\",\"contentUrl\":\"https:\/\/test.bonaparts.fr\/wp-content\/uploads\/2022\/02\/bonawrench-gris-FINAL.png\",\"width\":1198,\"height\":1080,\"caption\":\"BONAPARTS\"},\"image\":{\"@id\":\"https:\/\/test.bonaparts.fr\/#\/schema\/logo\/image\/\"},\"sameAs\":[\"https:\/\/www.facebook.com\/Bonaparts\/\",\"https:\/\/www.instagram.com\/bona.parts\/?hl=fr\",\"https:\/\/www.youtube.com\/channel\/UCkO8GGQvOEb61jAxA_G9zXQ\"]}]}<\/script>\n<!-- \/ Yoast SEO plugin. -->","yoast_head_json":{"title":"Biellettes de suspension Yamaha YZFR 125 2008-13 - BONAPARTS","robots":{"index":"index","follow":"follow","max-snippet":"max-snippet:-1","max-image-preview":"max-image-preview:large","max-video-preview":"max-video-preview:-1"},"canonical":"https:\/\/test.bonaparts.fr\/produit\/biellettes-de-suspension-yamaha-yzfr-125-2008-13\/","og_locale":"fr_FR","og_type":"article","og_title":"Biellettes de suspension Yamaha YZFR 125 2008-13 - BONAPARTS","og_description":"Biellettes de suspension d'occasion pour Yamaha YZFR 125 ann\u00e9es 2008-13 Tr\u00e8s bon \u00e9tat 34 480km","og_url":"https:\/\/test.bonaparts.fr\/produit\/biellettes-de-suspension-yamaha-yzfr-125-2008-13\/","og_site_name":"BONAPARTS","article_publisher":"https:\/\/www.facebook.com\/Bonaparts\/","article_modified_time":"2022-04-09T03:02:08+00:00","og_image":[{"width":756,"height":756,"url":"https:\/\/i0.wp.com\/bonaparts.fr\/wp-content\/uploads\/2022\/04\/20211005_185255.jpg?fit=756%2C756&ssl=1","type":"image\/jpeg"}],"twitter_card":"summary_large_image","schema":{"@context":"https:\/\/schema.org","@graph":[{"@type":"WebPage","@id":"https:\/\/test.bonaparts.fr\/produit\/biellettes-de-suspension-yamaha-yzfr-125-2008-13\/","url":"https:\/\/test.bonaparts.fr\/produit\/biellettes-de-suspension-yamaha-yzfr-125-2008-13\/","name":"Biellettes de suspension Yamaha YZFR 125 2008-13 - BONAPARTS","isPartOf":{"@id":"https:\/\/test.bonaparts.fr\/#website"},"primaryImageOfPage":{"@id":"https:\/\/test.bonaparts.fr\/produit\/biellettes-de-suspension-yamaha-yzfr-125-2008-13\/#primaryimage"},"image":{"@id":"https:\/\/test.bonaparts.fr\/produit\/biellettes-de-suspension-yamaha-yzfr-125-2008-13\/#primaryimage"},"thumbnailUrl":"https:\/\/test.bonaparts.fr\/wp-content\/uploads\/2022\/04\/20211005_185255.jpg","datePublished":"2022-04-09T02:07:01+00:00","dateModified":"2022-04-09T03:02:08+00:00","breadcrumb":{"@id":"https:\/\/test.bonaparts.fr\/produit\/biellettes-de-suspension-yamaha-yzfr-125-2008-13\/#breadcrumb"},"inLanguage":"fr-FR","potentialAction":[{"@type":"ReadAction","target":["https:\/\/test.bonaparts.fr\/produit\/biellettes-de-suspension-yamaha-yzfr-125-2008-13\/"]}]},{"@type":"ImageObject","inLanguage":"fr-FR","@id":"https:\/\/test.bonaparts.fr\/produit\/biellettes-de-suspension-yamaha-yzfr-125-2008-13\/#primaryimage","url":"https:\/\/test.bonaparts.fr\/wp-content\/uploads\/2022\/04\/20211005_185255.jpg","contentUrl":"https:\/\/test.bonaparts.fr\/wp-content\/uploads\/2022\/04\/20211005_185255.jpg","width":756,"height":756},{"@type":"BreadcrumbList","@id":"https:\/\/test.bonaparts.fr\/produit\/biellettes-de-suspension-yamaha-yzfr-125-2008-13\/#breadcrumb","itemListElement":[{"@type":"ListItem","position":1,"name":"Accueil","item":"https:\/\/test.bonaparts.fr\/"},{"@type":"ListItem","position":2,"name":"Accueil","item":"https:\/\/test.bonaparts.fr\/?page_id=823"},{"@type":"ListItem","position":3,"name":"Biellettes de suspension Yamaha YZFR 125 2008-13"}]},{"@type":"WebSite","@id":"https:\/\/test.bonaparts.fr\/#website","url":"https:\/\/test.bonaparts.fr\/","name":"BONAPARTS","description":"Pi\u00e8ces d\u00e9tach\u00e9es neuves et d&#039;occasion moto et scooter, sp\u00e9cialiste mono-cylindre 4 temps.","publisher":{"@id":"https:\/\/test.bonaparts.fr\/#organization"},"potentialAction":[{"@type":"SearchAction","target":{"@type":"EntryPoint","urlTemplate":"https:\/\/test.bonaparts.fr\/?s={search_term_string}"},"query-input":{"@type":"PropertyValueSpecification","valueRequired":true,"valueName":"search_term_string"}}],"inLanguage":"fr-FR"},{"@type":"Organization","@id":"https:\/\/test.bonaparts.fr\/#organization","name":"BONAPARTS","url":"https:\/\/test.bonaparts.fr\/","logo":{"@type":"ImageObject","inLanguage":"fr-FR","@id":"https:\/\/test.bonaparts.fr\/#\/schema\/logo\/image\/","url":"https:\/\/test.bonaparts.fr\/wp-content\/uploads\/2022\/02\/bonawrench-gris-FINAL.png","contentUrl":"https:\/\/test.bonaparts.fr\/wp-content\/uploads\/2022\/02\/bonawrench-gris-FINAL.png","width":1198,"height":1080,"caption":"BONAPARTS"},"image":{"@id":"https:\/\/test.bonaparts.fr\/#\/schema\/logo\/image\/"},"sameAs":["https:\/\/www.facebook.com\/Bonaparts\/","https:\/\/www.instagram.com\/bona.parts\/?hl=fr","https:\/\/www.youtube.com\/channel\/UCkO8GGQvOEb61jAxA_G9zXQ"]}]}},"pbg_featured_image_src":{"full":["https:\/\/test.bonaparts.fr\/wp-content\/uploads\/2022\/04\/20211005_185255.jpg",756,756,false],"thumbnail":["https:\/\/test.bonaparts.fr\/wp-content\/uploads\/2022\/04\/20211005_185255-150x150.jpg",150,150,true],"medium":["https:\/\/test.bonaparts.fr\/wp-content\/uploads\/2022\/04\/20211005_185255-300x300.jpg",300,300,true],"medium_large":["https:\/\/test.bonaparts.fr\/wp-content\/uploads\/2022\/04\/20211005_185255.jpg",756,756,false],"large":["https:\/\/test.bonaparts.fr\/wp-content\/uploads\/2022\/04\/20211005_185255.jpg",756,756,false],"1536x1536":["https:\/\/test.bonaparts.fr\/wp-content\/uploads\/2022\/04\/20211005_185255.jpg",756,756,false],"2048x2048":["https:\/\/test.bonaparts.fr\/wp-content\/uploads\/2022\/04\/20211005_185255.jpg",756,756,false],"wptouch-new-thumbnail":["https:\/\/test.bonaparts.fr\/wp-content\/uploads\/2022\/04\/20211005_185255-144x144.jpg",144,144,true],"woocommerce_thumbnail":["https:\/\/test.bonaparts.fr\/wp-content\/uploads\/2022\/04\/20211005_185255-324x324.jpg",324,324,true],"woocommerce_single":["https:\/\/test.bonaparts.fr\/wp-content\/uploads\/2022\/04\/20211005_185255-416x416.jpg",416,416,true],"woocommerce_gallery_thumbnail":["https:\/\/test.bonaparts.fr\/wp-content\/uploads\/2022\/04\/20211005_185255-100x100.jpg",100,100,true],"wcpr-photo-reviews":["https:\/\/test.bonaparts.fr\/wp-content\/uploads\/2022\/04\/20211005_185255-500x500.jpg",500,500,true]},"pbg_author_info":{"display_name":"BONAPARTS","author_link":"https:\/\/test.bonaparts.fr\/?author=0","author_img":"<img alt='BONAPARTS' src='https:\/\/secure.gravatar.com\/avatar\/ee8ffa5ba89d5ffd342c9b67f99c1f2f5462d5ca62704a21f66b42e75e1d19ff?s=128&#038;d=identicon&#038;r=g' srcset='https:\/\/secure.gravatar.com\/avatar\/ee8ffa5ba89d5ffd342c9b67f99c1f2f5462d5ca62704a21f66b42e75e1d19ff?s=256&#038;d=identicon&#038;r=g 2x' class='avatar avatar-128 photo' height='128' width='128' decoding='async'\/>"},"pbg_comment_info":" No Comments","pbg_excerpt":"Biellettes de suspension d'occasion pour Yamaha YZFR 125 ann\u00e9es 2008-13 Tr\u00e8s bon \u00e9tat 34 480km","jetpack_likes_enabled":false,"jetpack_sharing_enabled":true,"_links":{"self":[{"href":"https:\/\/test.bonaparts.fr\/index.php?rest_route=\/wp\/v2\/product\/4100","targetHints":{"allow":["GET"]}}],"collection":[{"href":"https:\/\/test.bonaparts.fr\/index.php?rest_route=\/wp\/v2\/product"}],"about":[{"href":"https:\/\/test.bonaparts.fr\/index.php?rest_route=\/wp\/v2\/types\/product"}],"wp:featuredmedia":[{"embeddable":true,"href":"https:\/\/test.bonaparts.fr\/index.php?rest_route=\/wp\/v2\/media\/4274"}],"wp:attachment":[{"href":"https:\/\/test.bonaparts.fr\/index.php?rest_route=%2Fwp%2Fv2%2Fmedia&parent=4100"}],"wp:term":[{"taxonomy":"product_brand","embeddable":true,"href":"https:\/\/test.bonaparts.fr\/index.php?rest_route=%2Fwp%2Fv2%2Fproduct_brand&post=4100"},{"taxonomy":"product_cat","embeddable":true,"href":"https:\/\/test.bonaparts.fr\/index.php?rest_route=%2Fwp%2Fv2%2Fproduct_cat&post=4100"},{"taxonomy":"product_tag","embeddable":true,"href":"https:\/\/test.bonaparts.fr\/index.php?rest_route=%2Fwp%2Fv2%2Fproduct_tag&post=4100"},{"taxonomy":"pa_autre-numero-de-piece","embeddable":true,"href":"https:\/\/test.bonaparts.fr\/index.php?rest_route=%2Fwp%2Fv2%2Fpa_autre-numero-de-piece&post=4100"},{"taxonomy":"pa_type","embeddable":true,"href":"https:\/\/test.bonaparts.fr\/index.php?rest_route=%2Fwp%2Fv2%2Fpa_type&post=4100"}],"curies":[{"name":"wp","href":"https:\/\/api.w.org\/{rel}","templated":true}]}}