{"id":5362,"date":"2022-04-22T17:14:26","date_gmt":"2022-04-22T15:14:26","guid":{"rendered":"https:\/\/test.bonaparts.fr\/produit\/amortisseur-dnm-mk-ar-275mm-kawasaki-klx110l\/"},"modified":"2022-04-22T17:51:14","modified_gmt":"2022-04-22T15:51:14","slug":"amortisseur-dnm-mk-ar-275mm-kawasaki-klx110l","status":"publish","type":"product","link":"https:\/\/test.bonaparts.fr\/?product=amortisseur-dnm-mk-ar-275mm-kawasaki-klx110l","title":{"rendered":"Amortisseur DNM MK-AR 275mm Kawasaki KLX110L"},"content":{"rendered":"<p>Amortisseur DNM MK-AR de longueur 275mm pour Kawasaki KLX110L, se monte en lieu et place de l&#8217;amortisseur d&#8217;origine sans modifications.<br \/>\nR\u00e9glable en compression, d\u00e9tente et pr\u00e9contrainte, cet amortisseur se pr\u00e9sente comme l&#8217;un des premiers changement \u00e0 effectuer sur sa pitbike pour pouvoir l&#8217;utiliser sans faire talonner l&#8217;amortisseur arri\u00e8re sur chaque r\u00e9ception de saut.<\/p>\n<p><strong>! Frais de port offert !<\/strong><\/p>\n","protected":false},"excerpt":{"rendered":"<p>Amortisseur DNM MK-AR de longueur 275mm pour Kawasaki KLX110L, se monte en lieu et place de l&#8217;amortisseur d&#8217;origine sans modifications. R\u00e9glable en compression, d\u00e9tente et pr\u00e9contrainte, cet amortisseur se pr\u00e9sente comme l&#8217;un des premiers changement \u00e0 effectuer sur sa pitbike pour pouvoir l&#8217;utiliser sans faire talonner l&#8217;amortisseur arri\u00e8re sur chaque r\u00e9ception de saut. ! Frais [&hellip;]<\/p>\n","protected":false},"featured_media":5387,"template":"","meta":[],"product_brand":[],"product_cat":[6379,6354,6967],"product_tag":[7669,7650,7665,7666,7668,7667],"pa_autre-numero-de-piece":[],"pa_type":[],"class_list":{"0":"post-5362","1":"product","2":"type-product","3":"status-publish","4":"has-post-thumbnail","6":"product_cat-kawasaki-klx110","7":"product_cat-off-road","8":"product_cat-amortisseurs_dirtchine","9":"product_tag-amortisseur-arriere-klx110","10":"product_tag-amortisseur-dnm-mk-ar-275mm-kawasaki-klx110l","11":"product_tag-amortisseur-kawasaki-klx-110-l","12":"product_tag-amortisseur-klx110l","13":"product_tag-kawasaki-klx-110-rear-shock","14":"product_tag-klx110l-shock","16":"first","17":"instock","18":"sale","19":"shipping-taxable","20":"purchasable","21":"product-type-simple"},"yoast_head":"<!-- This site is optimized with the Yoast SEO plugin v26.0 - https:\/\/yoast.com\/wordpress\/plugins\/seo\/ -->\n<title>Amortisseur DNM MK-AR 275mm Kawasaki KLX110L - BONAPARTS<\/title>\n<meta name=\"description\" content=\"Amortisseur DNM MK-AR de longueur 275mm pour Kawasaki KLX110L, se monte en lieu et place de l&#039;amortisseur d&#039;origine sans modifications.\" \/>\n<meta name=\"robots\" content=\"index, follow, max-snippet:-1, max-image-preview:large, max-video-preview:-1\" \/>\n<link rel=\"canonical\" href=\"https:\/\/test.bonaparts.fr\/produit\/amortisseur-dnm-mk-ar-275mm-kawasaki-klx110l\/\" \/>\n<meta property=\"og:locale\" content=\"fr_FR\" \/>\n<meta property=\"og:type\" content=\"article\" \/>\n<meta property=\"og:title\" content=\"Amortisseur DNM MK-AR 275mm Kawasaki KLX110L - BONAPARTS\" \/>\n<meta property=\"og:description\" content=\"Amortisseur DNM MK-AR de longueur 275mm pour Kawasaki KLX110L, se monte en lieu et place de l&#039;amortisseur d&#039;origine sans modifications.\" \/>\n<meta property=\"og:url\" content=\"https:\/\/test.bonaparts.fr\/produit\/amortisseur-dnm-mk-ar-275mm-kawasaki-klx110l\/\" \/>\n<meta property=\"og:site_name\" content=\"BONAPARTS\" \/>\n<meta property=\"article:publisher\" content=\"https:\/\/www.facebook.com\/Bonaparts\/\" \/>\n<meta property=\"article:modified_time\" content=\"2022-04-22T15:51:14+00:00\" \/>\n<meta property=\"og:image\" content=\"https:\/\/i0.wp.com\/bonaparts.fr\/wp-content\/uploads\/2022\/04\/H3d4b82a10aad46148bddb60fccfd6fdfq.jpg?fit=800%2C800&ssl=1\" \/>\n\t<meta property=\"og:image:width\" content=\"800\" \/>\n\t<meta property=\"og:image:height\" content=\"800\" \/>\n\t<meta property=\"og:image:type\" content=\"image\/jpeg\" \/>\n<meta name=\"twitter:card\" content=\"summary_large_image\" \/>\n<meta name=\"twitter:label1\" content=\"Dur\u00e9e de lecture estim\u00e9e\" \/>\n\t<meta name=\"twitter:data1\" content=\"1 minute\" \/>\n<script type=\"application\/ld+json\" class=\"yoast-schema-graph\">{\"@context\":\"https:\/\/schema.org\",\"@graph\":[{\"@type\":\"WebPage\",\"@id\":\"https:\/\/test.bonaparts.fr\/produit\/amortisseur-dnm-mk-ar-275mm-kawasaki-klx110l\/\",\"url\":\"https:\/\/test.bonaparts.fr\/produit\/amortisseur-dnm-mk-ar-275mm-kawasaki-klx110l\/\",\"name\":\"Amortisseur DNM MK-AR 275mm Kawasaki KLX110L - BONAPARTS\",\"isPartOf\":{\"@id\":\"https:\/\/test.bonaparts.fr\/#website\"},\"primaryImageOfPage\":{\"@id\":\"https:\/\/test.bonaparts.fr\/produit\/amortisseur-dnm-mk-ar-275mm-kawasaki-klx110l\/#primaryimage\"},\"image\":{\"@id\":\"https:\/\/test.bonaparts.fr\/produit\/amortisseur-dnm-mk-ar-275mm-kawasaki-klx110l\/#primaryimage\"},\"thumbnailUrl\":\"https:\/\/test.bonaparts.fr\/wp-content\/uploads\/2022\/04\/H3d4b82a10aad46148bddb60fccfd6fdfq.jpg\",\"datePublished\":\"2022-04-22T15:14:26+00:00\",\"dateModified\":\"2022-04-22T15:51:14+00:00\",\"description\":\"Amortisseur DNM MK-AR de longueur 275mm pour Kawasaki KLX110L, se monte en lieu et place de l'amortisseur d'origine sans modifications.\",\"breadcrumb\":{\"@id\":\"https:\/\/test.bonaparts.fr\/produit\/amortisseur-dnm-mk-ar-275mm-kawasaki-klx110l\/#breadcrumb\"},\"inLanguage\":\"fr-FR\",\"potentialAction\":[{\"@type\":\"ReadAction\",\"target\":[\"https:\/\/test.bonaparts.fr\/produit\/amortisseur-dnm-mk-ar-275mm-kawasaki-klx110l\/\"]}]},{\"@type\":\"ImageObject\",\"inLanguage\":\"fr-FR\",\"@id\":\"https:\/\/test.bonaparts.fr\/produit\/amortisseur-dnm-mk-ar-275mm-kawasaki-klx110l\/#primaryimage\",\"url\":\"https:\/\/test.bonaparts.fr\/wp-content\/uploads\/2022\/04\/H3d4b82a10aad46148bddb60fccfd6fdfq.jpg\",\"contentUrl\":\"https:\/\/test.bonaparts.fr\/wp-content\/uploads\/2022\/04\/H3d4b82a10aad46148bddb60fccfd6fdfq.jpg\",\"width\":800,\"height\":800},{\"@type\":\"BreadcrumbList\",\"@id\":\"https:\/\/test.bonaparts.fr\/produit\/amortisseur-dnm-mk-ar-275mm-kawasaki-klx110l\/#breadcrumb\",\"itemListElement\":[{\"@type\":\"ListItem\",\"position\":1,\"name\":\"Accueil\",\"item\":\"https:\/\/test.bonaparts.fr\/\"},{\"@type\":\"ListItem\",\"position\":2,\"name\":\"Accueil\",\"item\":\"https:\/\/test.bonaparts.fr\/?page_id=823\"},{\"@type\":\"ListItem\",\"position\":3,\"name\":\"Amortisseur DNM MK-AR 275mm Kawasaki KLX110L\"}]},{\"@type\":\"WebSite\",\"@id\":\"https:\/\/test.bonaparts.fr\/#website\",\"url\":\"https:\/\/test.bonaparts.fr\/\",\"name\":\"BONAPARTS\",\"description\":\"Pi\u00e8ces d\u00e9tach\u00e9es neuves et d&#039;occasion moto et scooter, sp\u00e9cialiste mono-cylindre 4 temps.\",\"publisher\":{\"@id\":\"https:\/\/test.bonaparts.fr\/#organization\"},\"potentialAction\":[{\"@type\":\"SearchAction\",\"target\":{\"@type\":\"EntryPoint\",\"urlTemplate\":\"https:\/\/test.bonaparts.fr\/?s={search_term_string}\"},\"query-input\":{\"@type\":\"PropertyValueSpecification\",\"valueRequired\":true,\"valueName\":\"search_term_string\"}}],\"inLanguage\":\"fr-FR\"},{\"@type\":\"Organization\",\"@id\":\"https:\/\/test.bonaparts.fr\/#organization\",\"name\":\"BONAPARTS\",\"url\":\"https:\/\/test.bonaparts.fr\/\",\"logo\":{\"@type\":\"ImageObject\",\"inLanguage\":\"fr-FR\",\"@id\":\"https:\/\/test.bonaparts.fr\/#\/schema\/logo\/image\/\",\"url\":\"https:\/\/test.bonaparts.fr\/wp-content\/uploads\/2022\/02\/bonawrench-gris-FINAL.png\",\"contentUrl\":\"https:\/\/test.bonaparts.fr\/wp-content\/uploads\/2022\/02\/bonawrench-gris-FINAL.png\",\"width\":1198,\"height\":1080,\"caption\":\"BONAPARTS\"},\"image\":{\"@id\":\"https:\/\/test.bonaparts.fr\/#\/schema\/logo\/image\/\"},\"sameAs\":[\"https:\/\/www.facebook.com\/Bonaparts\/\",\"https:\/\/www.instagram.com\/bona.parts\/?hl=fr\",\"https:\/\/www.youtube.com\/channel\/UCkO8GGQvOEb61jAxA_G9zXQ\"]}]}<\/script>\n<!-- \/ Yoast SEO plugin. -->","yoast_head_json":{"title":"Amortisseur DNM MK-AR 275mm Kawasaki KLX110L - BONAPARTS","description":"Amortisseur DNM MK-AR de longueur 275mm pour Kawasaki KLX110L, se monte en lieu et place de l'amortisseur d'origine sans modifications.","robots":{"index":"index","follow":"follow","max-snippet":"max-snippet:-1","max-image-preview":"max-image-preview:large","max-video-preview":"max-video-preview:-1"},"canonical":"https:\/\/test.bonaparts.fr\/produit\/amortisseur-dnm-mk-ar-275mm-kawasaki-klx110l\/","og_locale":"fr_FR","og_type":"article","og_title":"Amortisseur DNM MK-AR 275mm Kawasaki KLX110L - BONAPARTS","og_description":"Amortisseur DNM MK-AR de longueur 275mm pour Kawasaki KLX110L, se monte en lieu et place de l'amortisseur d'origine sans modifications.","og_url":"https:\/\/test.bonaparts.fr\/produit\/amortisseur-dnm-mk-ar-275mm-kawasaki-klx110l\/","og_site_name":"BONAPARTS","article_publisher":"https:\/\/www.facebook.com\/Bonaparts\/","article_modified_time":"2022-04-22T15:51:14+00:00","og_image":[{"width":800,"height":800,"url":"https:\/\/i0.wp.com\/bonaparts.fr\/wp-content\/uploads\/2022\/04\/H3d4b82a10aad46148bddb60fccfd6fdfq.jpg?fit=800%2C800&ssl=1","type":"image\/jpeg"}],"twitter_card":"summary_large_image","twitter_misc":{"Dur\u00e9e de lecture estim\u00e9e":"1 minute"},"schema":{"@context":"https:\/\/schema.org","@graph":[{"@type":"WebPage","@id":"https:\/\/test.bonaparts.fr\/produit\/amortisseur-dnm-mk-ar-275mm-kawasaki-klx110l\/","url":"https:\/\/test.bonaparts.fr\/produit\/amortisseur-dnm-mk-ar-275mm-kawasaki-klx110l\/","name":"Amortisseur DNM MK-AR 275mm Kawasaki KLX110L - BONAPARTS","isPartOf":{"@id":"https:\/\/test.bonaparts.fr\/#website"},"primaryImageOfPage":{"@id":"https:\/\/test.bonaparts.fr\/produit\/amortisseur-dnm-mk-ar-275mm-kawasaki-klx110l\/#primaryimage"},"image":{"@id":"https:\/\/test.bonaparts.fr\/produit\/amortisseur-dnm-mk-ar-275mm-kawasaki-klx110l\/#primaryimage"},"thumbnailUrl":"https:\/\/test.bonaparts.fr\/wp-content\/uploads\/2022\/04\/H3d4b82a10aad46148bddb60fccfd6fdfq.jpg","datePublished":"2022-04-22T15:14:26+00:00","dateModified":"2022-04-22T15:51:14+00:00","description":"Amortisseur DNM MK-AR de longueur 275mm pour Kawasaki KLX110L, se monte en lieu et place de l'amortisseur d'origine sans modifications.","breadcrumb":{"@id":"https:\/\/test.bonaparts.fr\/produit\/amortisseur-dnm-mk-ar-275mm-kawasaki-klx110l\/#breadcrumb"},"inLanguage":"fr-FR","potentialAction":[{"@type":"ReadAction","target":["https:\/\/test.bonaparts.fr\/produit\/amortisseur-dnm-mk-ar-275mm-kawasaki-klx110l\/"]}]},{"@type":"ImageObject","inLanguage":"fr-FR","@id":"https:\/\/test.bonaparts.fr\/produit\/amortisseur-dnm-mk-ar-275mm-kawasaki-klx110l\/#primaryimage","url":"https:\/\/test.bonaparts.fr\/wp-content\/uploads\/2022\/04\/H3d4b82a10aad46148bddb60fccfd6fdfq.jpg","contentUrl":"https:\/\/test.bonaparts.fr\/wp-content\/uploads\/2022\/04\/H3d4b82a10aad46148bddb60fccfd6fdfq.jpg","width":800,"height":800},{"@type":"BreadcrumbList","@id":"https:\/\/test.bonaparts.fr\/produit\/amortisseur-dnm-mk-ar-275mm-kawasaki-klx110l\/#breadcrumb","itemListElement":[{"@type":"ListItem","position":1,"name":"Accueil","item":"https:\/\/test.bonaparts.fr\/"},{"@type":"ListItem","position":2,"name":"Accueil","item":"https:\/\/test.bonaparts.fr\/?page_id=823"},{"@type":"ListItem","position":3,"name":"Amortisseur DNM MK-AR 275mm Kawasaki KLX110L"}]},{"@type":"WebSite","@id":"https:\/\/test.bonaparts.fr\/#website","url":"https:\/\/test.bonaparts.fr\/","name":"BONAPARTS","description":"Pi\u00e8ces d\u00e9tach\u00e9es neuves et d&#039;occasion moto et scooter, sp\u00e9cialiste mono-cylindre 4 temps.","publisher":{"@id":"https:\/\/test.bonaparts.fr\/#organization"},"potentialAction":[{"@type":"SearchAction","target":{"@type":"EntryPoint","urlTemplate":"https:\/\/test.bonaparts.fr\/?s={search_term_string}"},"query-input":{"@type":"PropertyValueSpecification","valueRequired":true,"valueName":"search_term_string"}}],"inLanguage":"fr-FR"},{"@type":"Organization","@id":"https:\/\/test.bonaparts.fr\/#organization","name":"BONAPARTS","url":"https:\/\/test.bonaparts.fr\/","logo":{"@type":"ImageObject","inLanguage":"fr-FR","@id":"https:\/\/test.bonaparts.fr\/#\/schema\/logo\/image\/","url":"https:\/\/test.bonaparts.fr\/wp-content\/uploads\/2022\/02\/bonawrench-gris-FINAL.png","contentUrl":"https:\/\/test.bonaparts.fr\/wp-content\/uploads\/2022\/02\/bonawrench-gris-FINAL.png","width":1198,"height":1080,"caption":"BONAPARTS"},"image":{"@id":"https:\/\/test.bonaparts.fr\/#\/schema\/logo\/image\/"},"sameAs":["https:\/\/www.facebook.com\/Bonaparts\/","https:\/\/www.instagram.com\/bona.parts\/?hl=fr","https:\/\/www.youtube.com\/channel\/UCkO8GGQvOEb61jAxA_G9zXQ"]}]}},"pbg_featured_image_src":{"full":["https:\/\/test.bonaparts.fr\/wp-content\/uploads\/2022\/04\/H3d4b82a10aad46148bddb60fccfd6fdfq.jpg",800,800,false],"thumbnail":["https:\/\/test.bonaparts.fr\/wp-content\/uploads\/2022\/04\/H3d4b82a10aad46148bddb60fccfd6fdfq-150x150.jpg",150,150,true],"medium":["https:\/\/test.bonaparts.fr\/wp-content\/uploads\/2022\/04\/H3d4b82a10aad46148bddb60fccfd6fdfq-300x300.jpg",300,300,true],"medium_large":["https:\/\/test.bonaparts.fr\/wp-content\/uploads\/2022\/04\/H3d4b82a10aad46148bddb60fccfd6fdfq-768x768.jpg",768,768,true],"large":["https:\/\/test.bonaparts.fr\/wp-content\/uploads\/2022\/04\/H3d4b82a10aad46148bddb60fccfd6fdfq.jpg",800,800,false],"1536x1536":["https:\/\/test.bonaparts.fr\/wp-content\/uploads\/2022\/04\/H3d4b82a10aad46148bddb60fccfd6fdfq.jpg",800,800,false],"2048x2048":["https:\/\/test.bonaparts.fr\/wp-content\/uploads\/2022\/04\/H3d4b82a10aad46148bddb60fccfd6fdfq.jpg",800,800,false],"wptouch-new-thumbnail":["https:\/\/test.bonaparts.fr\/wp-content\/uploads\/2022\/04\/H3d4b82a10aad46148bddb60fccfd6fdfq-144x144.jpg",144,144,true],"woocommerce_thumbnail":["https:\/\/test.bonaparts.fr\/wp-content\/uploads\/2022\/04\/H3d4b82a10aad46148bddb60fccfd6fdfq-324x324.jpg",324,324,true],"woocommerce_single":["https:\/\/test.bonaparts.fr\/wp-content\/uploads\/2022\/04\/H3d4b82a10aad46148bddb60fccfd6fdfq-416x416.jpg",416,416,true],"woocommerce_gallery_thumbnail":["https:\/\/test.bonaparts.fr\/wp-content\/uploads\/2022\/04\/H3d4b82a10aad46148bddb60fccfd6fdfq-100x100.jpg",100,100,true],"wcpr-photo-reviews":["https:\/\/test.bonaparts.fr\/wp-content\/uploads\/2022\/04\/H3d4b82a10aad46148bddb60fccfd6fdfq-500x500.jpg",500,500,true]},"pbg_author_info":{"display_name":"BONAPARTS","author_link":"https:\/\/test.bonaparts.fr\/?author=0","author_img":"<img alt='BONAPARTS' src='https:\/\/secure.gravatar.com\/avatar\/ee8ffa5ba89d5ffd342c9b67f99c1f2f5462d5ca62704a21f66b42e75e1d19ff?s=128&#038;d=identicon&#038;r=g' srcset='https:\/\/secure.gravatar.com\/avatar\/ee8ffa5ba89d5ffd342c9b67f99c1f2f5462d5ca62704a21f66b42e75e1d19ff?s=256&#038;d=identicon&#038;r=g 2x' class='avatar avatar-128 photo' height='128' width='128' decoding='async'\/>"},"pbg_comment_info":" No Comments","pbg_excerpt":"Amortisseur DNM MK-AR de longueur 275mm pour Kawasaki KLX110L, se monte en lieu et place de l&#8217;amortisseur d&#8217;origine sans modifications. R\u00e9glable en compression, d\u00e9tente et pr\u00e9contrainte, cet amortisseur se pr\u00e9sente comme l&#8217;un des premiers changement \u00e0 effectuer sur sa pitbike pour pouvoir l&#8217;utiliser sans faire talonner l&#8217;amortisseur arri\u00e8re sur chaque r\u00e9ception de saut. ! Frais\u2026","jetpack_likes_enabled":false,"jetpack_sharing_enabled":true,"_links":{"self":[{"href":"https:\/\/test.bonaparts.fr\/index.php?rest_route=\/wp\/v2\/product\/5362","targetHints":{"allow":["GET"]}}],"collection":[{"href":"https:\/\/test.bonaparts.fr\/index.php?rest_route=\/wp\/v2\/product"}],"about":[{"href":"https:\/\/test.bonaparts.fr\/index.php?rest_route=\/wp\/v2\/types\/product"}],"wp:featuredmedia":[{"embeddable":true,"href":"https:\/\/test.bonaparts.fr\/index.php?rest_route=\/wp\/v2\/media\/5387"}],"wp:attachment":[{"href":"https:\/\/test.bonaparts.fr\/index.php?rest_route=%2Fwp%2Fv2%2Fmedia&parent=5362"}],"wp:term":[{"taxonomy":"product_brand","embeddable":true,"href":"https:\/\/test.bonaparts.fr\/index.php?rest_route=%2Fwp%2Fv2%2Fproduct_brand&post=5362"},{"taxonomy":"product_cat","embeddable":true,"href":"https:\/\/test.bonaparts.fr\/index.php?rest_route=%2Fwp%2Fv2%2Fproduct_cat&post=5362"},{"taxonomy":"product_tag","embeddable":true,"href":"https:\/\/test.bonaparts.fr\/index.php?rest_route=%2Fwp%2Fv2%2Fproduct_tag&post=5362"},{"taxonomy":"pa_autre-numero-de-piece","embeddable":true,"href":"https:\/\/test.bonaparts.fr\/index.php?rest_route=%2Fwp%2Fv2%2Fpa_autre-numero-de-piece&post=5362"},{"taxonomy":"pa_type","embeddable":true,"href":"https:\/\/test.bonaparts.fr\/index.php?rest_route=%2Fwp%2Fv2%2Fpa_type&post=5362"}],"curies":[{"name":"wp","href":"https:\/\/api.w.org\/{rel}","templated":true}]}}