{"id":6588,"date":"2022-05-05T17:57:59","date_gmt":"2022-05-05T15:57:59","guid":{"rendered":"https:\/\/test.bonaparts.fr\/produit\/carter-moteur-990-adventure-lc8\/"},"modified":"2025-06-30T05:46:02","modified_gmt":"2025-06-30T03:46:02","slug":"carter-moteur-990-adventure-lc8","status":"publish","type":"product","link":"https:\/\/test.bonaparts.fr\/?product=carter-moteur-990-adventure-lc8","title":{"rendered":"carter moteur 990 adventure lc8"},"content":{"rendered":"<p>carter moteur 990 adventure lc8<\/p>\n","protected":false},"excerpt":{"rendered":"<p>carter moteur 990 adventure lc8<\/p>\n","protected":false},"featured_media":6793,"template":"","meta":[],"product_brand":[],"product_cat":[7837],"product_tag":[],"pa_autre-numero-de-piece":[],"pa_type":[],"class_list":{"0":"post-6588","1":"product","2":"type-product","3":"status-publish","4":"has-post-thumbnail","6":"product_cat-piece-ktm-990-lc8-occasion","8":"first","9":"outofstock","10":"sold-individually","11":"shipping-taxable","12":"purchasable","13":"product-type-simple"},"yoast_head":"<!-- This site is optimized with the Yoast SEO plugin v26.0 - https:\/\/yoast.com\/wordpress\/plugins\/seo\/ -->\n<title>carter moteur 990 adventure lc8 - BONAPARTS<\/title>\n<meta name=\"robots\" content=\"index, follow, max-snippet:-1, max-image-preview:large, max-video-preview:-1\" \/>\n<link rel=\"canonical\" href=\"https:\/\/test.bonaparts.fr\/produit\/carter-moteur-990-adventure-lc8\/\" \/>\n<meta property=\"og:locale\" content=\"fr_FR\" \/>\n<meta property=\"og:type\" content=\"article\" \/>\n<meta property=\"og:title\" content=\"carter moteur 990 adventure lc8 - BONAPARTS\" \/>\n<meta property=\"og:description\" content=\"carter moteur 990 adventure lc8\" \/>\n<meta property=\"og:url\" content=\"https:\/\/test.bonaparts.fr\/produit\/carter-moteur-990-adventure-lc8\/\" \/>\n<meta property=\"og:site_name\" content=\"BONAPARTS\" \/>\n<meta property=\"article:publisher\" content=\"https:\/\/www.facebook.com\/Bonaparts\/\" \/>\n<meta property=\"article:modified_time\" content=\"2025-06-30T03:46:02+00:00\" \/>\n<meta property=\"og:image\" content=\"https:\/\/i0.wp.com\/bonaparts.fr\/wp-content\/uploads\/2022\/05\/s-l1600-50-1.jpg?fit=960%2C1600&ssl=1\" \/>\n\t<meta property=\"og:image:width\" content=\"960\" \/>\n\t<meta property=\"og:image:height\" content=\"1600\" \/>\n\t<meta property=\"og:image:type\" content=\"image\/jpeg\" \/>\n<meta name=\"twitter:card\" content=\"summary_large_image\" \/>\n<script type=\"application\/ld+json\" class=\"yoast-schema-graph\">{\"@context\":\"https:\/\/schema.org\",\"@graph\":[{\"@type\":\"WebPage\",\"@id\":\"https:\/\/test.bonaparts.fr\/produit\/carter-moteur-990-adventure-lc8\/\",\"url\":\"https:\/\/test.bonaparts.fr\/produit\/carter-moteur-990-adventure-lc8\/\",\"name\":\"carter moteur 990 adventure lc8 - BONAPARTS\",\"isPartOf\":{\"@id\":\"https:\/\/test.bonaparts.fr\/#website\"},\"primaryImageOfPage\":{\"@id\":\"https:\/\/test.bonaparts.fr\/produit\/carter-moteur-990-adventure-lc8\/#primaryimage\"},\"image\":{\"@id\":\"https:\/\/test.bonaparts.fr\/produit\/carter-moteur-990-adventure-lc8\/#primaryimage\"},\"thumbnailUrl\":\"https:\/\/test.bonaparts.fr\/wp-content\/uploads\/2022\/05\/s-l1600-50-1.jpg\",\"datePublished\":\"2022-05-05T15:57:59+00:00\",\"dateModified\":\"2025-06-30T03:46:02+00:00\",\"breadcrumb\":{\"@id\":\"https:\/\/test.bonaparts.fr\/produit\/carter-moteur-990-adventure-lc8\/#breadcrumb\"},\"inLanguage\":\"fr-FR\",\"potentialAction\":[{\"@type\":\"ReadAction\",\"target\":[\"https:\/\/test.bonaparts.fr\/produit\/carter-moteur-990-adventure-lc8\/\"]}]},{\"@type\":\"ImageObject\",\"inLanguage\":\"fr-FR\",\"@id\":\"https:\/\/test.bonaparts.fr\/produit\/carter-moteur-990-adventure-lc8\/#primaryimage\",\"url\":\"https:\/\/test.bonaparts.fr\/wp-content\/uploads\/2022\/05\/s-l1600-50-1.jpg\",\"contentUrl\":\"https:\/\/test.bonaparts.fr\/wp-content\/uploads\/2022\/05\/s-l1600-50-1.jpg\",\"width\":960,\"height\":1600},{\"@type\":\"BreadcrumbList\",\"@id\":\"https:\/\/test.bonaparts.fr\/produit\/carter-moteur-990-adventure-lc8\/#breadcrumb\",\"itemListElement\":[{\"@type\":\"ListItem\",\"position\":1,\"name\":\"Accueil\",\"item\":\"https:\/\/test.bonaparts.fr\/\"},{\"@type\":\"ListItem\",\"position\":2,\"name\":\"Accueil\",\"item\":\"https:\/\/test.bonaparts.fr\/?page_id=823\"},{\"@type\":\"ListItem\",\"position\":3,\"name\":\"carter moteur 990 adventure lc8\"}]},{\"@type\":\"WebSite\",\"@id\":\"https:\/\/test.bonaparts.fr\/#website\",\"url\":\"https:\/\/test.bonaparts.fr\/\",\"name\":\"BONAPARTS\",\"description\":\"Pi\u00e8ces d\u00e9tach\u00e9es neuves et d&#039;occasion moto et scooter, sp\u00e9cialiste mono-cylindre 4 temps.\",\"publisher\":{\"@id\":\"https:\/\/test.bonaparts.fr\/#organization\"},\"potentialAction\":[{\"@type\":\"SearchAction\",\"target\":{\"@type\":\"EntryPoint\",\"urlTemplate\":\"https:\/\/test.bonaparts.fr\/?s={search_term_string}\"},\"query-input\":{\"@type\":\"PropertyValueSpecification\",\"valueRequired\":true,\"valueName\":\"search_term_string\"}}],\"inLanguage\":\"fr-FR\"},{\"@type\":\"Organization\",\"@id\":\"https:\/\/test.bonaparts.fr\/#organization\",\"name\":\"BONAPARTS\",\"url\":\"https:\/\/test.bonaparts.fr\/\",\"logo\":{\"@type\":\"ImageObject\",\"inLanguage\":\"fr-FR\",\"@id\":\"https:\/\/test.bonaparts.fr\/#\/schema\/logo\/image\/\",\"url\":\"https:\/\/test.bonaparts.fr\/wp-content\/uploads\/2022\/02\/bonawrench-gris-FINAL.png\",\"contentUrl\":\"https:\/\/test.bonaparts.fr\/wp-content\/uploads\/2022\/02\/bonawrench-gris-FINAL.png\",\"width\":1198,\"height\":1080,\"caption\":\"BONAPARTS\"},\"image\":{\"@id\":\"https:\/\/test.bonaparts.fr\/#\/schema\/logo\/image\/\"},\"sameAs\":[\"https:\/\/www.facebook.com\/Bonaparts\/\",\"https:\/\/www.instagram.com\/bona.parts\/?hl=fr\",\"https:\/\/www.youtube.com\/channel\/UCkO8GGQvOEb61jAxA_G9zXQ\"]}]}<\/script>\n<!-- \/ Yoast SEO plugin. -->","yoast_head_json":{"title":"carter moteur 990 adventure lc8 - BONAPARTS","robots":{"index":"index","follow":"follow","max-snippet":"max-snippet:-1","max-image-preview":"max-image-preview:large","max-video-preview":"max-video-preview:-1"},"canonical":"https:\/\/test.bonaparts.fr\/produit\/carter-moteur-990-adventure-lc8\/","og_locale":"fr_FR","og_type":"article","og_title":"carter moteur 990 adventure lc8 - BONAPARTS","og_description":"carter moteur 990 adventure lc8","og_url":"https:\/\/test.bonaparts.fr\/produit\/carter-moteur-990-adventure-lc8\/","og_site_name":"BONAPARTS","article_publisher":"https:\/\/www.facebook.com\/Bonaparts\/","article_modified_time":"2025-06-30T03:46:02+00:00","og_image":[{"width":960,"height":1600,"url":"https:\/\/i0.wp.com\/bonaparts.fr\/wp-content\/uploads\/2022\/05\/s-l1600-50-1.jpg?fit=960%2C1600&ssl=1","type":"image\/jpeg"}],"twitter_card":"summary_large_image","schema":{"@context":"https:\/\/schema.org","@graph":[{"@type":"WebPage","@id":"https:\/\/test.bonaparts.fr\/produit\/carter-moteur-990-adventure-lc8\/","url":"https:\/\/test.bonaparts.fr\/produit\/carter-moteur-990-adventure-lc8\/","name":"carter moteur 990 adventure lc8 - BONAPARTS","isPartOf":{"@id":"https:\/\/test.bonaparts.fr\/#website"},"primaryImageOfPage":{"@id":"https:\/\/test.bonaparts.fr\/produit\/carter-moteur-990-adventure-lc8\/#primaryimage"},"image":{"@id":"https:\/\/test.bonaparts.fr\/produit\/carter-moteur-990-adventure-lc8\/#primaryimage"},"thumbnailUrl":"https:\/\/test.bonaparts.fr\/wp-content\/uploads\/2022\/05\/s-l1600-50-1.jpg","datePublished":"2022-05-05T15:57:59+00:00","dateModified":"2025-06-30T03:46:02+00:00","breadcrumb":{"@id":"https:\/\/test.bonaparts.fr\/produit\/carter-moteur-990-adventure-lc8\/#breadcrumb"},"inLanguage":"fr-FR","potentialAction":[{"@type":"ReadAction","target":["https:\/\/test.bonaparts.fr\/produit\/carter-moteur-990-adventure-lc8\/"]}]},{"@type":"ImageObject","inLanguage":"fr-FR","@id":"https:\/\/test.bonaparts.fr\/produit\/carter-moteur-990-adventure-lc8\/#primaryimage","url":"https:\/\/test.bonaparts.fr\/wp-content\/uploads\/2022\/05\/s-l1600-50-1.jpg","contentUrl":"https:\/\/test.bonaparts.fr\/wp-content\/uploads\/2022\/05\/s-l1600-50-1.jpg","width":960,"height":1600},{"@type":"BreadcrumbList","@id":"https:\/\/test.bonaparts.fr\/produit\/carter-moteur-990-adventure-lc8\/#breadcrumb","itemListElement":[{"@type":"ListItem","position":1,"name":"Accueil","item":"https:\/\/test.bonaparts.fr\/"},{"@type":"ListItem","position":2,"name":"Accueil","item":"https:\/\/test.bonaparts.fr\/?page_id=823"},{"@type":"ListItem","position":3,"name":"carter moteur 990 adventure lc8"}]},{"@type":"WebSite","@id":"https:\/\/test.bonaparts.fr\/#website","url":"https:\/\/test.bonaparts.fr\/","name":"BONAPARTS","description":"Pi\u00e8ces d\u00e9tach\u00e9es neuves et d&#039;occasion moto et scooter, sp\u00e9cialiste mono-cylindre 4 temps.","publisher":{"@id":"https:\/\/test.bonaparts.fr\/#organization"},"potentialAction":[{"@type":"SearchAction","target":{"@type":"EntryPoint","urlTemplate":"https:\/\/test.bonaparts.fr\/?s={search_term_string}"},"query-input":{"@type":"PropertyValueSpecification","valueRequired":true,"valueName":"search_term_string"}}],"inLanguage":"fr-FR"},{"@type":"Organization","@id":"https:\/\/test.bonaparts.fr\/#organization","name":"BONAPARTS","url":"https:\/\/test.bonaparts.fr\/","logo":{"@type":"ImageObject","inLanguage":"fr-FR","@id":"https:\/\/test.bonaparts.fr\/#\/schema\/logo\/image\/","url":"https:\/\/test.bonaparts.fr\/wp-content\/uploads\/2022\/02\/bonawrench-gris-FINAL.png","contentUrl":"https:\/\/test.bonaparts.fr\/wp-content\/uploads\/2022\/02\/bonawrench-gris-FINAL.png","width":1198,"height":1080,"caption":"BONAPARTS"},"image":{"@id":"https:\/\/test.bonaparts.fr\/#\/schema\/logo\/image\/"},"sameAs":["https:\/\/www.facebook.com\/Bonaparts\/","https:\/\/www.instagram.com\/bona.parts\/?hl=fr","https:\/\/www.youtube.com\/channel\/UCkO8GGQvOEb61jAxA_G9zXQ"]}]}},"pbg_featured_image_src":{"full":["https:\/\/test.bonaparts.fr\/wp-content\/uploads\/2022\/05\/s-l1600-50-1.jpg",960,1600,false],"thumbnail":["https:\/\/test.bonaparts.fr\/wp-content\/uploads\/2022\/05\/s-l1600-50-1-150x150.jpg",150,150,true],"medium":["https:\/\/test.bonaparts.fr\/wp-content\/uploads\/2022\/05\/s-l1600-50-1-180x300.jpg",180,300,true],"medium_large":["https:\/\/test.bonaparts.fr\/wp-content\/uploads\/2022\/05\/s-l1600-50-1-768x1280.jpg",768,1280,true],"large":["https:\/\/test.bonaparts.fr\/wp-content\/uploads\/2022\/05\/s-l1600-50-1-614x1024.jpg",614,1024,true],"1536x1536":["https:\/\/test.bonaparts.fr\/wp-content\/uploads\/2022\/05\/s-l1600-50-1-922x1536.jpg",922,1536,true],"2048x2048":["https:\/\/test.bonaparts.fr\/wp-content\/uploads\/2022\/05\/s-l1600-50-1.jpg",960,1600,false],"wptouch-new-thumbnail":["https:\/\/test.bonaparts.fr\/wp-content\/uploads\/2022\/05\/s-l1600-50-1-144x144.jpg",144,144,true],"woocommerce_thumbnail":["https:\/\/test.bonaparts.fr\/wp-content\/uploads\/2022\/05\/s-l1600-50-1-324x324.jpg",324,324,true],"woocommerce_single":["https:\/\/test.bonaparts.fr\/wp-content\/uploads\/2022\/05\/s-l1600-50-1-416x693.jpg",416,693,true],"woocommerce_gallery_thumbnail":["https:\/\/test.bonaparts.fr\/wp-content\/uploads\/2022\/05\/s-l1600-50-1-100x100.jpg",100,100,true],"wcpr-photo-reviews":["https:\/\/test.bonaparts.fr\/wp-content\/uploads\/2022\/05\/s-l1600-50-1-300x500.jpg",300,500,true]},"pbg_author_info":{"display_name":"BONAPARTS","author_link":"https:\/\/test.bonaparts.fr\/?author=0","author_img":"<img alt='BONAPARTS' src='https:\/\/secure.gravatar.com\/avatar\/ee8ffa5ba89d5ffd342c9b67f99c1f2f5462d5ca62704a21f66b42e75e1d19ff?s=128&#038;d=identicon&#038;r=g' srcset='https:\/\/secure.gravatar.com\/avatar\/ee8ffa5ba89d5ffd342c9b67f99c1f2f5462d5ca62704a21f66b42e75e1d19ff?s=256&#038;d=identicon&#038;r=g 2x' class='avatar avatar-128 photo' height='128' width='128' decoding='async'\/>"},"pbg_comment_info":" No Comments","pbg_excerpt":"carter moteur 990 adventure lc8","jetpack_likes_enabled":false,"jetpack_sharing_enabled":true,"_links":{"self":[{"href":"https:\/\/test.bonaparts.fr\/index.php?rest_route=\/wp\/v2\/product\/6588","targetHints":{"allow":["GET"]}}],"collection":[{"href":"https:\/\/test.bonaparts.fr\/index.php?rest_route=\/wp\/v2\/product"}],"about":[{"href":"https:\/\/test.bonaparts.fr\/index.php?rest_route=\/wp\/v2\/types\/product"}],"wp:featuredmedia":[{"embeddable":true,"href":"https:\/\/test.bonaparts.fr\/index.php?rest_route=\/wp\/v2\/media\/6793"}],"wp:attachment":[{"href":"https:\/\/test.bonaparts.fr\/index.php?rest_route=%2Fwp%2Fv2%2Fmedia&parent=6588"}],"wp:term":[{"taxonomy":"product_brand","embeddable":true,"href":"https:\/\/test.bonaparts.fr\/index.php?rest_route=%2Fwp%2Fv2%2Fproduct_brand&post=6588"},{"taxonomy":"product_cat","embeddable":true,"href":"https:\/\/test.bonaparts.fr\/index.php?rest_route=%2Fwp%2Fv2%2Fproduct_cat&post=6588"},{"taxonomy":"product_tag","embeddable":true,"href":"https:\/\/test.bonaparts.fr\/index.php?rest_route=%2Fwp%2Fv2%2Fproduct_tag&post=6588"},{"taxonomy":"pa_autre-numero-de-piece","embeddable":true,"href":"https:\/\/test.bonaparts.fr\/index.php?rest_route=%2Fwp%2Fv2%2Fpa_autre-numero-de-piece&post=6588"},{"taxonomy":"pa_type","embeddable":true,"href":"https:\/\/test.bonaparts.fr\/index.php?rest_route=%2Fwp%2Fv2%2Fpa_type&post=6588"}],"curies":[{"name":"wp","href":"https:\/\/api.w.org\/{rel}","templated":true}]}}